{"id":4308,"date":"2025-07-23T03:25:43","date_gmt":"2025-07-23T03:25:43","guid":{"rendered":"https:\/\/www.yongyukitchenware.com\/?post_type=product&#038;p=4308"},"modified":"2025-07-23T03:25:45","modified_gmt":"2025-07-23T03:25:45","slug":"bulk-8l-stainless-steel-juice-dispenser-with-tap-for-hotel-restaurant-gold","status":"publish","type":"product","link":"https:\/\/www.yongyukitchenware.com\/fr\/produit\/bulk-8l-stainless-steel-juice-dispenser-with-tap-for-hotel-restaurant-gold\/","title":{"rendered":"Distributeur de jus de fruits 8L en acier inoxydable avec robinet pour h\u00f4tel-restaurant - Or"},"content":{"rendered":"<div class=\"wp-block-columns is-layout-flex wp-container-core-columns-is-layout-9d6595d7 wp-block-columns-is-layout-flex\">\n<div class=\"wp-block-column is-layout-flow wp-block-column-is-layout-flow\">\n<h2 class=\"wp-block-heading\">Distributeur de jus de fruits en acier inoxydable Bulk 8L Taille :<\/h2>\n\n\n\n<figure class=\"wp-block-table\"><table class=\"has-fixed-layout\"><tbody><tr><td>Mod\u00e8le<\/td><td>Capacit\u00e9 (L)<\/td><td>MOQ<\/td><\/tr><tr><td>DY006-GZD<\/td><td>8<\/td><td>4PCS<\/td><\/tr><\/tbody><\/table><\/figure>\n\n\n\n<h2 class=\"wp-block-heading\">Distributeur de jus de fruits 8L en acier inoxydable Caract\u00e9ristiques :<\/h2>\n\n\n\n<p><strong>Design moderne et minimaliste :<\/strong>Avec sa base contemporaine en acier inoxydable, ce distributeur de jus pr\u00e9sente un aspect \u00e9l\u00e9gant et moderne, parfait pour les h\u00f4tels, les \u00e9v\u00e9nements d'entreprise et les buffets modernes.<br><strong>R\u00e9cipient en PC de longue dur\u00e9e, sans BPA :<\/strong> La bouteille en polycarbonate transparent est s\u00fbre pour les aliments, r\u00e9sistante aux chocs et permet de voir le niveau de la boisson, ce qui est id\u00e9al pour mettre en valeur les jus de fruits color\u00e9s ou les boissons infus\u00e9es.<br><strong>Couvercle et robinet en acier inoxydable tr\u00e8s r\u00e9sistant : <\/strong>Le couvercle et le robinet en acier inoxydable sont fabriqu\u00e9s en acier inoxydable tr\u00e8s r\u00e9sistant pour une longue dur\u00e9e de vie, une protection contre la corrosion et une finition brillante.<br><strong>Mod\u00e8les 8L ou 16L disponibles<\/strong>\uff1aChoisissez un mod\u00e8le \u00e0 t\u00eate individuelle (8L) ou \u00e0 double t\u00eate (16L) pour r\u00e9pondre aux diff\u00e9rents besoins de service, aussi bien pour les petites salles que pour les \u00e9v\u00e9nements plus importants.<br><strong>Facile \u00e0 utiliser et \u00e0 nettoyer\uff1a<\/strong>Simplification du montage, du d\u00e9montage et du nettoyage au quotidien, ce qui r\u00e9duit le temps des employ\u00e9s et garantit l'hygi\u00e8ne pendant le service.<\/p>\n<\/div>\n\n\n\n<div class=\"wp-block-column is-layout-flow wp-block-column-is-layout-flow\">\n<figure class=\"wp-block-image size-full\"><img decoding=\"async\" width=\"800\" height=\"800\" src=\"https:\/\/www.yongyukitchenware.com\/wp-content\/uploads\/2025\/07\/Bulk-8L-Stainless-Steel-Juice-Dispenser-1.webp\" alt=\"Bulk-8L-Distributeur de jus en acier inoxydable-1\" class=\"wp-image-4309\" srcset=\"https:\/\/www.yongyukitchenware.com\/wp-content\/uploads\/2025\/07\/Bulk-8L-Stainless-Steel-Juice-Dispenser-1.webp 800w, https:\/\/www.yongyukitchenware.com\/wp-content\/uploads\/2025\/07\/Bulk-8L-Stainless-Steel-Juice-Dispenser-1-300x300.webp 300w, https:\/\/www.yongyukitchenware.com\/wp-content\/uploads\/2025\/07\/Bulk-8L-Stainless-Steel-Juice-Dispenser-1-150x150.webp 150w, https:\/\/www.yongyukitchenware.com\/wp-content\/uploads\/2025\/07\/Bulk-8L-Stainless-Steel-Juice-Dispenser-1-768x768.webp 768w, https:\/\/www.yongyukitchenware.com\/wp-content\/uploads\/2025\/07\/Bulk-8L-Stainless-Steel-Juice-Dispenser-1-12x12.webp 12w, https:\/\/www.yongyukitchenware.com\/wp-content\/uploads\/2025\/07\/Bulk-8L-Stainless-Steel-Juice-Dispenser-1-600x600.webp 600w, https:\/\/www.yongyukitchenware.com\/wp-content\/uploads\/2025\/07\/Bulk-8L-Stainless-Steel-Juice-Dispenser-1-100x100.webp 100w\" sizes=\"(max-width: 800px) 100vw, 800px\" \/><\/figure>\n<\/div>\n<\/div>","protected":false},"excerpt":{"rendered":"<article class=\"text-token-text-primary w-full\" dir=\"auto\" data-testid=\"conversation-turn-4\" data-scroll-anchor=\"true\">\n<div class=\"text-base my-auto mx-auto py-5 [--thread-content-margin:--spacing(4)] @[37rem]:[--thread-content-margin:--spacing(6)] @[72rem]:[--thread-content-margin:--spacing(16)] px-(--thread-content-margin)\">\n<div class=\"[--thread-content-max-width:32rem] @[34rem]:[--thread-content-max-width:40rem] @[64rem]:[--thread-content-max-width:48rem] mx-auto flex max-w-(--thread-content-max-width) flex-1 text-base gap-4 md:gap-5 lg:gap-6 group\/turn-messages focus-visible:outline-hidden\">\n<div class=\"group\/conversation-turn relative flex w-full min-w-0 flex-col agent-turn\">\n<div class=\"relative flex-col gap-1 md:gap-3\">\n<div class=\"flex max-w-full flex-col grow\">\n<div class=\"min-h-8 text-message relative flex w-full flex-col items-end gap-2 text-start break-words whitespace-normal [.text-message+&amp;]:mt-5\" dir=\"auto\" data-message-author-role=\"assistant\" data-message-id=\"9bcddfd6-70c4-41a9-8e09-e8b0c37403d6\" data-message-model-slug=\"gpt-4o\">\n<div class=\"flex w-full flex-col gap-1 empty:hidden first:pt-[3px]\">\n<div class=\"markdown prose dark:prose-invert w-full break-words light\">\n<p data-start=\"0\" data-end=\"281\" data-is-last-node=\"\" data-is-only-node=\"\">Notre distributeur de jus de fruits en acier inoxydable de 8 litres est parfait pour les h\u00f4tels, les restaurants et les \u00e9v\u00e9nements de restauration. Il est dot\u00e9 d'un robinet pratique pour faciliter le service et d'un design \u00e9l\u00e9gant qui rehausse toute installation de buffet. Id\u00e9al pour les jus de fruits, l'eau ou le th\u00e9 glac\u00e9.<\/p>\n<\/div>\n<\/div>\n<\/div>\n<\/div>\n<\/div>\n<div class=\"absolute\">\n<h2 class=\"flex items-center justify-center\">Distributeur de jus de fruits en acier inoxydable 8L Param\u00e8tres :<\/h2>\n<\/div>\n<\/div>\n<\/div>\n<\/div>\n<\/article>\n<p><strong>Mat\u00e9riau :<\/strong> Acier inoxydable, plastique<br \/><strong>Conception :<\/strong> Avec robinet, grille en acier inoxydable, \u00e9vier \u00e0 trous<br \/><strong>Tailles :<\/strong> 8L\u00a0<br \/><strong>Emballage :<\/strong> Sac\/volume\/carton ou sur mesure<br \/><strong>OEM\/ODM :<\/strong> En option<\/p>\n<h2 class=\"wp-block-heading\">Distributeur de jus de fruits 8L en acier inoxydable :<\/h2>\n<p>Qu'il s'agisse d'un fournisseur de services de restauration, d'un h\u00f4tel ou d'un restaurant, ou d'une soci\u00e9t\u00e9 d'organisation d'\u00e9v\u00e9nements, nous fournissons des solutions compl\u00e8tes de fournitures de restauration en gros pour vous avec des prix d'usine de haute qualit\u00e9 !<\/p>","protected":false},"featured_media":4309,"comment_status":"closed","ping_status":"closed","template":"","meta":{"_acf_changed":false},"application":[30],"product_brand":[],"product_cat":[22,34],"product_tag":[],"class_list":{"0":"post-4308","1":"product","2":"type-product","3":"status-publish","4":"has-post-thumbnail","6":"application-hotel-catering","7":"product_cat-catering-supplies-wholesale","8":"product_cat-wholesale-drink-dispenser","10":"first","11":"instock","12":"shipping-taxable","13":"product-type-simple"},"acf":[],"_links":{"self":[{"href":"https:\/\/www.yongyukitchenware.com\/fr\/wp-json\/wp\/v2\/product\/4308","targetHints":{"allow":["GET"]}}],"collection":[{"href":"https:\/\/www.yongyukitchenware.com\/fr\/wp-json\/wp\/v2\/product"}],"about":[{"href":"https:\/\/www.yongyukitchenware.com\/fr\/wp-json\/wp\/v2\/types\/product"}],"replies":[{"embeddable":true,"href":"https:\/\/www.yongyukitchenware.com\/fr\/wp-json\/wp\/v2\/comments?post=4308"}],"wp:featuredmedia":[{"embeddable":true,"href":"https:\/\/www.yongyukitchenware.com\/fr\/wp-json\/wp\/v2\/media\/4309"}],"wp:attachment":[{"href":"https:\/\/www.yongyukitchenware.com\/fr\/wp-json\/wp\/v2\/media?parent=4308"}],"wp:term":[{"taxonomy":"application","embeddable":true,"href":"https:\/\/www.yongyukitchenware.com\/fr\/wp-json\/wp\/v2\/application?post=4308"},{"taxonomy":"product_brand","embeddable":true,"href":"https:\/\/www.yongyukitchenware.com\/fr\/wp-json\/wp\/v2\/product_brand?post=4308"},{"taxonomy":"product_cat","embeddable":true,"href":"https:\/\/www.yongyukitchenware.com\/fr\/wp-json\/wp\/v2\/product_cat?post=4308"},{"taxonomy":"product_tag","embeddable":true,"href":"https:\/\/www.yongyukitchenware.com\/fr\/wp-json\/wp\/v2\/product_tag?post=4308"}],"curies":[{"name":"wp","href":"https:\/\/api.w.org\/{rel}","templated":true}]}}