{"id":4323,"date":"2025-08-08T06:58:00","date_gmt":"2025-08-08T06:58:00","guid":{"rendered":"https:\/\/www.yongyukitchenware.com\/?post_type=product&#038;p=4323"},"modified":"2025-08-08T07:00:22","modified_gmt":"2025-08-08T07:00:22","slug":"bulk-luxury-gold-stainless-steel-juice-dispenser-8l-for-hotel-use","status":"publish","type":"product","link":"https:\/\/www.yongyukitchenware.com\/fr\/produit\/bulk-luxury-gold-stainless-steel-juice-dispenser-8l-for-hotel-use\/","title":{"rendered":"Bulk Luxury Gold Stainless Steel Juice Dispenser 8L for Hotel Use (Distributeur de jus de fruits en acier inoxydable)"},"content":{"rendered":"<div class=\"wp-block-columns is-layout-flex wp-container-core-columns-is-layout-9d6595d7 wp-block-columns-is-layout-flex\">\n<div class=\"wp-block-column is-layout-flow wp-block-column-is-layout-flow\">\n<h2 class=\"wp-block-heading\">Bulk Luxury Gold Stainless Steel Juice Dispenser Size :<\/h2>\n\n\n\n<figure class=\"wp-block-table\"><table class=\"has-fixed-layout\"><tbody><tr><td>Mod\u00e8le<\/td><td>Capacit\u00e9 (L)<\/td><td>MOQ<\/td><\/tr><tr><td rowspan=\"2\">DY008-GZD<\/td><td>8<\/td><td>4PCS<\/td><\/tr><tr><td>16<\/td><td>2PCS<\/td><\/tr><\/tbody><\/table><\/figure>\n\n\n\n<h2 class=\"wp-block-heading\">Bulk Luxury Gold Stainless Steel Juice Dispenser Features :<\/h2>\n\n\n\n<p><strong>Conception sculpt\u00e9e de haut niveau esth\u00e9tique :<\/strong> La base dor\u00e9e exquise combin\u00e9e \u00e0 la technique de sculpture en creux est noble et \u00e9l\u00e9gante, rehaussant le style g\u00e9n\u00e9ral du banquet. C'est le meilleur choix pour les h\u00f4tels, les restaurants self-service et les \u00e9v\u00e9nements haut de gamme.<br><strong>Corps du seau en PC de qualit\u00e9 alimentaire :<\/strong> Le corps du seau est fabriqu\u00e9 en PC durable de qualit\u00e9 alimentaire, r\u00e9sistant aux chocs, \u00e0 la chaleur, transparent et visible, ce qui permet d'observer facilement le jus restant et d'avoir l'esprit tranquille lors de l'utilisation.<br><strong>Couvercle et robinet de sortie de jus en acier inoxydable : <\/strong>Le couvercle et les composants de la sortie de jus sont en acier inoxydable de haute qualit\u00e9, qui r\u00e9siste \u00e0 la corrosion et n'a pas tendance \u00e0 rouiller. M\u00eame apr\u00e8s une utilisation prolong\u00e9e, ils restent aussi brillants qu'\u00e0 l'\u00e9tat neuf.<br><strong>Options de double capacit\u00e9 : <\/strong>Disponible en capacit\u00e9 de 8 litres (simple t\u00eate) et de 16 litres (double t\u00eate), c'est le choix id\u00e9al pour les petits rassemblements et les zones de service tr\u00e8s fr\u00e9quent\u00e9es telles que les stations de petit-d\u00e9jeuner des h\u00f4tels ou les \u00e9v\u00e9nements de restauration.<br><strong>Facile \u00e0 d\u00e9monter et \u00e0 nettoyer, il ne n\u00e9cessite pas d'entretien quotidien : <\/strong>Le bol \u00e0 jus a une structure simple, facile \u00e0 d\u00e9monter, et se nettoie rapidement et sans effort, ce qui permet d'\u00e9conomiser du temps et de la main-d'\u0153uvre. Il convient aux environnements commerciaux \u00e0 usage fr\u00e9quent.<\/p>\n<\/div>\n\n\n\n<div class=\"wp-block-column is-layout-flow wp-block-column-is-layout-flow\">\n<figure class=\"wp-block-image size-full\"><img decoding=\"async\" width=\"750\" height=\"1056\" src=\"https:\/\/www.yongyukitchenware.com\/wp-content\/uploads\/2025\/07\/Bulk-Luxury-Gold-Stainless-Steel-Juice-Dispenser-5.webp\" alt=\"Bulk-Luxury-Or-Acier inoxydable-Distributeur de jus-5\" class=\"wp-image-4328\" srcset=\"https:\/\/www.yongyukitchenware.com\/wp-content\/uploads\/2025\/07\/Bulk-Luxury-Gold-Stainless-Steel-Juice-Dispenser-5.webp 750w, https:\/\/www.yongyukitchenware.com\/wp-content\/uploads\/2025\/07\/Bulk-Luxury-Gold-Stainless-Steel-Juice-Dispenser-5-213x300.webp 213w, https:\/\/www.yongyukitchenware.com\/wp-content\/uploads\/2025\/07\/Bulk-Luxury-Gold-Stainless-Steel-Juice-Dispenser-5-9x12.webp 9w, https:\/\/www.yongyukitchenware.com\/wp-content\/uploads\/2025\/07\/Bulk-Luxury-Gold-Stainless-Steel-Juice-Dispenser-5-600x845.webp 600w\" sizes=\"(max-width: 750px) 100vw, 750px\" \/><\/figure>\n<\/div>\n<\/div>","protected":false},"excerpt":{"rendered":"<article class=\"text-token-text-primary w-full\" dir=\"auto\" data-testid=\"conversation-turn-4\" data-scroll-anchor=\"true\">\n<div class=\"text-base my-auto mx-auto py-5 [--thread-content-margin:--spacing(4)] @[37rem]:[--thread-content-margin:--spacing(6)] @[72rem]:[--thread-content-margin:--spacing(16)] px-(--thread-content-margin)\">\n<div class=\"[--thread-content-max-width:32rem] @[34rem]:[--thread-content-max-width:40rem] @[64rem]:[--thread-content-max-width:48rem] mx-auto flex max-w-(--thread-content-max-width) flex-1 text-base gap-4 md:gap-5 lg:gap-6 group\/turn-messages focus-visible:outline-hidden\">\n<div class=\"group\/conversation-turn relative flex w-full min-w-0 flex-col agent-turn\">\n<div class=\"relative flex-col gap-1 md:gap-3\">\n<div class=\"flex max-w-full flex-col grow\">\n<div class=\"min-h-8 text-message relative flex w-full flex-col items-end gap-2 text-start break-words whitespace-normal [.text-message+&amp;]:mt-5\" dir=\"auto\" data-message-author-role=\"assistant\" data-message-id=\"9bcddfd6-70c4-41a9-8e09-e8b0c37403d6\" data-message-model-slug=\"gpt-4o\">\n<div class=\"flex w-full flex-col gap-1 empty:hidden first:pt-[3px]\">\n<div class=\"markdown prose dark:prose-invert w-full break-words light\">\n<p data-start=\"0\" data-end=\"281\" data-is-last-node=\"\" data-is-only-node=\"\">Le distributeur de jus de fruits en acier inoxydable Bulk Luxury Gold 8L, dot\u00e9 d'une finition dor\u00e9e de qualit\u00e9 sup\u00e9rieure et d'une construction en acier inoxydable durable, est parfait pour le service des boissons dans les h\u00f4tels. \u00c9quip\u00e9 d'une base robuste et d'un robinet \u00e0 d\u00e9bit r\u00e9gulier, il offre \u00e9l\u00e9gance, fiabilit\u00e9 et facilit\u00e9 de nettoyage.<\/p>\n<\/div>\n<\/div>\n<\/div>\n<\/div>\n<\/div>\n<div class=\"absolute\">\n<h2 class=\"flex items-center justify-center\">Distributeur de jus de fruits en acier inoxydable Bulk Luxury Gold Param\u00e8tre :<\/h2>\n<\/div>\n<\/div>\n<\/div>\n<\/div>\n<\/article>\n<p><strong>Mat\u00e9riau :<\/strong> Acier inoxydable, plastique<br \/><strong>Conception :<\/strong> Avec robinet, grille en acier inoxydable, \u00e9vier \u00e0 trous<br \/><strong>Tailles :<\/strong> 8L \/16L<br \/><strong>Emballage :<\/strong> Sac\/volume\/carton ou sur mesure<br \/><strong>OEM\/ODM :<\/strong> En option<\/p>\n<h2 class=\"wp-block-heading\">Distributeur de jus de fruits en acier inoxydable de luxe en vrac :<\/h2>\n<p>Qu'il s'agisse d'un fournisseur de services de restauration, d'un h\u00f4tel ou d'un restaurant, ou d'une soci\u00e9t\u00e9 d'organisation d'\u00e9v\u00e9nements, nous fournissons des solutions compl\u00e8tes de fournitures de restauration en gros pour vous avec des prix d'usine de haute qualit\u00e9 !<\/p>","protected":false},"featured_media":4324,"comment_status":"closed","ping_status":"closed","template":"","meta":{"_acf_changed":true},"application":[30],"product_brand":[],"product_cat":[22,34],"product_tag":[],"class_list":{"0":"post-4323","1":"product","2":"type-product","3":"status-publish","4":"has-post-thumbnail","6":"application-hotel-catering","7":"product_cat-catering-supplies-wholesale","8":"product_cat-wholesale-drink-dispenser","10":"first","11":"instock","12":"shipping-taxable","13":"product-type-simple"},"acf":[],"_links":{"self":[{"href":"https:\/\/www.yongyukitchenware.com\/fr\/wp-json\/wp\/v2\/product\/4323","targetHints":{"allow":["GET"]}}],"collection":[{"href":"https:\/\/www.yongyukitchenware.com\/fr\/wp-json\/wp\/v2\/product"}],"about":[{"href":"https:\/\/www.yongyukitchenware.com\/fr\/wp-json\/wp\/v2\/types\/product"}],"replies":[{"embeddable":true,"href":"https:\/\/www.yongyukitchenware.com\/fr\/wp-json\/wp\/v2\/comments?post=4323"}],"wp:featuredmedia":[{"embeddable":true,"href":"https:\/\/www.yongyukitchenware.com\/fr\/wp-json\/wp\/v2\/media\/4324"}],"wp:attachment":[{"href":"https:\/\/www.yongyukitchenware.com\/fr\/wp-json\/wp\/v2\/media?parent=4323"}],"wp:term":[{"taxonomy":"application","embeddable":true,"href":"https:\/\/www.yongyukitchenware.com\/fr\/wp-json\/wp\/v2\/application?post=4323"},{"taxonomy":"product_brand","embeddable":true,"href":"https:\/\/www.yongyukitchenware.com\/fr\/wp-json\/wp\/v2\/product_brand?post=4323"},{"taxonomy":"product_cat","embeddable":true,"href":"https:\/\/www.yongyukitchenware.com\/fr\/wp-json\/wp\/v2\/product_cat?post=4323"},{"taxonomy":"product_tag","embeddable":true,"href":"https:\/\/www.yongyukitchenware.com\/fr\/wp-json\/wp\/v2\/product_tag?post=4323"}],"curies":[{"name":"wp","href":"https:\/\/api.w.org\/{rel}","templated":true}]}}