{"id":4331,"date":"2025-08-01T07:28:43","date_gmt":"2025-08-01T07:28:43","guid":{"rendered":"https:\/\/www.yongyukitchenware.com\/?post_type=product&#038;p=4331"},"modified":"2025-08-01T07:28:52","modified_gmt":"2025-08-01T07:28:52","slug":"wholesale-stainless-steel-octagonal-dinner-plates-korean-style-silver","status":"publish","type":"product","link":"https:\/\/www.yongyukitchenware.com\/fr\/produit\/wholesale-stainless-steel-octagonal-dinner-plates-korean-style-silver\/","title":{"rendered":"Wholesale Stainless Steel Octagonal Dinner Plates Korean Style -Silver"},"content":{"rendered":"<div class=\"wp-block-columns is-layout-flex wp-container-core-columns-is-layout-9d6595d7 wp-block-columns-is-layout-flex\">\n<div class=\"wp-block-column is-layout-flow wp-block-column-is-layout-flow\">\n<h2 class=\"wp-block-heading\">Assiettes \u00e0 d\u00eener octogonales en acier inoxydable en gros Taille :<\/h2>\n\n\n\n<figure class=\"wp-block-table\"><table class=\"has-fixed-layout\"><tbody><tr><td>Mod\u00e8le<\/td><td>Capacit\u00e9 (L)<\/td><td>MOQ<\/td><\/tr><tr><td rowspan=\"4\">DY075-P<\/td><td>10,5 cm<\/td><td>200PCS<\/td><\/tr><tr><td>12cm<\/td><td>200PCS<\/td><\/tr><tr><td>13.5cm<\/td><td>140PCS<\/td><\/tr><tr><td>15cm<\/td><td>140PCS<\/td><\/tr><\/tbody><\/table><\/figure>\n\n\n\n<h2 class=\"wp-block-heading\">Assiettes \u00e0 d\u00eener octogonales en acier inoxydable en gros Caract\u00e9ristiques :<\/h2>\n\n\n\n<p><strong>Forme octogonale de haut niveau esth\u00e9tique :<\/strong> Le design octogonal unique, aux lignes ac\u00e9r\u00e9es, d\u00e9gage une impression de sophistication dans la simplicit\u00e9, ajoutant une touche d'atmosph\u00e8re artistique \u00e0 la table de salle \u00e0 manger.<br><strong>Un savoir-faire exquis : <\/strong>Gr\u00e2ce \u00e0 des techniques de meulage fin, la surface du cadran est aussi lisse qu'un miroir, avec des bords arrondis sans bavures, ce qui garantit \u00e0 la fois la s\u00e9curit\u00e9 et le confort.<br><strong>Mat\u00e9riau en acier inoxydable de haute qualit\u00e9 : <\/strong>Fabriqu\u00e9 en acier inoxydable de qualit\u00e9 alimentaire, il est robuste et durable, il n'a pas tendance \u00e0 rouiller, il r\u00e9siste \u00e0 la chaleur et il est plus rassurant pour une utilisation quotidienne.<br><strong>Options bicolores : <\/strong>Disponible en acier inoxydable de couleur naturelle et en or, elle s'adapte \u00e0 diff\u00e9rents styles d'int\u00e9rieur et convient \u00e0 de multiples sc\u00e9narios tels que les assiettes \u00e0 d\u00eener, les assiettes \u00e0 go\u00fbter et les assiettes \u00e0 fruits.<br><strong>Plusieurs sp\u00e9cifications au choix : <\/strong>Un total de 4 tailles est disponible, r\u00e9pondant aux besoins de diff\u00e9rents sc\u00e9narios, du repas quotidien \u00e0 l'assiette de banquet, \u00e9tant flexible et pratique.<\/p>\n<\/div>\n\n\n\n<div class=\"wp-block-column is-layout-flow wp-block-column-is-layout-flow\">\n<figure class=\"wp-block-image size-full is-resized\"><img decoding=\"async\" width=\"800\" height=\"800\" src=\"https:\/\/www.yongyukitchenware.com\/wp-content\/uploads\/2025\/07\/Wholesale-Stainless-Steel-Octagonal-Dinner-Plates-2.webp\" alt=\"Vente en gros d&#039;assiettes \u00e0 d\u00eener octogonales en acier inoxydable-2\" class=\"wp-image-4333\" style=\"width:384px;height:auto\" srcset=\"https:\/\/www.yongyukitchenware.com\/wp-content\/uploads\/2025\/07\/Wholesale-Stainless-Steel-Octagonal-Dinner-Plates-2.webp 800w, https:\/\/www.yongyukitchenware.com\/wp-content\/uploads\/2025\/07\/Wholesale-Stainless-Steel-Octagonal-Dinner-Plates-2-300x300.webp 300w, https:\/\/www.yongyukitchenware.com\/wp-content\/uploads\/2025\/07\/Wholesale-Stainless-Steel-Octagonal-Dinner-Plates-2-150x150.webp 150w, https:\/\/www.yongyukitchenware.com\/wp-content\/uploads\/2025\/07\/Wholesale-Stainless-Steel-Octagonal-Dinner-Plates-2-768x768.webp 768w, https:\/\/www.yongyukitchenware.com\/wp-content\/uploads\/2025\/07\/Wholesale-Stainless-Steel-Octagonal-Dinner-Plates-2-12x12.webp 12w, https:\/\/www.yongyukitchenware.com\/wp-content\/uploads\/2025\/07\/Wholesale-Stainless-Steel-Octagonal-Dinner-Plates-2-600x600.webp 600w, https:\/\/www.yongyukitchenware.com\/wp-content\/uploads\/2025\/07\/Wholesale-Stainless-Steel-Octagonal-Dinner-Plates-2-100x100.webp 100w\" sizes=\"(max-width: 800px) 100vw, 800px\" \/><\/figure>\n\n\n\n<figure class=\"wp-block-image size-full is-resized\"><img decoding=\"async\" width=\"800\" height=\"800\" src=\"https:\/\/www.yongyukitchenware.com\/wp-content\/uploads\/2025\/07\/Wholesale-Stainless-Steel-Octagonal-Dinner-Plates-8.webp\" alt=\"Vente en gros d&#039;assiettes \u00e0 d\u00eener octogonales en acier inoxydable-8\" class=\"wp-image-4339\" style=\"width:384px\" srcset=\"https:\/\/www.yongyukitchenware.com\/wp-content\/uploads\/2025\/07\/Wholesale-Stainless-Steel-Octagonal-Dinner-Plates-8.webp 800w, https:\/\/www.yongyukitchenware.com\/wp-content\/uploads\/2025\/07\/Wholesale-Stainless-Steel-Octagonal-Dinner-Plates-8-300x300.webp 300w, https:\/\/www.yongyukitchenware.com\/wp-content\/uploads\/2025\/07\/Wholesale-Stainless-Steel-Octagonal-Dinner-Plates-8-150x150.webp 150w, https:\/\/www.yongyukitchenware.com\/wp-content\/uploads\/2025\/07\/Wholesale-Stainless-Steel-Octagonal-Dinner-Plates-8-768x768.webp 768w, https:\/\/www.yongyukitchenware.com\/wp-content\/uploads\/2025\/07\/Wholesale-Stainless-Steel-Octagonal-Dinner-Plates-8-12x12.webp 12w, https:\/\/www.yongyukitchenware.com\/wp-content\/uploads\/2025\/07\/Wholesale-Stainless-Steel-Octagonal-Dinner-Plates-8-600x600.webp 600w, https:\/\/www.yongyukitchenware.com\/wp-content\/uploads\/2025\/07\/Wholesale-Stainless-Steel-Octagonal-Dinner-Plates-8-100x100.webp 100w\" sizes=\"(max-width: 800px) 100vw, 800px\" \/><\/figure>\n<\/div>\n<\/div>","protected":false},"excerpt":{"rendered":"<div class=\"n4sEPd\">\n<div class=\"UdTY9 qhIQqf leDWne\" aria-hidden=\"true\" data-location=\"1\">Vente en gros d'assiettes octogonales en acier inoxydable de style cor\u00e9en. Durables, \u00e9l\u00e9gantes et de forme unique, ces assiettes sont parfaites pour les repas d\u00e9contract\u00e9s ou formels. Id\u00e9ales pour les restaurants ou les \u00e9v\u00e9nements, elles offrent style et fonctionnalit\u00e9 en vrac.<\/div>\n<\/div>\n<h2 style=\"text-align: left;\">Assiettes \u00e0 d\u00eener octogonales en acier inoxydable (vente en gros) :<\/h2>\n<p style=\"text-align: left;\"><strong>Mat\u00e9riau :<\/strong> Acier inoxydable<br \/><strong>Longueur :<\/strong>10,5\/12\/13,5\/15cm<br \/><strong>Forme :<\/strong> Forme octogonale<br \/><strong>Emballage :<\/strong> Sac OPP et carton<br \/><strong>OEM\/ODM :<\/strong> Disponible<\/p>\n<h2 class=\"wp-block-heading\">Vente en gros d'assiettes octogonales en acier inoxydable :<\/h2>\n<p>Qu'il s'agisse d'un prestataire de services de restauration, d'un h\u00f4tel ou d'un restaurant, ou encore d'une soci\u00e9t\u00e9 d'organisation d'\u00e9v\u00e9nements, nous vous proposons des solutions compl\u00e8tes de vente en gros de fournitures de restauration \u00e0 des prix d'usine de haute qualit\u00e9 !<\/p>","protected":false},"featured_media":4332,"comment_status":"closed","ping_status":"closed","template":"","meta":{"_acf_changed":true},"application":[29],"product_brand":[],"product_cat":[21],"product_tag":[],"class_list":{"0":"post-4331","1":"product","2":"type-product","3":"status-publish","4":"has-post-thumbnail","6":"application-home-kitchen","7":"product_cat-tableware-wholesale","9":"first","10":"instock","11":"shipping-taxable","12":"product-type-simple"},"acf":[],"_links":{"self":[{"href":"https:\/\/www.yongyukitchenware.com\/fr\/wp-json\/wp\/v2\/product\/4331","targetHints":{"allow":["GET"]}}],"collection":[{"href":"https:\/\/www.yongyukitchenware.com\/fr\/wp-json\/wp\/v2\/product"}],"about":[{"href":"https:\/\/www.yongyukitchenware.com\/fr\/wp-json\/wp\/v2\/types\/product"}],"replies":[{"embeddable":true,"href":"https:\/\/www.yongyukitchenware.com\/fr\/wp-json\/wp\/v2\/comments?post=4331"}],"wp:featuredmedia":[{"embeddable":true,"href":"https:\/\/www.yongyukitchenware.com\/fr\/wp-json\/wp\/v2\/media\/4332"}],"wp:attachment":[{"href":"https:\/\/www.yongyukitchenware.com\/fr\/wp-json\/wp\/v2\/media?parent=4331"}],"wp:term":[{"taxonomy":"application","embeddable":true,"href":"https:\/\/www.yongyukitchenware.com\/fr\/wp-json\/wp\/v2\/application?post=4331"},{"taxonomy":"product_brand","embeddable":true,"href":"https:\/\/www.yongyukitchenware.com\/fr\/wp-json\/wp\/v2\/product_brand?post=4331"},{"taxonomy":"product_cat","embeddable":true,"href":"https:\/\/www.yongyukitchenware.com\/fr\/wp-json\/wp\/v2\/product_cat?post=4331"},{"taxonomy":"product_tag","embeddable":true,"href":"https:\/\/www.yongyukitchenware.com\/fr\/wp-json\/wp\/v2\/product_tag?post=4331"}],"curies":[{"name":"wp","href":"https:\/\/api.w.org\/{rel}","templated":true}]}}