{"id":4344,"date":"2025-08-01T07:39:06","date_gmt":"2025-08-01T07:39:06","guid":{"rendered":"https:\/\/www.yongyukitchenware.com\/?post_type=product&#038;p=4344"},"modified":"2025-08-01T07:39:11","modified_gmt":"2025-08-01T07:39:11","slug":"bulk-stainless-steel-octagonal-dinner-plates-korean-style-gold","status":"publish","type":"product","link":"https:\/\/www.yongyukitchenware.com\/fr\/produit\/bulk-stainless-steel-octagonal-dinner-plates-korean-style-gold\/","title":{"rendered":"Assiettes \u00e0 d\u00eener octogonales en acier inoxydable en vrac - Style cor\u00e9en - Or"},"content":{"rendered":"<div class=\"wp-block-columns is-layout-flex wp-container-core-columns-is-layout-9d6595d7 wp-block-columns-is-layout-flex\">\n<div class=\"wp-block-column is-layout-flow wp-block-column-is-layout-flow\">\n<h2 class=\"wp-block-heading\">Bulk Stainless Steel Octagonal Dinner Plates Size:<\/h2>\n\n\n\n<figure class=\"wp-block-table\"><table class=\"has-fixed-layout\"><tbody><tr><td>Mod\u00e8le<\/td><td>Capacit\u00e9 (L)<\/td><td>MOQ<\/td><\/tr><tr><td rowspan=\"4\">DY075-P<\/td><td>10,5 cm<\/td><td>200PCS<\/td><\/tr><tr><td>12cm<\/td><td>200PCS<\/td><\/tr><tr><td>13.5cm<\/td><td>140PCS<\/td><\/tr><tr><td>15cm<\/td><td>140PCS<\/td><\/tr><\/tbody><\/table><\/figure>\n\n\n\n<h2 class=\"wp-block-heading\">Bulk  Stainless Steel Octagonal Dinner Plates Features:<\/h2>\n\n\n\n<p><strong>Forme octogonale de haut niveau esth\u00e9tique :<\/strong> Le design octogonal unique, aux lignes ac\u00e9r\u00e9es, d\u00e9gage une impression de sophistication dans la simplicit\u00e9, ajoutant une touche d'atmosph\u00e8re artistique \u00e0 la table de salle \u00e0 manger.<br><strong>Un savoir-faire exquis : <\/strong>Gr\u00e2ce \u00e0 des techniques de meulage fin, la surface du cadran est aussi lisse qu'un miroir, avec des bords arrondis sans bavures, ce qui garantit \u00e0 la fois la s\u00e9curit\u00e9 et le confort.<br><strong>Mat\u00e9riau en acier inoxydable de haute qualit\u00e9 : <\/strong>Made from food-grade stainless steel, it is sturdy, durable, and resistant to rust, with heat resistance, making it more reassuring for daily use.<br><strong>Options bicolores : <\/strong>Available in stainless steel in a natural color and gold, it suits various home styles and is suitable for multiple scenarios, such as dinner plates, snack plates, and fruit plates.<br><strong>Plusieurs sp\u00e9cifications au choix : <\/strong>Un total de 4 tailles est disponible, r\u00e9pondant aux besoins de diff\u00e9rents sc\u00e9narios, du repas quotidien \u00e0 l'assiette de banquet, \u00e9tant flexible et pratique.<\/p>\n<\/div>\n\n\n\n<div class=\"wp-block-column is-layout-flow wp-block-column-is-layout-flow\">\n<figure class=\"wp-block-image size-full is-resized\"><img decoding=\"async\" width=\"800\" height=\"800\" src=\"https:\/\/www.yongyukitchenware.com\/wp-content\/uploads\/2025\/08\/Bulk-Stainless-Steel-Octagonal-Dinner-Plates1.webp\" alt=\"Bulk Stainless Steel Octagonal Dinner Plates1\" class=\"wp-image-4640\" style=\"width:384px;height:auto\" srcset=\"https:\/\/www.yongyukitchenware.com\/wp-content\/uploads\/2025\/08\/Bulk-Stainless-Steel-Octagonal-Dinner-Plates1.webp 800w, https:\/\/www.yongyukitchenware.com\/wp-content\/uploads\/2025\/08\/Bulk-Stainless-Steel-Octagonal-Dinner-Plates1-300x300.webp 300w, https:\/\/www.yongyukitchenware.com\/wp-content\/uploads\/2025\/08\/Bulk-Stainless-Steel-Octagonal-Dinner-Plates1-150x150.webp 150w, https:\/\/www.yongyukitchenware.com\/wp-content\/uploads\/2025\/08\/Bulk-Stainless-Steel-Octagonal-Dinner-Plates1-768x768.webp 768w, https:\/\/www.yongyukitchenware.com\/wp-content\/uploads\/2025\/08\/Bulk-Stainless-Steel-Octagonal-Dinner-Plates1-12x12.webp 12w, https:\/\/www.yongyukitchenware.com\/wp-content\/uploads\/2025\/08\/Bulk-Stainless-Steel-Octagonal-Dinner-Plates1-600x600.webp 600w, https:\/\/www.yongyukitchenware.com\/wp-content\/uploads\/2025\/08\/Bulk-Stainless-Steel-Octagonal-Dinner-Plates1-100x100.webp 100w\" sizes=\"(max-width: 800px) 100vw, 800px\" \/><\/figure>\n\n\n\n<figure class=\"wp-block-image size-full is-resized\"><img decoding=\"async\" width=\"800\" height=\"800\" src=\"https:\/\/www.yongyukitchenware.com\/wp-content\/uploads\/2025\/08\/Bulk-Stainless-Steel-Octagonal-Dinner-Plates2.webp\" alt=\"Bulk Stainless Steel Octagonal Dinner Plates2\" class=\"wp-image-4641\" style=\"width:384px\" srcset=\"https:\/\/www.yongyukitchenware.com\/wp-content\/uploads\/2025\/08\/Bulk-Stainless-Steel-Octagonal-Dinner-Plates2.webp 800w, https:\/\/www.yongyukitchenware.com\/wp-content\/uploads\/2025\/08\/Bulk-Stainless-Steel-Octagonal-Dinner-Plates2-300x300.webp 300w, https:\/\/www.yongyukitchenware.com\/wp-content\/uploads\/2025\/08\/Bulk-Stainless-Steel-Octagonal-Dinner-Plates2-150x150.webp 150w, https:\/\/www.yongyukitchenware.com\/wp-content\/uploads\/2025\/08\/Bulk-Stainless-Steel-Octagonal-Dinner-Plates2-768x768.webp 768w, https:\/\/www.yongyukitchenware.com\/wp-content\/uploads\/2025\/08\/Bulk-Stainless-Steel-Octagonal-Dinner-Plates2-12x12.webp 12w, https:\/\/www.yongyukitchenware.com\/wp-content\/uploads\/2025\/08\/Bulk-Stainless-Steel-Octagonal-Dinner-Plates2-600x600.webp 600w, https:\/\/www.yongyukitchenware.com\/wp-content\/uploads\/2025\/08\/Bulk-Stainless-Steel-Octagonal-Dinner-Plates2-100x100.webp 100w\" sizes=\"(max-width: 800px) 100vw, 800px\" \/><\/figure>\n<\/div>\n<\/div>","protected":false},"excerpt":{"rendered":"<div class=\"n4sEPd\">\n<div class=\"UdTY9 qhIQqf leDWne\" aria-hidden=\"true\" data-location=\"1\">Bulk stainless steel octagonal dinner plates in Korean style. These stylish, gold-finished plates offer durability and elegance, perfect for upscale dining or events. The unique octagonal design adds a modern touch to any table setting. Ideal for businesses seeking quality dinnerware in bulk.<\/div>\n<\/div>\n<h2 style=\"text-align: left;\">Bulk Stainless Steel Octagonal Dinner Plates:<\/h2>\n<p style=\"text-align: left;\"><strong>Mat\u00e9riau :<\/strong> Acier inoxydable<br \/><strong>Longueur :<\/strong>10,5\/12\/13,5\/15cm<br \/><strong>Forme :<\/strong> Forme octogonale<br \/><strong>Emballage :<\/strong> Sac OPP et carton<br \/><strong>OEM\/ODM :<\/strong> Disponible<\/p>\n<h2 class=\"wp-block-heading\">Bulk Stainless Steel Octagonal Dinner Plates Manufacturer:<\/h2>\n<p>Qu'il s'agisse d'un prestataire de services de restauration, d'un h\u00f4tel ou d'un restaurant, ou encore d'une soci\u00e9t\u00e9 d'organisation d'\u00e9v\u00e9nements, nous vous proposons des solutions compl\u00e8tes de vente en gros de fournitures de restauration \u00e0 des prix d'usine de haute qualit\u00e9 !<\/p>","protected":false},"featured_media":4642,"comment_status":"closed","ping_status":"closed","template":"","meta":{"_acf_changed":false},"application":[29],"product_brand":[],"product_cat":[21],"product_tag":[],"class_list":{"0":"post-4344","1":"product","2":"type-product","3":"status-publish","4":"has-post-thumbnail","6":"application-home-kitchen","7":"product_cat-tableware-wholesale","9":"first","10":"instock","11":"shipping-taxable","12":"product-type-simple"},"acf":[],"_links":{"self":[{"href":"https:\/\/www.yongyukitchenware.com\/fr\/wp-json\/wp\/v2\/product\/4344","targetHints":{"allow":["GET"]}}],"collection":[{"href":"https:\/\/www.yongyukitchenware.com\/fr\/wp-json\/wp\/v2\/product"}],"about":[{"href":"https:\/\/www.yongyukitchenware.com\/fr\/wp-json\/wp\/v2\/types\/product"}],"replies":[{"embeddable":true,"href":"https:\/\/www.yongyukitchenware.com\/fr\/wp-json\/wp\/v2\/comments?post=4344"}],"wp:featuredmedia":[{"embeddable":true,"href":"https:\/\/www.yongyukitchenware.com\/fr\/wp-json\/wp\/v2\/media\/4642"}],"wp:attachment":[{"href":"https:\/\/www.yongyukitchenware.com\/fr\/wp-json\/wp\/v2\/media?parent=4344"}],"wp:term":[{"taxonomy":"application","embeddable":true,"href":"https:\/\/www.yongyukitchenware.com\/fr\/wp-json\/wp\/v2\/application?post=4344"},{"taxonomy":"product_brand","embeddable":true,"href":"https:\/\/www.yongyukitchenware.com\/fr\/wp-json\/wp\/v2\/product_brand?post=4344"},{"taxonomy":"product_cat","embeddable":true,"href":"https:\/\/www.yongyukitchenware.com\/fr\/wp-json\/wp\/v2\/product_cat?post=4344"},{"taxonomy":"product_tag","embeddable":true,"href":"https:\/\/www.yongyukitchenware.com\/fr\/wp-json\/wp\/v2\/product_tag?post=4344"}],"curies":[{"name":"wp","href":"https:\/\/api.w.org\/{rel}","templated":true}]}}