{"id":4369,"date":"2025-07-16T03:09:05","date_gmt":"2025-07-16T03:09:05","guid":{"rendered":"https:\/\/www.yongyukitchenware.com\/?post_type=product&#038;p=4369"},"modified":"2025-07-16T03:09:08","modified_gmt":"2025-07-16T03:09:08","slug":"wholesale-stainless-steel-divided-dishes-round-sauce-dishes-gold","status":"publish","type":"product","link":"https:\/\/www.yongyukitchenware.com\/fr\/produit\/wholesale-stainless-steel-divided-dishes-round-sauce-dishes-gold\/","title":{"rendered":"Grossiste Plats divis\u00e9s en acier inoxydable Plats \u00e0 sauce ronds - Or"},"content":{"rendered":"<div class=\"wp-block-columns is-layout-flex wp-container-core-columns-is-layout-9d6595d7 wp-block-columns-is-layout-flex\">\n<div class=\"wp-block-column is-layout-flow wp-block-column-is-layout-flow\">\n<h2 class=\"wp-block-heading\">Vente en gros de plats divis\u00e9s en acier inoxydable Taille :<\/h2>\n\n\n\n<figure class=\"wp-block-table\"><table class=\"has-fixed-layout\"><tbody><tr><td>Mod\u00e8le<\/td><td>Capacit\u00e9 (L)<\/td><td>MOQ<\/td><\/tr><tr><td rowspan=\"3\">DY119-Z<\/td><td>10cm<\/td><td>800PCS<\/td><\/tr><tr><td>12cm<\/td><td>600PCS<\/td><\/tr><tr><td>14cm<\/td><td>480PCS<\/td><\/tr><\/tbody><\/table><\/figure>\n\n\n\n<h2 class=\"wp-block-heading\">Plats divis\u00e9s en gros en acier inoxydable Caract\u00e9ristiques :<\/h2>\n\n\n\n<p><strong>Conception multi-compartiments, pas de m\u00e9lange d'ar\u00f4mes pour la classification :<\/strong> Deux ou trois compartiments sont disponibles, permettant de s\u00e9parer facilement diff\u00e9rents assaisonnements ou snacks afin d'\u00e9viter les m\u00e9langes de saveurs. Il est \u00e0 la fois pratique et ordonn\u00e9.<br><strong>Trois tailles, combinaison et utilisation flexibles : <\/strong>Propos\u00e9 en trois tailles, il r\u00e9pond aux besoins de diff\u00e9rentes tables \u00e0 manger ou de diff\u00e9rents usages. Qu'il s'agisse de r\u00e9unions de famille ou d'assiettes de restaurant, c'est un jeu d'enfant.<br><strong>Mat\u00e9riau en acier inoxydable de haute qualit\u00e9 : <\/strong>Fabriqu\u00e9 en acier inoxydable de qualit\u00e9 alimentaire, il est robuste et durable, r\u00e9sistant \u00e0 la corrosion et ne risque pas de se d\u00e9former, ce qui garantit une plus grande tranquillit\u00e9 d'esprit lors de l'utilisation quotidienne.<br>Disponible en deux couleurs pour am\u00e9liorer l'esth\u00e9tique <strong>l'attrait de la table : <\/strong>Disponible dans la couleur originale de l'acier inoxydable et dans une \u00e9l\u00e9gante couleur dor\u00e9e, il peut s'adapter \u00e0 diff\u00e9rents styles de vaisselle et am\u00e9liorer la qualit\u00e9 g\u00e9n\u00e9rale du placage.<br><strong>Finition fine, bords lisses sans bavures :<\/strong> Fabrication soign\u00e9e, bords lisses qui ne blessent pas les mains, utilisation plus s\u00fbre, adapt\u00e9e \u00e0 la maison et au commerce.<\/p>\n<\/div>\n\n\n\n<div class=\"wp-block-column is-layout-flow wp-block-column-is-layout-flow\">\n<figure class=\"wp-block-image size-full is-resized\"><img decoding=\"async\" width=\"800\" height=\"800\" src=\"https:\/\/www.yongyukitchenware.com\/wp-content\/uploads\/2025\/07\/Wholesale-Stainless-Steel-Divided-Dishes-8.webp\" alt=\"Vente en gros de plats divis\u00e9s en acier inoxydable-8\" class=\"wp-image-4377\" style=\"width:384px;height:auto\" srcset=\"https:\/\/www.yongyukitchenware.com\/wp-content\/uploads\/2025\/07\/Wholesale-Stainless-Steel-Divided-Dishes-8.webp 800w, https:\/\/www.yongyukitchenware.com\/wp-content\/uploads\/2025\/07\/Wholesale-Stainless-Steel-Divided-Dishes-8-300x300.webp 300w, https:\/\/www.yongyukitchenware.com\/wp-content\/uploads\/2025\/07\/Wholesale-Stainless-Steel-Divided-Dishes-8-150x150.webp 150w, https:\/\/www.yongyukitchenware.com\/wp-content\/uploads\/2025\/07\/Wholesale-Stainless-Steel-Divided-Dishes-8-768x768.webp 768w, https:\/\/www.yongyukitchenware.com\/wp-content\/uploads\/2025\/07\/Wholesale-Stainless-Steel-Divided-Dishes-8-12x12.webp 12w, https:\/\/www.yongyukitchenware.com\/wp-content\/uploads\/2025\/07\/Wholesale-Stainless-Steel-Divided-Dishes-8-600x600.webp 600w, https:\/\/www.yongyukitchenware.com\/wp-content\/uploads\/2025\/07\/Wholesale-Stainless-Steel-Divided-Dishes-8-100x100.webp 100w\" sizes=\"(max-width: 800px) 100vw, 800px\" \/><\/figure>\n\n\n\n<figure class=\"wp-block-image size-full is-resized\"><img decoding=\"async\" width=\"800\" height=\"800\" src=\"https:\/\/www.yongyukitchenware.com\/wp-content\/uploads\/2025\/07\/Wholesale-Stainless-Steel-Divided-Dishes-10.webp\" alt=\"Vente en gros de plats divis\u00e9s en acier inoxydable-10\" class=\"wp-image-4379\" style=\"width:384px\" srcset=\"https:\/\/www.yongyukitchenware.com\/wp-content\/uploads\/2025\/07\/Wholesale-Stainless-Steel-Divided-Dishes-10.webp 800w, https:\/\/www.yongyukitchenware.com\/wp-content\/uploads\/2025\/07\/Wholesale-Stainless-Steel-Divided-Dishes-10-300x300.webp 300w, https:\/\/www.yongyukitchenware.com\/wp-content\/uploads\/2025\/07\/Wholesale-Stainless-Steel-Divided-Dishes-10-150x150.webp 150w, https:\/\/www.yongyukitchenware.com\/wp-content\/uploads\/2025\/07\/Wholesale-Stainless-Steel-Divided-Dishes-10-768x768.webp 768w, https:\/\/www.yongyukitchenware.com\/wp-content\/uploads\/2025\/07\/Wholesale-Stainless-Steel-Divided-Dishes-10-12x12.webp 12w, https:\/\/www.yongyukitchenware.com\/wp-content\/uploads\/2025\/07\/Wholesale-Stainless-Steel-Divided-Dishes-10-600x600.webp 600w, https:\/\/www.yongyukitchenware.com\/wp-content\/uploads\/2025\/07\/Wholesale-Stainless-Steel-Divided-Dishes-10-100x100.webp 100w\" sizes=\"(max-width: 800px) 100vw, 800px\" \/><\/figure>\n<\/div>\n<\/div>","protected":false},"excerpt":{"rendered":"<div class=\"n4sEPd\">\n<div class=\"UdTY9 qhIQqf leDWne\" aria-hidden=\"true\" data-location=\"1\">Vente en gros de plats divis\u00e9s en acier inoxydable. Fabriqu\u00e9s en acier inoxydable durable avec une finition dor\u00e9e, ils sont id\u00e9aux pour les sauces et les trempettes. Parfait pour les \u00e9v\u00e9nements, les restaurants ou l'usage domestique. Faites des stocks et offrez \u00e0 vos clients une qualit\u00e9 sup\u00e9rieure.<\/div>\n<\/div>\n<h2 style=\"text-align: left;\">Vente en gros de plats divis\u00e9s en acier inoxydable :<\/h2>\n<p style=\"text-align: left;\"><strong>Mat\u00e9riau :<\/strong> Acier inoxydable<br \/><strong>Longueur :<\/strong>10\/12\/14cm<br \/><strong>Forme :<\/strong> Forme octogonale<br \/><strong>Emballage :<\/strong> Sac OPP et carton<br \/><strong>OEM\/ODM :<\/strong> Disponible<\/p>\n<h2 class=\"wp-block-heading\">Vente en gros de plats divis\u00e9s en acier inoxydable :<\/h2>\n<p>Qu'il s'agisse d'un prestataire de services de restauration, d'un h\u00f4tel ou d'un restaurant, ou encore d'une soci\u00e9t\u00e9 d'organisation d'\u00e9v\u00e9nements, nous vous proposons des solutions compl\u00e8tes de vente en gros de fournitures de restauration \u00e0 des prix d'usine de haute qualit\u00e9 !<\/p>","protected":false},"featured_media":4373,"comment_status":"closed","ping_status":"closed","template":"","meta":{"_acf_changed":true},"application":[29],"product_brand":[],"product_cat":[21],"product_tag":[],"class_list":{"0":"post-4369","1":"product","2":"type-product","3":"status-publish","4":"has-post-thumbnail","6":"application-home-kitchen","7":"product_cat-tableware-wholesale","9":"first","10":"instock","11":"shipping-taxable","12":"product-type-simple"},"acf":[],"_links":{"self":[{"href":"https:\/\/www.yongyukitchenware.com\/fr\/wp-json\/wp\/v2\/product\/4369","targetHints":{"allow":["GET"]}}],"collection":[{"href":"https:\/\/www.yongyukitchenware.com\/fr\/wp-json\/wp\/v2\/product"}],"about":[{"href":"https:\/\/www.yongyukitchenware.com\/fr\/wp-json\/wp\/v2\/types\/product"}],"replies":[{"embeddable":true,"href":"https:\/\/www.yongyukitchenware.com\/fr\/wp-json\/wp\/v2\/comments?post=4369"}],"wp:featuredmedia":[{"embeddable":true,"href":"https:\/\/www.yongyukitchenware.com\/fr\/wp-json\/wp\/v2\/media\/4373"}],"wp:attachment":[{"href":"https:\/\/www.yongyukitchenware.com\/fr\/wp-json\/wp\/v2\/media?parent=4369"}],"wp:term":[{"taxonomy":"application","embeddable":true,"href":"https:\/\/www.yongyukitchenware.com\/fr\/wp-json\/wp\/v2\/application?post=4369"},{"taxonomy":"product_brand","embeddable":true,"href":"https:\/\/www.yongyukitchenware.com\/fr\/wp-json\/wp\/v2\/product_brand?post=4369"},{"taxonomy":"product_cat","embeddable":true,"href":"https:\/\/www.yongyukitchenware.com\/fr\/wp-json\/wp\/v2\/product_cat?post=4369"},{"taxonomy":"product_tag","embeddable":true,"href":"https:\/\/www.yongyukitchenware.com\/fr\/wp-json\/wp\/v2\/product_tag?post=4369"}],"curies":[{"name":"wp","href":"https:\/\/api.w.org\/{rel}","templated":true}]}}