{"id":4382,"date":"2025-07-16T02:53:27","date_gmt":"2025-07-16T02:53:27","guid":{"rendered":"https:\/\/www.yongyukitchenware.com\/?post_type=product&#038;p=4382"},"modified":"2025-07-16T02:53:29","modified_gmt":"2025-07-16T02:53:29","slug":"bulk-stainless-steel-dessert-plate-snack-tray-silver","status":"publish","type":"product","link":"https:\/\/www.yongyukitchenware.com\/fr\/produit\/bulk-stainless-steel-dessert-plate-snack-tray-silver\/","title":{"rendered":"Assiette \u00e0 dessert en acier inoxydable en vrac Plateau \u00e0 snacks-Argent\u00e9"},"content":{"rendered":"<div class=\"wp-block-columns is-layout-flex wp-container-core-columns-is-layout-9d6595d7 wp-block-columns-is-layout-flex\">\n<div class=\"wp-block-column is-layout-flow wp-block-column-is-layout-flow\">\n<h2 class=\"wp-block-heading\">Assiette \u00e0 dessert en acier inoxydable en vrac Taille :<\/h2>\n\n\n\n<figure class=\"wp-block-table\"><table class=\"has-fixed-layout\"><tbody><tr><td>Mod\u00e8le<\/td><td>Taille<\/td><td>Poids<\/td><td>MOQ<\/td><\/tr><tr><td rowspan=\"3\">DY120-Z<\/td><td>S(2\/3 Compartiment)<\/td><td>96g<\/td><td>200PCS<\/td><\/tr><tr><td>M(2\/3 compartiment)<\/td><td>115g<\/td><td>160PCS<\/td><\/tr><tr><td>L(2\/3 compartiment)<\/td><td>145g<\/td><td>120PCS<\/td><\/tr><\/tbody><\/table><\/figure>\n\n\n\n<h2 class=\"wp-block-heading\">Assiette \u00e0 dessert en acier inoxydable en vrac Caract\u00e9ristiques :<\/h2>\n\n\n\n<p><strong>Les compartiments se pr\u00eatent le mieux \u00e0 une cat\u00e9gorisation plus sp\u00e9cifique :<\/strong> Des options \u00e0 deux compartiments et \u00e0 trois compartiments sont disponibles, avec un zonage suffisant. Les assaisonnements ne m\u00e9langent pas les saveurs, ce qui est id\u00e9al pour les sauces \u00e0 tremper, les condiments, les fruits secs ou les snacks, et permet de r\u00e9pondre \u00e0 plusieurs besoins d'assortiment.<br><strong>Trois tailles au choix, accommodantes et pratiques :<\/strong> Avec un choix de trois tailles, elle est bien adapt\u00e9e \u00e0 toute une s\u00e9rie de situations d'utilisation de la table \u00e0 manger, allant de l'utilisation familiale r\u00e9guli\u00e8re aux soir\u00e9es barbecue, en passant par l'utilisation dans les restaurants commerciaux.<br><strong>Acier inoxydable de haute qualit\u00e9, robuste et durable :<\/strong> Fabriqu\u00e9 en acier inoxydable de qualit\u00e9 alimentaire, il ne rouille pas, r\u00e9siste \u00e0 la corrosion et \u00e0 la chaleur et n\u00e9cessite peu d'entretien. Il conserve un aspect brillant et neuf m\u00eame apr\u00e8s une utilisation prolong\u00e9e.<br><strong>Types bicolores, beaux et universels : <\/strong>De m\u00eame que la couleur naturelle et la texture de l'acier inoxydable traditionnel, l'or, simple et gracieux, rehausse le style de la table \u00e0 manger et peut \u00eatre associ\u00e9 \u00e0 diff\u00e9rents styles de vaisselle.<br><strong>Construction magistrale, d\u00e9tails soign\u00e9s : <\/strong>Proc\u00e9d\u00e9 de moulage en une seule pi\u00e8ce, bords lisses et arrondis qui ne blessent pas les mains, et surface lisse sans bavures, refl\u00e9tant parfaitement un sentiment de qualit\u00e9 haut de gamme. Fabriqu\u00e9 en acier inoxydable, il ne rouille pas, r\u00e9siste \u00e0 la corrosion et \u00e0 la chaleur, et n\u00e9cessite peu d'entretien. <\/p>\n<\/div>\n\n\n\n<div class=\"wp-block-column is-layout-flow wp-block-column-is-layout-flow\">\n<figure class=\"wp-block-image size-full is-resized\"><img decoding=\"async\" width=\"800\" height=\"800\" src=\"https:\/\/www.yongyukitchenware.com\/wp-content\/uploads\/2025\/07\/Wholesale-Stainless-Steel-Dessert-Plate-7.webp\" alt=\"Assiette \u00e0 dessert en acier inoxydable en vrac\" class=\"wp-image-4389\" style=\"width:384px;height:auto\" srcset=\"https:\/\/www.yongyukitchenware.com\/wp-content\/uploads\/2025\/07\/Wholesale-Stainless-Steel-Dessert-Plate-7.webp 800w, https:\/\/www.yongyukitchenware.com\/wp-content\/uploads\/2025\/07\/Wholesale-Stainless-Steel-Dessert-Plate-7-300x300.webp 300w, https:\/\/www.yongyukitchenware.com\/wp-content\/uploads\/2025\/07\/Wholesale-Stainless-Steel-Dessert-Plate-7-150x150.webp 150w, https:\/\/www.yongyukitchenware.com\/wp-content\/uploads\/2025\/07\/Wholesale-Stainless-Steel-Dessert-Plate-7-768x768.webp 768w, https:\/\/www.yongyukitchenware.com\/wp-content\/uploads\/2025\/07\/Wholesale-Stainless-Steel-Dessert-Plate-7-12x12.webp 12w, https:\/\/www.yongyukitchenware.com\/wp-content\/uploads\/2025\/07\/Wholesale-Stainless-Steel-Dessert-Plate-7-600x600.webp 600w, https:\/\/www.yongyukitchenware.com\/wp-content\/uploads\/2025\/07\/Wholesale-Stainless-Steel-Dessert-Plate-7-100x100.webp 100w\" sizes=\"(max-width: 800px) 100vw, 800px\" \/><\/figure>\n\n\n\n<figure class=\"wp-block-image size-full is-resized\"><img decoding=\"async\" width=\"800\" height=\"800\" src=\"https:\/\/www.yongyukitchenware.com\/wp-content\/uploads\/2025\/07\/Wholesale-Stainless-Steel-Dessert-Plate-8.webp\" alt=\"Vente en gros de plaques de d\u00e9sossage en acier inoxydable-8\" class=\"wp-image-4390\" style=\"width:384px\" srcset=\"https:\/\/www.yongyukitchenware.com\/wp-content\/uploads\/2025\/07\/Wholesale-Stainless-Steel-Dessert-Plate-8.webp 800w, https:\/\/www.yongyukitchenware.com\/wp-content\/uploads\/2025\/07\/Wholesale-Stainless-Steel-Dessert-Plate-8-300x300.webp 300w, https:\/\/www.yongyukitchenware.com\/wp-content\/uploads\/2025\/07\/Wholesale-Stainless-Steel-Dessert-Plate-8-150x150.webp 150w, https:\/\/www.yongyukitchenware.com\/wp-content\/uploads\/2025\/07\/Wholesale-Stainless-Steel-Dessert-Plate-8-768x768.webp 768w, https:\/\/www.yongyukitchenware.com\/wp-content\/uploads\/2025\/07\/Wholesale-Stainless-Steel-Dessert-Plate-8-12x12.webp 12w, https:\/\/www.yongyukitchenware.com\/wp-content\/uploads\/2025\/07\/Wholesale-Stainless-Steel-Dessert-Plate-8-600x600.webp 600w, https:\/\/www.yongyukitchenware.com\/wp-content\/uploads\/2025\/07\/Wholesale-Stainless-Steel-Dessert-Plate-8-100x100.webp 100w\" sizes=\"(max-width: 800px) 100vw, 800px\" \/><\/figure>\n<\/div>\n<\/div>","protected":false},"excerpt":{"rendered":"<div class=\"n4sEPd\">\n<div class=\"UdTY9 qhIQqf leDWne\" aria-hidden=\"true\" data-location=\"1\">Assiette \u00e0 dessert en acier inoxydable en vrac. Plateau \u00e9l\u00e9gant et durable en argent, parfait pour servir des desserts, des amuse-gueules ou des collations. Id\u00e9al pour les acheteurs en vrac \u00e0 la recherche de vaisselle en acier inoxydable \u00e9l\u00e9gante et durable.<\/div>\n<\/div>\n<h2 style=\"text-align: left;\">Assiette \u00e0 dessert en acier inoxydable en vrac :<\/h2>\n<p style=\"text-align: left;\"><strong>Mat\u00e9riau :<\/strong> Acier inoxydable<br \/><strong>Longueur :<\/strong>10\/12\/14cm<br \/><strong>Forme :<\/strong> Forme octogonale<br \/><strong>Emballage :<\/strong> Sac OPP et carton<br \/><strong>OEM\/ODM :<\/strong> Disponible<\/p>\n<h2 class=\"wp-block-heading\">Plaque \u00e0 dessert en acier inoxydable en vrac :<\/h2>\n<p>Qu'il s'agisse d'un prestataire de services de restauration, d'un h\u00f4tel ou d'un restaurant, ou encore d'une soci\u00e9t\u00e9 d'organisation d'\u00e9v\u00e9nements, nous vous proposons des solutions compl\u00e8tes de vente en gros de fournitures de restauration \u00e0 des prix d'usine de haute qualit\u00e9 !<\/p>","protected":false},"featured_media":4383,"comment_status":"closed","ping_status":"closed","template":"","meta":{"_acf_changed":true},"application":[29],"product_brand":[],"product_cat":[21],"product_tag":[],"class_list":{"0":"post-4382","1":"product","2":"type-product","3":"status-publish","4":"has-post-thumbnail","6":"application-home-kitchen","7":"product_cat-tableware-wholesale","9":"first","10":"instock","11":"shipping-taxable","12":"product-type-simple"},"acf":[],"_links":{"self":[{"href":"https:\/\/www.yongyukitchenware.com\/fr\/wp-json\/wp\/v2\/product\/4382","targetHints":{"allow":["GET"]}}],"collection":[{"href":"https:\/\/www.yongyukitchenware.com\/fr\/wp-json\/wp\/v2\/product"}],"about":[{"href":"https:\/\/www.yongyukitchenware.com\/fr\/wp-json\/wp\/v2\/types\/product"}],"replies":[{"embeddable":true,"href":"https:\/\/www.yongyukitchenware.com\/fr\/wp-json\/wp\/v2\/comments?post=4382"}],"wp:featuredmedia":[{"embeddable":true,"href":"https:\/\/www.yongyukitchenware.com\/fr\/wp-json\/wp\/v2\/media\/4383"}],"wp:attachment":[{"href":"https:\/\/www.yongyukitchenware.com\/fr\/wp-json\/wp\/v2\/media?parent=4382"}],"wp:term":[{"taxonomy":"application","embeddable":true,"href":"https:\/\/www.yongyukitchenware.com\/fr\/wp-json\/wp\/v2\/application?post=4382"},{"taxonomy":"product_brand","embeddable":true,"href":"https:\/\/www.yongyukitchenware.com\/fr\/wp-json\/wp\/v2\/product_brand?post=4382"},{"taxonomy":"product_cat","embeddable":true,"href":"https:\/\/www.yongyukitchenware.com\/fr\/wp-json\/wp\/v2\/product_cat?post=4382"},{"taxonomy":"product_tag","embeddable":true,"href":"https:\/\/www.yongyukitchenware.com\/fr\/wp-json\/wp\/v2\/product_tag?post=4382"}],"curies":[{"name":"wp","href":"https:\/\/api.w.org\/{rel}","templated":true}]}}