{"id":4403,"date":"2025-07-16T02:30:19","date_gmt":"2025-07-16T02:30:19","guid":{"rendered":"https:\/\/www.yongyukitchenware.com\/?post_type=product&#038;p=4403"},"modified":"2025-07-16T02:30:21","modified_gmt":"2025-07-16T02:30:21","slug":"304-stainless-steel-korean-style-double-handle-snack-bowl-in-bulk","status":"publish","type":"product","link":"https:\/\/www.yongyukitchenware.com\/fr\/produit\/304-stainless-steel-korean-style-double-handle-snack-bowl-in-bulk\/","title":{"rendered":"Bol \u00e0 snacks en acier inoxydable 304 \u00e0 double poign\u00e9e de style cor\u00e9en en vrac"},"content":{"rendered":"<div class=\"wp-block-columns is-layout-flex wp-container-core-columns-is-layout-9d6595d7 wp-block-columns-is-layout-flex\">\n<div class=\"wp-block-column is-layout-flow wp-block-column-is-layout-flow\">\n<h2 class=\"wp-block-heading\">Bol \u00e0 collation \u00e0 double poign\u00e9e en vrac :<\/h2>\n\n\n\n<figure class=\"wp-block-table\"><table class=\"has-fixed-layout\"><tbody><tr><td>Mod\u00e8le<\/td><td>Taille<\/td><td>Poids<\/td><td>MOQ<\/td><\/tr><tr><td rowspan=\"5\">DY070-P<\/td><td>10,5 cm<\/td><td>86g<\/td><td>200PCS<\/td><\/tr><tr><td>12cm<\/td><td>100g<\/td><td>200PCS<\/td><\/tr><tr><td>13cm<\/td><td>130g<\/td><td>160PCS<\/td><\/tr><tr><td>14cm<\/td><td>145g<\/td><td>160PCS<\/td><\/tr><tr><td>16,5 cm<\/td><td>175g<\/td><td>160PCS<\/td><\/tr><\/tbody><\/table><\/figure>\n\n\n\n<h2 class=\"wp-block-heading\">Bol \u00e0 collation \u00e0 double poign\u00e9e Taille en vrac Caract\u00e9ristiques :<\/h2>\n\n\n\n<p><strong>Acier inoxydable de premi\u00e8re qualit\u00e9 : <\/strong>Fabriqu\u00e9 en acier inoxydable de qualit\u00e9 alimentaire, il est r\u00e9sistant \u00e0 la corrosion, inodore et durable.<\/p>\n\n\n\n<p><strong>Design du plateau profond :<\/strong> Conception large et sans d\u00e9versement qui permet de contenir plus d'aliments sans risque de fuite.<\/p>\n\n\n\n<p><strong>Processus de dessin et de polissage :<\/strong> Texture lisse et douce, facile \u00e0 nettoyer et \u00e0 pr\u00e9server.<\/p>\n\n\n\n<p><strong>Bords arrondis : <\/strong>S\u00fbr, lisse et facile \u00e0 manipuler, sans causer de blessures aux mains.<\/p>\n\n\n\n<p><strong>Conception \u00e0 fond plat : <\/strong>Fond stable et plat pour une mise en place ferme, et peut \u00eatre chauff\u00e9 directement en toute s\u00e9curit\u00e9.<\/p>\n<\/div>\n\n\n\n<div class=\"wp-block-column is-layout-flow wp-block-column-is-layout-flow\">\n<figure class=\"wp-block-image size-full is-resized\"><img decoding=\"async\" width=\"800\" height=\"800\" src=\"https:\/\/www.yongyukitchenware.com\/wp-content\/uploads\/2025\/07\/Bulk-Handle-Snack-Bowl-3.webp\" alt=\"Poign\u00e9e Bulk-Snack-Bowl-3\" class=\"wp-image-4406\" style=\"width:384px;height:auto\" srcset=\"https:\/\/www.yongyukitchenware.com\/wp-content\/uploads\/2025\/07\/Bulk-Handle-Snack-Bowl-3.webp 800w, https:\/\/www.yongyukitchenware.com\/wp-content\/uploads\/2025\/07\/Bulk-Handle-Snack-Bowl-3-300x300.webp 300w, https:\/\/www.yongyukitchenware.com\/wp-content\/uploads\/2025\/07\/Bulk-Handle-Snack-Bowl-3-150x150.webp 150w, https:\/\/www.yongyukitchenware.com\/wp-content\/uploads\/2025\/07\/Bulk-Handle-Snack-Bowl-3-768x768.webp 768w, https:\/\/www.yongyukitchenware.com\/wp-content\/uploads\/2025\/07\/Bulk-Handle-Snack-Bowl-3-12x12.webp 12w, https:\/\/www.yongyukitchenware.com\/wp-content\/uploads\/2025\/07\/Bulk-Handle-Snack-Bowl-3-600x600.webp 600w, https:\/\/www.yongyukitchenware.com\/wp-content\/uploads\/2025\/07\/Bulk-Handle-Snack-Bowl-3-100x100.webp 100w\" sizes=\"(max-width: 800px) 100vw, 800px\" \/><\/figure>\n\n\n\n<figure class=\"wp-block-image size-full is-resized\"><img decoding=\"async\" width=\"800\" height=\"800\" src=\"https:\/\/www.yongyukitchenware.com\/wp-content\/uploads\/2025\/07\/Bulk-Handle-Snack-Bowl-6.webp\" alt=\"Bol \u00e0 collation \u00e0 double poign\u00e9e en vrac\" class=\"wp-image-4409\" style=\"width:384px\" srcset=\"https:\/\/www.yongyukitchenware.com\/wp-content\/uploads\/2025\/07\/Bulk-Handle-Snack-Bowl-6.webp 800w, https:\/\/www.yongyukitchenware.com\/wp-content\/uploads\/2025\/07\/Bulk-Handle-Snack-Bowl-6-300x300.webp 300w, https:\/\/www.yongyukitchenware.com\/wp-content\/uploads\/2025\/07\/Bulk-Handle-Snack-Bowl-6-150x150.webp 150w, https:\/\/www.yongyukitchenware.com\/wp-content\/uploads\/2025\/07\/Bulk-Handle-Snack-Bowl-6-768x768.webp 768w, https:\/\/www.yongyukitchenware.com\/wp-content\/uploads\/2025\/07\/Bulk-Handle-Snack-Bowl-6-12x12.webp 12w, https:\/\/www.yongyukitchenware.com\/wp-content\/uploads\/2025\/07\/Bulk-Handle-Snack-Bowl-6-600x600.webp 600w, https:\/\/www.yongyukitchenware.com\/wp-content\/uploads\/2025\/07\/Bulk-Handle-Snack-Bowl-6-100x100.webp 100w\" sizes=\"(max-width: 800px) 100vw, 800px\" \/><\/figure>\n<\/div>\n<\/div>\n\n\n\n<p><\/p>","protected":false},"excerpt":{"rendered":"<div class=\"n4sEPd\">\n<div class=\"UdTY9 qhIQqf leDWne\" aria-hidden=\"true\" data-location=\"1\">Bol \u00e0 go\u00fbter \u00e0 double poign\u00e9e en vrac. Fabriqu\u00e9 en acier inoxydable 304 pour une utilisation durable. Id\u00e9al pour servir des snacks, des salades ou des plats d'accompagnement dans les restaurants, les caf\u00e9s et les \u00e9v\u00e9nements de restauration. Faites le plein de ces bols \u00e9l\u00e9gants et faciles \u00e0 nettoyer pour am\u00e9liorer l'efficacit\u00e9 de votre service alimentaire d\u00e8s aujourd'hui !<\/div>\n<\/div>\n<h2 style=\"text-align: left;\">Bol \u00e0 collation \u00e0 double poign\u00e9e en vrac :<\/h2>\n<p style=\"text-align: left;\"><strong>Mat\u00e9riau :<\/strong> Acier inoxydable<br \/><span style=\"margin: 0px; padding: 0px;\"><strong>Longueur :<\/strong> 10.5\/12\/13\/14\/16.5<\/span>cm<br \/><strong>Forme :<\/strong> Forme ronde<br \/><strong>Emballage :<\/strong> Sac OPP et carton<br \/><strong>OEM\/ODM :<\/strong> Disponible<\/p>\n<h2 class=\"wp-block-heading\">Du grossiste en arts de la table Yongyu :<\/h2>\n<p>Yongyu Tableware Wholesaler peut r\u00e9pondre aux besoins des clients en vrac et fournir une s\u00e9rie de fournitures de restauration en gros de haute qualit\u00e9 qui combine l'\u00e9l\u00e9gance et la durabilit\u00e9. Y compris la vaisselle, les boissons, le mat\u00e9riel de restauration, les ustensiles de cuisine, les \u00e9l\u00e9ments essentiels de la cuisine de camping, etc.<\/p>","protected":false},"featured_media":4404,"comment_status":"closed","ping_status":"closed","template":"","meta":{"_acf_changed":false},"application":[29],"product_brand":[],"product_cat":[21],"product_tag":[],"class_list":{"0":"post-4403","1":"product","2":"type-product","3":"status-publish","4":"has-post-thumbnail","6":"application-home-kitchen","7":"product_cat-tableware-wholesale","9":"first","10":"instock","11":"shipping-taxable","12":"product-type-simple"},"acf":[],"_links":{"self":[{"href":"https:\/\/www.yongyukitchenware.com\/fr\/wp-json\/wp\/v2\/product\/4403","targetHints":{"allow":["GET"]}}],"collection":[{"href":"https:\/\/www.yongyukitchenware.com\/fr\/wp-json\/wp\/v2\/product"}],"about":[{"href":"https:\/\/www.yongyukitchenware.com\/fr\/wp-json\/wp\/v2\/types\/product"}],"replies":[{"embeddable":true,"href":"https:\/\/www.yongyukitchenware.com\/fr\/wp-json\/wp\/v2\/comments?post=4403"}],"wp:featuredmedia":[{"embeddable":true,"href":"https:\/\/www.yongyukitchenware.com\/fr\/wp-json\/wp\/v2\/media\/4404"}],"wp:attachment":[{"href":"https:\/\/www.yongyukitchenware.com\/fr\/wp-json\/wp\/v2\/media?parent=4403"}],"wp:term":[{"taxonomy":"application","embeddable":true,"href":"https:\/\/www.yongyukitchenware.com\/fr\/wp-json\/wp\/v2\/application?post=4403"},{"taxonomy":"product_brand","embeddable":true,"href":"https:\/\/www.yongyukitchenware.com\/fr\/wp-json\/wp\/v2\/product_brand?post=4403"},{"taxonomy":"product_cat","embeddable":true,"href":"https:\/\/www.yongyukitchenware.com\/fr\/wp-json\/wp\/v2\/product_cat?post=4403"},{"taxonomy":"product_tag","embeddable":true,"href":"https:\/\/www.yongyukitchenware.com\/fr\/wp-json\/wp\/v2\/product_tag?post=4403"}],"curies":[{"name":"wp","href":"https:\/\/api.w.org\/{rel}","templated":true}]}}