{"id":4410,"date":"2025-07-16T02:12:40","date_gmt":"2025-07-16T02:12:40","guid":{"rendered":"https:\/\/www.yongyukitchenware.com\/?post_type=product&#038;p=4410"},"modified":"2025-07-16T02:12:41","modified_gmt":"2025-07-16T02:12:41","slug":"wholesale-gold-stainless-steel-snack-plate-with-double-handles","status":"publish","type":"product","link":"https:\/\/www.yongyukitchenware.com\/fr\/produit\/wholesale-gold-stainless-steel-snack-plate-with-double-handles\/","title":{"rendered":"Wholesale Gold Stainless Steel Snack Plate with Double Handles (Assiette \u00e0 casse-cro\u00fbte en acier inoxydable dor\u00e9 avec double poign\u00e9e)"},"content":{"rendered":"<div class=\"wp-block-columns is-layout-flex wp-container-core-columns-is-layout-9d6595d7 wp-block-columns-is-layout-flex\">\n<div class=\"wp-block-column is-layout-flow wp-block-column-is-layout-flow\">\n<h2 class=\"wp-block-heading\">Plaque \u00e0 snacks en acier inoxydable dor\u00e9e en gros Taille :<\/h2>\n\n\n\n<figure class=\"wp-block-table\"><table class=\"has-fixed-layout\"><tbody><tr><td>Mod\u00e8le<\/td><td>Taille<\/td><td>Poids<\/td><td>MOQ<\/td><\/tr><tr><td rowspan=\"3\">DY071-P<\/td><td>13cm<\/td><td>145g<\/td><td>180PCS<\/td><\/tr><tr><td>15cm<\/td><td>160g<\/td><td>160PCS<\/td><\/tr><tr><td>17cm<\/td><td>196g<\/td><td>120PCS<\/td><\/tr><\/tbody><\/table><\/figure>\n\n\n\n<h2 class=\"wp-block-heading\">Plaque \u00e0 snacks en acier inoxydable dor\u00e9e en gros Caract\u00e9ristiques :<\/h2>\n\n\n\n<p><strong>Acier inoxydable de haute qualit\u00e9 :<\/strong> Mat\u00e9riau en acier inoxydable de qualit\u00e9 alimentaire, r\u00e9sistant \u00e0 la corrosion, sans odeur, durable<br><strong>Disponible dans une vari\u00e9t\u00e9 de couleurs : <\/strong>options argent ou plaqu\u00e9 or et semi-plaqu\u00e9 or pour r\u00e9pondre \u00e0 diff\u00e9rents besoins<br><strong>Diff\u00e9rentes tailles disponibles : <\/strong>13cm, 15cm, 17cm diff\u00e9rentes sp\u00e9cifications, peuvent \u00eatre empil\u00e9es, \u00e9conomisant de l'espace.<br><strong>Double poign\u00e9e : <\/strong>Isolation thermique renforc\u00e9e et poign\u00e9e anti-br\u00fblure, plus facile \u00e0 prendre en main<br><strong>Poign\u00e9e de renforcement des rivets :<\/strong> Le renforcement par rivets est ferme et durable, et il ne risque pas de se d\u00e9tacher pendant longtemps.<br><strong>Mise \u00e0 niveau du fond du pot : <\/strong>chauffer uniform\u00e9ment et rapidement, ne pas prendre le four\uff0c\u00e9conomie d'\u00e9nergie et de temps<br>Grande capacit\u00e9 d'\u00e9largissement : conception \u00e0 grand calibre, permettant de contenir une grande vari\u00e9t\u00e9 d'aliments.<\/p>\n<\/div>\n\n\n\n<div class=\"wp-block-column is-layout-flow wp-block-column-is-layout-flow\">\n<figure class=\"wp-block-image size-full is-resized\"><img decoding=\"async\" width=\"800\" height=\"800\" src=\"https:\/\/www.yongyukitchenware.com\/wp-content\/uploads\/2025\/07\/Wholesale-Gold-Stainless-Steel-Snack-Plate-7.webp\" alt=\"Commerce de gros - Or - Acier inoxydable - Assiette \u00e0 g\u00e2teaux - 7\" class=\"wp-image-4417\" style=\"width:384px;height:auto\" srcset=\"https:\/\/www.yongyukitchenware.com\/wp-content\/uploads\/2025\/07\/Wholesale-Gold-Stainless-Steel-Snack-Plate-7.webp 800w, https:\/\/www.yongyukitchenware.com\/wp-content\/uploads\/2025\/07\/Wholesale-Gold-Stainless-Steel-Snack-Plate-7-300x300.webp 300w, https:\/\/www.yongyukitchenware.com\/wp-content\/uploads\/2025\/07\/Wholesale-Gold-Stainless-Steel-Snack-Plate-7-150x150.webp 150w, https:\/\/www.yongyukitchenware.com\/wp-content\/uploads\/2025\/07\/Wholesale-Gold-Stainless-Steel-Snack-Plate-7-768x768.webp 768w, https:\/\/www.yongyukitchenware.com\/wp-content\/uploads\/2025\/07\/Wholesale-Gold-Stainless-Steel-Snack-Plate-7-12x12.webp 12w, https:\/\/www.yongyukitchenware.com\/wp-content\/uploads\/2025\/07\/Wholesale-Gold-Stainless-Steel-Snack-Plate-7-600x600.webp 600w, https:\/\/www.yongyukitchenware.com\/wp-content\/uploads\/2025\/07\/Wholesale-Gold-Stainless-Steel-Snack-Plate-7-100x100.webp 100w\" sizes=\"(max-width: 800px) 100vw, 800px\" \/><\/figure>\n\n\n\n<figure class=\"wp-block-image size-full is-resized\"><img decoding=\"async\" width=\"800\" height=\"800\" src=\"https:\/\/www.yongyukitchenware.com\/wp-content\/uploads\/2025\/07\/Wholesale-Gold-Stainless-Steel-Snack-Plate-8.webp\" alt=\"Commerce de gros - Or - Acier inoxydable - Assiette \u00e0 g\u00e2teaux - 8\" class=\"wp-image-4418\" style=\"width:384px\" srcset=\"https:\/\/www.yongyukitchenware.com\/wp-content\/uploads\/2025\/07\/Wholesale-Gold-Stainless-Steel-Snack-Plate-8.webp 800w, https:\/\/www.yongyukitchenware.com\/wp-content\/uploads\/2025\/07\/Wholesale-Gold-Stainless-Steel-Snack-Plate-8-300x300.webp 300w, https:\/\/www.yongyukitchenware.com\/wp-content\/uploads\/2025\/07\/Wholesale-Gold-Stainless-Steel-Snack-Plate-8-150x150.webp 150w, https:\/\/www.yongyukitchenware.com\/wp-content\/uploads\/2025\/07\/Wholesale-Gold-Stainless-Steel-Snack-Plate-8-768x768.webp 768w, https:\/\/www.yongyukitchenware.com\/wp-content\/uploads\/2025\/07\/Wholesale-Gold-Stainless-Steel-Snack-Plate-8-12x12.webp 12w, https:\/\/www.yongyukitchenware.com\/wp-content\/uploads\/2025\/07\/Wholesale-Gold-Stainless-Steel-Snack-Plate-8-600x600.webp 600w, https:\/\/www.yongyukitchenware.com\/wp-content\/uploads\/2025\/07\/Wholesale-Gold-Stainless-Steel-Snack-Plate-8-100x100.webp 100w\" sizes=\"(max-width: 800px) 100vw, 800px\" \/><\/figure>\n<\/div>\n<\/div>","protected":false},"excerpt":{"rendered":"<div class=\"n4sEPd\">\n<div class=\"UdTY9 qhIQqf leDWne\" aria-hidden=\"true\" data-location=\"1\">Ce plateau en acier inoxydable dor\u00e9 avec double poign\u00e9e est parfait pour servir des snacks, des amuse-gueules ou des fruits. Durable, \u00e9l\u00e9gant et facile \u00e0 transporter, il ajoute une touche d'\u00e9l\u00e9gance \u00e0 toutes les occasions.<\/div>\n<\/div>\n<h2 style=\"text-align: left;\">Plaque Snack en acier inoxydable dor\u00e9e en gros :<\/h2>\n<p style=\"text-align: left;\"><strong>Mat\u00e9riau :<\/strong> Acier inoxydable<br \/><span style=\"margin: 0px; padding: 0px;\"><strong>Longueur :<\/strong> 13\/15\/17<\/span>cm<br \/><strong>Forme :<\/strong> Forme ronde<br \/><strong>Emballage :<\/strong> Sac OPP et carton<br \/><strong>OEM\/ODM :<\/strong> Disponible<\/p>\n<h2 class=\"wp-block-heading\">Du grossiste en arts de la table Yongyu :<\/h2>\n<p>Yongyu Tableware Wholesaler peut r\u00e9pondre aux besoins des clients en vrac et fournir une s\u00e9rie de fournitures de restauration en gros de haute qualit\u00e9 qui combine l'\u00e9l\u00e9gance et la durabilit\u00e9. Y compris la vaisselle, les boissons, le mat\u00e9riel de restauration, les ustensiles de cuisine, les \u00e9l\u00e9ments essentiels de la cuisine de camping, etc.<\/p>","protected":false},"featured_media":4411,"comment_status":"closed","ping_status":"closed","template":"","meta":{"_acf_changed":true},"application":[29],"product_brand":[],"product_cat":[21],"product_tag":[],"class_list":{"0":"post-4410","1":"product","2":"type-product","3":"status-publish","4":"has-post-thumbnail","6":"application-home-kitchen","7":"product_cat-tableware-wholesale","9":"first","10":"instock","11":"shipping-taxable","12":"product-type-simple"},"acf":[],"_links":{"self":[{"href":"https:\/\/www.yongyukitchenware.com\/fr\/wp-json\/wp\/v2\/product\/4410","targetHints":{"allow":["GET"]}}],"collection":[{"href":"https:\/\/www.yongyukitchenware.com\/fr\/wp-json\/wp\/v2\/product"}],"about":[{"href":"https:\/\/www.yongyukitchenware.com\/fr\/wp-json\/wp\/v2\/types\/product"}],"replies":[{"embeddable":true,"href":"https:\/\/www.yongyukitchenware.com\/fr\/wp-json\/wp\/v2\/comments?post=4410"}],"wp:featuredmedia":[{"embeddable":true,"href":"https:\/\/www.yongyukitchenware.com\/fr\/wp-json\/wp\/v2\/media\/4411"}],"wp:attachment":[{"href":"https:\/\/www.yongyukitchenware.com\/fr\/wp-json\/wp\/v2\/media?parent=4410"}],"wp:term":[{"taxonomy":"application","embeddable":true,"href":"https:\/\/www.yongyukitchenware.com\/fr\/wp-json\/wp\/v2\/application?post=4410"},{"taxonomy":"product_brand","embeddable":true,"href":"https:\/\/www.yongyukitchenware.com\/fr\/wp-json\/wp\/v2\/product_brand?post=4410"},{"taxonomy":"product_cat","embeddable":true,"href":"https:\/\/www.yongyukitchenware.com\/fr\/wp-json\/wp\/v2\/product_cat?post=4410"},{"taxonomy":"product_tag","embeddable":true,"href":"https:\/\/www.yongyukitchenware.com\/fr\/wp-json\/wp\/v2\/product_tag?post=4410"}],"curies":[{"name":"wp","href":"https:\/\/api.w.org\/{rel}","templated":true}]}}