{"id":4443,"date":"2025-08-29T03:04:24","date_gmt":"2025-08-29T03:04:24","guid":{"rendered":"https:\/\/www.yongyukitchenware.com\/?post_type=product&#038;p=4443"},"modified":"2025-08-29T03:04:30","modified_gmt":"2025-08-29T03:04:30","slug":"wholesale-stainless-steel-square-octopus-pot-for-kitchen-use","status":"publish","type":"product","link":"https:\/\/www.yongyukitchenware.com\/fr\/produit\/wholesale-stainless-steel-square-octopus-pot-for-kitchen-use\/","title":{"rendered":"Wholesale Stainless Steel Square Octopus Pot for Kitchen Use (Pot de pieuvre carr\u00e9 en acier inoxydable pour la cuisine)"},"content":{"rendered":"<div class=\"wp-block-columns is-layout-flex wp-container-core-columns-is-layout-9d6595d7 wp-block-columns-is-layout-flex\">\n<div class=\"wp-block-column is-layout-flow wp-block-column-is-layout-flow\">\n<h2 class=\"wp-block-heading\">Pot de pieuvre carr\u00e9 en acier inoxydable (vente en gros) Caract\u00e9ristiques :<\/h2>\n\n\n\n<p><strong>Acier inoxydable de haute qualit\u00e9 : <\/strong>Mat\u00e9riau en acier inoxydable de qualit\u00e9 alimentaire, r\u00e9sistant \u00e0 la corrosion, sans odeur, durable<br><strong>Disponible dans une vari\u00e9t\u00e9 de couleurs :<\/strong> options argent ou plaqu\u00e9 or et semi-plaqu\u00e9 or pour r\u00e9pondre \u00e0 diff\u00e9rents besoins<br><strong>Trois tailles pratiques sont disponibles :<\/strong> Des tailles petite, moyenne et grande sont pr\u00e9vues pour r\u00e9pondre aux exigences de capacit\u00e9 de diff\u00e9rents sc\u00e9narios, tels que les r\u00e9unions de famille et les barbecues en plein air.<br><strong>Double poign\u00e9e : <\/strong>Isolation thermique renforc\u00e9e et poign\u00e9e anti-br\u00fblure, plus facile \u00e0 prendre en main<br>Poign\u00e9e renforc\u00e9e par des rivets : Le renforcement du rivet est ferme et durable, et il ne tombe pas facilement pendant une longue p\u00e9riode.<br><strong>Mise \u00e0 niveau du fond du pot : <\/strong>chauffer uniform\u00e9ment et rapidement, ne pas prendre le four\uff0c \u00e9conomie d'\u00e9nergie et de temps<\/p>\n<\/div>\n\n\n\n<div class=\"wp-block-column is-layout-flow wp-block-column-is-layout-flow\">\n<figure class=\"wp-block-image size-full\"><img decoding=\"async\" width=\"800\" height=\"800\" src=\"https:\/\/www.yongyukitchenware.com\/wp-content\/uploads\/2025\/07\/Wholesale-Stainless-Steel-Square-Octopus-Pot-8.webp\" alt=\"Commerce de gros - Acier inoxydable - Pot octopus carr\u00e9 - 8\" class=\"wp-image-4451\" srcset=\"https:\/\/www.yongyukitchenware.com\/wp-content\/uploads\/2025\/07\/Wholesale-Stainless-Steel-Square-Octopus-Pot-8.webp 800w, https:\/\/www.yongyukitchenware.com\/wp-content\/uploads\/2025\/07\/Wholesale-Stainless-Steel-Square-Octopus-Pot-8-300x300.webp 300w, https:\/\/www.yongyukitchenware.com\/wp-content\/uploads\/2025\/07\/Wholesale-Stainless-Steel-Square-Octopus-Pot-8-150x150.webp 150w, https:\/\/www.yongyukitchenware.com\/wp-content\/uploads\/2025\/07\/Wholesale-Stainless-Steel-Square-Octopus-Pot-8-768x768.webp 768w, https:\/\/www.yongyukitchenware.com\/wp-content\/uploads\/2025\/07\/Wholesale-Stainless-Steel-Square-Octopus-Pot-8-12x12.webp 12w, https:\/\/www.yongyukitchenware.com\/wp-content\/uploads\/2025\/07\/Wholesale-Stainless-Steel-Square-Octopus-Pot-8-600x600.webp 600w, https:\/\/www.yongyukitchenware.com\/wp-content\/uploads\/2025\/07\/Wholesale-Stainless-Steel-Square-Octopus-Pot-8-100x100.webp 100w\" sizes=\"(max-width: 800px) 100vw, 800px\" \/><\/figure>\n<\/div>\n<\/div>\n\n\n\n<div class=\"wp-block-columns is-layout-flex wp-container-core-columns-is-layout-9d6595d7 wp-block-columns-is-layout-flex\">\n<div class=\"wp-block-column is-layout-flow wp-block-column-is-layout-flow\">\n<figure class=\"wp-block-image size-full\"><img decoding=\"async\" width=\"800\" height=\"800\" src=\"https:\/\/www.yongyukitchenware.com\/wp-content\/uploads\/2025\/07\/Wholesale-Stainless-Steel-Square-Octopus-Pot-7.webp\" alt=\"Vente en gros de pots en acier inoxydable \u00e0 octopus carr\u00e9-7\" class=\"wp-image-4450\" srcset=\"https:\/\/www.yongyukitchenware.com\/wp-content\/uploads\/2025\/07\/Wholesale-Stainless-Steel-Square-Octopus-Pot-7.webp 800w, https:\/\/www.yongyukitchenware.com\/wp-content\/uploads\/2025\/07\/Wholesale-Stainless-Steel-Square-Octopus-Pot-7-300x300.webp 300w, https:\/\/www.yongyukitchenware.com\/wp-content\/uploads\/2025\/07\/Wholesale-Stainless-Steel-Square-Octopus-Pot-7-150x150.webp 150w, https:\/\/www.yongyukitchenware.com\/wp-content\/uploads\/2025\/07\/Wholesale-Stainless-Steel-Square-Octopus-Pot-7-768x768.webp 768w, https:\/\/www.yongyukitchenware.com\/wp-content\/uploads\/2025\/07\/Wholesale-Stainless-Steel-Square-Octopus-Pot-7-12x12.webp 12w, https:\/\/www.yongyukitchenware.com\/wp-content\/uploads\/2025\/07\/Wholesale-Stainless-Steel-Square-Octopus-Pot-7-600x600.webp 600w, https:\/\/www.yongyukitchenware.com\/wp-content\/uploads\/2025\/07\/Wholesale-Stainless-Steel-Square-Octopus-Pot-7-100x100.webp 100w\" sizes=\"(max-width: 800px) 100vw, 800px\" \/><\/figure>\n<\/div>\n\n\n\n<div class=\"wp-block-column is-layout-flow wp-block-column-is-layout-flow\">\n<h2 class=\"wp-block-heading\">Wholesale Stainless Steel Square Octopus Pot Taille :<\/h2>\n\n\n\n<figure class=\"wp-block-table\"><table class=\"has-fixed-layout\"><tbody><tr><td>Mod\u00e8le<\/td><td>Taille<\/td><td>Poids<\/td><td>MOQ<\/td><\/tr><tr><td rowspan=\"3\">DY073-P<\/td><td>32.5cm<\/td><td>1080g<\/td><td>24PCS<\/td><\/tr><tr><td>36cm<\/td><td>1300g<\/td><td>20PCS<\/td><\/tr><tr><td>39.5cm<\/td><td>1550g<\/td><td>16PCS<\/td><\/tr><\/tbody><\/table><\/figure>\n<\/div>\n<\/div>","protected":false},"excerpt":{"rendered":"<div class=\"n4sEPd\">\n<div class=\"UdTY9 qhIQqf leDWne\" aria-hidden=\"true\" data-location=\"1\">Le pot de pieuvre carr\u00e9 en acier inoxydable est durable, r\u00e9sistant \u00e0 la chaleur et id\u00e9al pour les cuisines professionnelles ou domestiques ; parfait pour cuisiner le poulpe, les fruits de mer et plus encore.Les options de prix d'usine OEM et ODM sont disponibles, contactez Yongyu pour plus d'informations.<\/div>\n<\/div>\n<h2 style=\"text-align: left;\">Wholesale Stainless Steel Square Octopus Pot Param\u00e8tre :<\/h2>\n<p style=\"text-align: left;\"><strong>Mat\u00e9riau :<\/strong> Acier inoxydable<br \/><strong>Forme :<\/strong> Carr\u00e9<br \/><strong>Emballage :<\/strong> Sac OPP et carton<br \/><strong>OEM\/ODM :<\/strong> Disponible<\/p>\n<h2 class=\"wp-block-heading\">De Yongyu Kitchenware Manufacturer :<\/h2>\n<p>Yongyu est un fabricant professionnel d'ustensiles de cuisine. Nos produits comprennent toutes sortes d'ustensiles de cuisine en acier inoxydable et d'accessoires de cuisine. Nous fournissons des solutions personnalis\u00e9es avec des produits de haute qualit\u00e9 \u00e0 des prix d'usine.<\/p>","protected":false},"featured_media":4444,"comment_status":"closed","ping_status":"closed","template":"","meta":{"_acf_changed":false},"application":[29],"product_brand":[],"product_cat":[23,35],"product_tag":[],"class_list":{"0":"post-4443","1":"product","2":"type-product","3":"status-publish","4":"has-post-thumbnail","6":"application-home-kitchen","7":"product_cat-kitchenware-wholesale","8":"product_cat-baking-trays-wholesale","10":"first","11":"instock","12":"shipping-taxable","13":"product-type-simple"},"acf":[],"_links":{"self":[{"href":"https:\/\/www.yongyukitchenware.com\/fr\/wp-json\/wp\/v2\/product\/4443","targetHints":{"allow":["GET"]}}],"collection":[{"href":"https:\/\/www.yongyukitchenware.com\/fr\/wp-json\/wp\/v2\/product"}],"about":[{"href":"https:\/\/www.yongyukitchenware.com\/fr\/wp-json\/wp\/v2\/types\/product"}],"replies":[{"embeddable":true,"href":"https:\/\/www.yongyukitchenware.com\/fr\/wp-json\/wp\/v2\/comments?post=4443"}],"wp:featuredmedia":[{"embeddable":true,"href":"https:\/\/www.yongyukitchenware.com\/fr\/wp-json\/wp\/v2\/media\/4444"}],"wp:attachment":[{"href":"https:\/\/www.yongyukitchenware.com\/fr\/wp-json\/wp\/v2\/media?parent=4443"}],"wp:term":[{"taxonomy":"application","embeddable":true,"href":"https:\/\/www.yongyukitchenware.com\/fr\/wp-json\/wp\/v2\/application?post=4443"},{"taxonomy":"product_brand","embeddable":true,"href":"https:\/\/www.yongyukitchenware.com\/fr\/wp-json\/wp\/v2\/product_brand?post=4443"},{"taxonomy":"product_cat","embeddable":true,"href":"https:\/\/www.yongyukitchenware.com\/fr\/wp-json\/wp\/v2\/product_cat?post=4443"},{"taxonomy":"product_tag","embeddable":true,"href":"https:\/\/www.yongyukitchenware.com\/fr\/wp-json\/wp\/v2\/product_tag?post=4443"}],"curies":[{"name":"wp","href":"https:\/\/api.w.org\/{rel}","templated":true}]}}