{"id":4454,"date":"2025-07-23T07:13:21","date_gmt":"2025-07-23T07:13:21","guid":{"rendered":"https:\/\/www.yongyukitchenware.com\/?post_type=product&#038;p=4454"},"modified":"2025-07-23T07:13:22","modified_gmt":"2025-07-23T07:13:22","slug":"bulk-304-stainless-steel-cutlery-set-kitchen-fork-spoon-knife-set","status":"publish","type":"product","link":"https:\/\/www.yongyukitchenware.com\/fr\/produit\/bulk-304-stainless-steel-cutlery-set-kitchen-fork-spoon-knife-set\/","title":{"rendered":"Bulk 304 Stainless Steel Cutlery Set Kitchen Fork Spoon Knife Set"},"content":{"rendered":"<div class=\"wp-block-columns is-layout-flex wp-container-core-columns-is-layout-9d6595d7 wp-block-columns-is-layout-flex\">\n<div class=\"wp-block-column is-layout-flow wp-block-column-is-layout-flow\">\n<h2 class=\"wp-block-heading\">Ensemble de couverts en acier inoxydable 304 en vrac Caract\u00e9ristiques :<\/h2>\n\n\n\n<p><strong>Mat\u00e9riau en acier inoxydable de haute qualit\u00e9, trois options disponibles :<\/strong> Fabriqu\u00e9 en acier inoxydable de qualit\u00e9 alimentaire (410, 430, 304), il pr\u00e9sente une forte r\u00e9sistance \u00e0 la corrosion et une bonne capacit\u00e9 de pr\u00e9vention de la rouille, ce qui garantit une plus grande tranquillit\u00e9 d'esprit lors de l'utilisation quotidienne ; il est durable et moins susceptible de se d\u00e9former.<\/p>\n\n\n\n<p><br><strong>Service de table complet, adapt\u00e9 \u00e0 diff\u00e9rents sc\u00e9narios :<\/strong> Chaque set comprend un couteau de table, une fourchette, une cuill\u00e8re et une petite cuill\u00e8re, convenant \u00e0 la vie quotidienne de la famille, aux r\u00e9unions et aux banquets, aux h\u00f4tels-restaurants et \u00e0 d'autres occasions, pratiques et esth\u00e9tiques.<\/p>\n\n\n\n<p><br><strong>Prise en charge des couleurs personnalis\u00e9es pour cr\u00e9er un style unique : <\/strong>Plusieurs couleurs sont disponibles pour r\u00e9pondre \u00e0 des besoins personnalis\u00e9s et s'adapter \u00e0 diff\u00e9rents styles de tables de salle \u00e0 manger. Qu'il s'agisse d'un style minimaliste ou luxueux, il peut \u00eatre facilement assorti.<\/p>\n\n\n\n<p><br><strong>Conception ergonomique, prise en main confortable : <\/strong>Le manche du couteau, de la fourchette et de la cuill\u00e8re est ergonomique et s'adapte naturellement et confortablement \u00e0 la paume de la main, ce qui facilite l'utilisation et rend les repas plus agr\u00e9ables.<\/p>\n\n\n\n<p><br><strong>Facile \u00e0 nettoyer et compatible avec le lave-vaisselle : <\/strong>Gr\u00e2ce \u00e0 un traitement de surface lisse, les taches ont moins de chances de rester. Il peut \u00eatre plac\u00e9 directement dans le lave-vaisselle pour \u00eatre nettoy\u00e9, ce qui permet de gagner du temps et de faciliter le nettoyage quotidien.<\/p>\n<\/div>\n\n\n\n<div class=\"wp-block-column is-layout-flow wp-block-column-is-layout-flow\">\n<div class=\"wp-block-columns is-layout-flex wp-container-core-columns-is-layout-9d6595d7 wp-block-columns-is-layout-flex\">\n<div class=\"wp-block-column is-layout-flow wp-block-column-is-layout-flow\">\n<figure class=\"wp-block-gallery aligncenter has-nested-images columns-default is-cropped wp-block-gallery-1 is-layout-flex wp-block-gallery-is-layout-flex\">\n<figure class=\"wp-block-image size-full\"><img decoding=\"async\" width=\"800\" height=\"800\" data-id=\"4458\" src=\"https:\/\/www.yongyukitchenware.com\/wp-content\/uploads\/2025\/07\/Bulk-304-Stainless-Steel-Cutlery-Set-4.webp\" alt=\"Bulk-304-Steel-Cutlery-Set-4\" class=\"wp-image-4458\" srcset=\"https:\/\/www.yongyukitchenware.com\/wp-content\/uploads\/2025\/07\/Bulk-304-Stainless-Steel-Cutlery-Set-4.webp 800w, https:\/\/www.yongyukitchenware.com\/wp-content\/uploads\/2025\/07\/Bulk-304-Stainless-Steel-Cutlery-Set-4-300x300.webp 300w, https:\/\/www.yongyukitchenware.com\/wp-content\/uploads\/2025\/07\/Bulk-304-Stainless-Steel-Cutlery-Set-4-150x150.webp 150w, https:\/\/www.yongyukitchenware.com\/wp-content\/uploads\/2025\/07\/Bulk-304-Stainless-Steel-Cutlery-Set-4-768x768.webp 768w, https:\/\/www.yongyukitchenware.com\/wp-content\/uploads\/2025\/07\/Bulk-304-Stainless-Steel-Cutlery-Set-4-12x12.webp 12w, https:\/\/www.yongyukitchenware.com\/wp-content\/uploads\/2025\/07\/Bulk-304-Stainless-Steel-Cutlery-Set-4-600x600.webp 600w, https:\/\/www.yongyukitchenware.com\/wp-content\/uploads\/2025\/07\/Bulk-304-Stainless-Steel-Cutlery-Set-4-100x100.webp 100w\" sizes=\"(max-width: 800px) 100vw, 800px\" \/><\/figure>\n<\/figure>\n<\/div>\n<\/div>\n\n\n\n<figure class=\"wp-block-image size-full\"><img decoding=\"async\" width=\"800\" height=\"800\" src=\"https:\/\/www.yongyukitchenware.com\/wp-content\/uploads\/2025\/07\/Bulk-304-Stainless-Steel-Cutlery-Set-10.webp\" alt=\"Bulk-304-Steel-Cutlery-Set-10\" class=\"wp-image-4464\" srcset=\"https:\/\/www.yongyukitchenware.com\/wp-content\/uploads\/2025\/07\/Bulk-304-Stainless-Steel-Cutlery-Set-10.webp 800w, https:\/\/www.yongyukitchenware.com\/wp-content\/uploads\/2025\/07\/Bulk-304-Stainless-Steel-Cutlery-Set-10-300x300.webp 300w, https:\/\/www.yongyukitchenware.com\/wp-content\/uploads\/2025\/07\/Bulk-304-Stainless-Steel-Cutlery-Set-10-150x150.webp 150w, https:\/\/www.yongyukitchenware.com\/wp-content\/uploads\/2025\/07\/Bulk-304-Stainless-Steel-Cutlery-Set-10-768x768.webp 768w, https:\/\/www.yongyukitchenware.com\/wp-content\/uploads\/2025\/07\/Bulk-304-Stainless-Steel-Cutlery-Set-10-12x12.webp 12w, https:\/\/www.yongyukitchenware.com\/wp-content\/uploads\/2025\/07\/Bulk-304-Stainless-Steel-Cutlery-Set-10-600x600.webp 600w, https:\/\/www.yongyukitchenware.com\/wp-content\/uploads\/2025\/07\/Bulk-304-Stainless-Steel-Cutlery-Set-10-100x100.webp 100w\" sizes=\"(max-width: 800px) 100vw, 800px\" \/><\/figure>\n<\/div>\n<\/div>\n\n\n\n<div class=\"wp-block-columns is-layout-flex wp-container-core-columns-is-layout-9d6595d7 wp-block-columns-is-layout-flex\">\n<div class=\"wp-block-column is-layout-flow wp-block-column-is-layout-flow\">\n<h2 class=\"wp-block-heading\">Ensemble de couverts en acier inoxydable 304 en vrac Taille :<\/h2>\n\n\n\n<figure class=\"wp-block-table\"><table class=\"has-fixed-layout\"><tbody><tr><td>Mod\u00e8le<\/td><td>Sp\u00e9cifications<\/td><td>Longueur * Largeur (cm)<\/td><td>MOQ<\/td><\/tr><tr><td rowspan=\"5\">DY001-DCS<\/td><td>Cuill\u00e8re<\/td><td>20.3*4.3cm<\/td><td rowspan=\"5\">500PCS<\/td><\/tr><tr><td>Couteau de table<\/td><td>23*2cm<\/td><\/tr><tr><td>fourchette<\/td><td>20.3*2.4cm<\/td><\/tr><tr><td>Petite cuill\u00e8re<\/td><td>13.9*3.2cm<\/td><\/tr><tr><td>Fourchette \u00e0 trois dents<\/td><td>14*2,2cm<\/td><\/tr><\/tbody><\/table><\/figure>\n<\/div>\n<\/div>\n\n\n\n<p><\/p>","protected":false},"excerpt":{"rendered":"<p>Ensemble de couverts en acier inoxydable 304 en vrac, fabriqu\u00e9 en acier inoxydable de qualit\u00e9 alimentaire pour une durabilit\u00e9 \u00e0 long terme, une r\u00e9sistance \u00e0 la corrosion et une utilisation quotidienne dans les cuisines commerciales ou domestiques. N'h\u00e9sitez pas \u00e0 nous contacter !<\/p>\n<h2 style=\"text-align: left;\">Set de couverts de camping Param\u00e8tre :<\/h2>\n<p style=\"text-align: left;\"><strong>Mat\u00e9riau :<\/strong> Acier inoxydable<br \/><strong>Couleur :<\/strong> Couleur argent<br \/><strong>Types :<\/strong> Cuill\u00e8re, fourchette, couteau, baguettes<br \/><strong>OEM\/ODM :<\/strong> Disponible<\/p>\n<h2 class=\"wp-block-heading\">De Camping Kitchen Essentials Fabricant :<\/h2>\n<p>Yongyu est un fabricant professionnel d'articles de cuisine de camping, nos produits couvrent toutes sortes d'articles de cuisine de camping en acier inoxydable, tels que le mat\u00e9riel de cuisine de camping, la vaisselle de camping, les grilles de barbecue, etc.<\/p>","protected":false},"featured_media":4455,"comment_status":"closed","ping_status":"closed","template":"","meta":{"_acf_changed":false},"application":[31],"product_brand":[],"product_cat":[48],"product_tag":[],"class_list":{"0":"post-4454","1":"product","2":"type-product","3":"status-publish","4":"has-post-thumbnail","6":"application-champ-kitchen","7":"product_cat-cutlery-wholesale","9":"first","10":"instock","11":"shipping-taxable","12":"product-type-simple"},"acf":[],"_links":{"self":[{"href":"https:\/\/www.yongyukitchenware.com\/fr\/wp-json\/wp\/v2\/product\/4454","targetHints":{"allow":["GET"]}}],"collection":[{"href":"https:\/\/www.yongyukitchenware.com\/fr\/wp-json\/wp\/v2\/product"}],"about":[{"href":"https:\/\/www.yongyukitchenware.com\/fr\/wp-json\/wp\/v2\/types\/product"}],"replies":[{"embeddable":true,"href":"https:\/\/www.yongyukitchenware.com\/fr\/wp-json\/wp\/v2\/comments?post=4454"}],"wp:featuredmedia":[{"embeddable":true,"href":"https:\/\/www.yongyukitchenware.com\/fr\/wp-json\/wp\/v2\/media\/4455"}],"wp:attachment":[{"href":"https:\/\/www.yongyukitchenware.com\/fr\/wp-json\/wp\/v2\/media?parent=4454"}],"wp:term":[{"taxonomy":"application","embeddable":true,"href":"https:\/\/www.yongyukitchenware.com\/fr\/wp-json\/wp\/v2\/application?post=4454"},{"taxonomy":"product_brand","embeddable":true,"href":"https:\/\/www.yongyukitchenware.com\/fr\/wp-json\/wp\/v2\/product_brand?post=4454"},{"taxonomy":"product_cat","embeddable":true,"href":"https:\/\/www.yongyukitchenware.com\/fr\/wp-json\/wp\/v2\/product_cat?post=4454"},{"taxonomy":"product_tag","embeddable":true,"href":"https:\/\/www.yongyukitchenware.com\/fr\/wp-json\/wp\/v2\/product_tag?post=4454"}],"curies":[{"name":"wp","href":"https:\/\/api.w.org\/{rel}","templated":true}]}}