{"id":4477,"date":"2025-09-12T03:53:55","date_gmt":"2025-09-12T03:53:55","guid":{"rendered":"https:\/\/www.yongyukitchenware.com\/?post_type=product&#038;p=4477"},"modified":"2025-09-12T03:53:57","modified_gmt":"2025-09-12T03:53:57","slug":"custom-stainless-steel-rectangular-silver-dinner-plate-korean-style-snack-tray","status":"publish","type":"product","link":"https:\/\/www.yongyukitchenware.com\/fr\/produit\/custom-stainless-steel-rectangular-silver-dinner-plate-korean-style-snack-tray\/","title":{"rendered":"Assiette \u00e0 d\u00eener rectangulaire argent\u00e9e en acier inoxydable personnalis\u00e9e Plateau \u00e0 collation de style cor\u00e9en"},"content":{"rendered":"<div class=\"wp-block-columns is-layout-flex wp-container-core-columns-is-layout-9d6595d7 wp-block-columns-is-layout-flex\">\n<div class=\"wp-block-column is-layout-flow wp-block-column-is-layout-flow\">\n<h2 class=\"wp-block-heading\">Assiette \u00e0 d\u00eener rectangulaire en acier inoxydable personnalis\u00e9e Taille :<\/h2>\n\n\n\n<figure class=\"wp-block-table\"><table class=\"has-fixed-layout\"><tbody><tr><td>Mod\u00e8le<\/td><td>Taille (Longueur * Largeur)<\/td><td>Poids<\/td><td>MOQ<\/td><\/tr><tr><td rowspan=\"3\">DY074-P<\/td><td>19.2*12.5cm<\/td><td>135g<\/td><td>160PCS<\/td><\/tr><tr><td>25.2*16.7cm<\/td><td>248g<\/td><td>80PCS<\/td><\/tr><tr><td>32*21cm<\/td><td>415g<\/td><td>50PCS<\/td><\/tr><\/tbody><\/table><\/figure>\n\n\n\n<h2 class=\"wp-block-heading\">Assiette \u00e0 d\u00eener rectangulaire en acier inoxydable personnalis\u00e9e Caract\u00e9ristiques :<\/h2>\n\n\n\n<p><strong>Acier inoxydable de haute qualit\u00e9 : <\/strong>Mat\u00e9riau en acier inoxydable de qualit\u00e9 alimentaire, r\u00e9sistant \u00e0 la corrosion, sans odeur, durable<br><strong>Design ovale : <\/strong>Conception humanis\u00e9e, facile \u00e0 placer de longues bandes d'ingr\u00e9dients<br><strong>Processus d'\u00e9tirage et de polissage :<\/strong> texture lisse et d\u00e9licate, facile \u00e0 nettoyer<br><strong>Bords arrondis Design : <\/strong>Les bords sont arrondis et lisses, faciles \u00e0 manipuler et \u00e9vitent les blessures aux mains.<br><strong>Conception \u00e0 fond plat : <\/strong>fond plat, bien plac\u00e9, peut \u00eatre chauff\u00e9 directement<\/p>\n<\/div>\n\n\n\n<div class=\"wp-block-column is-layout-flow wp-block-column-is-layout-flow\">\n<figure class=\"wp-block-image size-full is-resized\"><img decoding=\"async\" width=\"800\" height=\"800\" src=\"https:\/\/www.yongyukitchenware.com\/wp-content\/uploads\/2025\/09\/Custom-Stainless-Steel-Rectangular-Silver-Dinner-Plate5.webp\" alt=\"Assiette plate rectangulaire argent\u00e9e en acier inoxydable personnalis\u00e9e5\" class=\"wp-image-4858\" style=\"width:384px;height:auto\" srcset=\"https:\/\/www.yongyukitchenware.com\/wp-content\/uploads\/2025\/09\/Custom-Stainless-Steel-Rectangular-Silver-Dinner-Plate5.webp 800w, https:\/\/www.yongyukitchenware.com\/wp-content\/uploads\/2025\/09\/Custom-Stainless-Steel-Rectangular-Silver-Dinner-Plate5-300x300.webp 300w, https:\/\/www.yongyukitchenware.com\/wp-content\/uploads\/2025\/09\/Custom-Stainless-Steel-Rectangular-Silver-Dinner-Plate5-150x150.webp 150w, https:\/\/www.yongyukitchenware.com\/wp-content\/uploads\/2025\/09\/Custom-Stainless-Steel-Rectangular-Silver-Dinner-Plate5-768x768.webp 768w, https:\/\/www.yongyukitchenware.com\/wp-content\/uploads\/2025\/09\/Custom-Stainless-Steel-Rectangular-Silver-Dinner-Plate5-12x12.webp 12w, https:\/\/www.yongyukitchenware.com\/wp-content\/uploads\/2025\/09\/Custom-Stainless-Steel-Rectangular-Silver-Dinner-Plate5-600x600.webp 600w, https:\/\/www.yongyukitchenware.com\/wp-content\/uploads\/2025\/09\/Custom-Stainless-Steel-Rectangular-Silver-Dinner-Plate5-100x100.webp 100w\" sizes=\"(max-width: 800px) 100vw, 800px\" \/><\/figure>\n\n\n\n<figure class=\"wp-block-image size-full is-resized\"><img decoding=\"async\" width=\"800\" height=\"800\" src=\"https:\/\/www.yongyukitchenware.com\/wp-content\/uploads\/2025\/09\/Custom-Stainless-Steel-Rectangular-Silver-Dinner-Plate6.webp\" alt=\"Assiette plate rectangulaire argent\u00e9e en acier inoxydable personnalis\u00e9e6\" class=\"wp-image-4859\" style=\"width:384px\" srcset=\"https:\/\/www.yongyukitchenware.com\/wp-content\/uploads\/2025\/09\/Custom-Stainless-Steel-Rectangular-Silver-Dinner-Plate6.webp 800w, https:\/\/www.yongyukitchenware.com\/wp-content\/uploads\/2025\/09\/Custom-Stainless-Steel-Rectangular-Silver-Dinner-Plate6-300x300.webp 300w, https:\/\/www.yongyukitchenware.com\/wp-content\/uploads\/2025\/09\/Custom-Stainless-Steel-Rectangular-Silver-Dinner-Plate6-150x150.webp 150w, https:\/\/www.yongyukitchenware.com\/wp-content\/uploads\/2025\/09\/Custom-Stainless-Steel-Rectangular-Silver-Dinner-Plate6-768x768.webp 768w, https:\/\/www.yongyukitchenware.com\/wp-content\/uploads\/2025\/09\/Custom-Stainless-Steel-Rectangular-Silver-Dinner-Plate6-12x12.webp 12w, https:\/\/www.yongyukitchenware.com\/wp-content\/uploads\/2025\/09\/Custom-Stainless-Steel-Rectangular-Silver-Dinner-Plate6-600x600.webp 600w, https:\/\/www.yongyukitchenware.com\/wp-content\/uploads\/2025\/09\/Custom-Stainless-Steel-Rectangular-Silver-Dinner-Plate6-100x100.webp 100w\" sizes=\"(max-width: 800px) 100vw, 800px\" \/><\/figure>\n<\/div>\n<\/div>","protected":false},"excerpt":{"rendered":"<div class=\"n4sEPd\">\n<div class=\"UdTY9 qhIQqf leDWne\" aria-hidden=\"true\" data-location=\"1\">Plaque carr\u00e9e en acier inoxydable fabriqu\u00e9e en gros \u00e0 partir d'acier inoxydable de premi\u00e8re qualit\u00e9 avec des finitions dor\u00e9es et argent\u00e9es pour la durabilit\u00e9 et l'\u00e9l\u00e9gance. Parfaites pour les restaurants, les h\u00f4tels et les \u00e9v\u00e9nements de restauration. Commandez en gros pour am\u00e9liorer la pr\u00e9sentation de vos plats avec style et qualit\u00e9.<\/div>\n<\/div>\n<h2 style=\"text-align: left;\">Assiette plate rectangulaire en acier inoxydable :<\/h2>\n<p style=\"text-align: left;\"><strong>Mat\u00e9riau :<\/strong> Acier inoxydable<br \/><strong>Longueur :<\/strong>19,2\/25,2\/32cm<br \/><strong>Forme :<\/strong> Forme octogonale<br \/><strong>Emballage :<\/strong> Sac OPP et carton<br \/><strong>OEM\/ODM :<\/strong> Disponible<\/p>\n<h2 style=\"text-align: left;\">Assiette plate rectangulaire en acier inoxydable fabriqu\u00e9e sur mesure :<\/h2>\n<p>Qu'il s'agisse d'un prestataire de services de restauration, d'un h\u00f4tel ou d'un restaurant, ou encore d'une soci\u00e9t\u00e9 d'organisation d'\u00e9v\u00e9nements, nous vous proposons des solutions compl\u00e8tes de vente en gros de fournitures de restauration \u00e0 des prix d'usine de haute qualit\u00e9 !<\/p>","protected":false},"featured_media":4854,"comment_status":"closed","ping_status":"closed","template":"","meta":{"_acf_changed":true},"application":[29],"product_brand":[],"product_cat":[21,46],"product_tag":[],"class_list":{"0":"post-4477","1":"product","2":"type-product","3":"status-publish","4":"has-post-thumbnail","6":"application-home-kitchen","7":"product_cat-tableware-wholesale","8":"product_cat-stainless-steel-dinner-plates-wholesale","10":"first","11":"instock","12":"shipping-taxable","13":"product-type-simple"},"acf":[],"_links":{"self":[{"href":"https:\/\/www.yongyukitchenware.com\/fr\/wp-json\/wp\/v2\/product\/4477","targetHints":{"allow":["GET"]}}],"collection":[{"href":"https:\/\/www.yongyukitchenware.com\/fr\/wp-json\/wp\/v2\/product"}],"about":[{"href":"https:\/\/www.yongyukitchenware.com\/fr\/wp-json\/wp\/v2\/types\/product"}],"replies":[{"embeddable":true,"href":"https:\/\/www.yongyukitchenware.com\/fr\/wp-json\/wp\/v2\/comments?post=4477"}],"wp:featuredmedia":[{"embeddable":true,"href":"https:\/\/www.yongyukitchenware.com\/fr\/wp-json\/wp\/v2\/media\/4854"}],"wp:attachment":[{"href":"https:\/\/www.yongyukitchenware.com\/fr\/wp-json\/wp\/v2\/media?parent=4477"}],"wp:term":[{"taxonomy":"application","embeddable":true,"href":"https:\/\/www.yongyukitchenware.com\/fr\/wp-json\/wp\/v2\/application?post=4477"},{"taxonomy":"product_brand","embeddable":true,"href":"https:\/\/www.yongyukitchenware.com\/fr\/wp-json\/wp\/v2\/product_brand?post=4477"},{"taxonomy":"product_cat","embeddable":true,"href":"https:\/\/www.yongyukitchenware.com\/fr\/wp-json\/wp\/v2\/product_cat?post=4477"},{"taxonomy":"product_tag","embeddable":true,"href":"https:\/\/www.yongyukitchenware.com\/fr\/wp-json\/wp\/v2\/product_tag?post=4477"}],"curies":[{"name":"wp","href":"https:\/\/api.w.org\/{rel}","templated":true}]}}