{"id":4479,"date":"2025-07-23T03:53:37","date_gmt":"2025-07-23T03:53:37","guid":{"rendered":"https:\/\/www.yongyukitchenware.com\/?post_type=product&#038;p=4479"},"modified":"2025-07-23T03:53:39","modified_gmt":"2025-07-23T03:53:39","slug":"wholesale-korean-rice-soup-bowl-with-lid-stainless-steel-salad-bowl-gold","status":"publish","type":"product","link":"https:\/\/www.yongyukitchenware.com\/fr\/produit\/wholesale-korean-rice-soup-bowl-with-lid-stainless-steel-salad-bowl-gold\/","title":{"rendered":"Wholesale Korean Rice Soup Bowl with Lid Stainless Steel Salad Bowl-Gold (Bol \u00e0 salade en acier inoxydable avec couvercle)"},"content":{"rendered":"<div class=\"wp-block-columns is-layout-flex wp-container-core-columns-is-layout-9d6595d7 wp-block-columns-is-layout-flex\">\n<div class=\"wp-block-column is-layout-flow wp-block-column-is-layout-flow\">\n<div class=\"wp-block-columns is-layout-flex wp-container-core-columns-is-layout-9d6595d7 wp-block-columns-is-layout-flex\">\n<div class=\"wp-block-column is-layout-flow wp-block-column-is-layout-flow\">\n<h2 class=\"wp-block-heading\">Wholesale Korean Rice Soup Bowl with Lid Features :<\/h2>\n\n\n\n<p><strong>Acier inoxydable 304 de qualit\u00e9 alimentaire : <\/strong>Fabriqu\u00e9 en acier inoxydable 304 de haute qualit\u00e9, il est r\u00e9sistant \u00e0 la corrosion et \u00e0 l'oxydation, ce qui garantit la tranquillit\u00e9 d'esprit et la sant\u00e9 m\u00eame apr\u00e8s une utilisation prolong\u00e9e.<br><strong>Couvercle pratique : <\/strong>\u00c9quip\u00e9 d'un couvercle \u00e9tanche, il permet d'\u00e9viter la poussi\u00e8re et de conserver la chaleur, pr\u00e9servant ainsi la saveur originale des aliments. Il convient aussi bien \u00e0 la maison qu'aux plats \u00e0 emporter.<br><strong>Cinq tailles sont disponibles :<\/strong> couvrant tout, des aliments compl\u00e9mentaires pour b\u00e9b\u00e9s aux aliments de base pour adultes, avec des capacit\u00e9s multiples pour r\u00e9pondre \u00e0 diff\u00e9rents sc\u00e9narios de repas.<br><strong>Disponible en deux couleurs, style cor\u00e9en simple : <\/strong>En acier inoxydable dans sa couleur naturelle et en or \u00e9l\u00e9gant, il s'harmonise avec tous les styles de tables \u00e0 manger et am\u00e9liore la qualit\u00e9 de vie.<br><strong>Moulage en une seule pi\u00e8ce, facile \u00e0 nettoyer : <\/strong>Paroi int\u00e9rieure lisse, connexion sans soudure, pas d'accumulation de salet\u00e9, facile \u00e0 nettoyer, ce qui permet d'\u00e9conomiser du temps, des efforts et des soucis.<\/p>\n\n\n\n<figure class=\"wp-block-table\"><table class=\"has-fixed-layout\"><tbody><tr><td>Mod\u00e8le<\/td><td>Taille (Longueur * Largeur)<\/td><td>Poids<\/td><td>MOQ<\/td><\/tr><tr><td rowspan=\"5\">DY032-W<\/td><td>8.5cm<\/td><td>100g<\/td><td>240PCS<\/td><\/tr><tr><td>10cm<\/td><td>135g<\/td><td>180PCS<\/td><\/tr><tr><td>12cm<\/td><td>215g<\/td><td>160PCS<\/td><\/tr><tr><td>13.5cm<\/td><td>250g<\/td><td>80PCS<\/td><\/tr><tr><td>15cm<\/td><td>318g<\/td><td>80PCS<\/td><\/tr><\/tbody><\/table><\/figure>\n<\/div>\n\n\n\n<div class=\"wp-block-column is-layout-flow wp-block-column-is-layout-flow\">\n<div class=\"wp-block-columns is-layout-flex wp-container-core-columns-is-layout-9d6595d7 wp-block-columns-is-layout-flex\">\n<div class=\"wp-block-column is-layout-flow wp-block-column-is-layout-flow\">\n<div class=\"wp-block-columns is-layout-flex wp-container-core-columns-is-layout-9d6595d7 wp-block-columns-is-layout-flex\">\n<div class=\"wp-block-column is-layout-flow wp-block-column-is-layout-flow\">\n<div class=\"wp-block-columns is-layout-flex wp-container-core-columns-is-layout-9d6595d7 wp-block-columns-is-layout-flex\">\n<div class=\"wp-block-column is-layout-flow wp-block-column-is-layout-flow\">\n<figure class=\"wp-block-image size-full is-resized\"><img decoding=\"async\" width=\"800\" height=\"800\" src=\"https:\/\/www.yongyukitchenware.com\/wp-content\/uploads\/2025\/07\/Wholesale-Korean-Rice-Soup-Bowl-with-Lid-6.webp\" alt=\"Bol \u00e0 soupe cor\u00e9en \u00e0 base de riz avec couvercle-6\" class=\"wp-image-4485\" style=\"width:459px;height:auto\" srcset=\"https:\/\/www.yongyukitchenware.com\/wp-content\/uploads\/2025\/07\/Wholesale-Korean-Rice-Soup-Bowl-with-Lid-6.webp 800w, https:\/\/www.yongyukitchenware.com\/wp-content\/uploads\/2025\/07\/Wholesale-Korean-Rice-Soup-Bowl-with-Lid-6-300x300.webp 300w, https:\/\/www.yongyukitchenware.com\/wp-content\/uploads\/2025\/07\/Wholesale-Korean-Rice-Soup-Bowl-with-Lid-6-150x150.webp 150w, https:\/\/www.yongyukitchenware.com\/wp-content\/uploads\/2025\/07\/Wholesale-Korean-Rice-Soup-Bowl-with-Lid-6-768x768.webp 768w, https:\/\/www.yongyukitchenware.com\/wp-content\/uploads\/2025\/07\/Wholesale-Korean-Rice-Soup-Bowl-with-Lid-6-12x12.webp 12w, https:\/\/www.yongyukitchenware.com\/wp-content\/uploads\/2025\/07\/Wholesale-Korean-Rice-Soup-Bowl-with-Lid-6-600x600.webp 600w, https:\/\/www.yongyukitchenware.com\/wp-content\/uploads\/2025\/07\/Wholesale-Korean-Rice-Soup-Bowl-with-Lid-6-100x100.webp 100w\" sizes=\"(max-width: 800px) 100vw, 800px\" \/><\/figure>\n<\/div>\n<\/div>\n<\/div>\n<\/div>\n\n\n\n<div class=\"wp-block-columns is-layout-flex wp-container-core-columns-is-layout-9d6595d7 wp-block-columns-is-layout-flex\">\n<div class=\"wp-block-column is-layout-flow wp-block-column-is-layout-flow\">\n<div class=\"wp-block-columns is-layout-flex wp-container-core-columns-is-layout-9d6595d7 wp-block-columns-is-layout-flex\">\n<div class=\"wp-block-column is-layout-flow wp-block-column-is-layout-flow\"><\/div>\n<\/div>\n<\/div>\n<\/div>\n<\/div>\n<\/div>\n<\/div>\n<\/div>\n<\/div>\n<\/div>\n\n\n\n<p><\/p>","protected":false},"excerpt":{"rendered":"<p>Le bol \u00e0 riz cor\u00e9en en gros avec couvercle est fabriqu\u00e9 en acier inoxydable durable avec une \u00e9l\u00e9gante finition dor\u00e9e. Id\u00e9al pour servir du riz, de la soupe ou des salades, il conserve bien la chaleur et comprend un couvercle assorti pour plus de commodit\u00e9. Parfait pour les restaurants, les buffets et les traiteurs. \u00a0 \u00a0 \u00a0 \u00a0 \u00a0 \u00a0 \u00a0<\/p>\n<h2>Grossiste Bol \u00e0 soupe de riz cor\u00e9en avec couvercle Attributs :<\/h2>\n<p><strong>Mat\u00e9riau :<\/strong> Acier inoxydable<br \/><strong>Couleur :<\/strong> Or\/Argent<br \/><strong>Diff\u00e9rentes tailles :<\/strong> 8.5cm,10cm,12cm,13.5cm,15cm<br \/><strong>Emballage :<\/strong> Sac d'opposition et bo\u00eete en carton<br \/><strong>OEM\/ODM :<\/strong> Disponible<\/p>\n<h2><!-- \/wp:heading --><\/p>\n<p><!-- wp:paragraph --><\/h2>\n<h2 class=\"wp-block-heading\">Du grossiste en arts de la table Yongyu :<\/h2>\n<p class=\"wp-block-heading\">Yongyu Tableware Wholesaler peut r\u00e9pondre aux besoins des clients en vrac et fournir une s\u00e9rie de fournitures de restauration en gros de haute qualit\u00e9 qui combine l'\u00e9l\u00e9gance et la durabilit\u00e9. Y compris la vaisselle, les boissons, le mat\u00e9riel de restauration, les ustensiles de cuisine, les \u00e9l\u00e9ments essentiels de la cuisine de camping, etc.<\/p>\n<h2><!-- \/wp:paragraph --><\/h2>","protected":false},"featured_media":4480,"comment_status":"closed","ping_status":"closed","template":"","meta":{"_acf_changed":false},"application":[30],"product_brand":[],"product_cat":[21,47],"product_tag":[],"class_list":{"0":"post-4479","1":"product","2":"type-product","3":"status-publish","4":"has-post-thumbnail","6":"application-hotel-catering","7":"product_cat-tableware-wholesale","8":"product_cat-stainless-steel-bowls-wholesale","10":"first","11":"instock","12":"shipping-taxable","13":"product-type-simple"},"acf":[],"_links":{"self":[{"href":"https:\/\/www.yongyukitchenware.com\/fr\/wp-json\/wp\/v2\/product\/4479","targetHints":{"allow":["GET"]}}],"collection":[{"href":"https:\/\/www.yongyukitchenware.com\/fr\/wp-json\/wp\/v2\/product"}],"about":[{"href":"https:\/\/www.yongyukitchenware.com\/fr\/wp-json\/wp\/v2\/types\/product"}],"replies":[{"embeddable":true,"href":"https:\/\/www.yongyukitchenware.com\/fr\/wp-json\/wp\/v2\/comments?post=4479"}],"wp:featuredmedia":[{"embeddable":true,"href":"https:\/\/www.yongyukitchenware.com\/fr\/wp-json\/wp\/v2\/media\/4480"}],"wp:attachment":[{"href":"https:\/\/www.yongyukitchenware.com\/fr\/wp-json\/wp\/v2\/media?parent=4479"}],"wp:term":[{"taxonomy":"application","embeddable":true,"href":"https:\/\/www.yongyukitchenware.com\/fr\/wp-json\/wp\/v2\/application?post=4479"},{"taxonomy":"product_brand","embeddable":true,"href":"https:\/\/www.yongyukitchenware.com\/fr\/wp-json\/wp\/v2\/product_brand?post=4479"},{"taxonomy":"product_cat","embeddable":true,"href":"https:\/\/www.yongyukitchenware.com\/fr\/wp-json\/wp\/v2\/product_cat?post=4479"},{"taxonomy":"product_tag","embeddable":true,"href":"https:\/\/www.yongyukitchenware.com\/fr\/wp-json\/wp\/v2\/product_tag?post=4479"}],"curies":[{"name":"wp","href":"https:\/\/api.w.org\/{rel}","templated":true}]}}