{"id":4489,"date":"2025-07-23T04:05:05","date_gmt":"2025-07-23T04:05:05","guid":{"rendered":"https:\/\/www.yongyukitchenware.com\/?post_type=product&#038;p=4489"},"modified":"2025-07-23T04:05:06","modified_gmt":"2025-07-23T04:05:06","slug":"bulk-korean-rice-soup-bowl-with-lid-stainless-steel-salad-bowl-silver","status":"publish","type":"product","link":"https:\/\/www.yongyukitchenware.com\/fr\/produit\/bulk-korean-rice-soup-bowl-with-lid-stainless-steel-salad-bowl-silver\/","title":{"rendered":"Bulk Korean Rice Soup Bowl with Lid Stainless Steel Salad Bowl-Silver (bol \u00e0 salade en acier inoxydable avec couvercle)"},"content":{"rendered":"<div class=\"wp-block-columns is-layout-flex wp-container-core-columns-is-layout-9d6595d7 wp-block-columns-is-layout-flex\">\n<div class=\"wp-block-column is-layout-flow wp-block-column-is-layout-flow\">\n<div class=\"wp-block-columns is-layout-flex wp-container-core-columns-is-layout-9d6595d7 wp-block-columns-is-layout-flex\">\n<div class=\"wp-block-column is-layout-flow wp-block-column-is-layout-flow\">\n<h2 class=\"wp-block-heading\">Bulk Korean Rice Soup Bowl with Lid (bol \u00e0 soupe de riz cor\u00e9en en vrac avec couvercle) Caract\u00e9ristiques :<\/h2>\n\n\n\n<p>Acier inoxydable 304 de qualit\u00e9 alimentaire : Fabriqu\u00e9 en acier inoxydable 304 de haute qualit\u00e9, cet article est anti-corrosion et anti-oxydation, ce qui lui conf\u00e8re confort et sant\u00e9, m\u00eame en cas d'utilisation prolong\u00e9e.<br><strong>Couvercle fonctionnel : <\/strong>Gr\u00e2ce \u00e0 son couvercle herm\u00e9tique, il permet d'\u00e9liminer la poussi\u00e8re et de maintenir la chaleur \u00e0 l'int\u00e9rieur, pr\u00e9servant ainsi la saveur originale des aliments. Il convient aussi bien \u00e0 la maison qu'aux plats \u00e0 emporter.<br><strong>Il existe cinq tailles :<\/strong> de l'aliment compl\u00e9mentaire pour b\u00e9b\u00e9 \u00e0 l'aliment de base pour adulte, avec plus d'une capacit\u00e9 pour s'adapter aux diff\u00e9rentes occasions de repas.<br><strong>Disponible en deux couleurs, design cor\u00e9en pur : <\/strong>La couleur de l'acier inoxydable, telle quelle, et l'\u00e9l\u00e9gance de l'or, s'accordent avec n'importe quel design de table pour le d\u00eener et ajoutent \u00e0 la qualit\u00e9 de vie.<br><strong>Moulage d'une seule pi\u00e8ce facile \u00e0 nettoyer : <\/strong>Raccordement lisse de la paroi int\u00e9rieure sans coutures, pas d'accumulation de salet\u00e9s, facile \u00e0 nettoyer, gain de temps, \u00e9conomie d'efforts, absence de soucis.<\/p>\n\n\n\n<figure class=\"wp-block-table\"><table class=\"has-fixed-layout\"><tbody><tr><td>Mod\u00e8le<\/td><td>Taille (Longueur * Largeur)<\/td><td>Poids<\/td><td>MOQ<\/td><\/tr><tr><td rowspan=\"5\">DY032-W<\/td><td>8.5cm<\/td><td>100g<\/td><td>240PCS<\/td><\/tr><tr><td>10cm<\/td><td>135g<\/td><td>180PCS<\/td><\/tr><tr><td>12cm<\/td><td>215g<\/td><td>160PCS<\/td><\/tr><tr><td>13.5cm<\/td><td>250g<\/td><td>80PCS<\/td><\/tr><tr><td>15cm<\/td><td>318g<\/td><td>80PCS<\/td><\/tr><\/tbody><\/table><\/figure>\n<\/div>\n\n\n\n<div class=\"wp-block-column is-layout-flow wp-block-column-is-layout-flow\">\n<div class=\"wp-block-columns is-layout-flex wp-container-core-columns-is-layout-9d6595d7 wp-block-columns-is-layout-flex\">\n<div class=\"wp-block-column is-layout-flow wp-block-column-is-layout-flow\">\n<div class=\"wp-block-columns is-layout-flex wp-container-core-columns-is-layout-9d6595d7 wp-block-columns-is-layout-flex\">\n<div class=\"wp-block-column is-layout-flow wp-block-column-is-layout-flow\">\n<div class=\"wp-block-columns is-layout-flex wp-container-core-columns-is-layout-9d6595d7 wp-block-columns-is-layout-flex\">\n<div class=\"wp-block-column is-layout-flow wp-block-column-is-layout-flow\">\n<figure class=\"wp-block-image size-full is-resized\"><img decoding=\"async\" width=\"800\" height=\"800\" src=\"https:\/\/www.yongyukitchenware.com\/wp-content\/uploads\/2025\/07\/Wholesale-Korean-Rice-Soup-Bowl-with-Lid-6.webp\" alt=\"bulk-Bowl-soupe-de-riz-cor\u00e9en-avec-couvercle-6\" class=\"wp-image-4485\" style=\"width:459px;height:auto\" srcset=\"https:\/\/www.yongyukitchenware.com\/wp-content\/uploads\/2025\/07\/Wholesale-Korean-Rice-Soup-Bowl-with-Lid-6.webp 800w, https:\/\/www.yongyukitchenware.com\/wp-content\/uploads\/2025\/07\/Wholesale-Korean-Rice-Soup-Bowl-with-Lid-6-300x300.webp 300w, https:\/\/www.yongyukitchenware.com\/wp-content\/uploads\/2025\/07\/Wholesale-Korean-Rice-Soup-Bowl-with-Lid-6-150x150.webp 150w, https:\/\/www.yongyukitchenware.com\/wp-content\/uploads\/2025\/07\/Wholesale-Korean-Rice-Soup-Bowl-with-Lid-6-768x768.webp 768w, https:\/\/www.yongyukitchenware.com\/wp-content\/uploads\/2025\/07\/Wholesale-Korean-Rice-Soup-Bowl-with-Lid-6-12x12.webp 12w, https:\/\/www.yongyukitchenware.com\/wp-content\/uploads\/2025\/07\/Wholesale-Korean-Rice-Soup-Bowl-with-Lid-6-600x600.webp 600w, https:\/\/www.yongyukitchenware.com\/wp-content\/uploads\/2025\/07\/Wholesale-Korean-Rice-Soup-Bowl-with-Lid-6-100x100.webp 100w\" sizes=\"(max-width: 800px) 100vw, 800px\" \/><\/figure>\n<\/div>\n<\/div>\n<\/div>\n<\/div>\n\n\n\n<div class=\"wp-block-columns is-layout-flex wp-container-core-columns-is-layout-9d6595d7 wp-block-columns-is-layout-flex\">\n<div class=\"wp-block-column is-layout-flow wp-block-column-is-layout-flow\">\n<div class=\"wp-block-columns is-layout-flex wp-container-core-columns-is-layout-9d6595d7 wp-block-columns-is-layout-flex\">\n<div class=\"wp-block-column is-layout-flow wp-block-column-is-layout-flow\"><\/div>\n<\/div>\n<\/div>\n<\/div>\n<\/div>\n<\/div>\n<\/div>\n<\/div>\n<\/div>\n<\/div>\n\n\n\n<p><\/p>","protected":false},"excerpt":{"rendered":"<p>Le bol \u00e0 riz cor\u00e9en en vrac avec couvercle est fabriqu\u00e9 en acier inoxydable de haute qualit\u00e9 avec une finition argent\u00e9e \u00e9l\u00e9gante. Con\u00e7u pour conserver la chaleur et r\u00e9sister \u00e0 la corrosion, il est parfait pour servir du riz, de la soupe ou des salades dans les restaurants, les h\u00f4tels ou les \u00e9v\u00e9nements de restauration. Il est livr\u00e9 avec un couvercle ajust\u00e9 pour plus de commodit\u00e9. \u00a0 \u00a0 \u00a0 \u00a0 \u00a0 \u00a0 \u00a0 \u00a0 \u00a0 \u00a0 \u00a0 \u00a0<\/p>\n<h2>Bulk Korean Rice Soup Bowl with Lid Attributes (bol \u00e0 soupe de riz cor\u00e9en en vrac avec couvercle) :<\/h2>\n<p><strong>Mat\u00e9riau :<\/strong> Acier inoxydable<br \/><strong>Couleur :<\/strong> Or\/Argent<br \/><strong>Diff\u00e9rentes tailles :<\/strong> 8.5cm,10cm,12cm,13.5cm,15cm<br \/><strong>Emballage :<\/strong> Sac d'opposition et bo\u00eete en carton<br \/><strong>OEM\/ODM :<\/strong> Disponible<\/p>\n<h2><!-- \/wp:heading --><\/p>\n<p><!-- wp:paragraph --><\/h2>\n<h2 class=\"wp-block-heading\">Du grossiste en arts de la table Yongyu :<\/h2>\n<p class=\"wp-block-heading\">Yongyu Tableware Wholesaler peut r\u00e9pondre aux besoins des clients en vrac et fournir une s\u00e9rie de fournitures de restauration en gros de haute qualit\u00e9 qui combine l'\u00e9l\u00e9gance et la durabilit\u00e9. Y compris la vaisselle, les boissons, le mat\u00e9riel de restauration, les ustensiles de cuisine, les \u00e9l\u00e9ments essentiels de la cuisine de camping, etc.<\/p>\n<h2><!-- \/wp:paragraph --><\/h2>","protected":false},"featured_media":4488,"comment_status":"closed","ping_status":"closed","template":"","meta":{"_acf_changed":false},"application":[30],"product_brand":[],"product_cat":[21,47],"product_tag":[],"class_list":{"0":"post-4489","1":"product","2":"type-product","3":"status-publish","4":"has-post-thumbnail","6":"application-hotel-catering","7":"product_cat-tableware-wholesale","8":"product_cat-stainless-steel-bowls-wholesale","10":"first","11":"instock","12":"shipping-taxable","13":"product-type-simple"},"acf":[],"_links":{"self":[{"href":"https:\/\/www.yongyukitchenware.com\/fr\/wp-json\/wp\/v2\/product\/4489","targetHints":{"allow":["GET"]}}],"collection":[{"href":"https:\/\/www.yongyukitchenware.com\/fr\/wp-json\/wp\/v2\/product"}],"about":[{"href":"https:\/\/www.yongyukitchenware.com\/fr\/wp-json\/wp\/v2\/types\/product"}],"replies":[{"embeddable":true,"href":"https:\/\/www.yongyukitchenware.com\/fr\/wp-json\/wp\/v2\/comments?post=4489"}],"wp:featuredmedia":[{"embeddable":true,"href":"https:\/\/www.yongyukitchenware.com\/fr\/wp-json\/wp\/v2\/media\/4488"}],"wp:attachment":[{"href":"https:\/\/www.yongyukitchenware.com\/fr\/wp-json\/wp\/v2\/media?parent=4489"}],"wp:term":[{"taxonomy":"application","embeddable":true,"href":"https:\/\/www.yongyukitchenware.com\/fr\/wp-json\/wp\/v2\/application?post=4489"},{"taxonomy":"product_brand","embeddable":true,"href":"https:\/\/www.yongyukitchenware.com\/fr\/wp-json\/wp\/v2\/product_brand?post=4489"},{"taxonomy":"product_cat","embeddable":true,"href":"https:\/\/www.yongyukitchenware.com\/fr\/wp-json\/wp\/v2\/product_cat?post=4489"},{"taxonomy":"product_tag","embeddable":true,"href":"https:\/\/www.yongyukitchenware.com\/fr\/wp-json\/wp\/v2\/product_tag?post=4489"}],"curies":[{"name":"wp","href":"https:\/\/api.w.org\/{rel}","templated":true}]}}