{"id":4490,"date":"2025-07-23T03:36:28","date_gmt":"2025-07-23T03:36:28","guid":{"rendered":"https:\/\/www.yongyukitchenware.com\/?post_type=product&#038;p=4490"},"modified":"2025-07-23T03:36:30","modified_gmt":"2025-07-23T03:36:30","slug":"bulk-five-layer-steel-wok","status":"publish","type":"product","link":"https:\/\/www.yongyukitchenware.com\/fr\/produit\/bulk-five-layer-steel-wok\/","title":{"rendered":"Wok en acier \u00e0 cinq couches non rev\u00eatu pour toutes les sources de chaleur"},"content":{"rendered":"<div class=\"wp-block-columns is-layout-flex wp-container-core-columns-is-layout-9d6595d7 wp-block-columns-is-layout-flex\">\n<div class=\"wp-block-column is-layout-flow wp-block-column-is-layout-flow\">\n<h2 class=\"wp-block-heading\">Wok en acier \u00e0 cinq couches en vrac Caract\u00e9ristiques :<\/h2>\n\n\n\n<p><strong>Structure en acier composite \u00e0 cinq couches :<\/strong> La structure composite m\u00e9tallique haut de gamme \u00e0 cinq couches (acier inoxydable 430 + aluminium + acier inoxydable 304) est enti\u00e8rement moul\u00e9e sous pression, ce qui permet une conduction rapide et uniforme de la chaleur. Elle permet de contr\u00f4ler pr\u00e9cis\u00e9ment la temp\u00e9rature sans flamme ouverte, ce qui \u00e9vite de br\u00fbler localement les ingr\u00e9dients alimentaires.<br><\/p>\n\n\n\n<p><strong>Mod\u00e8le non couch\u00e9 :<\/strong> Utilisant le principe de l'anti-adh\u00e9rence physique, il est sain et exempt de rev\u00eatements chimiques, r\u00e9sistant \u00e0 l'oxydation \u00e0 haute temp\u00e9rature. Il produit moins de fum\u00e9es de cuisson et est plus rassurant. Il convient \u00e0 la cuisine quotidienne et \u00e0 la cuisson rapide \u00e0 haute temp\u00e9rature.<br><\/p>\n\n\n\n<p><strong>Finition int\u00e9rieure et ext\u00e9rieure bross\u00e9e : <\/strong>La surface du corps de la casserole est trait\u00e9e avec une fine finition bross\u00e9e, offrant un toucher lisse, moins sujet aux taches, plus facile \u00e0 nettoyer, et pr\u00e9sentant en m\u00eame temps une texture esth\u00e9tique de cuisine moderne.<br><\/p>\n\n\n\n<p><strong>Moulage sous pression en une seule pi\u00e8ce : <\/strong>Le corps du pot n'a pas d'\u00e9pissure ni de couche interm\u00e9diaire et est form\u00e9 par moulage sous pression \u00e0 haute r\u00e9sistance dans son ensemble. Il pr\u00e9sente une forte r\u00e9sistance aux chocs, ne se d\u00e9forme pas avec le temps et r\u00e9pond aux exigences d'une utilisation quotidienne \u00e0 haute fr\u00e9quence.<br><\/p>\n\n\n\n<p><strong>Compatibilit\u00e9 avec plusieurs cuisini\u00e8res : <\/strong>Compatible avec diff\u00e9rentes m\u00e9thodes de chauffage, telles que les cuisini\u00e8res \u00e0 gaz, les cuisini\u00e8res \u00e0 induction et les cuisini\u00e8res \u00e9lectriques en c\u00e9ramique, il convient aussi bien aux cuisines domestiques qu'aux cuisines professionnelles, ce qui permet d'utiliser une seule et m\u00eame casserole \u00e0 de multiples fins.<\/p>\n<\/div>\n\n\n\n<div class=\"wp-block-column is-layout-flow wp-block-column-is-layout-flow\">\n<div class=\"wp-block-columns is-layout-flex wp-container-core-columns-is-layout-9d6595d7 wp-block-columns-is-layout-flex\">\n<div class=\"wp-block-column is-layout-flow wp-block-column-is-layout-flow\">\n<figure class=\"wp-block-image size-full\"><img decoding=\"async\" width=\"800\" height=\"800\" src=\"https:\/\/www.yongyukitchenware.com\/wp-content\/uploads\/2025\/07\/Bulk-Five-Layer-Steel-Wok-3.webp\" alt=\"Bulk-Five-Layer-Steel-Wok-3\" class=\"wp-image-4493\" srcset=\"https:\/\/www.yongyukitchenware.com\/wp-content\/uploads\/2025\/07\/Bulk-Five-Layer-Steel-Wok-3.webp 800w, https:\/\/www.yongyukitchenware.com\/wp-content\/uploads\/2025\/07\/Bulk-Five-Layer-Steel-Wok-3-300x300.webp 300w, https:\/\/www.yongyukitchenware.com\/wp-content\/uploads\/2025\/07\/Bulk-Five-Layer-Steel-Wok-3-150x150.webp 150w, https:\/\/www.yongyukitchenware.com\/wp-content\/uploads\/2025\/07\/Bulk-Five-Layer-Steel-Wok-3-768x768.webp 768w, https:\/\/www.yongyukitchenware.com\/wp-content\/uploads\/2025\/07\/Bulk-Five-Layer-Steel-Wok-3-12x12.webp 12w, https:\/\/www.yongyukitchenware.com\/wp-content\/uploads\/2025\/07\/Bulk-Five-Layer-Steel-Wok-3-600x600.webp 600w, https:\/\/www.yongyukitchenware.com\/wp-content\/uploads\/2025\/07\/Bulk-Five-Layer-Steel-Wok-3-100x100.webp 100w\" sizes=\"(max-width: 800px) 100vw, 800px\" \/><\/figure>\n\n\n\n<figure class=\"wp-block-image size-full\"><img decoding=\"async\" width=\"800\" height=\"800\" src=\"https:\/\/www.yongyukitchenware.com\/wp-content\/uploads\/2025\/07\/Bulk-Five-Layer-Steel-Wok-2.webp\" alt=\"Bulk-Five-Layer-Steel-Wok-2\" class=\"wp-image-4492\" srcset=\"https:\/\/www.yongyukitchenware.com\/wp-content\/uploads\/2025\/07\/Bulk-Five-Layer-Steel-Wok-2.webp 800w, https:\/\/www.yongyukitchenware.com\/wp-content\/uploads\/2025\/07\/Bulk-Five-Layer-Steel-Wok-2-300x300.webp 300w, https:\/\/www.yongyukitchenware.com\/wp-content\/uploads\/2025\/07\/Bulk-Five-Layer-Steel-Wok-2-150x150.webp 150w, https:\/\/www.yongyukitchenware.com\/wp-content\/uploads\/2025\/07\/Bulk-Five-Layer-Steel-Wok-2-768x768.webp 768w, https:\/\/www.yongyukitchenware.com\/wp-content\/uploads\/2025\/07\/Bulk-Five-Layer-Steel-Wok-2-12x12.webp 12w, https:\/\/www.yongyukitchenware.com\/wp-content\/uploads\/2025\/07\/Bulk-Five-Layer-Steel-Wok-2-600x600.webp 600w, https:\/\/www.yongyukitchenware.com\/wp-content\/uploads\/2025\/07\/Bulk-Five-Layer-Steel-Wok-2-100x100.webp 100w\" sizes=\"(max-width: 800px) 100vw, 800px\" \/><\/figure>\n<\/div>\n<\/div>\n<\/div>\n<\/div>\n\n\n\n<p><\/p>","protected":false},"excerpt":{"rendered":"<p>Le wok en acier \u00e0 cinq couches offre une distribution de la chaleur et une durabilit\u00e9 sup\u00e9rieures gr\u00e2ce \u00e0 sa conception sans rev\u00eatement. Compatible avec toutes les sources de chaleur, y compris les cuisini\u00e8res \u00e0 induction, \u00e0 gaz et \u00e9lectriques. Id\u00e9al pour les cuisines professionnelles et la cuisine \u00e0 grand volume.<\/p>\n<h2>Wok en acier \u00e0 cinq couches en vrac Param\u00e8tres :<\/h2>\n<p><strong>Mat\u00e9riau :<\/strong> Acier inoxydable<br \/><strong>Forme int\u00e9rieure :<\/strong> Nid d'abeilles et pas de nid d'abeilles<br \/><strong>Conception de la poign\u00e9e :<\/strong> Poign\u00e9e en acier inoxydable et tirettes renforc\u00e9es par des rivets<br \/><strong>Tailles :<\/strong> 26\/28\/30cm<br \/><strong>OEM\/ODM :<\/strong> Disponible<\/p>\n<h2 class=\"wp-block-heading\">Fabricant d'ustensiles de cuisine Yongyu :<\/h2>\n<p>Yongyu est un fabricant d'ustensiles de cuisine bien connu en Chine, qui propose une large gamme d'ustensiles de cuisine en acier inoxydable de haute qualit\u00e9, notamment des po\u00eales \u00e0 frire, des woks, des marmites, des marmites \u00e0 p\u00e2tes, etc.<\/p>","protected":false},"featured_media":4491,"comment_status":"closed","ping_status":"closed","template":"","meta":{"_acf_changed":false},"application":[29],"product_brand":[],"product_cat":[23,32],"product_tag":[],"class_list":{"0":"post-4490","1":"product","2":"type-product","3":"status-publish","4":"has-post-thumbnail","6":"application-home-kitchen","7":"product_cat-kitchenware-wholesale","8":"product_cat-wholesale-cookware","10":"first","11":"instock","12":"shipping-taxable","13":"product-type-simple"},"acf":[],"_links":{"self":[{"href":"https:\/\/www.yongyukitchenware.com\/fr\/wp-json\/wp\/v2\/product\/4490","targetHints":{"allow":["GET"]}}],"collection":[{"href":"https:\/\/www.yongyukitchenware.com\/fr\/wp-json\/wp\/v2\/product"}],"about":[{"href":"https:\/\/www.yongyukitchenware.com\/fr\/wp-json\/wp\/v2\/types\/product"}],"replies":[{"embeddable":true,"href":"https:\/\/www.yongyukitchenware.com\/fr\/wp-json\/wp\/v2\/comments?post=4490"}],"wp:featuredmedia":[{"embeddable":true,"href":"https:\/\/www.yongyukitchenware.com\/fr\/wp-json\/wp\/v2\/media\/4491"}],"wp:attachment":[{"href":"https:\/\/www.yongyukitchenware.com\/fr\/wp-json\/wp\/v2\/media?parent=4490"}],"wp:term":[{"taxonomy":"application","embeddable":true,"href":"https:\/\/www.yongyukitchenware.com\/fr\/wp-json\/wp\/v2\/application?post=4490"},{"taxonomy":"product_brand","embeddable":true,"href":"https:\/\/www.yongyukitchenware.com\/fr\/wp-json\/wp\/v2\/product_brand?post=4490"},{"taxonomy":"product_cat","embeddable":true,"href":"https:\/\/www.yongyukitchenware.com\/fr\/wp-json\/wp\/v2\/product_cat?post=4490"},{"taxonomy":"product_tag","embeddable":true,"href":"https:\/\/www.yongyukitchenware.com\/fr\/wp-json\/wp\/v2\/product_tag?post=4490"}],"curies":[{"name":"wp","href":"https:\/\/api.w.org\/{rel}","templated":true}]}}