{"id":4499,"date":"2025-07-23T06:52:23","date_gmt":"2025-07-23T06:52:23","guid":{"rendered":"https:\/\/www.yongyukitchenware.com\/?post_type=product&#038;p=4499"},"modified":"2025-07-23T06:52:41","modified_gmt":"2025-07-23T06:52:41","slug":"custom-white-handle-cutlery-set-in-brushed-304-stainless-steel","status":"publish","type":"product","link":"https:\/\/www.yongyukitchenware.com\/fr\/produit\/custom-white-handle-cutlery-set-in-brushed-304-stainless-steel\/","title":{"rendered":"Ensemble de couverts \u00e0 manche blanc en acier inoxydable 304 bross\u00e9"},"content":{"rendered":"<div class=\"wp-block-columns is-layout-flex wp-container-core-columns-is-layout-9d6595d7 wp-block-columns-is-layout-flex\">\n<div class=\"wp-block-column is-layout-flow wp-block-column-is-layout-flow\">\n<h2 class=\"wp-block-heading\">Ensemble de couverts \u00e0 manche blanc personnalis\u00e9 Caract\u00e9ristiques :<\/h2>\n\n\n\n<p><strong>Mat\u00e9riau en acier inoxydable 304 de qualit\u00e9 alimentaire : <\/strong>L'acier inoxydable 304 de haute qualit\u00e9 s\u00e9lectionn\u00e9 est s\u00fbr et non toxique. Il pr\u00e9sente une excellente r\u00e9sistance \u00e0 la corrosion et aux temp\u00e9ratures \u00e9lev\u00e9es. Il n'a pas tendance \u00e0 rouiller ou \u00e0 se d\u00e9former apr\u00e8s une utilisation prolong\u00e9e, ce qui le rend sain, respectueux de l'environnement et plus rassurant.<br><\/p>\n\n\n\n<p><strong>Finition bross\u00e9e : <\/strong>La surface de la vaisselle est trait\u00e9e avec une d\u00e9licate finition bross\u00e9e, pr\u00e9sentant un \u00e9clat m\u00e9tallique mat discret, anti-traces de doigts et difficilement rayable, qui rehausse la texture et la qualit\u00e9 de l'ensemble.<br><\/p>\n\n\n\n<p><strong>Gamme compl\u00e8te de styles : <\/strong>L'ensemble comprend 12 styles et tailles de baguettes, couteaux, fourchettes, cuill\u00e8res, etc., r\u00e9pondant aux besoins de divers sc\u00e9narios tels que l'utilisation quotidienne en famille, les r\u00e9unions et les banquets. Le design est moderne et polyvalent.<br><\/p>\n\n\n\n<p><strong>Couleur de la poign\u00e9e personnalisable :<\/strong> La poign\u00e9e est livr\u00e9e en standard avec un \u00e9l\u00e9gant rev\u00eatement blanc et prend en charge de multiples services de personnalisation des couleurs pour r\u00e9pondre aux besoins des marques ou des styles personnels, cr\u00e9ant ainsi une vaisselle exclusive et personnalis\u00e9e.<br><\/p>\n\n\n\n<p><strong>Poign\u00e9e confortable :<\/strong> Le manche adopte un design ergonomique avec des bords polis lisses et fins, offrant une prise en main confortable sans glisser. Il allie esth\u00e9tique et praticit\u00e9, ce qui en fait un choix id\u00e9al pour un usage personnel ou comme cadeau.<\/p>\n<\/div>\n\n\n\n<div class=\"wp-block-column is-layout-flow wp-block-column-is-layout-flow\">\n<div class=\"wp-block-columns is-layout-flex wp-container-core-columns-is-layout-9d6595d7 wp-block-columns-is-layout-flex\">\n<div class=\"wp-block-column is-layout-flow wp-block-column-is-layout-flow\">\n<figure class=\"wp-block-gallery aligncenter has-nested-images columns-default is-cropped wp-block-gallery-1 is-layout-flex wp-block-gallery-is-layout-flex\">\n<figure class=\"wp-block-image size-full\"><img decoding=\"async\" width=\"800\" height=\"800\" data-id=\"4500\" src=\"https:\/\/www.yongyukitchenware.com\/wp-content\/uploads\/2025\/07\/Custom-White-Handle-Cutlery-Set-2.webp\" alt=\"Set de couverts \u00e0 manche blanc sur mesure-2\" class=\"wp-image-4500\" srcset=\"https:\/\/www.yongyukitchenware.com\/wp-content\/uploads\/2025\/07\/Custom-White-Handle-Cutlery-Set-2.webp 800w, https:\/\/www.yongyukitchenware.com\/wp-content\/uploads\/2025\/07\/Custom-White-Handle-Cutlery-Set-2-300x300.webp 300w, https:\/\/www.yongyukitchenware.com\/wp-content\/uploads\/2025\/07\/Custom-White-Handle-Cutlery-Set-2-150x150.webp 150w, https:\/\/www.yongyukitchenware.com\/wp-content\/uploads\/2025\/07\/Custom-White-Handle-Cutlery-Set-2-768x768.webp 768w, https:\/\/www.yongyukitchenware.com\/wp-content\/uploads\/2025\/07\/Custom-White-Handle-Cutlery-Set-2-12x12.webp 12w, https:\/\/www.yongyukitchenware.com\/wp-content\/uploads\/2025\/07\/Custom-White-Handle-Cutlery-Set-2-600x600.webp 600w, https:\/\/www.yongyukitchenware.com\/wp-content\/uploads\/2025\/07\/Custom-White-Handle-Cutlery-Set-2-100x100.webp 100w\" sizes=\"(max-width: 800px) 100vw, 800px\" \/><\/figure>\n<\/figure>\n<\/div>\n<\/div>\n\n\n\n<figure class=\"wp-block-image size-full\"><img decoding=\"async\" width=\"800\" height=\"800\" src=\"https:\/\/www.yongyukitchenware.com\/wp-content\/uploads\/2025\/07\/Custom-White-Handle-Cutlery-Set-6.webp\" alt=\"Set de couverts \u00e0 manche blanc sur mesure-6\" class=\"wp-image-4504\" srcset=\"https:\/\/www.yongyukitchenware.com\/wp-content\/uploads\/2025\/07\/Custom-White-Handle-Cutlery-Set-6.webp 800w, https:\/\/www.yongyukitchenware.com\/wp-content\/uploads\/2025\/07\/Custom-White-Handle-Cutlery-Set-6-300x300.webp 300w, https:\/\/www.yongyukitchenware.com\/wp-content\/uploads\/2025\/07\/Custom-White-Handle-Cutlery-Set-6-150x150.webp 150w, https:\/\/www.yongyukitchenware.com\/wp-content\/uploads\/2025\/07\/Custom-White-Handle-Cutlery-Set-6-768x768.webp 768w, https:\/\/www.yongyukitchenware.com\/wp-content\/uploads\/2025\/07\/Custom-White-Handle-Cutlery-Set-6-12x12.webp 12w, https:\/\/www.yongyukitchenware.com\/wp-content\/uploads\/2025\/07\/Custom-White-Handle-Cutlery-Set-6-600x600.webp 600w, https:\/\/www.yongyukitchenware.com\/wp-content\/uploads\/2025\/07\/Custom-White-Handle-Cutlery-Set-6-100x100.webp 100w\" sizes=\"(max-width: 800px) 100vw, 800px\" \/><\/figure>\n<\/div>\n<\/div>\n\n\n\n<div class=\"wp-block-columns is-layout-flex wp-container-core-columns-is-layout-9d6595d7 wp-block-columns-is-layout-flex\">\n<div class=\"wp-block-column is-layout-flow wp-block-column-is-layout-flow\">\n<h2 class=\"wp-block-heading\">Set de couverts \u00e0 manche blanc personnalis\u00e9 Taille :<\/h2>\n\n\n\n<figure class=\"wp-block-table\"><table class=\"has-fixed-layout\"><tbody><tr><td>Mod\u00e8le<\/td><td>Sp\u00e9cifications<\/td><td>Longueur * Largeur (cm)<\/td><td>MOQ<\/td><\/tr><tr><td rowspan=\"12\">DY002-DCS<\/td><td>Baguettes<\/td><td>21\/23cm<\/td><td rowspan=\"12\">500PCS<\/td><\/tr><tr><td rowspan=\"4\">Cuill\u00e8re<\/td><td>12.7*3cm<\/td><\/tr><tr><td>18.5*4.3cm<\/td><\/tr><tr><td>21.8*1.4cm<\/td><\/tr><tr><td>19*3cm<\/td><\/tr><tr><td rowspan=\"3\">Couteau<\/td><td>21.8*1.4cm<\/td><\/tr><tr><td>20,4*1,4cm<\/td><\/tr><tr><td>17.3*1.6cm<\/td><\/tr><tr><td rowspan=\"4\">Fourchette<\/td><td>21,5*2,7cm<\/td><\/tr><tr><td>18*2.3cm<\/td><\/tr><tr><td>13.3*1.7cm<\/td><\/tr><tr><td>19.5*1.7cm<\/td><\/tr><\/tbody><\/table><\/figure>\n<\/div>\n<\/div>\n\n\n\n<p><\/p>","protected":false},"excerpt":{"rendered":"<p>Ensemble de couverts \u00e0 manche blanc en acier inoxydable 304 bross\u00e9, alliant \u00e9l\u00e9gance moderne et fonctionnalit\u00e9 durable pour les repas de tous les jours ou les occasions sp\u00e9ciales. N'h\u00e9sitez pas \u00e0 nous contacter !<\/p>\n<h2 style=\"text-align: left;\">Set de couverts \u00e0 manche blanc personnalis\u00e9 Param\u00e8tre :<\/h2>\n<p style=\"text-align: left;\"><strong>Mat\u00e9riau :<\/strong> Acier inoxydable<br \/><strong>Couleur :<\/strong> Couleur argent<br \/><strong>Types :<\/strong> Cuill\u00e8re, fourchette, couteau, baguettes<br \/><strong>OEM\/ODM :<\/strong> Disponible<\/p>\n<h2 class=\"wp-block-heading\">De Camping Kitchen Essentials Fabricant :<\/h2>\n<p>Yongyu est un fabricant professionnel d'articles de cuisine de camping, nos produits couvrent toutes sortes d'articles de cuisine de camping en acier inoxydable, tels que le mat\u00e9riel de cuisine de camping, la vaisselle de camping, les grilles de barbecue, etc.<\/p>","protected":false},"featured_media":4506,"comment_status":"closed","ping_status":"closed","template":"","meta":{"_acf_changed":false},"application":[31],"product_brand":[],"product_cat":[48],"product_tag":[],"class_list":{"0":"post-4499","1":"product","2":"type-product","3":"status-publish","4":"has-post-thumbnail","6":"application-champ-kitchen","7":"product_cat-cutlery-wholesale","9":"first","10":"instock","11":"shipping-taxable","12":"product-type-simple"},"acf":[],"_links":{"self":[{"href":"https:\/\/www.yongyukitchenware.com\/fr\/wp-json\/wp\/v2\/product\/4499","targetHints":{"allow":["GET"]}}],"collection":[{"href":"https:\/\/www.yongyukitchenware.com\/fr\/wp-json\/wp\/v2\/product"}],"about":[{"href":"https:\/\/www.yongyukitchenware.com\/fr\/wp-json\/wp\/v2\/types\/product"}],"replies":[{"embeddable":true,"href":"https:\/\/www.yongyukitchenware.com\/fr\/wp-json\/wp\/v2\/comments?post=4499"}],"wp:featuredmedia":[{"embeddable":true,"href":"https:\/\/www.yongyukitchenware.com\/fr\/wp-json\/wp\/v2\/media\/4506"}],"wp:attachment":[{"href":"https:\/\/www.yongyukitchenware.com\/fr\/wp-json\/wp\/v2\/media?parent=4499"}],"wp:term":[{"taxonomy":"application","embeddable":true,"href":"https:\/\/www.yongyukitchenware.com\/fr\/wp-json\/wp\/v2\/application?post=4499"},{"taxonomy":"product_brand","embeddable":true,"href":"https:\/\/www.yongyukitchenware.com\/fr\/wp-json\/wp\/v2\/product_brand?post=4499"},{"taxonomy":"product_cat","embeddable":true,"href":"https:\/\/www.yongyukitchenware.com\/fr\/wp-json\/wp\/v2\/product_cat?post=4499"},{"taxonomy":"product_tag","embeddable":true,"href":"https:\/\/www.yongyukitchenware.com\/fr\/wp-json\/wp\/v2\/product_tag?post=4499"}],"curies":[{"name":"wp","href":"https:\/\/api.w.org\/{rel}","templated":true}]}}