{"id":4518,"date":"2025-08-01T07:15:03","date_gmt":"2025-08-01T07:15:03","guid":{"rendered":"https:\/\/www.yongyukitchenware.com\/?post_type=product&#038;p=4518"},"modified":"2025-08-01T07:15:07","modified_gmt":"2025-08-01T07:15:07","slug":"wholesale-kids-spoon-fork-gift-set-304-stainless-steel","status":"publish","type":"product","link":"https:\/\/www.yongyukitchenware.com\/fr\/produit\/wholesale-kids-spoon-fork-gift-set-304-stainless-steel\/","title":{"rendered":"Wholesale Kids Spoon Fork Gift Set 304 Stainless Steel"},"content":{"rendered":"<div class=\"wp-block-columns is-layout-flex wp-container-core-columns-is-layout-9d6595d7 wp-block-columns-is-layout-flex\">\n<div class=\"wp-block-column is-layout-flow wp-block-column-is-layout-flow\">\n<h2 class=\"wp-block-heading\">Wholesale Kids Spoon Fork Gift Set Caract\u00e9ristiques :<\/h2>\n\n\n\n<p><strong>Design mignon et amusant : <\/strong>Le motif amusant des chats et des petits poissons est plein d'humour enfantin, stimulant l'int\u00e9r\u00eat des enfants pour les repas et ajoutant une touche de chaleur et de joie \u00e0 la table de tous les jours.<\/p>\n\n\n\n<p><strong>Acier inoxydable 304 de qualit\u00e9 alimentaire : <\/strong>Fabriqu\u00e9 en acier inoxydable 304 de haute qualit\u00e9, il est r\u00e9sistant \u00e0 la corrosion et \u00e0 la rouille, durable et robuste, garantissant une exp\u00e9rience culinaire rassurante \u00e0 chaque bouch\u00e9e.<\/p>\n\n\n\n<p><strong>Bords arrondis :<\/strong> Les coins de la cuill\u00e8re et de la fourchette sont enti\u00e8rement arrondis, ce qui ne blesse ni les l\u00e8vres ni les gencives. Les enfants peuvent les utiliser en toute s\u00e9r\u00e9nit\u00e9, en conciliant esth\u00e9tique et praticit\u00e9.<\/p>\n\n\n\n<p><strong>Emballage en bo\u00eete cadeau : <\/strong>Dot\u00e9 d'un emballage cadeau exquis, il convient comme petit cadeau chaleureux pour les occasions sp\u00e9ciales telles que la f\u00eate des enfants, les anniversaires et les cadeaux de rentr\u00e9e scolaire.<\/p>\n\n\n\n<p><strong>Taille mod\u00e9r\u00e9e : <\/strong>Sp\u00e9cialement con\u00e7u pour s'adapter \u00e0 la forme des mains des enfants, il offre une prise en main confortable et permet aux enfants d'apprendre facilement \u00e0 manger de mani\u00e8re autonome.<\/p>\n<\/div>\n\n\n\n<div class=\"wp-block-column is-layout-flow wp-block-column-is-layout-flow\"><div class=\"wp-block-image\">\n<figure class=\"aligncenter size-medium\"><img decoding=\"async\" width=\"300\" height=\"300\" src=\"https:\/\/www.yongyukitchenware.com\/wp-content\/uploads\/2025\/07\/Wholesale-Kids-Spoon-Fork-Gift-Set-3-300x300.webp\" alt=\"Grossiste-Cuill\u00e8re-Enfants-Pour-Cadeau-Set-3\" class=\"wp-image-4522\" srcset=\"https:\/\/www.yongyukitchenware.com\/wp-content\/uploads\/2025\/07\/Wholesale-Kids-Spoon-Fork-Gift-Set-3-300x300.webp 300w, https:\/\/www.yongyukitchenware.com\/wp-content\/uploads\/2025\/07\/Wholesale-Kids-Spoon-Fork-Gift-Set-3-150x150.webp 150w, https:\/\/www.yongyukitchenware.com\/wp-content\/uploads\/2025\/07\/Wholesale-Kids-Spoon-Fork-Gift-Set-3-768x768.webp 768w, https:\/\/www.yongyukitchenware.com\/wp-content\/uploads\/2025\/07\/Wholesale-Kids-Spoon-Fork-Gift-Set-3-12x12.webp 12w, https:\/\/www.yongyukitchenware.com\/wp-content\/uploads\/2025\/07\/Wholesale-Kids-Spoon-Fork-Gift-Set-3-600x600.webp 600w, https:\/\/www.yongyukitchenware.com\/wp-content\/uploads\/2025\/07\/Wholesale-Kids-Spoon-Fork-Gift-Set-3-100x100.webp 100w, https:\/\/www.yongyukitchenware.com\/wp-content\/uploads\/2025\/07\/Wholesale-Kids-Spoon-Fork-Gift-Set-3.webp 800w\" sizes=\"(max-width: 300px) 100vw, 300px\" \/><\/figure>\n<\/div>\n\n<div class=\"wp-block-image\">\n<figure class=\"aligncenter size-medium\"><img decoding=\"async\" width=\"300\" height=\"300\" src=\"https:\/\/www.yongyukitchenware.com\/wp-content\/uploads\/2025\/07\/Wholesale-Kids-Spoon-Fork-Gift-Set-6-300x300.webp\" alt=\"Grossiste-Cuill\u00e8re-Enfants-Pour-Cadeau-Set-6\" class=\"wp-image-4525\" srcset=\"https:\/\/www.yongyukitchenware.com\/wp-content\/uploads\/2025\/07\/Wholesale-Kids-Spoon-Fork-Gift-Set-6-300x300.webp 300w, https:\/\/www.yongyukitchenware.com\/wp-content\/uploads\/2025\/07\/Wholesale-Kids-Spoon-Fork-Gift-Set-6-150x150.webp 150w, https:\/\/www.yongyukitchenware.com\/wp-content\/uploads\/2025\/07\/Wholesale-Kids-Spoon-Fork-Gift-Set-6-768x768.webp 768w, https:\/\/www.yongyukitchenware.com\/wp-content\/uploads\/2025\/07\/Wholesale-Kids-Spoon-Fork-Gift-Set-6-12x12.webp 12w, https:\/\/www.yongyukitchenware.com\/wp-content\/uploads\/2025\/07\/Wholesale-Kids-Spoon-Fork-Gift-Set-6-1200x1200.webp 1200w, https:\/\/www.yongyukitchenware.com\/wp-content\/uploads\/2025\/07\/Wholesale-Kids-Spoon-Fork-Gift-Set-6-600x600.webp 600w, https:\/\/www.yongyukitchenware.com\/wp-content\/uploads\/2025\/07\/Wholesale-Kids-Spoon-Fork-Gift-Set-6-100x100.webp 100w, https:\/\/www.yongyukitchenware.com\/wp-content\/uploads\/2025\/07\/Wholesale-Kids-Spoon-Fork-Gift-Set-6.webp 1500w\" sizes=\"(max-width: 300px) 100vw, 300px\" \/><\/figure>\n<\/div><\/div>\n<\/div>\n\n\n\n<div class=\"wp-block-columns is-layout-flex wp-container-core-columns-is-layout-9d6595d7 wp-block-columns-is-layout-flex\">\n<div class=\"wp-block-column is-layout-flow wp-block-column-is-layout-flow\">\n<h2 class=\"wp-block-heading\">Wholesale Kids Spoon Fork Gift Set Size :<\/h2>\n\n\n\n<figure class=\"wp-block-table\"><table class=\"has-fixed-layout\"><tbody><tr><td>Mod\u00e8le<\/td><td>Sp\u00e9cifications<\/td><td>Longueur * Largeur (cm)<\/td><td>MOQ<\/td><\/tr><tr><td rowspan=\"2\">DY005-DCS<\/td><td>Cuill\u00e8re<\/td><td>13*2,4cm<\/td><td rowspan=\"2\">500PCS<\/td><\/tr><tr><td>Fourchette<\/td><td>13.4*1.5cm<\/td><\/tr><\/tbody><\/table><\/figure>\n<\/div>\n<\/div>\n\n\n\n<p><\/p>","protected":false},"excerpt":{"rendered":"<p>Set de couverts de camping en vrac \u00e0 prix d'usine avec poign\u00e9es pliables et sac pratique, adapt\u00e9 aux activit\u00e9s de plein air ou aux couverts pour le d\u00e9jeuner au bureau. Pour plus de solutions de vente en gros d'articles de camping, veuillez nous contacter !<\/p>\n<h2 style=\"text-align: left;\">Wholesale Kids Spoon Fork Gift Set Param\u00e8tre :<\/h2>\n<p style=\"text-align: left;\"><strong>Mat\u00e9riau :<\/strong> Acier inoxydable<br \/><strong>Couleur :<\/strong> Couleur argent<br \/><strong>Types :<\/strong> Cuill\u00e8re, fourchette<br \/><strong>OEM\/ODM :<\/strong> Disponible<\/p>\n<h2 class=\"wp-block-heading\">De Camping Kitchen Essentials Fabricant :<\/h2>\n<p>Yongyu est un fabricant professionnel d'articles de cuisine de camping, nos produits couvrent toutes sortes d'articles de cuisine de camping en acier inoxydable, tels que le mat\u00e9riel de cuisine de camping, la vaisselle de camping, les grilles de barbecue, etc.<\/p>","protected":false},"featured_media":4520,"comment_status":"closed","ping_status":"closed","template":"","meta":{"_acf_changed":true},"application":[31],"product_brand":[],"product_cat":[48],"product_tag":[],"class_list":{"0":"post-4518","1":"product","2":"type-product","3":"status-publish","4":"has-post-thumbnail","6":"application-champ-kitchen","7":"product_cat-cutlery-wholesale","9":"first","10":"instock","11":"shipping-taxable","12":"product-type-simple"},"acf":[],"_links":{"self":[{"href":"https:\/\/www.yongyukitchenware.com\/fr\/wp-json\/wp\/v2\/product\/4518","targetHints":{"allow":["GET"]}}],"collection":[{"href":"https:\/\/www.yongyukitchenware.com\/fr\/wp-json\/wp\/v2\/product"}],"about":[{"href":"https:\/\/www.yongyukitchenware.com\/fr\/wp-json\/wp\/v2\/types\/product"}],"replies":[{"embeddable":true,"href":"https:\/\/www.yongyukitchenware.com\/fr\/wp-json\/wp\/v2\/comments?post=4518"}],"wp:featuredmedia":[{"embeddable":true,"href":"https:\/\/www.yongyukitchenware.com\/fr\/wp-json\/wp\/v2\/media\/4520"}],"wp:attachment":[{"href":"https:\/\/www.yongyukitchenware.com\/fr\/wp-json\/wp\/v2\/media?parent=4518"}],"wp:term":[{"taxonomy":"application","embeddable":true,"href":"https:\/\/www.yongyukitchenware.com\/fr\/wp-json\/wp\/v2\/application?post=4518"},{"taxonomy":"product_brand","embeddable":true,"href":"https:\/\/www.yongyukitchenware.com\/fr\/wp-json\/wp\/v2\/product_brand?post=4518"},{"taxonomy":"product_cat","embeddable":true,"href":"https:\/\/www.yongyukitchenware.com\/fr\/wp-json\/wp\/v2\/product_cat?post=4518"},{"taxonomy":"product_tag","embeddable":true,"href":"https:\/\/www.yongyukitchenware.com\/fr\/wp-json\/wp\/v2\/product_tag?post=4518"}],"curies":[{"name":"wp","href":"https:\/\/api.w.org\/{rel}","templated":true}]}}