{"id":4536,"date":"2025-08-01T07:18:44","date_gmt":"2025-08-01T07:18:44","guid":{"rendered":"https:\/\/www.yongyukitchenware.com\/?post_type=product&#038;p=4536"},"modified":"2025-08-01T07:18:47","modified_gmt":"2025-08-01T07:18:47","slug":"bulk-dessert-forks-stainless-steel-with-flower-motif","status":"publish","type":"product","link":"https:\/\/www.yongyukitchenware.com\/fr\/produit\/bulk-dessert-forks-stainless-steel-with-flower-motif\/","title":{"rendered":"Fourchettes \u00e0 dessert en vrac en acier inoxydable avec motif de fleurs"},"content":{"rendered":"<div class=\"wp-block-columns is-layout-flex wp-container-core-columns-is-layout-9d6595d7 wp-block-columns-is-layout-flex\">\n<div class=\"wp-block-column is-layout-flow wp-block-column-is-layout-flow\">\n<h2 class=\"wp-block-heading\">Fourchettes \u00e0 dessert en vrac Caract\u00e9ristiques :<\/h2>\n\n\n\n<p><strong>Motifs floraux exquis :<\/strong> Le haut du manche de chaque fourchette \u00e0 fruits est sculpt\u00e9 de diff\u00e9rents motifs floraux, tels que des fleurs de cerisier, des campanules, des cosmos et des roses. Les d\u00e9tails sont exquis et empreints d'une beaut\u00e9 naturelle, ce qui ajoute du romantisme et du style au moment du repas.<\/p>\n\n\n\n<p><strong>Acier inoxydable de qualit\u00e9 alimentaire : <\/strong>Le corps de la fourchette est en acier inoxydable de haute qualit\u00e9, form\u00e9 d'un seul tenant, robuste et durable, r\u00e9sistant \u00e0 la corrosion et \u00e0 la rouille, avec des bords lisses faciles \u00e0 nettoyer, qui n'accumulent pas la salet\u00e9 et ne blessent pas les mains.<\/p>\n\n\n\n<p><strong>Utilisation multifonctionnelle : <\/strong>Convient pour les fruits, les desserts, les p\u00e2tisseries, les snacks, etc. Il peut facilement accueillir les r\u00e9unions de famille, le th\u00e9 de l'apr\u00e8s-midi ou les collations quotidiennes, \u00e9tant \u00e0 la fois beau et pratique.<\/p>\n\n\n\n<p><strong>L'emballage est accompagn\u00e9 d'une bo\u00eete cadeau de haute qualit\u00e9 :<\/strong> Livr\u00e9 dans une \u00e9l\u00e9gante bo\u00eete cadeau, il ne n\u00e9cessite aucune d\u00e9coration suppl\u00e9mentaire et permet de transmettre facilement vos sentiments. Qu'il s'agisse d'un anniversaire, d'un festival, d'une pendaison de cr\u00e9maill\u00e8re ou d'un petit cadeau quotidien, ils sont tous d\u00e9cents et attentionn\u00e9s.<\/p>\n<\/div>\n\n\n\n<div class=\"wp-block-column is-layout-flow wp-block-column-is-layout-flow\"><div class=\"wp-block-image\">\n<figure class=\"aligncenter size-medium\"><img decoding=\"async\" width=\"300\" height=\"300\" src=\"https:\/\/www.yongyukitchenware.com\/wp-content\/uploads\/2025\/07\/Bulk-Dessert-Forks-7-300x300.webp\" alt=\"Vrac-Dessert-Fourchettes-7\" class=\"wp-image-4543\" srcset=\"https:\/\/www.yongyukitchenware.com\/wp-content\/uploads\/2025\/07\/Bulk-Dessert-Forks-7-300x300.webp 300w, https:\/\/www.yongyukitchenware.com\/wp-content\/uploads\/2025\/07\/Bulk-Dessert-Forks-7-150x150.webp 150w, https:\/\/www.yongyukitchenware.com\/wp-content\/uploads\/2025\/07\/Bulk-Dessert-Forks-7-768x768.webp 768w, https:\/\/www.yongyukitchenware.com\/wp-content\/uploads\/2025\/07\/Bulk-Dessert-Forks-7-12x12.webp 12w, https:\/\/www.yongyukitchenware.com\/wp-content\/uploads\/2025\/07\/Bulk-Dessert-Forks-7-600x600.webp 600w, https:\/\/www.yongyukitchenware.com\/wp-content\/uploads\/2025\/07\/Bulk-Dessert-Forks-7-100x100.webp 100w, https:\/\/www.yongyukitchenware.com\/wp-content\/uploads\/2025\/07\/Bulk-Dessert-Forks-7.webp 800w\" sizes=\"(max-width: 300px) 100vw, 300px\" \/><\/figure>\n<\/div>\n\n<div class=\"wp-block-image\">\n<figure class=\"aligncenter size-medium\"><img decoding=\"async\" width=\"300\" height=\"240\" src=\"https:\/\/www.yongyukitchenware.com\/wp-content\/uploads\/2025\/07\/Bulk-Dessert-Forks-4-300x240.webp\" alt=\"Vrac-Dessert-Fourchettes-4\" class=\"wp-image-4540\" srcset=\"https:\/\/www.yongyukitchenware.com\/wp-content\/uploads\/2025\/07\/Bulk-Dessert-Forks-4-300x240.webp 300w, https:\/\/www.yongyukitchenware.com\/wp-content\/uploads\/2025\/07\/Bulk-Dessert-Forks-4-768x614.webp 768w, https:\/\/www.yongyukitchenware.com\/wp-content\/uploads\/2025\/07\/Bulk-Dessert-Forks-4-15x12.webp 15w, https:\/\/www.yongyukitchenware.com\/wp-content\/uploads\/2025\/07\/Bulk-Dessert-Forks-4-600x480.webp 600w, https:\/\/www.yongyukitchenware.com\/wp-content\/uploads\/2025\/07\/Bulk-Dessert-Forks-4.webp 800w\" sizes=\"(max-width: 300px) 100vw, 300px\" \/><\/figure>\n<\/div><\/div>\n<\/div>\n\n\n\n<div class=\"wp-block-columns is-layout-flex wp-container-core-columns-is-layout-9d6595d7 wp-block-columns-is-layout-flex\">\n<div class=\"wp-block-column is-layout-flow wp-block-column-is-layout-flow\">\n<h2 class=\"wp-block-heading\">Fourchettes \u00e0 dessert en vrac Taille :<\/h2>\n\n\n\n<figure class=\"wp-block-table\"><table class=\"has-fixed-layout\"><tbody><tr><td>Mod\u00e8le<\/td><td>Sp\u00e9cifications<\/td><td>Longueur<\/td><td>MOQ<\/td><\/tr><tr><td>DY006-DCS<\/td><td>Fourchette<\/td><td>13.5cm<\/td><td>500PCS<\/td><\/tr><\/tbody><\/table><\/figure>\n<\/div>\n<\/div>\n\n\n\n<p><\/p>","protected":false},"excerpt":{"rendered":"<p>Set de couverts de camping en vrac \u00e0 prix d'usine avec poign\u00e9es pliables et sac pratique, adapt\u00e9 aux activit\u00e9s de plein air ou aux couverts pour le d\u00e9jeuner au bureau. Pour plus de solutions de vente en gros d'articles de camping, veuillez nous contacter !<\/p>\n<h2 style=\"text-align: left;\">Fourchettes \u00e0 dessert en vrac Param\u00e8tre :<\/h2>\n<p style=\"text-align: left;\"><strong>Mat\u00e9riau :<\/strong> Acier inoxydable<br \/><strong>Couleur :<\/strong> Couleur argent<br \/><strong>Types :<\/strong> Fourchette<br \/><strong>OEM\/ODM :<\/strong> Disponible<\/p>\n<h2 class=\"wp-block-heading\">De Camping Kitchen Essentials Fabricant :<\/h2>\n<p>Yongyu est un fabricant professionnel d'articles de cuisine de camping, nos produits couvrent toutes sortes d'articles de cuisine de camping en acier inoxydable, tels que le mat\u00e9riel de cuisine de camping, la vaisselle de camping, les grilles de barbecue, etc.<\/p>","protected":false},"featured_media":4537,"comment_status":"closed","ping_status":"closed","template":"","meta":{"_acf_changed":false},"application":[31],"product_brand":[],"product_cat":[48],"product_tag":[],"class_list":{"0":"post-4536","1":"product","2":"type-product","3":"status-publish","4":"has-post-thumbnail","6":"application-champ-kitchen","7":"product_cat-cutlery-wholesale","9":"first","10":"instock","11":"shipping-taxable","12":"product-type-simple"},"acf":[],"_links":{"self":[{"href":"https:\/\/www.yongyukitchenware.com\/fr\/wp-json\/wp\/v2\/product\/4536","targetHints":{"allow":["GET"]}}],"collection":[{"href":"https:\/\/www.yongyukitchenware.com\/fr\/wp-json\/wp\/v2\/product"}],"about":[{"href":"https:\/\/www.yongyukitchenware.com\/fr\/wp-json\/wp\/v2\/types\/product"}],"replies":[{"embeddable":true,"href":"https:\/\/www.yongyukitchenware.com\/fr\/wp-json\/wp\/v2\/comments?post=4536"}],"wp:featuredmedia":[{"embeddable":true,"href":"https:\/\/www.yongyukitchenware.com\/fr\/wp-json\/wp\/v2\/media\/4537"}],"wp:attachment":[{"href":"https:\/\/www.yongyukitchenware.com\/fr\/wp-json\/wp\/v2\/media?parent=4536"}],"wp:term":[{"taxonomy":"application","embeddable":true,"href":"https:\/\/www.yongyukitchenware.com\/fr\/wp-json\/wp\/v2\/application?post=4536"},{"taxonomy":"product_brand","embeddable":true,"href":"https:\/\/www.yongyukitchenware.com\/fr\/wp-json\/wp\/v2\/product_brand?post=4536"},{"taxonomy":"product_cat","embeddable":true,"href":"https:\/\/www.yongyukitchenware.com\/fr\/wp-json\/wp\/v2\/product_cat?post=4536"},{"taxonomy":"product_tag","embeddable":true,"href":"https:\/\/www.yongyukitchenware.com\/fr\/wp-json\/wp\/v2\/product_tag?post=4536"}],"curies":[{"name":"wp","href":"https:\/\/api.w.org\/{rel}","templated":true}]}}