{"id":4576,"date":"2025-07-29T01:27:28","date_gmt":"2025-07-29T01:27:28","guid":{"rendered":"https:\/\/www.yongyukitchenware.com\/?post_type=product&#038;p=4576"},"modified":"2025-07-30T13:02:19","modified_gmt":"2025-07-30T13:02:19","slug":"wholesale-seasoning-bowl-304-stainless-steel-korean-style-silver","status":"publish","type":"product","link":"https:\/\/www.yongyukitchenware.com\/fr\/produit\/wholesale-seasoning-bowl-304-stainless-steel-korean-style-silver\/","title":{"rendered":"Bol d'assaisonnement en gros Acier inoxydable 304 Style cor\u00e9en -Argent"},"content":{"rendered":"<div class=\"wp-block-columns is-layout-flex wp-container-core-columns-is-layout-9d6595d7 wp-block-columns-is-layout-flex\">\n<div class=\"wp-block-column is-layout-flow wp-block-column-is-layout-flow\">\n<h2 class=\"wp-block-heading\">Bol \u00e0 assaisonnement en gros Taille :<\/h2>\n\n\n\n<figure class=\"wp-block-table\"><table class=\"has-fixed-layout\"><tbody><tr><td>Mod\u00e8le<\/td><td>Taille<\/td><td>Poids<\/td><td>MOQ<\/td><\/tr><tr><td rowspan=\"5\">DY118-Z<\/td><td>10cm<\/td><td>75g<\/td><td rowspan=\"5\">360PCS<\/td><\/tr><tr><td>12cm<\/td><td>110g<\/td><\/tr><tr><td>14cm<\/td><td>140g<\/td><\/tr><tr><td>17cm<\/td><td>220g<\/td><\/tr><tr><td>20cm<\/td><td>300g<\/td><\/tr><\/tbody><\/table><\/figure>\n\n\n\n<h2 class=\"wp-block-heading\">Bol d'assaisonnement en gros Caract\u00e9ristiques :<\/h2>\n\n\n\n<p><strong>Acier inoxydable 304 de qualit\u00e9 alimentaire sup\u00e9rieure : <\/strong>Fabriqu\u00e9 en acier inoxydable 304 de haute qualit\u00e9, ce plat \u00e0 sauce est durable, r\u00e9sistant \u00e0 la rouille et s\u00fbr pour un contact quotidien avec les aliments.<\/p>\n\n\n\n<p><strong>Plusieurs tailles pour une utilisation polyvalente : <\/strong>Disponible en 5 tailles diff\u00e9rentes pour r\u00e9pondre \u00e0 des besoins vari\u00e9s - des sauces \u00e0 tremper et condiments aux petits en-cas et portions de dessert.<\/p>\n\n\n\n<p><strong>Options de couleurs \u00e9l\u00e9gantes : <\/strong>Choisissez entre l'acier inoxydable classique argent\u00e9 ou une luxueuse finition dor\u00e9e pour vous adapter au style de votre cuisine ou \u00e0 votre table.<\/p>\n\n\n\n<p><strong>Parfait pour tous les jours et pour recevoir :<\/strong> Id\u00e9al pour servir la sauce soja, le ketchup, le vinaigre, les cornichons ou les accompagnements \u00e0 la maison, au restaurant, lors de f\u00eates ou de barbecues.<\/p>\n\n\n\n<p><strong>Facile \u00e0 nettoyer et \u00e0 entretenir : <\/strong>La surface lisse facilite le nettoyage. Elle passe au lave-vaisselle et r\u00e9siste aux taches, aux odeurs et \u00e0 la r\u00e9tention d'ar\u00f4mes.<\/p>\n<\/div>\n\n\n\n<div class=\"wp-block-column is-layout-flow wp-block-column-is-layout-flow\">\n<figure class=\"wp-block-image size-full is-resized\"><img decoding=\"async\" width=\"800\" height=\"800\" src=\"https:\/\/www.yongyukitchenware.com\/wp-content\/uploads\/2025\/07\/Wholesale-Seasoning-Bowl-7.webp\" alt=\"Grossiste-Saison-Bowl-7\" class=\"wp-image-4573\" style=\"width:384px;height:auto\" srcset=\"https:\/\/www.yongyukitchenware.com\/wp-content\/uploads\/2025\/07\/Wholesale-Seasoning-Bowl-7.webp 800w, https:\/\/www.yongyukitchenware.com\/wp-content\/uploads\/2025\/07\/Wholesale-Seasoning-Bowl-7-300x300.webp 300w, https:\/\/www.yongyukitchenware.com\/wp-content\/uploads\/2025\/07\/Wholesale-Seasoning-Bowl-7-150x150.webp 150w, https:\/\/www.yongyukitchenware.com\/wp-content\/uploads\/2025\/07\/Wholesale-Seasoning-Bowl-7-768x768.webp 768w, https:\/\/www.yongyukitchenware.com\/wp-content\/uploads\/2025\/07\/Wholesale-Seasoning-Bowl-7-12x12.webp 12w, https:\/\/www.yongyukitchenware.com\/wp-content\/uploads\/2025\/07\/Wholesale-Seasoning-Bowl-7-600x600.webp 600w, https:\/\/www.yongyukitchenware.com\/wp-content\/uploads\/2025\/07\/Wholesale-Seasoning-Bowl-7-100x100.webp 100w\" sizes=\"(max-width: 800px) 100vw, 800px\" \/><\/figure>\n\n\n\n<figure class=\"wp-block-image size-full is-resized\"><img decoding=\"async\" width=\"800\" height=\"800\" src=\"https:\/\/www.yongyukitchenware.com\/wp-content\/uploads\/2025\/07\/Wholesale-Seasoning-Bowl-3.webp\" alt=\"Bol de grossiste-saisonnier-3\" class=\"wp-image-4569\" style=\"width:384px\" srcset=\"https:\/\/www.yongyukitchenware.com\/wp-content\/uploads\/2025\/07\/Wholesale-Seasoning-Bowl-3.webp 800w, https:\/\/www.yongyukitchenware.com\/wp-content\/uploads\/2025\/07\/Wholesale-Seasoning-Bowl-3-300x300.webp 300w, https:\/\/www.yongyukitchenware.com\/wp-content\/uploads\/2025\/07\/Wholesale-Seasoning-Bowl-3-150x150.webp 150w, https:\/\/www.yongyukitchenware.com\/wp-content\/uploads\/2025\/07\/Wholesale-Seasoning-Bowl-3-768x768.webp 768w, https:\/\/www.yongyukitchenware.com\/wp-content\/uploads\/2025\/07\/Wholesale-Seasoning-Bowl-3-12x12.webp 12w, https:\/\/www.yongyukitchenware.com\/wp-content\/uploads\/2025\/07\/Wholesale-Seasoning-Bowl-3-600x600.webp 600w, https:\/\/www.yongyukitchenware.com\/wp-content\/uploads\/2025\/07\/Wholesale-Seasoning-Bowl-3-100x100.webp 100w\" sizes=\"(max-width: 800px) 100vw, 800px\" \/><\/figure>\n<\/div>\n<\/div>","protected":false},"excerpt":{"rendered":"<div class=\"n4sEPd\">\n<div class=\"UdTY9 qhIQqf leDWne\" aria-hidden=\"true\" data-location=\"1\">Bol d'assaisonnement en gros Fabriqu\u00e9 en acier inoxydable 304 durable, ce bol d'assaisonnement de style cor\u00e9en en argent \u00e9l\u00e9gant est parfait pour servir les sauces, les \u00e9pices et les condiments. \u00c9l\u00e9gant et polyvalent, il ajoute une touche de style \u00e0 toute table \u00e0 manger ou cuisine.Contactez-nous s'il vous pla\u00eet\uff01<\/div>\n<\/div>\n<h2 style=\"text-align: left;\">Bol d'assaisonnement en gros :<\/h2>\n<p style=\"text-align: left;\"><strong>Mat\u00e9riau :<\/strong> Acier inoxydable<br \/><strong>Longueur :<\/strong>10\/12\/14\/17\/20cm<br \/><strong>Forme :<\/strong> Forme octogonale<br \/><strong>Emballage :<\/strong> Sac OPP et carton<br \/><strong>OEM\/ODM :<\/strong> Disponible<\/p>\n<h2 class=\"wp-block-heading\">Fabricant de bols d'assaisonnement en acier inoxydable :<\/h2>\n<p>Que vous soyez un fournisseur de services de restauration, un h\u00f4tel ou un restaurant, ou une soci\u00e9t\u00e9 d'organisation d'\u00e9v\u00e9nements, nous offrons des solutions compl\u00e8tes de fournitures de restauration en gros \u00e0 des prix d'usine de haute qualit\u00e9.<\/p>","protected":false},"featured_media":4567,"comment_status":"closed","ping_status":"closed","template":"","meta":{"_acf_changed":false},"application":[29],"product_brand":[],"product_cat":[21],"product_tag":[],"class_list":{"0":"post-4576","1":"product","2":"type-product","3":"status-publish","4":"has-post-thumbnail","6":"application-home-kitchen","7":"product_cat-tableware-wholesale","9":"first","10":"instock","11":"shipping-taxable","12":"product-type-simple"},"acf":[],"_links":{"self":[{"href":"https:\/\/www.yongyukitchenware.com\/fr\/wp-json\/wp\/v2\/product\/4576","targetHints":{"allow":["GET"]}}],"collection":[{"href":"https:\/\/www.yongyukitchenware.com\/fr\/wp-json\/wp\/v2\/product"}],"about":[{"href":"https:\/\/www.yongyukitchenware.com\/fr\/wp-json\/wp\/v2\/types\/product"}],"replies":[{"embeddable":true,"href":"https:\/\/www.yongyukitchenware.com\/fr\/wp-json\/wp\/v2\/comments?post=4576"}],"wp:featuredmedia":[{"embeddable":true,"href":"https:\/\/www.yongyukitchenware.com\/fr\/wp-json\/wp\/v2\/media\/4567"}],"wp:attachment":[{"href":"https:\/\/www.yongyukitchenware.com\/fr\/wp-json\/wp\/v2\/media?parent=4576"}],"wp:term":[{"taxonomy":"application","embeddable":true,"href":"https:\/\/www.yongyukitchenware.com\/fr\/wp-json\/wp\/v2\/application?post=4576"},{"taxonomy":"product_brand","embeddable":true,"href":"https:\/\/www.yongyukitchenware.com\/fr\/wp-json\/wp\/v2\/product_brand?post=4576"},{"taxonomy":"product_cat","embeddable":true,"href":"https:\/\/www.yongyukitchenware.com\/fr\/wp-json\/wp\/v2\/product_cat?post=4576"},{"taxonomy":"product_tag","embeddable":true,"href":"https:\/\/www.yongyukitchenware.com\/fr\/wp-json\/wp\/v2\/product_tag?post=4576"}],"curies":[{"name":"wp","href":"https:\/\/api.w.org\/{rel}","templated":true}]}}