{"id":4584,"date":"2025-09-12T03:43:15","date_gmt":"2025-09-12T03:43:15","guid":{"rendered":"https:\/\/www.yongyukitchenware.com\/?post_type=product&#038;p=4584"},"modified":"2025-11-04T02:38:19","modified_gmt":"2025-11-04T02:38:19","slug":"custom-korean-style-noodle-bowl-stainless-steel-salad-mixing-bowl","status":"publish","type":"product","link":"https:\/\/www.yongyukitchenware.com\/fr\/produit\/custom-korean-style-noodle-bowl-stainless-steel-salad-mixing-bowl\/","title":{"rendered":"Bol \u00e0 nouilles cor\u00e9en personnalis\u00e9 Bol \u00e0 salade en acier inoxydable"},"content":{"rendered":"<div class=\"wp-block-columns is-layout-flex wp-container-core-columns-is-layout-9d6595d7 wp-block-columns-is-layout-flex\">\n<div class=\"wp-block-column is-layout-flow wp-block-column-is-layout-flow\">\n<div class=\"wp-block-columns is-layout-flex wp-container-core-columns-is-layout-9d6595d7 wp-block-columns-is-layout-flex\">\n<div class=\"wp-block-column is-layout-flow wp-block-column-is-layout-flow\">\n<h2 class=\"wp-block-heading\">Bol \u00e0 nouilles personnalis\u00e9 de style cor\u00e9en Caract\u00e9ristiques :<\/h2>\n\n\n\n<p><strong>Conception en forme de V :<\/strong> Les lignes uniques en forme de V sont simples et nettes, visuellement l\u00e9g\u00e8res et pratiques pour tenir et verser les ingr\u00e9dients, cr\u00e9ant ainsi un nouveau style pour les cuisines modernes.<\/p>\n\n\n\n<p><strong>Mat\u00e9riau en acier inoxydable de qualit\u00e9 alimentaire : <\/strong>Fabriqu\u00e9 en acier inoxydable de qualit\u00e9 alimentaire soigneusement s\u00e9lectionn\u00e9, il est r\u00e9sistant \u00e0 la corrosion, aux chocs et durable, et n'a pas tendance \u00e0 se d\u00e9former. Il allie esth\u00e9tisme et praticit\u00e9, ce qui en fait un \u00e9l\u00e9ment essentiel de la cuisine.<\/p>\n\n\n\n<p><strong>Plusieurs tailles au choix : <\/strong>Avec un total de 4 sp\u00e9cifications de capacit\u00e9, il r\u00e9pond \u00e0 des besoins vari\u00e9s allant de la pr\u00e9paration quotidienne des l\u00e9gumes, au battage des \u0153ufs en passant par le service de la soupe et le m\u00e9lange des salades, etc. Un seul ensemble permet de r\u00e9aliser plusieurs t\u00e2ches.<\/p>\n\n\n\n<p><strong>Options de deux couleurs : <\/strong>Disponible en acier inoxydable et en or textur\u00e9, vous pouvez combiner librement des styles classiques ou haut de gamme pour mettre en valeur le go\u00fbt unique de votre cuisine.<\/p>\n\n\n\n<p><strong>Facile \u00e0 nettoyer :<\/strong> La surface lisse de la cuvette n'est pas propice \u00e0 l'accumulation de salet\u00e9s. La graisse peut \u00eatre \u00e9limin\u00e9e en un seul rin\u00e7age. Le lavage \u00e0 la main se fait sans effort et le bol peut \u00e9galement \u00eatre mis au lave-vaisselle, ce qui permet d'\u00e9conomiser du temps et des efforts.<\/p>\n\n\n\n<figure class=\"wp-block-table\"><table class=\"has-fixed-layout\"><tbody><tr><td>Mod\u00e8le<\/td><td>Taille<\/td><td>Poids<\/td><td>MOQ<\/td><\/tr><tr><td rowspan=\"6\">DY039-TLP<\/td><td>11cm<\/td><td>50g<\/td><td>400PCS<\/td><\/tr><tr><td>13cm<\/td><td>60g<\/td><td rowspan=\"5\">200PCS<\/td><\/tr><tr><td>16cm<\/td><td>90g<\/td><\/tr><tr><td>19cm<\/td><td>125g<\/td><\/tr><tr><td>22cm<\/td><td>180g<\/td><\/tr><tr><td>25cm<\/td><td>290g<\/td><\/tr><\/tbody><\/table><\/figure>\n<\/div>\n\n\n\n<div class=\"wp-block-column is-layout-flow wp-block-column-is-layout-flow\">\n<div class=\"wp-block-columns is-layout-flex wp-container-core-columns-is-layout-9d6595d7 wp-block-columns-is-layout-flex\">\n<div class=\"wp-block-column is-layout-flow wp-block-column-is-layout-flow\">\n<figure class=\"wp-block-image size-full\"><img decoding=\"async\" width=\"800\" height=\"800\" src=\"https:\/\/www.yongyukitchenware.com\/wp-content\/uploads\/2025\/07\/Custom-Korean-Style-Noodle-Bowl-12.webp\" alt=\"Bol de nouilles \u00e0 la cor\u00e9enne personnalis\u00e9-12\" class=\"wp-image-4596\" style=\"object-fit:cover\" srcset=\"https:\/\/www.yongyukitchenware.com\/wp-content\/uploads\/2025\/07\/Custom-Korean-Style-Noodle-Bowl-12.webp 800w, https:\/\/www.yongyukitchenware.com\/wp-content\/uploads\/2025\/07\/Custom-Korean-Style-Noodle-Bowl-12-300x300.webp 300w, https:\/\/www.yongyukitchenware.com\/wp-content\/uploads\/2025\/07\/Custom-Korean-Style-Noodle-Bowl-12-150x150.webp 150w, https:\/\/www.yongyukitchenware.com\/wp-content\/uploads\/2025\/07\/Custom-Korean-Style-Noodle-Bowl-12-768x768.webp 768w, https:\/\/www.yongyukitchenware.com\/wp-content\/uploads\/2025\/07\/Custom-Korean-Style-Noodle-Bowl-12-12x12.webp 12w, https:\/\/www.yongyukitchenware.com\/wp-content\/uploads\/2025\/07\/Custom-Korean-Style-Noodle-Bowl-12-600x600.webp 600w, https:\/\/www.yongyukitchenware.com\/wp-content\/uploads\/2025\/07\/Custom-Korean-Style-Noodle-Bowl-12-100x100.webp 100w\" sizes=\"(max-width: 800px) 100vw, 800px\" \/><\/figure>\n\n\n\n<figure class=\"wp-block-image size-full\"><img decoding=\"async\" width=\"800\" height=\"800\" src=\"https:\/\/www.yongyukitchenware.com\/wp-content\/uploads\/2025\/07\/Custom-Korean-Style-Noodle-Bowl-10.webp\" alt=\"Bol de nouilles \u00e0 la cor\u00e9enne personnalis\u00e9-10\" class=\"wp-image-4594\" srcset=\"https:\/\/www.yongyukitchenware.com\/wp-content\/uploads\/2025\/07\/Custom-Korean-Style-Noodle-Bowl-10.webp 800w, https:\/\/www.yongyukitchenware.com\/wp-content\/uploads\/2025\/07\/Custom-Korean-Style-Noodle-Bowl-10-300x300.webp 300w, https:\/\/www.yongyukitchenware.com\/wp-content\/uploads\/2025\/07\/Custom-Korean-Style-Noodle-Bowl-10-150x150.webp 150w, https:\/\/www.yongyukitchenware.com\/wp-content\/uploads\/2025\/07\/Custom-Korean-Style-Noodle-Bowl-10-768x768.webp 768w, https:\/\/www.yongyukitchenware.com\/wp-content\/uploads\/2025\/07\/Custom-Korean-Style-Noodle-Bowl-10-12x12.webp 12w, https:\/\/www.yongyukitchenware.com\/wp-content\/uploads\/2025\/07\/Custom-Korean-Style-Noodle-Bowl-10-600x600.webp 600w, https:\/\/www.yongyukitchenware.com\/wp-content\/uploads\/2025\/07\/Custom-Korean-Style-Noodle-Bowl-10-100x100.webp 100w\" sizes=\"(max-width: 800px) 100vw, 800px\" \/><\/figure>\n\n\n\n<div class=\"wp-block-columns is-layout-flex wp-container-core-columns-is-layout-9d6595d7 wp-block-columns-is-layout-flex\">\n<div class=\"wp-block-column is-layout-flow wp-block-column-is-layout-flow\">\n<div class=\"wp-block-columns is-layout-flex wp-container-core-columns-is-layout-9d6595d7 wp-block-columns-is-layout-flex\">\n<div class=\"wp-block-column is-layout-flow wp-block-column-is-layout-flow\"><\/div>\n<\/div>\n<\/div>\n<\/div>\n<\/div>\n<\/div>\n<\/div>\n<\/div>\n<\/div>\n<\/div>\n\n\n\n<p><\/p>","protected":false},"excerpt":{"rendered":"<p>Bol \u00e0 nouilles personnalis\u00e9 de style cor\u00e9en en acier inoxydable de haute qualit\u00e9, parfait pour m\u00e9langer les salades, les nouilles et d'autres plats. L\u00e9ger, durable et facile \u00e0 nettoyer, il est id\u00e9al pour un usage domestique ou professionnel. \u00a0 \u00a0 \u00a0 \u00a0 \u00a0 \u00a0<\/p>\n<h2>Attributs du bol \u00e0 nouilles de style cor\u00e9en personnalis\u00e9 :<\/h2>\n<p><strong>Mat\u00e9riau :<\/strong> Acier inoxydable<br \/><strong>Couleur :<\/strong> Or\/Argent<br \/><strong>Diff\u00e9rentes tailles : <\/strong>11cm,13cm,16cm,19cm,22cm,25cm<br \/><strong>Emballage :<\/strong> Sac d'opposition et bo\u00eete en carton<br \/><strong>OEM\/ODM :<\/strong> Disponible<\/p>\n<h2><!-- \/wp:heading --><\/p>\n<p><!-- wp:paragraph --><\/h2>\n<h2 class=\"wp-block-heading\">Du grossiste en arts de la table Yongyu :<\/h2>\n<p class=\"wp-block-heading\">Yongyu Tableware Wholesaler peut r\u00e9pondre aux besoins des clients en vrac et fournir une s\u00e9rie de fournitures de restauration en gros de haute qualit\u00e9 qui combine l'\u00e9l\u00e9gance et la durabilit\u00e9. Y compris la vaisselle, les boissons, le mat\u00e9riel de restauration, les ustensiles de cuisine, les \u00e9l\u00e9ments essentiels de la cuisine de camping, etc.<\/p>\n<h2><!-- \/wp:paragraph --><\/h2>","protected":false},"featured_media":4585,"comment_status":"closed","ping_status":"closed","template":"","meta":{"_acf_changed":true},"application":[30],"product_brand":[],"product_cat":[21,47],"product_tag":[],"class_list":{"0":"post-4584","1":"product","2":"type-product","3":"status-publish","4":"has-post-thumbnail","6":"application-hotel-catering","7":"product_cat-tableware-wholesale","8":"product_cat-stainless-steel-bowls-wholesale","10":"first","11":"instock","12":"shipping-taxable","13":"product-type-simple"},"acf":[],"_links":{"self":[{"href":"https:\/\/www.yongyukitchenware.com\/fr\/wp-json\/wp\/v2\/product\/4584","targetHints":{"allow":["GET"]}}],"collection":[{"href":"https:\/\/www.yongyukitchenware.com\/fr\/wp-json\/wp\/v2\/product"}],"about":[{"href":"https:\/\/www.yongyukitchenware.com\/fr\/wp-json\/wp\/v2\/types\/product"}],"replies":[{"embeddable":true,"href":"https:\/\/www.yongyukitchenware.com\/fr\/wp-json\/wp\/v2\/comments?post=4584"}],"wp:featuredmedia":[{"embeddable":true,"href":"https:\/\/www.yongyukitchenware.com\/fr\/wp-json\/wp\/v2\/media\/4585"}],"wp:attachment":[{"href":"https:\/\/www.yongyukitchenware.com\/fr\/wp-json\/wp\/v2\/media?parent=4584"}],"wp:term":[{"taxonomy":"application","embeddable":true,"href":"https:\/\/www.yongyukitchenware.com\/fr\/wp-json\/wp\/v2\/application?post=4584"},{"taxonomy":"product_brand","embeddable":true,"href":"https:\/\/www.yongyukitchenware.com\/fr\/wp-json\/wp\/v2\/product_brand?post=4584"},{"taxonomy":"product_cat","embeddable":true,"href":"https:\/\/www.yongyukitchenware.com\/fr\/wp-json\/wp\/v2\/product_cat?post=4584"},{"taxonomy":"product_tag","embeddable":true,"href":"https:\/\/www.yongyukitchenware.com\/fr\/wp-json\/wp\/v2\/product_tag?post=4584"}],"curies":[{"name":"wp","href":"https:\/\/api.w.org\/{rel}","templated":true}]}}