{"id":4673,"date":"2025-08-15T07:12:24","date_gmt":"2025-08-15T07:12:24","guid":{"rendered":"https:\/\/www.yongyukitchenware.com\/?post_type=product&#038;p=4673"},"modified":"2025-08-15T07:12:27","modified_gmt":"2025-08-15T07:12:27","slug":"custom-milk-frothing-pitcher-and-stainless-steel-bell-creamer","status":"publish","type":"product","link":"https:\/\/www.yongyukitchenware.com\/fr\/produit\/custom-milk-frothing-pitcher-and-stainless-steel-bell-creamer\/","title":{"rendered":"Pichet \u00e0 mousse de lait et cr\u00e9mier en acier inoxydable sur mesure"},"content":{"rendered":"<div class=\"wp-block-columns is-layout-flex wp-container-core-columns-is-layout-9d6595d7 wp-block-columns-is-layout-flex\">\n<div class=\"wp-block-column is-layout-flow wp-block-column-is-layout-flow\">\n<h2 class=\"wp-block-heading\">Pichet \u00e0 lait personnalis\u00e9 Caract\u00e9ristiques :<\/h2>\n\n\n\n<p><strong>Plusieurs options de taille : <\/strong>Disponible en 2oz, 3oz, 5oz et 8oz pour r\u00e9pondre aux diff\u00e9rents besoins en mati\u00e8re de pr\u00e9paration de caf\u00e9 et d'art latt\u00e9.<\/p>\n\n\n\n<p><strong>Forme stable et ergonomique du tambour : <\/strong>Centre de gravit\u00e9 bas et prise en main confortable pour un meilleur contr\u00f4le lors du versement.<\/p>\n\n\n\n<p><strong>Acier inoxydable de qualit\u00e9 alimentaire : <\/strong>Fabriqu\u00e9 en acier inoxydable durable, r\u00e9sistant \u00e0 la rouille, \u00e0 la chaleur et facile \u00e0 nettoyer.<\/p>\n\n\n\n<p><strong>Finition miroir poli :<\/strong> L'aspect \u00e9l\u00e9gant et professionnel convient aux caf\u00e9s, \u00e0 l'usage domestique ou \u00e0 la formation de barista.<\/p>\n\n\n\n<p><strong>Conception pr\u00e9cise du bec verseur : <\/strong>Versement doux et pr\u00e9cis pour des lignes nettes et un art du caf\u00e9 au lait d\u00e9taill\u00e9.<\/p>\n\n\n\n<h2 class=\"wp-block-heading\">Pichet \u00e0 lait personnalis\u00e9 Taille :<\/h2>\n\n\n\n<figure class=\"wp-block-table\"><table class=\"has-fixed-layout\"><tbody><tr><td>Mod\u00e8le<\/td><td>Taille<\/td><td>Poids<\/td><td>MOQ<\/td><\/tr><tr><td rowspan=\"4\">DY056-B<\/td><td>2oz<\/td><td>27g<\/td><td>400PCS<\/td><\/tr><tr><td>3oz<\/td><td>37g<\/td><td rowspan=\"3\">320PCS<\/td><\/tr><tr><td>5oz<\/td><td>61g<\/td><\/tr><tr><td>8oz<\/td><td>84g<\/td><\/tr><\/tbody><\/table><\/figure>\n<\/div>\n\n\n\n<div class=\"wp-block-column is-layout-flow wp-block-column-is-layout-flow\">\n<div class=\"wp-block-columns is-layout-flex wp-container-core-columns-is-layout-9d6595d7 wp-block-columns-is-layout-flex\">\n<div class=\"wp-block-column is-layout-flow wp-block-column-is-layout-flow\">\n<figure class=\"wp-block-image size-full\"><img decoding=\"async\" width=\"800\" height=\"800\" src=\"https:\/\/www.yongyukitchenware.com\/wp-content\/uploads\/2025\/08\/Custom-Milk-Frothing-Pitcher-5.webp\" alt=\"Pichet \u00e0 lait sur mesure-5\" class=\"wp-image-4678\" srcset=\"https:\/\/www.yongyukitchenware.com\/wp-content\/uploads\/2025\/08\/Custom-Milk-Frothing-Pitcher-5.webp 800w, https:\/\/www.yongyukitchenware.com\/wp-content\/uploads\/2025\/08\/Custom-Milk-Frothing-Pitcher-5-300x300.webp 300w, https:\/\/www.yongyukitchenware.com\/wp-content\/uploads\/2025\/08\/Custom-Milk-Frothing-Pitcher-5-150x150.webp 150w, https:\/\/www.yongyukitchenware.com\/wp-content\/uploads\/2025\/08\/Custom-Milk-Frothing-Pitcher-5-768x768.webp 768w, https:\/\/www.yongyukitchenware.com\/wp-content\/uploads\/2025\/08\/Custom-Milk-Frothing-Pitcher-5-12x12.webp 12w, https:\/\/www.yongyukitchenware.com\/wp-content\/uploads\/2025\/08\/Custom-Milk-Frothing-Pitcher-5-600x600.webp 600w, https:\/\/www.yongyukitchenware.com\/wp-content\/uploads\/2025\/08\/Custom-Milk-Frothing-Pitcher-5-100x100.webp 100w\" sizes=\"(max-width: 800px) 100vw, 800px\" \/><\/figure>\n<\/div>\n<\/div>\n<\/div>\n<\/div>\n\n\n\n<p><\/p>","protected":false},"excerpt":{"rendered":"<p>Set de pichet \u00e0 mousse de lait et de cr\u00e9mier \u00e0 cloche en acier inoxydable personnalis\u00e9. Durable, facile \u00e0 utiliser et parfait pour une mousse de lait onctueuse et un art du caf\u00e9 au lait. Renseignez-vous d\u00e8s maintenant pour obtenir des prix de gros !<\/p>\n<h2 style=\"text-align: left;\">Pichet \u00e0 lait personnalis\u00e9 Param\u00e8tre :<\/h2>\n<p style=\"text-align: left;\"><strong>Mat\u00e9riau :<\/strong> Acier inoxydable<br \/><strong>Couleur :<\/strong> Argent<br \/><b>Conception :\u00a0<\/b>Bouche de grand calibre et bec court<br \/><strong>OEM\/ODM :<\/strong> Disponible<\/p>\n<h2 class=\"wp-block-heading\">Fabriqu\u00e9 par le fabricant d'ustensiles de cuisine Yongyu :<\/h2>\n<p>Yongyu est un fabricant professionnel d'ustensiles de cuisine. Nos produits comprennent toutes sortes d'ustensiles de cuisine en acier inoxydable et d'accessoires de cuisine. Nous fournissons des solutions personnalis\u00e9es avec des produits de haute qualit\u00e9 \u00e0 des prix d'usine.<\/p>","protected":false},"featured_media":4674,"comment_status":"closed","ping_status":"closed","template":"","meta":{"_acf_changed":false},"application":[30],"product_brand":[],"product_cat":[20,52],"product_tag":[],"class_list":{"0":"post-4673","1":"product","2":"type-product","3":"status-publish","4":"has-post-thumbnail","6":"application-hotel-catering","7":"product_cat-wholesale-drinkware","8":"product_cat-milk-frothing-pitcher-wholesale","10":"first","11":"instock","12":"shipping-taxable","13":"product-type-simple"},"acf":[],"_links":{"self":[{"href":"https:\/\/www.yongyukitchenware.com\/fr\/wp-json\/wp\/v2\/product\/4673","targetHints":{"allow":["GET"]}}],"collection":[{"href":"https:\/\/www.yongyukitchenware.com\/fr\/wp-json\/wp\/v2\/product"}],"about":[{"href":"https:\/\/www.yongyukitchenware.com\/fr\/wp-json\/wp\/v2\/types\/product"}],"replies":[{"embeddable":true,"href":"https:\/\/www.yongyukitchenware.com\/fr\/wp-json\/wp\/v2\/comments?post=4673"}],"wp:featuredmedia":[{"embeddable":true,"href":"https:\/\/www.yongyukitchenware.com\/fr\/wp-json\/wp\/v2\/media\/4674"}],"wp:attachment":[{"href":"https:\/\/www.yongyukitchenware.com\/fr\/wp-json\/wp\/v2\/media?parent=4673"}],"wp:term":[{"taxonomy":"application","embeddable":true,"href":"https:\/\/www.yongyukitchenware.com\/fr\/wp-json\/wp\/v2\/application?post=4673"},{"taxonomy":"product_brand","embeddable":true,"href":"https:\/\/www.yongyukitchenware.com\/fr\/wp-json\/wp\/v2\/product_brand?post=4673"},{"taxonomy":"product_cat","embeddable":true,"href":"https:\/\/www.yongyukitchenware.com\/fr\/wp-json\/wp\/v2\/product_cat?post=4673"},{"taxonomy":"product_tag","embeddable":true,"href":"https:\/\/www.yongyukitchenware.com\/fr\/wp-json\/wp\/v2\/product_tag?post=4673"}],"curies":[{"name":"wp","href":"https:\/\/api.w.org\/{rel}","templated":true}]}}