{"id":4702,"date":"2025-08-20T07:46:31","date_gmt":"2025-08-20T07:46:31","guid":{"rendered":"https:\/\/www.yongyukitchenware.com\/?post_type=product&#038;p=4702"},"modified":"2025-08-20T07:46:35","modified_gmt":"2025-08-20T07:46:35","slug":"wholesale-sauce-cups-with-wooden-handle-304-stainless-steel-gold","status":"publish","type":"product","link":"https:\/\/www.yongyukitchenware.com\/fr\/produit\/wholesale-sauce-cups-with-wooden-handle-304-stainless-steel-gold\/","title":{"rendered":"Grossiste Coupes \u00e0 sauce avec manche en bois Acier inoxydable 304 - Or"},"content":{"rendered":"<div class=\"wp-block-columns is-layout-flex wp-container-core-columns-is-layout-9d6595d7 wp-block-columns-is-layout-flex\">\n<div class=\"wp-block-column is-layout-flow wp-block-column-is-layout-flow\">\n<h2 class=\"wp-block-heading\">Grosses tasses \u00e0 sauce avec manche en bois Taille :<\/h2>\n\n\n\n<figure class=\"wp-block-table\"><table class=\"has-fixed-layout\"><tbody><tr><td>Mod\u00e8le<\/td><td>Taille<\/td><td>MOQ<\/td><\/tr><tr><td rowspan=\"3\">DY055-B<\/td><td>60ML<\/td><td rowspan=\"3\">200PCS<\/td><\/tr><tr><td>120ML<\/td><\/tr><tr><td>180ML<\/td><\/tr><\/tbody><\/table><\/figure>\n\n\n\n<h2 class=\"wp-block-heading\">Grosses tasses \u00e0 sauce avec manche en bois Caract\u00e9ristiques :<\/h2>\n\n\n\n<p><strong>Options de tailles multiples :<\/strong> Disponible en 60 ml, 120 ml et 180 ml pour r\u00e9pondre \u00e0 tous les besoins, de la cuisine familiale \u00e0 la cuisine professionnelle.<\/p>\n\n\n\n<p><strong>Sans danger pour la chaleur directe :<\/strong> Fabriqu\u00e9 en acier inoxydable de qualit\u00e9 alimentaire, il peut \u00eatre chauff\u00e9 \u00e0 la flamme nue ou sur la cuisini\u00e8re - id\u00e9al pour r\u00e9chauffer les sauces, faire fondre le beurre ou le chocolat.<\/p>\n\n\n\n<p><strong>Design en forme de ventre :<\/strong> Le corps large et arrondi assure un chauffage uniforme, facilite le brassage et minimise les d\u00e9bordements.<\/p>\n\n\n\n<p><strong>Poign\u00e9e en bois r\u00e9sistante \u00e0 la chaleur :<\/strong> Le manche en bois offre une prise en main confortable et une isolation efficace pour une manipulation plus s\u00fbre.<\/p>\n\n\n\n<p><strong>Bec anti-goutte : <\/strong>Le bec verseur bien con\u00e7u permet de verser l'eau en douceur, sans d\u00e9sordre et avec un contr\u00f4le pr\u00e9cis.<\/p>\n<\/div>\n\n\n\n<div class=\"wp-block-column is-layout-flow wp-block-column-is-layout-flow\">\n<figure class=\"wp-block-image size-full is-resized\"><img decoding=\"async\" width=\"800\" height=\"800\" src=\"https:\/\/www.yongyukitchenware.com\/wp-content\/uploads\/2025\/08\/Wholesale-Sauce-Cups-with-Wooden-Handle-3.webp\" alt=\"Grossiste-Tasses \u00e0 sauce-avec-poign\u00e9e-en-bois-3\" class=\"wp-image-4706\" style=\"width:384px;height:auto\" srcset=\"https:\/\/www.yongyukitchenware.com\/wp-content\/uploads\/2025\/08\/Wholesale-Sauce-Cups-with-Wooden-Handle-3.webp 800w, https:\/\/www.yongyukitchenware.com\/wp-content\/uploads\/2025\/08\/Wholesale-Sauce-Cups-with-Wooden-Handle-3-300x300.webp 300w, https:\/\/www.yongyukitchenware.com\/wp-content\/uploads\/2025\/08\/Wholesale-Sauce-Cups-with-Wooden-Handle-3-150x150.webp 150w, https:\/\/www.yongyukitchenware.com\/wp-content\/uploads\/2025\/08\/Wholesale-Sauce-Cups-with-Wooden-Handle-3-768x768.webp 768w, https:\/\/www.yongyukitchenware.com\/wp-content\/uploads\/2025\/08\/Wholesale-Sauce-Cups-with-Wooden-Handle-3-12x12.webp 12w, https:\/\/www.yongyukitchenware.com\/wp-content\/uploads\/2025\/08\/Wholesale-Sauce-Cups-with-Wooden-Handle-3-600x600.webp 600w, https:\/\/www.yongyukitchenware.com\/wp-content\/uploads\/2025\/08\/Wholesale-Sauce-Cups-with-Wooden-Handle-3-100x100.webp 100w\" sizes=\"(max-width: 800px) 100vw, 800px\" \/><\/figure>\n\n\n\n<figure class=\"wp-block-image size-full is-resized\"><img decoding=\"async\" width=\"800\" height=\"800\" src=\"https:\/\/www.yongyukitchenware.com\/wp-content\/uploads\/2025\/08\/Wholesale-Sauce-Cups-with-Wooden-Handle-4.webp\" alt=\"Grossiste-Tasses \u00e0 sauce-avec-poign\u00e9e-en-bois-4\" class=\"wp-image-4707\" style=\"width:384px\" srcset=\"https:\/\/www.yongyukitchenware.com\/wp-content\/uploads\/2025\/08\/Wholesale-Sauce-Cups-with-Wooden-Handle-4.webp 800w, https:\/\/www.yongyukitchenware.com\/wp-content\/uploads\/2025\/08\/Wholesale-Sauce-Cups-with-Wooden-Handle-4-300x300.webp 300w, https:\/\/www.yongyukitchenware.com\/wp-content\/uploads\/2025\/08\/Wholesale-Sauce-Cups-with-Wooden-Handle-4-150x150.webp 150w, https:\/\/www.yongyukitchenware.com\/wp-content\/uploads\/2025\/08\/Wholesale-Sauce-Cups-with-Wooden-Handle-4-768x768.webp 768w, https:\/\/www.yongyukitchenware.com\/wp-content\/uploads\/2025\/08\/Wholesale-Sauce-Cups-with-Wooden-Handle-4-12x12.webp 12w, https:\/\/www.yongyukitchenware.com\/wp-content\/uploads\/2025\/08\/Wholesale-Sauce-Cups-with-Wooden-Handle-4-600x600.webp 600w, https:\/\/www.yongyukitchenware.com\/wp-content\/uploads\/2025\/08\/Wholesale-Sauce-Cups-with-Wooden-Handle-4-100x100.webp 100w\" sizes=\"(max-width: 800px) 100vw, 800px\" \/><\/figure>\n<\/div>\n<\/div>","protected":false},"excerpt":{"rendered":"<div class=\"n4sEPd\">\n<div class=\"UdTY9 qhIQqf leDWne\" aria-hidden=\"true\" data-location=\"1\">\n<div class=\"flex max-w-full flex-col grow\">\n<div class=\"min-h-8 text-message relative flex w-full flex-col items-end gap-2 text-start break-words whitespace-normal [.text-message+&amp;]:mt-5\" dir=\"auto\" data-message-author-role=\"assistant\" data-message-id=\"4c6991e3-4a22-47e9-b97b-4d4c478c9c79\" data-message-model-slug=\"gpt-5\">\n<div class=\"flex w-full flex-col gap-1 empty:hidden first:pt-[3px]\">\n<div class=\"markdown prose dark:prose-invert w-full break-words light markdown-new-styling\">\n<p data-start=\"0\" data-end=\"188\" data-is-last-node=\"\" data-is-only-node=\"\">Tasses \u00e0 sauce en gros avec manche en bois, en acier inoxydable 304 de premi\u00e8re qualit\u00e9 avec une finition dor\u00e9e, durables, r\u00e9sistantes \u00e0 la rouille et parfaites pour les restaurants, les h\u00f4tels ou l'usage domestique en achat en vrac.Contactez-nous s'il vous pla\u00eet\uff01.<\/p>\n<\/div>\n<\/div>\n<\/div>\n<\/div>\n<\/div>\n<\/div>\n<h2 style=\"text-align: left;\">Gobelets \u00e0 sauce en gros avec manche en bois :<\/h2>\n<p style=\"text-align: left;\"><strong>Mat\u00e9riau :<\/strong> Acier inoxydable<br \/><strong>Forme :<\/strong> Forme ronde<br \/><strong>Emballage :<\/strong> Sac OPP et carton<br \/><strong>OEM\/ODM :<\/strong> Disponible<\/p>\n<h2 class=\"wp-block-heading\">Fabricant de bols d'assaisonnement en acier inoxydable :<\/h2>\n<p>Que vous soyez un fournisseur de services de restauration, un h\u00f4tel ou un restaurant, ou une soci\u00e9t\u00e9 d'organisation d'\u00e9v\u00e9nements, nous offrons des solutions compl\u00e8tes de fournitures de restauration en gros \u00e0 des prix d'usine de haute qualit\u00e9.<\/p>","protected":false},"featured_media":4718,"comment_status":"closed","ping_status":"closed","template":"","meta":{"_acf_changed":false},"application":[29],"product_brand":[],"product_cat":[21],"product_tag":[],"class_list":{"0":"post-4702","1":"product","2":"type-product","3":"status-publish","4":"has-post-thumbnail","6":"application-home-kitchen","7":"product_cat-tableware-wholesale","9":"first","10":"instock","11":"shipping-taxable","12":"product-type-simple"},"acf":[],"_links":{"self":[{"href":"https:\/\/www.yongyukitchenware.com\/fr\/wp-json\/wp\/v2\/product\/4702","targetHints":{"allow":["GET"]}}],"collection":[{"href":"https:\/\/www.yongyukitchenware.com\/fr\/wp-json\/wp\/v2\/product"}],"about":[{"href":"https:\/\/www.yongyukitchenware.com\/fr\/wp-json\/wp\/v2\/types\/product"}],"replies":[{"embeddable":true,"href":"https:\/\/www.yongyukitchenware.com\/fr\/wp-json\/wp\/v2\/comments?post=4702"}],"wp:featuredmedia":[{"embeddable":true,"href":"https:\/\/www.yongyukitchenware.com\/fr\/wp-json\/wp\/v2\/media\/4718"}],"wp:attachment":[{"href":"https:\/\/www.yongyukitchenware.com\/fr\/wp-json\/wp\/v2\/media?parent=4702"}],"wp:term":[{"taxonomy":"application","embeddable":true,"href":"https:\/\/www.yongyukitchenware.com\/fr\/wp-json\/wp\/v2\/application?post=4702"},{"taxonomy":"product_brand","embeddable":true,"href":"https:\/\/www.yongyukitchenware.com\/fr\/wp-json\/wp\/v2\/product_brand?post=4702"},{"taxonomy":"product_cat","embeddable":true,"href":"https:\/\/www.yongyukitchenware.com\/fr\/wp-json\/wp\/v2\/product_cat?post=4702"},{"taxonomy":"product_tag","embeddable":true,"href":"https:\/\/www.yongyukitchenware.com\/fr\/wp-json\/wp\/v2\/product_tag?post=4702"}],"curies":[{"name":"wp","href":"https:\/\/api.w.org\/{rel}","templated":true}]}}