{"id":4736,"date":"2025-08-26T01:40:35","date_gmt":"2025-08-26T01:40:35","guid":{"rendered":"https:\/\/www.yongyukitchenware.com\/?post_type=product&#038;p=4736"},"modified":"2025-08-26T01:40:37","modified_gmt":"2025-08-26T01:40:37","slug":"wholesale-stainless-steel-flour-sieve-40-60-mesh-strainer","status":"publish","type":"product","link":"https:\/\/www.yongyukitchenware.com\/fr\/produit\/wholesale-stainless-steel-flour-sieve-40-60-mesh-strainer\/","title":{"rendered":"Tamis \u00e0 farine en acier inoxydable 40\/60 mesh"},"content":{"rendered":"<div class=\"wp-block-columns is-layout-flex wp-container-core-columns-is-layout-9d6595d7 wp-block-columns-is-layout-flex\">\n<div class=\"wp-block-column is-layout-flow wp-block-column-is-layout-flow\">\n<h2 class=\"wp-block-heading\">Caract\u00e9ristiques du tamis \u00e0 farine en acier inoxydable :<\/h2>\n\n\n\n<p><strong>Acier inoxydable 304 de qualit\u00e9 alimentaire : <\/strong>R\u00e9sistant \u00e0 la corrosion et \u00e0 l'oxydation, il peut entrer en contact avec toutes sortes d'ingr\u00e9dients alimentaires et son utilisation est plus rassurante.<\/p>\n\n\n\n<p><strong>Plusieurs tailles au choix :<\/strong> Disponible dans diff\u00e9rentes sp\u00e9cifications telles que 15\/20\/25\/30cm pour r\u00e9pondre aux divers besoins des particuliers et des entreprises.<\/p>\n\n\n\n<p><strong>Conception fine de l'\u00e9cran : <\/strong>Les tamis de 40 et 60 mailles \u00e9liminent efficacement les grumeaux, rendant la farine plus fine et plus uniforme.<\/p>\n\n\n\n<p><strong>Tous les mod\u00e8les en 304 avec anneau de levage : <\/strong>pratique \u00e0 suspendre et \u00e0 ranger, pour garder la cuisine en ordre (mod\u00e8le en mat\u00e9riau 201 sans anneaux de levage, mais la surface de l'\u00e9cran est en mat\u00e9riau 304).<\/p>\n\n\n\n<p><strong>Deux options de mat\u00e9riaux : <\/strong>Le mod\u00e8le 304 complet est plus durable, tandis que la version avec \u00e9cran 201+304 allie praticit\u00e9 et rentabilit\u00e9.<\/p>\n\n\n\n<h2 class=\"wp-block-heading\">Tamis \u00e0 farine en acier inoxydable en gros Taille :<\/h2>\n\n\n\n<figure class=\"wp-block-table\"><table class=\"has-fixed-layout\"><tbody><tr><td>Mod\u00e8le<\/td><td>Taille<\/td><td>MOQ<\/td><\/tr><tr><td rowspan=\"4\">DY121-Z<\/td><td>15cm<\/td><td rowspan=\"2\">220PCS<\/td><\/tr><tr><td>20cm<\/td><\/tr><tr><td>25cm<\/td><td rowspan=\"2\">100PCS<\/td><\/tr><tr><td>30cm<\/td><\/tr><\/tbody><\/table><\/figure>\n<\/div>\n\n\n\n<div class=\"wp-block-column is-layout-flow wp-block-column-is-layout-flow\">\n<figure class=\"wp-block-image size-full\"><img decoding=\"async\" width=\"800\" height=\"800\" src=\"https:\/\/www.yongyukitchenware.com\/wp-content\/uploads\/2025\/08\/Wholesale-Stainless-Steel-Flour-Sieve-3.webp\" alt=\"Vente en gros de tamis \u00e0 farine en acier inoxydable-3\" class=\"wp-image-4739\" srcset=\"https:\/\/www.yongyukitchenware.com\/wp-content\/uploads\/2025\/08\/Wholesale-Stainless-Steel-Flour-Sieve-3.webp 800w, https:\/\/www.yongyukitchenware.com\/wp-content\/uploads\/2025\/08\/Wholesale-Stainless-Steel-Flour-Sieve-3-300x300.webp 300w, https:\/\/www.yongyukitchenware.com\/wp-content\/uploads\/2025\/08\/Wholesale-Stainless-Steel-Flour-Sieve-3-150x150.webp 150w, https:\/\/www.yongyukitchenware.com\/wp-content\/uploads\/2025\/08\/Wholesale-Stainless-Steel-Flour-Sieve-3-768x768.webp 768w, https:\/\/www.yongyukitchenware.com\/wp-content\/uploads\/2025\/08\/Wholesale-Stainless-Steel-Flour-Sieve-3-12x12.webp 12w, https:\/\/www.yongyukitchenware.com\/wp-content\/uploads\/2025\/08\/Wholesale-Stainless-Steel-Flour-Sieve-3-600x600.webp 600w, https:\/\/www.yongyukitchenware.com\/wp-content\/uploads\/2025\/08\/Wholesale-Stainless-Steel-Flour-Sieve-3-100x100.webp 100w\" sizes=\"(max-width: 800px) 100vw, 800px\" \/><\/figure>\n\n\n\n<figure class=\"wp-block-image size-full\"><img decoding=\"async\" width=\"800\" height=\"800\" src=\"https:\/\/www.yongyukitchenware.com\/wp-content\/uploads\/2025\/08\/Wholesale-Stainless-Steel-Flour-Sieve-7.webp\" alt=\"Vente en gros de tamis \u00e0 farine en acier inoxydable-7\" class=\"wp-image-4743\" srcset=\"https:\/\/www.yongyukitchenware.com\/wp-content\/uploads\/2025\/08\/Wholesale-Stainless-Steel-Flour-Sieve-7.webp 800w, https:\/\/www.yongyukitchenware.com\/wp-content\/uploads\/2025\/08\/Wholesale-Stainless-Steel-Flour-Sieve-7-300x300.webp 300w, https:\/\/www.yongyukitchenware.com\/wp-content\/uploads\/2025\/08\/Wholesale-Stainless-Steel-Flour-Sieve-7-150x150.webp 150w, https:\/\/www.yongyukitchenware.com\/wp-content\/uploads\/2025\/08\/Wholesale-Stainless-Steel-Flour-Sieve-7-768x768.webp 768w, https:\/\/www.yongyukitchenware.com\/wp-content\/uploads\/2025\/08\/Wholesale-Stainless-Steel-Flour-Sieve-7-12x12.webp 12w, https:\/\/www.yongyukitchenware.com\/wp-content\/uploads\/2025\/08\/Wholesale-Stainless-Steel-Flour-Sieve-7-600x600.webp 600w, https:\/\/www.yongyukitchenware.com\/wp-content\/uploads\/2025\/08\/Wholesale-Stainless-Steel-Flour-Sieve-7-100x100.webp 100w\" sizes=\"(max-width: 800px) 100vw, 800px\" \/><\/figure>\n<\/div>\n<\/div>","protected":false},"excerpt":{"rendered":"<p>Tamis \u00e0 farine en gros en acier inoxydable. Filtre durable \u00e0 40\/60 mailles con\u00e7u pour un tamisage de pr\u00e9cision, parfait pour les boulangeries, la transformation des aliments et les cuisines commerciales. Nous vous invitons \u00e0 nous contacter\uff01<\/p>\n<h2>Tamis \u00e0 farine en gros en acier inoxydable :<\/h2>\n<p><strong>Mat\u00e9riau :<\/strong> Acier inoxydable 304<br \/><strong>Style :<\/strong> Tous les mat\u00e9riaux 304 avec anneaux de levage, mat\u00e9riaux 201, surface d'\u00e9cran 304 sans anneaux de levage<br \/><strong>Taille de la maille du tamis<\/strong> maille :40\/60<br \/><strong>Sp\u00e9cifications :<\/strong> 15\/20\/25\/30cm<br \/><strong>Emballage :<\/strong> sac\/volume\/carton ou sur mesure<br \/><strong>OEM\/ODM :<\/strong> Disponible<\/p>\n<h2 class=\"wp-block-heading\">Fabriqu\u00e9 par le fabricant d'ustensiles de cuisine Yongyu :<\/h2>\n<p>Yongyu est un fabricant professionnel d'ustensiles de cuisine. Nos produits couvrent toutes sortes d'ustensiles de cuisine en acier inoxydable et d'accessoires de cuisine, fournissant des solutions personnalis\u00e9es avec des produits de haute qualit\u00e9 et des prix d'usine.<\/p>","protected":false},"featured_media":4737,"comment_status":"closed","ping_status":"closed","template":"","meta":{"_acf_changed":true},"application":[29],"product_brand":[],"product_cat":[23,35],"product_tag":[],"class_list":{"0":"post-4736","1":"product","2":"type-product","3":"status-publish","4":"has-post-thumbnail","6":"application-home-kitchen","7":"product_cat-kitchenware-wholesale","8":"product_cat-baking-trays-wholesale","10":"first","11":"instock","12":"shipping-taxable","13":"product-type-simple"},"acf":[],"_links":{"self":[{"href":"https:\/\/www.yongyukitchenware.com\/fr\/wp-json\/wp\/v2\/product\/4736","targetHints":{"allow":["GET"]}}],"collection":[{"href":"https:\/\/www.yongyukitchenware.com\/fr\/wp-json\/wp\/v2\/product"}],"about":[{"href":"https:\/\/www.yongyukitchenware.com\/fr\/wp-json\/wp\/v2\/types\/product"}],"replies":[{"embeddable":true,"href":"https:\/\/www.yongyukitchenware.com\/fr\/wp-json\/wp\/v2\/comments?post=4736"}],"wp:featuredmedia":[{"embeddable":true,"href":"https:\/\/www.yongyukitchenware.com\/fr\/wp-json\/wp\/v2\/media\/4737"}],"wp:attachment":[{"href":"https:\/\/www.yongyukitchenware.com\/fr\/wp-json\/wp\/v2\/media?parent=4736"}],"wp:term":[{"taxonomy":"application","embeddable":true,"href":"https:\/\/www.yongyukitchenware.com\/fr\/wp-json\/wp\/v2\/application?post=4736"},{"taxonomy":"product_brand","embeddable":true,"href":"https:\/\/www.yongyukitchenware.com\/fr\/wp-json\/wp\/v2\/product_brand?post=4736"},{"taxonomy":"product_cat","embeddable":true,"href":"https:\/\/www.yongyukitchenware.com\/fr\/wp-json\/wp\/v2\/product_cat?post=4736"},{"taxonomy":"product_tag","embeddable":true,"href":"https:\/\/www.yongyukitchenware.com\/fr\/wp-json\/wp\/v2\/product_tag?post=4736"}],"curies":[{"name":"wp","href":"https:\/\/api.w.org\/{rel}","templated":true}]}}