{"id":4745,"date":"2025-09-03T03:41:47","date_gmt":"2025-09-03T03:41:47","guid":{"rendered":"https:\/\/www.yongyukitchenware.com\/?post_type=product&#038;p=4745"},"modified":"2025-09-03T03:41:49","modified_gmt":"2025-09-03T03:41:49","slug":"bulk-stackable-bento-lunch-box-304-stainless-steel-with-multi-layers","status":"publish","type":"product","link":"https:\/\/www.yongyukitchenware.com\/fr\/produit\/bulk-stackable-bento-lunch-box-304-stainless-steel-with-multi-layers\/","title":{"rendered":"Bo\u00eete \u00e0 lunch Bento empilable en acier inoxydable 304 avec plusieurs couches"},"content":{"rendered":"<div class=\"wp-block-columns is-layout-flex wp-container-core-columns-is-layout-9d6595d7 wp-block-columns-is-layout-flex\">\n<div class=\"wp-block-column is-layout-flow wp-block-column-is-layout-flow\">\n<h2 class=\"wp-block-heading\">Bo\u00eete \u00e0 lunch Bento empilable en vrac Caract\u00e9ristiques :<\/h2>\n\n\n\n<p>R\u00e9servoir int\u00e9rieur en acier inoxydable 304, sain et durable : Fabriqu\u00e9 en acier inoxydable 304 de qualit\u00e9 alimentaire, il est anticorrosif, antirouille et moins susceptible de retenir les odeurs, ce qui permet de manipuler les aliments en toute s\u00e9curit\u00e9 et en toute s\u00e9r\u00e9nit\u00e9.<\/p>\n\n\n\n<p>Coque en PP anti-chaleur et thermo-isolante : La coque en PP tr\u00e8s r\u00e9sistant est thermo-isolante, antid\u00e9rapante et ne chauffe pas au toucher, ce qui am\u00e9liore le confort et la s\u00e9curit\u00e9 d'utilisation.<\/p>\n\n\n\n<p>Options multicouches et multicompartiments : Disponible en version simple, double et triple couche. Le pot int\u00e9rieur est con\u00e7u avec des compartiments simples et doubles, ce qui permet de s\u00e9parer plus facilement les plats principaux et les plats d'accompagnement.<\/p>\n\n\n\n<p>Il peut \u00eatre chauff\u00e9 au four \u00e0 micro-ondes et \u00e0 l'eau chaude : Il peut \u00eatre chauff\u00e9 dans un four \u00e0 micro-ondes (le loquet doit \u00eatre ouvert, attention \u00e0 ne pas exposer l'acier inoxydable), ou de l'eau chaude peut \u00eatre ajout\u00e9e pour le chauffage, r\u00e9pondant ainsi aux besoins de diff\u00e9rents sc\u00e9narios.<\/p>\n\n\n\n<p>Aspect bicolore doux, polyvalent et beau : Disponible en beige et en rose, le style simple et \u00e9l\u00e9gant convient \u00e0 divers groupes tels que les \u00e9tudiants et les employ\u00e9s de bureau.<\/p>\n\n\n\n<div class=\"wp-block-group is-vertical is-layout-flex wp-container-core-group-is-layout-8cf370e7 wp-block-group-is-layout-flex\">\n<h2 class=\"wp-block-heading\">Bo\u00eete \u00e0 lunch Bento empilable en vrac Taille :<\/h2>\n<\/div>\n\n\n\n<figure class=\"wp-block-image size-full\"><img decoding=\"async\" width=\"800\" height=\"800\" src=\"https:\/\/www.yongyukitchenware.com\/wp-content\/uploads\/2025\/08\/Bulk-Stackable-Lunch-Box-14.webp\" alt=\"Bulk-Stackable-Lunch-Box-14\" class=\"wp-image-4762\" srcset=\"https:\/\/www.yongyukitchenware.com\/wp-content\/uploads\/2025\/08\/Bulk-Stackable-Lunch-Box-14.webp 800w, https:\/\/www.yongyukitchenware.com\/wp-content\/uploads\/2025\/08\/Bulk-Stackable-Lunch-Box-14-300x300.webp 300w, https:\/\/www.yongyukitchenware.com\/wp-content\/uploads\/2025\/08\/Bulk-Stackable-Lunch-Box-14-150x150.webp 150w, https:\/\/www.yongyukitchenware.com\/wp-content\/uploads\/2025\/08\/Bulk-Stackable-Lunch-Box-14-768x768.webp 768w, https:\/\/www.yongyukitchenware.com\/wp-content\/uploads\/2025\/08\/Bulk-Stackable-Lunch-Box-14-12x12.webp 12w, https:\/\/www.yongyukitchenware.com\/wp-content\/uploads\/2025\/08\/Bulk-Stackable-Lunch-Box-14-600x600.webp 600w, https:\/\/www.yongyukitchenware.com\/wp-content\/uploads\/2025\/08\/Bulk-Stackable-Lunch-Box-14-100x100.webp 100w\" sizes=\"(max-width: 800px) 100vw, 800px\" \/><\/figure>\n<\/div>\n\n\n\n<div class=\"wp-block-column is-layout-flow wp-block-column-is-layout-flow\">\n<div class=\"wp-block-columns is-layout-flex wp-container-core-columns-is-layout-9d6595d7 wp-block-columns-is-layout-flex\">\n<div class=\"wp-block-column is-layout-flow wp-block-column-is-layout-flow\"><\/div>\n<\/div>\n\n\n\n<div class=\"wp-block-columns is-layout-flex wp-container-core-columns-is-layout-9d6595d7 wp-block-columns-is-layout-flex\">\n<div class=\"wp-block-column is-layout-flow wp-block-column-is-layout-flow\">\n<figure class=\"wp-block-image size-full is-resized\"><img decoding=\"async\" width=\"800\" height=\"800\" src=\"https:\/\/www.yongyukitchenware.com\/wp-content\/uploads\/2025\/08\/Bulk-Stackable-Lunch-Box-7.webp\" alt=\"Bulk-Stackable-Lunch-Box-7\" class=\"wp-image-4755\" style=\"width:461px;height:auto\" srcset=\"https:\/\/www.yongyukitchenware.com\/wp-content\/uploads\/2025\/08\/Bulk-Stackable-Lunch-Box-7.webp 800w, https:\/\/www.yongyukitchenware.com\/wp-content\/uploads\/2025\/08\/Bulk-Stackable-Lunch-Box-7-300x300.webp 300w, https:\/\/www.yongyukitchenware.com\/wp-content\/uploads\/2025\/08\/Bulk-Stackable-Lunch-Box-7-150x150.webp 150w, https:\/\/www.yongyukitchenware.com\/wp-content\/uploads\/2025\/08\/Bulk-Stackable-Lunch-Box-7-768x768.webp 768w, https:\/\/www.yongyukitchenware.com\/wp-content\/uploads\/2025\/08\/Bulk-Stackable-Lunch-Box-7-12x12.webp 12w, https:\/\/www.yongyukitchenware.com\/wp-content\/uploads\/2025\/08\/Bulk-Stackable-Lunch-Box-7-600x600.webp 600w, https:\/\/www.yongyukitchenware.com\/wp-content\/uploads\/2025\/08\/Bulk-Stackable-Lunch-Box-7-100x100.webp 100w\" sizes=\"(max-width: 800px) 100vw, 800px\" \/><\/figure>\n<\/div>\n<\/div>\n\n\n\n<figure class=\"wp-block-image size-full\"><img decoding=\"async\" width=\"800\" height=\"800\" src=\"https:\/\/www.yongyukitchenware.com\/wp-content\/uploads\/2025\/08\/Bulk-Stackable-Lunch-Box-4.webp\" alt=\"Bulk-Stackable-Lunch-Box-4\" class=\"wp-image-4752\" srcset=\"https:\/\/www.yongyukitchenware.com\/wp-content\/uploads\/2025\/08\/Bulk-Stackable-Lunch-Box-4.webp 800w, https:\/\/www.yongyukitchenware.com\/wp-content\/uploads\/2025\/08\/Bulk-Stackable-Lunch-Box-4-300x300.webp 300w, https:\/\/www.yongyukitchenware.com\/wp-content\/uploads\/2025\/08\/Bulk-Stackable-Lunch-Box-4-150x150.webp 150w, https:\/\/www.yongyukitchenware.com\/wp-content\/uploads\/2025\/08\/Bulk-Stackable-Lunch-Box-4-768x768.webp 768w, https:\/\/www.yongyukitchenware.com\/wp-content\/uploads\/2025\/08\/Bulk-Stackable-Lunch-Box-4-12x12.webp 12w, https:\/\/www.yongyukitchenware.com\/wp-content\/uploads\/2025\/08\/Bulk-Stackable-Lunch-Box-4-600x600.webp 600w, https:\/\/www.yongyukitchenware.com\/wp-content\/uploads\/2025\/08\/Bulk-Stackable-Lunch-Box-4-100x100.webp 100w\" sizes=\"(max-width: 800px) 100vw, 800px\" \/><\/figure>\n<\/div>\n<\/div>\n\n\n\n<p><\/p>","protected":false},"excerpt":{"rendered":"<p>Bo\u00eete \u00e0 lunch bento empilable en vrac en acier inoxydable 304, multicouche et durable, id\u00e9ale pour les repas portionn\u00e9s, le bureau, l'\u00e9cole ou les commandes en vrac. Bienvenue aux demandes de renseignements\uff01<\/p>\n<h2 style=\"text-align: left;\">Bo\u00eete \u00e0 lunch Bento empilable en vrac Param\u00e8tre :<\/h2>\n<p style=\"text-align: left;\"><strong>Mat\u00e9riau :<\/strong> Acier inoxydable<br \/><strong>Couleur :<\/strong> Couleur marron et rose<br \/><strong>Diff\u00e9rentes tailles :<\/strong> 0,8L, 1,6L et 2,4L<br \/><strong>Emballage : <\/strong>Sac d'opposition et bo\u00eete en carton<br \/><strong>OEM\/ODM :<\/strong> Disponible<\/p>\n<h2 class=\"wp-block-heading\">Fabricant de r\u00e9cipients de stockage d'aliments :<\/h2>\n<p>Fond\u00e9e en 1996, la soci\u00e9t\u00e9 Yongyu est sp\u00e9cialis\u00e9e dans la production et la vente en gros de r\u00e9cipients de conservation en acier inoxydable, d'ustensiles de cuisine, d'articles de restauration, d'articles m\u00e9nagers et d'\u00e9quipements de cuisine pour le camping. Elle propose \u00e0 ses clients des services OEM et ODM ainsi que des services d'approvisionnement en ligne.<\/p>","protected":false},"featured_media":4827,"comment_status":"closed","ping_status":"closed","template":"","meta":{"_acf_changed":true},"application":[31],"product_brand":[],"product_cat":[19],"product_tag":[],"class_list":{"0":"post-4745","1":"product","2":"type-product","3":"status-publish","4":"has-post-thumbnail","6":"application-champ-kitchen","7":"product_cat-food-storage-container-bulk-custom","9":"first","10":"instock","11":"shipping-taxable","12":"product-type-simple"},"acf":[],"_links":{"self":[{"href":"https:\/\/www.yongyukitchenware.com\/fr\/wp-json\/wp\/v2\/product\/4745","targetHints":{"allow":["GET"]}}],"collection":[{"href":"https:\/\/www.yongyukitchenware.com\/fr\/wp-json\/wp\/v2\/product"}],"about":[{"href":"https:\/\/www.yongyukitchenware.com\/fr\/wp-json\/wp\/v2\/types\/product"}],"replies":[{"embeddable":true,"href":"https:\/\/www.yongyukitchenware.com\/fr\/wp-json\/wp\/v2\/comments?post=4745"}],"wp:featuredmedia":[{"embeddable":true,"href":"https:\/\/www.yongyukitchenware.com\/fr\/wp-json\/wp\/v2\/media\/4827"}],"wp:attachment":[{"href":"https:\/\/www.yongyukitchenware.com\/fr\/wp-json\/wp\/v2\/media?parent=4745"}],"wp:term":[{"taxonomy":"application","embeddable":true,"href":"https:\/\/www.yongyukitchenware.com\/fr\/wp-json\/wp\/v2\/application?post=4745"},{"taxonomy":"product_brand","embeddable":true,"href":"https:\/\/www.yongyukitchenware.com\/fr\/wp-json\/wp\/v2\/product_brand?post=4745"},{"taxonomy":"product_cat","embeddable":true,"href":"https:\/\/www.yongyukitchenware.com\/fr\/wp-json\/wp\/v2\/product_cat?post=4745"},{"taxonomy":"product_tag","embeddable":true,"href":"https:\/\/www.yongyukitchenware.com\/fr\/wp-json\/wp\/v2\/product_tag?post=4745"}],"curies":[{"name":"wp","href":"https:\/\/api.w.org\/{rel}","templated":true}]}}