{"id":4746,"date":"2025-09-06T06:31:58","date_gmt":"2025-09-06T06:31:58","guid":{"rendered":"https:\/\/www.yongyukitchenware.com\/?post_type=product&#038;p=4746"},"modified":"2025-09-06T06:32:37","modified_gmt":"2025-09-06T06:32:37","slug":"custom-stainless-steel-salad-container-lunch-box-with-3-compartment-tray","status":"publish","type":"product","link":"https:\/\/www.yongyukitchenware.com\/fr\/produit\/custom-stainless-steel-salad-container-lunch-box-with-3-compartment-tray\/","title":{"rendered":"Bo\u00eete \u00e0 salade en acier inoxydable personnalis\u00e9e Bo\u00eete \u00e0 lunch avec plateau \u00e0 3 compartiments"},"content":{"rendered":"<div class=\"wp-block-columns is-layout-flex wp-container-core-columns-is-layout-9d6595d7 wp-block-columns-is-layout-flex\">\n<div class=\"wp-block-column is-layout-flow wp-block-column-is-layout-flow\">\n<h2 class=\"wp-block-heading\">R\u00e9cipient \u00e0 salade en acier inoxydable personnalis\u00e9 Caract\u00e9ristiques :<\/h2>\n\n\n\n<p><strong>Bo\u00eetes \u00e0 lunch en acier inoxydable 304 de haute qualit\u00e9 : <\/strong>s\u00fbr et durable, r\u00e9sistant \u00e0 la corrosion, pr\u00e9servant la sant\u00e9 \u00e0 chaque repas.<\/p>\n\n\n\n<p><strong>Grande capacit\u00e9 de 60 onces + conception \u00e0 trois compartiments :<\/strong> les plats principaux et les accompagnements ne m\u00e9langent pas les saveurs, ce qui permet de tenir facilement un repas \u00e9quilibr\u00e9 sur le plan nutritionnel.<\/p>\n\n\n\n<p><strong>Un gobelet \u00e0 sauce scell\u00e9 de 2 onces est inclus en cadeau :<\/strong> La sauce peut \u00eatre transport\u00e9e ind\u00e9pendamment, ce qui la rend pratique pour m\u00e9langer avec des salades ou faire des trempettes.<\/p>\n\n\n\n<p><strong>Couvercle en PP avec anneau d'\u00e9tanch\u00e9it\u00e9 en silicone + anneau \u00e0 boucle sur quatre c\u00f4t\u00e9s : <\/strong>Plusieurs mesures d'\u00e9tanch\u00e9it\u00e9, pour un transport s\u00fbr et sans pression.<\/p>\n\n\n\n<p><strong>Conception humanis\u00e9e de la poign\u00e9e : <\/strong>Portable et sans effort, il peut \u00eatre facilement transport\u00e9 pour les trajets quotidiens, pour aller \u00e0 l'\u00e9cole ou pour un pique-nique.<\/p>\n\n\n\n<div class=\"wp-block-group is-vertical is-layout-flex wp-container-core-group-is-layout-8cf370e7 wp-block-group-is-layout-flex\">\n<h2 class=\"wp-block-heading\">R\u00e9cipient \u00e0 salade en acier inoxydable personnalis\u00e9 Taille :<\/h2>\n<\/div>\n\n\n\n<figure class=\"wp-block-image size-full\"><img decoding=\"async\" width=\"1600\" height=\"1600\" src=\"https:\/\/www.yongyukitchenware.com\/wp-content\/uploads\/2025\/09\/Custom-Stainless-Steel-Salad-Container-5.webp\" alt=\"R\u00e9cipient \u00e0 salade en acier inoxydable sur mesure-5\" class=\"wp-image-4833\" srcset=\"https:\/\/www.yongyukitchenware.com\/wp-content\/uploads\/2025\/09\/Custom-Stainless-Steel-Salad-Container-5.webp 1600w, https:\/\/www.yongyukitchenware.com\/wp-content\/uploads\/2025\/09\/Custom-Stainless-Steel-Salad-Container-5-300x300.webp 300w, https:\/\/www.yongyukitchenware.com\/wp-content\/uploads\/2025\/09\/Custom-Stainless-Steel-Salad-Container-5-150x150.webp 150w, https:\/\/www.yongyukitchenware.com\/wp-content\/uploads\/2025\/09\/Custom-Stainless-Steel-Salad-Container-5-768x768.webp 768w, https:\/\/www.yongyukitchenware.com\/wp-content\/uploads\/2025\/09\/Custom-Stainless-Steel-Salad-Container-5-12x12.webp 12w, https:\/\/www.yongyukitchenware.com\/wp-content\/uploads\/2025\/09\/Custom-Stainless-Steel-Salad-Container-5-1200x1200.webp 1200w, https:\/\/www.yongyukitchenware.com\/wp-content\/uploads\/2025\/09\/Custom-Stainless-Steel-Salad-Container-5-600x600.webp 600w, https:\/\/www.yongyukitchenware.com\/wp-content\/uploads\/2025\/09\/Custom-Stainless-Steel-Salad-Container-5-100x100.webp 100w\" sizes=\"(max-width: 1600px) 100vw, 1600px\" \/><\/figure>\n<\/div>\n\n\n\n<div class=\"wp-block-column is-layout-flow wp-block-column-is-layout-flow\">\n<div class=\"wp-block-columns is-layout-flex wp-container-core-columns-is-layout-9d6595d7 wp-block-columns-is-layout-flex\">\n<div class=\"wp-block-column is-layout-flow wp-block-column-is-layout-flow\"><\/div>\n<\/div>\n\n\n\n<div class=\"wp-block-columns is-layout-flex wp-container-core-columns-is-layout-9d6595d7 wp-block-columns-is-layout-flex\">\n<div class=\"wp-block-column is-layout-flow wp-block-column-is-layout-flow\">\n<figure class=\"wp-block-image size-full is-resized\"><img decoding=\"async\" width=\"1600\" height=\"1600\" src=\"https:\/\/www.yongyukitchenware.com\/wp-content\/uploads\/2025\/09\/Custom-Stainless-Steel-Salad-Container-8.webp\" alt=\"R\u00e9cipient \u00e0 salade en acier inoxydable sur mesure-8\" class=\"wp-image-4836\" style=\"width:461px;height:auto\" srcset=\"https:\/\/www.yongyukitchenware.com\/wp-content\/uploads\/2025\/09\/Custom-Stainless-Steel-Salad-Container-8.webp 1600w, https:\/\/www.yongyukitchenware.com\/wp-content\/uploads\/2025\/09\/Custom-Stainless-Steel-Salad-Container-8-300x300.webp 300w, https:\/\/www.yongyukitchenware.com\/wp-content\/uploads\/2025\/09\/Custom-Stainless-Steel-Salad-Container-8-150x150.webp 150w, https:\/\/www.yongyukitchenware.com\/wp-content\/uploads\/2025\/09\/Custom-Stainless-Steel-Salad-Container-8-768x768.webp 768w, https:\/\/www.yongyukitchenware.com\/wp-content\/uploads\/2025\/09\/Custom-Stainless-Steel-Salad-Container-8-12x12.webp 12w, https:\/\/www.yongyukitchenware.com\/wp-content\/uploads\/2025\/09\/Custom-Stainless-Steel-Salad-Container-8-1200x1200.webp 1200w, https:\/\/www.yongyukitchenware.com\/wp-content\/uploads\/2025\/09\/Custom-Stainless-Steel-Salad-Container-8-600x600.webp 600w, https:\/\/www.yongyukitchenware.com\/wp-content\/uploads\/2025\/09\/Custom-Stainless-Steel-Salad-Container-8-100x100.webp 100w\" sizes=\"(max-width: 1600px) 100vw, 1600px\" \/><\/figure>\n\n\n\n<figure class=\"wp-block-image size-full\"><img decoding=\"async\" width=\"1600\" height=\"1600\" src=\"https:\/\/www.yongyukitchenware.com\/wp-content\/uploads\/2025\/09\/Custom-Stainless-Steel-Salad-Container-7.webp\" alt=\"R\u00e9cipient \u00e0 salade en acier inoxydable sur mesure-7\" class=\"wp-image-4835\" srcset=\"https:\/\/www.yongyukitchenware.com\/wp-content\/uploads\/2025\/09\/Custom-Stainless-Steel-Salad-Container-7.webp 1600w, https:\/\/www.yongyukitchenware.com\/wp-content\/uploads\/2025\/09\/Custom-Stainless-Steel-Salad-Container-7-300x300.webp 300w, https:\/\/www.yongyukitchenware.com\/wp-content\/uploads\/2025\/09\/Custom-Stainless-Steel-Salad-Container-7-150x150.webp 150w, https:\/\/www.yongyukitchenware.com\/wp-content\/uploads\/2025\/09\/Custom-Stainless-Steel-Salad-Container-7-768x768.webp 768w, https:\/\/www.yongyukitchenware.com\/wp-content\/uploads\/2025\/09\/Custom-Stainless-Steel-Salad-Container-7-12x12.webp 12w, https:\/\/www.yongyukitchenware.com\/wp-content\/uploads\/2025\/09\/Custom-Stainless-Steel-Salad-Container-7-1200x1200.webp 1200w, https:\/\/www.yongyukitchenware.com\/wp-content\/uploads\/2025\/09\/Custom-Stainless-Steel-Salad-Container-7-600x600.webp 600w, https:\/\/www.yongyukitchenware.com\/wp-content\/uploads\/2025\/09\/Custom-Stainless-Steel-Salad-Container-7-100x100.webp 100w\" sizes=\"(max-width: 1600px) 100vw, 1600px\" \/><\/figure>\n<\/div>\n<\/div>\n<\/div>\n<\/div>\n\n\n\n<p><\/p>","protected":false},"excerpt":{"rendered":"<p>Bo\u00eete \u00e0 salade en acier inoxydable personnalis\u00e9e avec plateau \u00e0 3 compartiments. Une solution durable et \u00e9cologique pour les repas, avec un design \u00e9l\u00e9gant en acier inoxydable et un plateau amovible \u00e0 3 compartiments, parfait pour garder les salades, les fruits et les snacks frais et bien s\u00e9par\u00e9s.Welcome inquiries\uff01<\/p>\n<h2 style=\"text-align: left;\">R\u00e9cipient \u00e0 salade en acier inoxydable personnalis\u00e9 Param\u00e8tres :<\/h2>\n<p style=\"text-align: left;\"><strong>Mat\u00e9riau :<\/strong> Acier inoxydable<br \/><strong>Couleur :<\/strong> Couleur argent<br \/><strong>Diff\u00e9rentes tailles :<\/strong> 1.8L<br \/><strong>Emballage : <\/strong>Sac d'opposition et bo\u00eete en carton<br \/><strong>OEM\/ODM :<\/strong> Disponible<\/p>\n<h2 class=\"wp-block-heading\">Fabricant de r\u00e9cipients de stockage d'aliments :<\/h2>\n<p>Fond\u00e9e en 1996, la soci\u00e9t\u00e9 Yongyu est sp\u00e9cialis\u00e9e dans la production et la vente en gros de r\u00e9cipients de conservation en acier inoxydable, d'ustensiles de cuisine, d'articles de restauration, d'articles m\u00e9nagers et d'\u00e9quipements de cuisine pour le camping. Elle propose \u00e0 ses clients des services OEM et ODM ainsi que des services d'approvisionnement en ligne.<\/p>","protected":false},"featured_media":4831,"comment_status":"closed","ping_status":"closed","template":"","meta":{"_acf_changed":true},"application":[31],"product_brand":[],"product_cat":[19],"product_tag":[],"class_list":{"0":"post-4746","1":"product","2":"type-product","3":"status-publish","4":"has-post-thumbnail","6":"application-champ-kitchen","7":"product_cat-food-storage-container-bulk-custom","9":"first","10":"instock","11":"shipping-taxable","12":"product-type-simple"},"acf":[],"_links":{"self":[{"href":"https:\/\/www.yongyukitchenware.com\/fr\/wp-json\/wp\/v2\/product\/4746","targetHints":{"allow":["GET"]}}],"collection":[{"href":"https:\/\/www.yongyukitchenware.com\/fr\/wp-json\/wp\/v2\/product"}],"about":[{"href":"https:\/\/www.yongyukitchenware.com\/fr\/wp-json\/wp\/v2\/types\/product"}],"replies":[{"embeddable":true,"href":"https:\/\/www.yongyukitchenware.com\/fr\/wp-json\/wp\/v2\/comments?post=4746"}],"wp:featuredmedia":[{"embeddable":true,"href":"https:\/\/www.yongyukitchenware.com\/fr\/wp-json\/wp\/v2\/media\/4831"}],"wp:attachment":[{"href":"https:\/\/www.yongyukitchenware.com\/fr\/wp-json\/wp\/v2\/media?parent=4746"}],"wp:term":[{"taxonomy":"application","embeddable":true,"href":"https:\/\/www.yongyukitchenware.com\/fr\/wp-json\/wp\/v2\/application?post=4746"},{"taxonomy":"product_brand","embeddable":true,"href":"https:\/\/www.yongyukitchenware.com\/fr\/wp-json\/wp\/v2\/product_brand?post=4746"},{"taxonomy":"product_cat","embeddable":true,"href":"https:\/\/www.yongyukitchenware.com\/fr\/wp-json\/wp\/v2\/product_cat?post=4746"},{"taxonomy":"product_tag","embeddable":true,"href":"https:\/\/www.yongyukitchenware.com\/fr\/wp-json\/wp\/v2\/product_tag?post=4746"}],"curies":[{"name":"wp","href":"https:\/\/api.w.org\/{rel}","templated":true}]}}