{"id":4747,"date":"2025-09-03T02:27:24","date_gmt":"2025-09-03T02:27:24","guid":{"rendered":"https:\/\/www.yongyukitchenware.com\/?post_type=product&#038;p=4747"},"modified":"2025-09-03T02:35:58","modified_gmt":"2025-09-03T02:35:58","slug":"bulk-round-multi-layered-lunch-box-304-stainless-steel-bento-box","status":"publish","type":"product","link":"https:\/\/www.yongyukitchenware.com\/fr\/produit\/bulk-round-multi-layered-lunch-box-304-stainless-steel-bento-box\/","title":{"rendered":"Bulk Round Multi-Layered Lunch Box 304 Stainless Steel Bento box"},"content":{"rendered":"<div class=\"wp-block-columns is-layout-flex wp-container-core-columns-is-layout-9d6595d7 wp-block-columns-is-layout-flex\">\n<div class=\"wp-block-column is-layout-flow wp-block-column-is-layout-flow\">\n<h2 class=\"wp-block-heading\">Bo\u00eete \u00e0 lunch ronde multicouche en vrac Caract\u00e9ristiques :<\/h2>\n\n\n\n<p><strong>Acier inoxydable 304 de qualit\u00e9 alimentaire Int\u00e9rieur : <\/strong>Fabriqu\u00e9 en acier inoxydable 304 de haute qualit\u00e9, r\u00e9sistant \u00e0 la corrosion et \u00e0 la chaleur, il garantit une utilisation \u00e0 long terme sans rouille ni odeur.<\/p>\n\n\n\n<p><strong>Coque ext\u00e9rieure en PP durable, anti-br\u00fblure et r\u00e9sistante aux chutes : <\/strong>Le mat\u00e9riau PP \u00e9pais offre une prise en main confortable, est antid\u00e9rapant et ne pr\u00e9sente aucun risque de br\u00fblure, ce qui le rend adapt\u00e9 aux adultes et aux enfants.<\/p>\n\n\n\n<p><strong>Conception multicouche pour la s\u00e9paration flexible des farines : <\/strong>Disponibles en deux, trois ou quatre couches, chacune avec un couvercle scell\u00e9 s\u00e9par\u00e9 pour \u00e9viter que les diff\u00e9rents aliments ne se m\u00e9langent - parfait pour le contr\u00f4le des portions et les repas vari\u00e9s.<\/p>\n\n\n\n<p><strong>Loquets double face pour une fermeture \u00e9tanche : <\/strong>Les fermetures s\u00e9curis\u00e9es \u00e0 double verrouillage maintiennent le contenant bien ferm\u00e9, emp\u00eachant ainsi les fuites. Id\u00e9al pour le travail, l'\u00e9cole ou les d\u00e9placements.<\/p>\n\n\n\n<p><strong>Structure d'isolation \u00e0 double paroi :<\/strong> La construction \u00e0 double couche permet de conserver la chaleur plus longtemps, de sorte que vos repas restent chauds et d\u00e9licieux sans qu'il soit n\u00e9cessaire de se presser.<\/p>\n\n\n\n<div class=\"wp-block-group is-vertical is-layout-flex wp-container-core-group-is-layout-8cf370e7 wp-block-group-is-layout-flex\">\n<h2 class=\"wp-block-heading\">Bo\u00eete \u00e0 lunch Thermos Taille :<\/h2>\n\n\n\n<figure class=\"wp-block-image size-full\"><img decoding=\"async\" width=\"800\" height=\"576\" src=\"https:\/\/www.yongyukitchenware.com\/wp-content\/uploads\/2025\/09\/Bulk-Round-Multi-Layered-Lunch-Box-3.webp\" alt=\"Bulk-Round-Multi-Layered-Lunch-Box-3\" class=\"wp-image-4811\" srcset=\"https:\/\/www.yongyukitchenware.com\/wp-content\/uploads\/2025\/09\/Bulk-Round-Multi-Layered-Lunch-Box-3.webp 800w, https:\/\/www.yongyukitchenware.com\/wp-content\/uploads\/2025\/09\/Bulk-Round-Multi-Layered-Lunch-Box-3-300x216.webp 300w, https:\/\/www.yongyukitchenware.com\/wp-content\/uploads\/2025\/09\/Bulk-Round-Multi-Layered-Lunch-Box-3-768x553.webp 768w, https:\/\/www.yongyukitchenware.com\/wp-content\/uploads\/2025\/09\/Bulk-Round-Multi-Layered-Lunch-Box-3-18x12.webp 18w, https:\/\/www.yongyukitchenware.com\/wp-content\/uploads\/2025\/09\/Bulk-Round-Multi-Layered-Lunch-Box-3-600x432.webp 600w\" sizes=\"(max-width: 800px) 100vw, 800px\" \/><\/figure>\n<\/div>\n<\/div>\n\n\n\n<div class=\"wp-block-column is-layout-flow wp-block-column-is-layout-flow\">\n<div class=\"wp-block-columns is-layout-flex wp-container-core-columns-is-layout-9d6595d7 wp-block-columns-is-layout-flex\">\n<div class=\"wp-block-column is-layout-flow wp-block-column-is-layout-flow\"><\/div>\n<\/div>\n\n\n\n<div class=\"wp-block-columns is-layout-flex wp-container-core-columns-is-layout-9d6595d7 wp-block-columns-is-layout-flex\">\n<div class=\"wp-block-column is-layout-flow wp-block-column-is-layout-flow\"><\/div>\n<\/div>\n\n\n\n<figure class=\"wp-block-image size-full is-resized\"><img decoding=\"async\" width=\"800\" height=\"800\" src=\"https:\/\/www.yongyukitchenware.com\/wp-content\/uploads\/2025\/09\/Bulk-Round-Multi-Layered-Lunch-Box-10.webp\" alt=\"Bulk-Round-Multi-Layered-Lunch-Box-10\" class=\"wp-image-4818\" style=\"width:461px;height:auto\" srcset=\"https:\/\/www.yongyukitchenware.com\/wp-content\/uploads\/2025\/09\/Bulk-Round-Multi-Layered-Lunch-Box-10.webp 800w, https:\/\/www.yongyukitchenware.com\/wp-content\/uploads\/2025\/09\/Bulk-Round-Multi-Layered-Lunch-Box-10-300x300.webp 300w, https:\/\/www.yongyukitchenware.com\/wp-content\/uploads\/2025\/09\/Bulk-Round-Multi-Layered-Lunch-Box-10-150x150.webp 150w, https:\/\/www.yongyukitchenware.com\/wp-content\/uploads\/2025\/09\/Bulk-Round-Multi-Layered-Lunch-Box-10-768x768.webp 768w, https:\/\/www.yongyukitchenware.com\/wp-content\/uploads\/2025\/09\/Bulk-Round-Multi-Layered-Lunch-Box-10-12x12.webp 12w, https:\/\/www.yongyukitchenware.com\/wp-content\/uploads\/2025\/09\/Bulk-Round-Multi-Layered-Lunch-Box-10-600x600.webp 600w, https:\/\/www.yongyukitchenware.com\/wp-content\/uploads\/2025\/09\/Bulk-Round-Multi-Layered-Lunch-Box-10-100x100.webp 100w\" sizes=\"(max-width: 800px) 100vw, 800px\" \/><\/figure>\n\n\n\n<figure class=\"wp-block-image size-full\"><img decoding=\"async\" width=\"800\" height=\"800\" src=\"https:\/\/www.yongyukitchenware.com\/wp-content\/uploads\/2025\/09\/Bulk-Round-Multi-Layered-Lunch-Box-8.webp\" alt=\"Bulk-Round-Multi-Layered-Lunch-Box-8\" class=\"wp-image-4816\" srcset=\"https:\/\/www.yongyukitchenware.com\/wp-content\/uploads\/2025\/09\/Bulk-Round-Multi-Layered-Lunch-Box-8.webp 800w, https:\/\/www.yongyukitchenware.com\/wp-content\/uploads\/2025\/09\/Bulk-Round-Multi-Layered-Lunch-Box-8-300x300.webp 300w, https:\/\/www.yongyukitchenware.com\/wp-content\/uploads\/2025\/09\/Bulk-Round-Multi-Layered-Lunch-Box-8-150x150.webp 150w, https:\/\/www.yongyukitchenware.com\/wp-content\/uploads\/2025\/09\/Bulk-Round-Multi-Layered-Lunch-Box-8-768x768.webp 768w, https:\/\/www.yongyukitchenware.com\/wp-content\/uploads\/2025\/09\/Bulk-Round-Multi-Layered-Lunch-Box-8-12x12.webp 12w, https:\/\/www.yongyukitchenware.com\/wp-content\/uploads\/2025\/09\/Bulk-Round-Multi-Layered-Lunch-Box-8-600x600.webp 600w, https:\/\/www.yongyukitchenware.com\/wp-content\/uploads\/2025\/09\/Bulk-Round-Multi-Layered-Lunch-Box-8-100x100.webp 100w\" sizes=\"(max-width: 800px) 100vw, 800px\" \/><\/figure>\n<\/div>\n<\/div>\n\n\n\n<p><\/p>","protected":false},"excerpt":{"rendered":"<p>Bo\u00eete \u00e0 lunch ronde multicouche en acier inoxydable 304, durable et s\u00fbre pour les aliments, gardant les repas frais et s\u00e9par\u00e9s - id\u00e9ale pour les commandes en vrac, les \u00e9coles, les bureaux et l'utilisation en plein air.Welcome inquiries\uff01<\/p>\n<h2 style=\"text-align: left;\">Bo\u00eete \u00e0 lunch ronde multicouche en vrac Param\u00e8tres :<\/h2>\n<p style=\"text-align: left;\"><strong>Mat\u00e9riau :<\/strong> Acier inoxydable<br \/><strong>Couleur :<\/strong> Couleur argent, noir, orange, rouge et bleu<br \/><strong>Diff\u00e9rentes tailles :<\/strong> 1850ml\u30012600ml\u30013350ml<br \/><strong>Emballage : <\/strong>Sac d'opposition et bo\u00eete en carton<br \/><strong>OEM\/ODM :<\/strong> Disponible<\/p>\n<h2 class=\"wp-block-heading\">Fabricant de r\u00e9cipients de stockage d'aliments :<\/h2>\n<p>Fond\u00e9e en 1996, la soci\u00e9t\u00e9 Yongyu est sp\u00e9cialis\u00e9e dans la production et la vente en gros de r\u00e9cipients de conservation en acier inoxydable, d'ustensiles de cuisine, d'articles de restauration, d'articles m\u00e9nagers et d'\u00e9quipements de cuisine pour le camping. Elle propose \u00e0 ses clients des services OEM et ODM ainsi que des services d'approvisionnement en ligne.<\/p>","protected":false},"featured_media":4810,"comment_status":"closed","ping_status":"closed","template":"","meta":{"_acf_changed":true},"application":[31],"product_brand":[],"product_cat":[19],"product_tag":[],"class_list":{"0":"post-4747","1":"product","2":"type-product","3":"status-publish","4":"has-post-thumbnail","6":"application-champ-kitchen","7":"product_cat-food-storage-container-bulk-custom","9":"first","10":"instock","11":"shipping-taxable","12":"product-type-simple"},"acf":[],"_links":{"self":[{"href":"https:\/\/www.yongyukitchenware.com\/fr\/wp-json\/wp\/v2\/product\/4747","targetHints":{"allow":["GET"]}}],"collection":[{"href":"https:\/\/www.yongyukitchenware.com\/fr\/wp-json\/wp\/v2\/product"}],"about":[{"href":"https:\/\/www.yongyukitchenware.com\/fr\/wp-json\/wp\/v2\/types\/product"}],"replies":[{"embeddable":true,"href":"https:\/\/www.yongyukitchenware.com\/fr\/wp-json\/wp\/v2\/comments?post=4747"}],"wp:featuredmedia":[{"embeddable":true,"href":"https:\/\/www.yongyukitchenware.com\/fr\/wp-json\/wp\/v2\/media\/4810"}],"wp:attachment":[{"href":"https:\/\/www.yongyukitchenware.com\/fr\/wp-json\/wp\/v2\/media?parent=4747"}],"wp:term":[{"taxonomy":"application","embeddable":true,"href":"https:\/\/www.yongyukitchenware.com\/fr\/wp-json\/wp\/v2\/application?post=4747"},{"taxonomy":"product_brand","embeddable":true,"href":"https:\/\/www.yongyukitchenware.com\/fr\/wp-json\/wp\/v2\/product_brand?post=4747"},{"taxonomy":"product_cat","embeddable":true,"href":"https:\/\/www.yongyukitchenware.com\/fr\/wp-json\/wp\/v2\/product_cat?post=4747"},{"taxonomy":"product_tag","embeddable":true,"href":"https:\/\/www.yongyukitchenware.com\/fr\/wp-json\/wp\/v2\/product_tag?post=4747"}],"curies":[{"name":"wp","href":"https:\/\/api.w.org\/{rel}","templated":true}]}}