{"id":4783,"date":"2025-08-27T08:56:57","date_gmt":"2025-08-27T08:56:57","guid":{"rendered":"https:\/\/www.yongyukitchenware.com\/?post_type=product&#038;p=4783"},"modified":"2025-08-27T08:56:59","modified_gmt":"2025-08-27T08:56:59","slug":"custom-bento-box-set-304-stainless-steel-insulated-lunch-box-khaki","status":"publish","type":"product","link":"https:\/\/www.yongyukitchenware.com\/fr\/produit\/custom-bento-box-set-304-stainless-steel-insulated-lunch-box-khaki\/","title":{"rendered":"Bo\u00eete \u00e0 bento personnalis\u00e9e Bo\u00eete \u00e0 lunch isol\u00e9e en acier inoxydable 304 - Kaki"},"content":{"rendered":"<div class=\"wp-block-columns is-layout-flex wp-container-core-columns-is-layout-9d6595d7 wp-block-columns-is-layout-flex\">\n<div class=\"wp-block-column is-layout-flow wp-block-column-is-layout-flow\">\n<h2 class=\"wp-block-heading\">Bo\u00eete \u00e0 bento personnalis\u00e9e Caract\u00e9ristiques :<\/h2>\n\n\n\n<p><strong>Rev\u00eatement int\u00e9rieur en acier inoxydable 304 de qualit\u00e9 alimentaire : <\/strong>Robuste et durable, r\u00e9sistant \u00e0 la chaleur, s\u00fbr et inodore, vous pouvez \u00eatre assur\u00e9 de maintenir le riz et les plats chauds.<\/p>\n\n\n\n<p><strong>La coque en PP est con\u00e7ue pour \u00eatre d\u00e9tachable : <\/strong>Le rev\u00eatement int\u00e9rieur est amovible et peut \u00eatre chauff\u00e9 au micro-ondes, ce qui rend le chauffage plus pratique et sans souci.<\/p>\n\n\n\n<p><strong>Structure \u00e0 double isolation :<\/strong> De l'eau chaude peut \u00eatre inject\u00e9e pour faciliter l'isolation. Associ\u00e9 \u00e0 un sac isolant, vous pouvez d\u00e9guster des repas chauds m\u00eame lorsque vous sortez.<\/p>\n\n\n\n<p><strong>Anneau d'\u00e9tanch\u00e9it\u00e9 \u00e9paissi et \u00e9tanche : <\/strong>L'\u00e9tanch\u00e9it\u00e9 est parfaite, emp\u00eachant la soupe de se r\u00e9pandre, ce qui rend les d\u00e9placements et le transport plus rassurants.<\/p>\n\n\n\n<p><strong>Disponible en plusieurs capacit\u00e9s et en deux couleurs :<\/strong> 600ml et 1200ml, kaki et rose, \u00e0 la fois pratiques et esth\u00e9tiques.<\/p>\n\n\n\n<div class=\"wp-block-group is-vertical is-layout-flex wp-container-core-group-is-layout-8cf370e7 wp-block-group-is-layout-flex\">\n<h2 class=\"wp-block-heading\">Bo\u00eete \u00e0 bento personnalis\u00e9e Taille :<\/h2>\n\n\n\n<figure class=\"wp-block-table\"><table class=\"has-fixed-layout\"><tbody><tr><td>Mod\u00e8le<\/td><td>Taille<\/td><td>MOQ<\/td><\/tr><tr><td rowspan=\"2\">DY059-FH<\/td><td>600ML<\/td><td rowspan=\"2\">200PCS<\/td><\/tr><tr><td>1200ML<\/td><\/tr><\/tbody><\/table><\/figure>\n<\/div>\n<\/div>\n\n\n\n<div class=\"wp-block-column is-layout-flow wp-block-column-is-layout-flow\">\n<div class=\"wp-block-columns is-layout-flex wp-container-core-columns-is-layout-9d6595d7 wp-block-columns-is-layout-flex\">\n<div class=\"wp-block-column is-layout-flow wp-block-column-is-layout-flow\"><\/div>\n<\/div>\n\n\n\n<div class=\"wp-block-columns is-layout-flex wp-container-core-columns-is-layout-9d6595d7 wp-block-columns-is-layout-flex\">\n<div class=\"wp-block-column is-layout-flow wp-block-column-is-layout-flow\">\n<figure class=\"wp-block-image size-full is-resized\"><img decoding=\"async\" width=\"800\" height=\"800\" src=\"https:\/\/www.yongyukitchenware.com\/wp-content\/uploads\/2025\/08\/Custom-Bento-Box-Set-5.webp\" alt=\"Kit de bo\u00eetes \u00e0 bento personnalis\u00e9es-5\" class=\"wp-image-4788\" style=\"width:461px;height:auto\" srcset=\"https:\/\/www.yongyukitchenware.com\/wp-content\/uploads\/2025\/08\/Custom-Bento-Box-Set-5.webp 800w, https:\/\/www.yongyukitchenware.com\/wp-content\/uploads\/2025\/08\/Custom-Bento-Box-Set-5-300x300.webp 300w, https:\/\/www.yongyukitchenware.com\/wp-content\/uploads\/2025\/08\/Custom-Bento-Box-Set-5-150x150.webp 150w, https:\/\/www.yongyukitchenware.com\/wp-content\/uploads\/2025\/08\/Custom-Bento-Box-Set-5-768x768.webp 768w, https:\/\/www.yongyukitchenware.com\/wp-content\/uploads\/2025\/08\/Custom-Bento-Box-Set-5-12x12.webp 12w, https:\/\/www.yongyukitchenware.com\/wp-content\/uploads\/2025\/08\/Custom-Bento-Box-Set-5-600x600.webp 600w, https:\/\/www.yongyukitchenware.com\/wp-content\/uploads\/2025\/08\/Custom-Bento-Box-Set-5-100x100.webp 100w\" sizes=\"(max-width: 800px) 100vw, 800px\" \/><\/figure>\n<\/div>\n<\/div>\n\n\n\n<figure class=\"wp-block-image size-full\"><img decoding=\"async\" width=\"800\" height=\"800\" src=\"https:\/\/www.yongyukitchenware.com\/wp-content\/uploads\/2025\/08\/Custom-Bento-Box-Set-6.webp\" alt=\"Ensemble de bo\u00eetes \u00e0 bento personnalis\u00e9es - 6\" class=\"wp-image-4789\" srcset=\"https:\/\/www.yongyukitchenware.com\/wp-content\/uploads\/2025\/08\/Custom-Bento-Box-Set-6.webp 800w, https:\/\/www.yongyukitchenware.com\/wp-content\/uploads\/2025\/08\/Custom-Bento-Box-Set-6-300x300.webp 300w, https:\/\/www.yongyukitchenware.com\/wp-content\/uploads\/2025\/08\/Custom-Bento-Box-Set-6-150x150.webp 150w, https:\/\/www.yongyukitchenware.com\/wp-content\/uploads\/2025\/08\/Custom-Bento-Box-Set-6-768x768.webp 768w, https:\/\/www.yongyukitchenware.com\/wp-content\/uploads\/2025\/08\/Custom-Bento-Box-Set-6-12x12.webp 12w, https:\/\/www.yongyukitchenware.com\/wp-content\/uploads\/2025\/08\/Custom-Bento-Box-Set-6-600x600.webp 600w, https:\/\/www.yongyukitchenware.com\/wp-content\/uploads\/2025\/08\/Custom-Bento-Box-Set-6-100x100.webp 100w\" sizes=\"(max-width: 800px) 100vw, 800px\" \/><\/figure>\n<\/div>\n<\/div>\n\n\n\n<p><\/p>","protected":false},"excerpt":{"rendered":"<p>Bo\u00eete \u00e0 bento personnalis\u00e9e Bo\u00eete \u00e0 lunch isotherme en acier inoxydable 304 de couleur kaki, parfaite pour garder les repas frais et chauds pendant les d\u00e9placements. Durable, \u00e9cologique et id\u00e9ale pour le travail, l'\u00e9cole ou les voyages. Bienvenue aux demandes de renseignements\uff01<\/p>\n<h2 style=\"text-align: left;\">Bo\u00eete \u00e0 bento personnalis\u00e9e Param\u00e8tre :<\/h2>\n<p style=\"text-align: left;\"><strong>Mat\u00e9riau :<\/strong> Acier inoxydable<br \/><strong>Couleur :<\/strong> Couleur argent, noir, orange, rouge et bleu<br \/><strong>Diff\u00e9rentes tailles :<\/strong> 0,6L, 1,2L,<br \/><strong>Emballage : <\/strong>Sac d'opposition et bo\u00eete en carton<br \/><strong>OEM\/ODM :<\/strong> Disponible<\/p>\n<h2 class=\"wp-block-heading\">Fabricant de r\u00e9cipients de stockage d'aliments :<\/h2>\n<p>Fond\u00e9e en 1996, la soci\u00e9t\u00e9 Yongyu est sp\u00e9cialis\u00e9e dans la production et la vente en gros de r\u00e9cipients de conservation en acier inoxydable, d'ustensiles de cuisine, d'articles de restauration, d'articles m\u00e9nagers et d'\u00e9quipements de cuisine pour le camping. Elle propose \u00e0 ses clients des services OEM et ODM ainsi que des services d'approvisionnement en ligne.<\/p>","protected":false},"featured_media":4784,"comment_status":"closed","ping_status":"closed","template":"","meta":{"_acf_changed":false},"application":[31],"product_brand":[],"product_cat":[19],"product_tag":[],"class_list":{"0":"post-4783","1":"product","2":"type-product","3":"status-publish","4":"has-post-thumbnail","6":"application-champ-kitchen","7":"product_cat-food-storage-container-bulk-custom","9":"first","10":"instock","11":"shipping-taxable","12":"product-type-simple"},"acf":[],"_links":{"self":[{"href":"https:\/\/www.yongyukitchenware.com\/fr\/wp-json\/wp\/v2\/product\/4783","targetHints":{"allow":["GET"]}}],"collection":[{"href":"https:\/\/www.yongyukitchenware.com\/fr\/wp-json\/wp\/v2\/product"}],"about":[{"href":"https:\/\/www.yongyukitchenware.com\/fr\/wp-json\/wp\/v2\/types\/product"}],"replies":[{"embeddable":true,"href":"https:\/\/www.yongyukitchenware.com\/fr\/wp-json\/wp\/v2\/comments?post=4783"}],"wp:featuredmedia":[{"embeddable":true,"href":"https:\/\/www.yongyukitchenware.com\/fr\/wp-json\/wp\/v2\/media\/4784"}],"wp:attachment":[{"href":"https:\/\/www.yongyukitchenware.com\/fr\/wp-json\/wp\/v2\/media?parent=4783"}],"wp:term":[{"taxonomy":"application","embeddable":true,"href":"https:\/\/www.yongyukitchenware.com\/fr\/wp-json\/wp\/v2\/application?post=4783"},{"taxonomy":"product_brand","embeddable":true,"href":"https:\/\/www.yongyukitchenware.com\/fr\/wp-json\/wp\/v2\/product_brand?post=4783"},{"taxonomy":"product_cat","embeddable":true,"href":"https:\/\/www.yongyukitchenware.com\/fr\/wp-json\/wp\/v2\/product_cat?post=4783"},{"taxonomy":"product_tag","embeddable":true,"href":"https:\/\/www.yongyukitchenware.com\/fr\/wp-json\/wp\/v2\/product_tag?post=4783"}],"curies":[{"name":"wp","href":"https:\/\/api.w.org\/{rel}","templated":true}]}}