{"id":4951,"date":"2025-10-08T02:50:59","date_gmt":"2025-10-08T02:50:59","guid":{"rendered":"https:\/\/www.yongyukitchenware.com\/?post_type=product&#038;p=4951"},"modified":"2025-10-14T06:06:22","modified_gmt":"2025-10-14T06:06:22","slug":"custom-304-stainless-steel-electric-chafing-dishes-buffet-food-warmers","status":"publish","type":"product","link":"https:\/\/www.yongyukitchenware.com\/fr\/produit\/custom-304-stainless-steel-electric-chafing-dishes-buffet-food-warmers\/","title":{"rendered":"R\u00e9chauds \u00e9lectriques pour buffets en acier inoxydable 304 sur mesure"},"content":{"rendered":"<div class=\"wp-block-columns is-layout-flex wp-container-core-columns-is-layout-9d6595d7 wp-block-columns-is-layout-flex\">\n<div class=\"wp-block-column is-layout-flow wp-block-column-is-layout-flow\">\n<h2 class=\"wp-block-heading\">Plats \u00e0 r\u00f4tir \u00e9lectriques en acier inoxydable 304 sur mesure Param\u00e8tres :<\/h2>\n\n\n\n<figure class=\"wp-block-table\"><table class=\"has-fixed-layout\"><tbody><tr><td>Mod\u00e8le<\/td><td>Longueur * Largeur * Hauteur (cm)<\/td><td>Capacit\u00e9 (l)<\/td><td>Poids (kg)<\/td><td>MOQ<\/td><\/tr><tr><td>DY056-CL<\/td><td>58<em>47<\/em>26<\/td><td>9<\/td><td>13.3<\/td><td>2PCS<\/td><\/tr><\/tbody><\/table><\/figure>\n\n\n\n<h2 class=\"wp-block-heading\">Plats \u00e0 r\u00f4tir \u00e9lectriques en acier inoxydable 304 sur mesure Caract\u00e9ristiques :<\/h2>\n\n\n\n<p><strong>Plusieurs compartiments sont disponibles :<\/strong> Les assiettes \u00e0 compartiment unique, \u00e0 double compartiment et \u00e0 triple compartiment peuvent \u00eatre combin\u00e9es librement pour disposer de mani\u00e8re flexible diff\u00e9rents plats, r\u00e9pondant ainsi aux besoins d'utilisation de divers sc\u00e9narios tels que les r\u00e9unions de famille, les buffets et les h\u00f4tels.<\/p>\n\n\n\n<p><strong>Deux options de mat\u00e9riaux :<\/strong> Deux types de mat\u00e9riaux sont disponibles pour les bo\u00eetes \u00e0 lunch : l'acier inoxydable 304 et la c\u00e9ramique haute r\u00e9sistance, qui concilient durabilit\u00e9 et esth\u00e9tique. Les utilisateurs peuvent choisir librement en fonction de leurs sc\u00e9narios de repas.<\/p>\n\n\n\n<p><strong>Syst\u00e8me intelligent de contr\u00f4le de la temp\u00e9rature : <\/strong>\u00c9quip\u00e9 d'un panneau de contr\u00f4le intelligent \u00e0 affichage num\u00e9rique, la temp\u00e9rature peut \u00eatre r\u00e9gl\u00e9e librement, l'effet de conservation de la chaleur est durable et stable, garantissant que le go\u00fbt des plats ne se perd pas, et le fonctionnement est pratique et facile \u00e0 ma\u00eetriser.<\/p>\n\n\n\n<p><strong>Couverture sup\u00e9rieure visuelle : <\/strong>Le couvercle en verre tremp\u00e9 transparent permet d'observer les aliments \u00e0 l'int\u00e9rieur sans les ouvrir fr\u00e9quemment, ce qui permet de maintenir la temp\u00e9rature des aliments et d'am\u00e9liorer l'exp\u00e9rience et l'efficacit\u00e9 de l'utilisateur.<\/p>\n\n\n\n<p><strong>Facile \u00e0 nettoyer :<\/strong> Le rev\u00eatement int\u00e9rieur lisse et la conception de la plaque amovible facilitent le nettoyage. L'acier inoxydable 304 est r\u00e9sistant \u00e0 la corrosion et \u00e0 l'huile. M\u00eame apr\u00e8s une utilisation prolong\u00e9e, il reste aussi propre qu'\u00e0 l'\u00e9tat neuf, pr\u00e9servant ainsi la sant\u00e9 de chaque repas.<\/p>\n<\/div>\n\n\n\n<div class=\"wp-block-column is-layout-flow wp-block-column-is-layout-flow\">\n<figure class=\"wp-block-image size-full\"><img decoding=\"async\" width=\"1000\" height=\"1000\" src=\"https:\/\/www.yongyukitchenware.com\/wp-content\/uploads\/2025\/09\/Custom-304-Chafing-Dishes-6.webp\" alt=\"Plats \u00e0 r\u00f4tir \u00e9lectriques en acier inoxydable 304 sur mesure\" class=\"wp-image-4957\" srcset=\"https:\/\/www.yongyukitchenware.com\/wp-content\/uploads\/2025\/09\/Custom-304-Chafing-Dishes-6.webp 1000w, https:\/\/www.yongyukitchenware.com\/wp-content\/uploads\/2025\/09\/Custom-304-Chafing-Dishes-6-300x300.webp 300w, https:\/\/www.yongyukitchenware.com\/wp-content\/uploads\/2025\/09\/Custom-304-Chafing-Dishes-6-150x150.webp 150w, https:\/\/www.yongyukitchenware.com\/wp-content\/uploads\/2025\/09\/Custom-304-Chafing-Dishes-6-768x768.webp 768w, https:\/\/www.yongyukitchenware.com\/wp-content\/uploads\/2025\/09\/Custom-304-Chafing-Dishes-6-12x12.webp 12w, https:\/\/www.yongyukitchenware.com\/wp-content\/uploads\/2025\/09\/Custom-304-Chafing-Dishes-6-600x600.webp 600w, https:\/\/www.yongyukitchenware.com\/wp-content\/uploads\/2025\/09\/Custom-304-Chafing-Dishes-6-100x100.webp 100w\" sizes=\"(max-width: 1000px) 100vw, 1000px\" \/><\/figure>\n<\/div>\n<\/div>","protected":false},"excerpt":{"rendered":"<p>Les chafing dishes \u00e9lectriques en acier inoxydable 304 offrent une chaleur efficace et homog\u00e8ne pour les buffets et la restauration. Fabriqu\u00e9s en acier inoxydable durable de qualit\u00e9 alimentaire, ils garantissent une performance durable et une pr\u00e9sentation \u00e9l\u00e9gante pour tout \u00e9v\u00e9nement. N'h\u00e9sitez pas \u00e0 nous contacter !<\/p>\n<h2><!-- wp:heading --><\/h2>\n<h2 class=\"wp-block-heading\">Attributs des plats \u00e0 r\u00e9chauffer \u00e9lectriques :<\/h2>\n<h2><!-- \/wp:heading --><\/p>\n<p><!-- wp:paragraph --><\/h2>\n<p><strong>Mat\u00e9riau : <\/strong>Acier inoxydable<br \/><strong>Couleur : <\/strong>Argent<br \/><strong>Forme :<\/strong> Rectangulaire avec couvercle \u00e0 charni\u00e8re<br \/><strong>Chaleur : <\/strong>Chauffage \u00e9lectrique<br \/><strong>Bac de r\u00e9cup\u00e9ration : <\/strong>Grille simple\/double\/trois<br \/><strong>OEM\/ODM : <\/strong>Disponible<\/p>\n<h2 class=\"wp-block-heading\">De Yongyu Chafing Dish Manufacturer :<\/h2>\n<p>Qu'il s'agisse d'un fournisseur de services de restauration, d'un h\u00f4tel ou d'un restaurant, ou d'une soci\u00e9t\u00e9 d'organisation d'\u00e9v\u00e9nements, nous fournissons des solutions compl\u00e8tes de vente en gros de chafing dishes pour aider votre entreprise avec des prix d'usine de haute qualit\u00e9 !<\/p>\n<h2><!-- \/wp:paragraph --><\/h2>","protected":false},"featured_media":4952,"comment_status":"closed","ping_status":"closed","template":"","meta":{"_acf_changed":false},"application":[30],"product_brand":[],"product_cat":[33],"product_tag":[],"class_list":{"0":"post-4951","1":"product","2":"type-product","3":"status-publish","4":"has-post-thumbnail","6":"application-hotel-catering","7":"product_cat-chafing-dishes-wholesale","9":"first","10":"instock","11":"shipping-taxable","12":"product-type-simple"},"acf":[],"_links":{"self":[{"href":"https:\/\/www.yongyukitchenware.com\/fr\/wp-json\/wp\/v2\/product\/4951","targetHints":{"allow":["GET"]}}],"collection":[{"href":"https:\/\/www.yongyukitchenware.com\/fr\/wp-json\/wp\/v2\/product"}],"about":[{"href":"https:\/\/www.yongyukitchenware.com\/fr\/wp-json\/wp\/v2\/types\/product"}],"replies":[{"embeddable":true,"href":"https:\/\/www.yongyukitchenware.com\/fr\/wp-json\/wp\/v2\/comments?post=4951"}],"wp:featuredmedia":[{"embeddable":true,"href":"https:\/\/www.yongyukitchenware.com\/fr\/wp-json\/wp\/v2\/media\/4952"}],"wp:attachment":[{"href":"https:\/\/www.yongyukitchenware.com\/fr\/wp-json\/wp\/v2\/media?parent=4951"}],"wp:term":[{"taxonomy":"application","embeddable":true,"href":"https:\/\/www.yongyukitchenware.com\/fr\/wp-json\/wp\/v2\/application?post=4951"},{"taxonomy":"product_brand","embeddable":true,"href":"https:\/\/www.yongyukitchenware.com\/fr\/wp-json\/wp\/v2\/product_brand?post=4951"},{"taxonomy":"product_cat","embeddable":true,"href":"https:\/\/www.yongyukitchenware.com\/fr\/wp-json\/wp\/v2\/product_cat?post=4951"},{"taxonomy":"product_tag","embeddable":true,"href":"https:\/\/www.yongyukitchenware.com\/fr\/wp-json\/wp\/v2\/product_tag?post=4951"}],"curies":[{"name":"wp","href":"https:\/\/api.w.org\/{rel}","templated":true}]}}