{"id":5007,"date":"2025-11-04T07:27:39","date_gmt":"2025-11-04T07:27:39","guid":{"rendered":"https:\/\/www.yongyukitchenware.com\/?post_type=product&#038;p=5007"},"modified":"2025-11-04T08:37:09","modified_gmt":"2025-11-04T08:37:09","slug":"custom-stainless-steel-square-basin-and-vegetable-fruit-colander-silver","status":"publish","type":"product","link":"https:\/\/www.yongyukitchenware.com\/fr\/produit\/custom-stainless-steel-square-basin-and-vegetable-fruit-colander-silver\/","title":{"rendered":"Cuvette carr\u00e9e et passoire \u00e0 l\u00e9gumes et \u00e0 fruits en acier inoxydable sur mesure - Argent"},"content":{"rendered":"<div class=\"wp-block-columns is-layout-flex wp-container-core-columns-is-layout-9d6595d7 wp-block-columns-is-layout-flex\">\n<div class=\"wp-block-column is-layout-flow wp-block-column-is-layout-flow\">\n<h2 class=\"wp-block-heading\">Cuvette carr\u00e9e en acier inoxydable sur mesure Caract\u00e9ristiques :<\/h2>\n\n\n\n<p><strong>Mat\u00e9riau en acier inoxydable de haute qualit\u00e9 : <\/strong>Fabriqu\u00e9 en acier inoxydable de haute qualit\u00e9, il est durable, ne rouille pas et peut r\u00e9sister \u00e0 une utilisation \u00e0 long terme, ce qui garantit qu'il reste comme neuf \u00e0 chaque fois qu'il est utilis\u00e9.<br><strong>Conception de drainage \u00e0 haute efficacit\u00e9 : <\/strong>Chaque bassin est \u00e9quip\u00e9 d'une conception finement perfor\u00e9e, permettant \u00e0 l'eau de s'\u00e9vaporer rapidement et vous permettant de laver les l\u00e9gumes, les fruits et d'\u00e9goutter les nouilles plus efficacement.<br><strong>Plusieurs options de taille :<\/strong> Disponibles en diff\u00e9rentes tailles allant de 20 \u00e0 36 cm, elles r\u00e9pondent aux diff\u00e9rents besoins de la cuisine. Qu'il s'agisse de petites portions d'ingr\u00e9dients ou de grandes portions de nourriture, elles peuvent toutes \u00eatre manipul\u00e9es avec facilit\u00e9.<br><strong>Aspect simple et moderne : <\/strong>Le design carr\u00e9 et la surface m\u00e9tallique lisse conf\u00e8rent \u00e0 chaque bac d'\u00e9gouttage une esth\u00e9tique simple et moderne, s'int\u00e9grant parfaitement \u00e0 tout style de d\u00e9coration de cuisine.<br><strong>Nettoyage pratique : <\/strong>La surface en acier inoxydable est facile \u00e0 nettoyer, r\u00e9sistante aux taches et n'absorbe pas facilement les graisses, ce qui permet de la laver facilement apr\u00e8s chaque utilisation et de maintenir la propret\u00e9 et l'hygi\u00e8ne.<\/p>\n\n\n\n<figure class=\"wp-block-image size-full\"><img decoding=\"async\" width=\"800\" height=\"800\" src=\"https:\/\/www.yongyukitchenware.com\/wp-content\/uploads\/2025\/10\/Custom-Stainless-Steel-Square-Basin-10.webp\" alt=\"Bassin carr\u00e9 en acier inoxydable sur mesure-10\" class=\"wp-image-5017\" srcset=\"https:\/\/www.yongyukitchenware.com\/wp-content\/uploads\/2025\/10\/Custom-Stainless-Steel-Square-Basin-10.webp 800w, https:\/\/www.yongyukitchenware.com\/wp-content\/uploads\/2025\/10\/Custom-Stainless-Steel-Square-Basin-10-300x300.webp 300w, https:\/\/www.yongyukitchenware.com\/wp-content\/uploads\/2025\/10\/Custom-Stainless-Steel-Square-Basin-10-150x150.webp 150w, https:\/\/www.yongyukitchenware.com\/wp-content\/uploads\/2025\/10\/Custom-Stainless-Steel-Square-Basin-10-768x768.webp 768w, https:\/\/www.yongyukitchenware.com\/wp-content\/uploads\/2025\/10\/Custom-Stainless-Steel-Square-Basin-10-12x12.webp 12w, https:\/\/www.yongyukitchenware.com\/wp-content\/uploads\/2025\/10\/Custom-Stainless-Steel-Square-Basin-10-600x600.webp 600w, https:\/\/www.yongyukitchenware.com\/wp-content\/uploads\/2025\/10\/Custom-Stainless-Steel-Square-Basin-10-100x100.webp 100w\" sizes=\"(max-width: 800px) 100vw, 800px\" \/><\/figure>\n<\/div>\n\n\n\n<div class=\"wp-block-column is-layout-flow wp-block-column-is-layout-flow\">\n<div class=\"wp-block-columns is-layout-flex wp-container-core-columns-is-layout-9d6595d7 wp-block-columns-is-layout-flex\">\n<div class=\"wp-block-column is-layout-flow wp-block-column-is-layout-flow\">\n<figure class=\"wp-block-image size-full\"><img decoding=\"async\" width=\"800\" height=\"800\" src=\"https:\/\/www.yongyukitchenware.com\/wp-content\/uploads\/2025\/10\/Custom-Stainless-Steel-Square-Basin-12.webp\" alt=\"Bassin carr\u00e9 en acier inoxydable sur mesure-12\" class=\"wp-image-5019\" srcset=\"https:\/\/www.yongyukitchenware.com\/wp-content\/uploads\/2025\/10\/Custom-Stainless-Steel-Square-Basin-12.webp 800w, https:\/\/www.yongyukitchenware.com\/wp-content\/uploads\/2025\/10\/Custom-Stainless-Steel-Square-Basin-12-300x300.webp 300w, https:\/\/www.yongyukitchenware.com\/wp-content\/uploads\/2025\/10\/Custom-Stainless-Steel-Square-Basin-12-150x150.webp 150w, https:\/\/www.yongyukitchenware.com\/wp-content\/uploads\/2025\/10\/Custom-Stainless-Steel-Square-Basin-12-768x768.webp 768w, https:\/\/www.yongyukitchenware.com\/wp-content\/uploads\/2025\/10\/Custom-Stainless-Steel-Square-Basin-12-12x12.webp 12w, https:\/\/www.yongyukitchenware.com\/wp-content\/uploads\/2025\/10\/Custom-Stainless-Steel-Square-Basin-12-600x600.webp 600w, https:\/\/www.yongyukitchenware.com\/wp-content\/uploads\/2025\/10\/Custom-Stainless-Steel-Square-Basin-12-100x100.webp 100w\" sizes=\"(max-width: 800px) 100vw, 800px\" \/><\/figure>\n\n\n\n<h2 class=\"wp-block-heading\">Cuvette carr\u00e9e en acier inoxydable sur mesure Taille :<\/h2>\n\n\n\n<figure class=\"wp-block-table\"><table class=\"has-fixed-layout\"><tbody><tr><td>Mod\u00e8le<\/td><td>Taille<\/td><td>Poids (g)<\/td><td>MOQ<\/td><\/tr><tr><td rowspan=\"18\">DY040-TLP<\/td><td>20cm<\/td><td>200<\/td><td rowspan=\"18\">200PCS<\/td><\/tr><tr><td>22cm<\/td><td>245<\/td><\/tr><tr><td>24cm<\/td><td>285<\/td><\/tr><tr><td>26cm<\/td><td>328<\/td><\/tr><tr><td>28cm<\/td><td>382<\/td><\/tr><tr><td>30cm<\/td><td>470<\/td><\/tr><tr><td>32cm<\/td><td>525<\/td><\/tr><tr><td>34cm<\/td><td>624<\/td><\/tr><tr><td>36cm<\/td><td>758<\/td><\/tr><tr><td>20cm<\/td><td>193<\/td><\/tr><tr><td>22cm<\/td><td>235<\/td><\/tr><tr><td>24cm<\/td><td>270<\/td><\/tr><tr><td>26cm<\/td><td>310<\/td><\/tr><tr><td>28cm<\/td><td>370<\/td><\/tr><tr><td>30cm<\/td><td>445<\/td><\/tr><tr><td>32cm<\/td><td>500<\/td><\/tr><tr><td>34cm<\/td><td>590<\/td><\/tr><tr><td>36cm<\/td><td>718<\/td><\/tr><\/tbody><\/table><\/figure>\n<\/div>\n<\/div>\n\n\n\n<div class=\"wp-block-columns is-layout-flex wp-container-core-columns-is-layout-9d6595d7 wp-block-columns-is-layout-flex\">\n<div class=\"wp-block-column is-layout-flow wp-block-column-is-layout-flow\"><\/div>\n<\/div>\n<\/div>\n<\/div>","protected":false},"excerpt":{"rendered":"<p>L'ensemble lavabo carr\u00e9 et \u00e9gouttoir en acier inoxydable convient au nettoyage, \u00e0 l'\u00e9gouttage et \u00e0 la pr\u00e9paration des aliments. Il permet de manipuler facilement les l\u00e9gumes, les fruits, le riz, les p\u00e2tes et d'autres ingr\u00e9dients. Qu'il s'agisse d'une cuisine domestique ou d'une cuisine commerciale, c'est un choix id\u00e9al, efficace et fiable. Am\u00e9liorez votre cuisine et choisissez cet outil essentiel. C'est le choix id\u00e9al pour les achats en gros. Contactez-nous imm\u00e9diatement pour obtenir le prix de gros !<\/p>\n<h2>Param\u00e8tres de bassin carr\u00e9 en acier inoxydable sur mesure :<\/h2>\n<p><strong>Mat\u00e9riau :<\/strong> acier inoxydable<br \/><strong>Comprend :<\/strong> un bol \u00e0 m\u00e9langer et une passoire<br \/><strong>Conception du bol :<\/strong> Conception carr\u00e9e, mat\u00e9riau \u00e9paissi<br \/><strong>Sp\u00e9cifications :<\/strong> 20-36cm<br \/><strong>Emballage :<\/strong> sac\/volume\/carton ou sur mesure<br \/><strong>OEM\/ODM :<\/strong> Disponible<\/p>\n<h2 class=\"wp-block-heading\">Fabriqu\u00e9 par le fabricant d'ustensiles de cuisine Yongyu :<\/h2>\n<p>Yongyu est un fabricant professionnel d'ustensiles de cuisine. Nos produits couvrent toutes sortes d'ustensiles de cuisine en acier inoxydable et d'accessoires de cuisine, fournissant des solutions personnalis\u00e9es avec des produits de haute qualit\u00e9 et des prix d'usine.<\/p>","protected":false},"featured_media":5008,"comment_status":"closed","ping_status":"closed","template":"","meta":{"_acf_changed":false},"application":[29],"product_brand":[],"product_cat":[23,35],"product_tag":[],"class_list":{"0":"post-5007","1":"product","2":"type-product","3":"status-publish","4":"has-post-thumbnail","6":"application-home-kitchen","7":"product_cat-kitchenware-wholesale","8":"product_cat-baking-trays-wholesale","10":"first","11":"instock","12":"shipping-taxable","13":"product-type-simple"},"acf":[],"_links":{"self":[{"href":"https:\/\/www.yongyukitchenware.com\/fr\/wp-json\/wp\/v2\/product\/5007","targetHints":{"allow":["GET"]}}],"collection":[{"href":"https:\/\/www.yongyukitchenware.com\/fr\/wp-json\/wp\/v2\/product"}],"about":[{"href":"https:\/\/www.yongyukitchenware.com\/fr\/wp-json\/wp\/v2\/types\/product"}],"replies":[{"embeddable":true,"href":"https:\/\/www.yongyukitchenware.com\/fr\/wp-json\/wp\/v2\/comments?post=5007"}],"wp:featuredmedia":[{"embeddable":true,"href":"https:\/\/www.yongyukitchenware.com\/fr\/wp-json\/wp\/v2\/media\/5008"}],"wp:attachment":[{"href":"https:\/\/www.yongyukitchenware.com\/fr\/wp-json\/wp\/v2\/media?parent=5007"}],"wp:term":[{"taxonomy":"application","embeddable":true,"href":"https:\/\/www.yongyukitchenware.com\/fr\/wp-json\/wp\/v2\/application?post=5007"},{"taxonomy":"product_brand","embeddable":true,"href":"https:\/\/www.yongyukitchenware.com\/fr\/wp-json\/wp\/v2\/product_brand?post=5007"},{"taxonomy":"product_cat","embeddable":true,"href":"https:\/\/www.yongyukitchenware.com\/fr\/wp-json\/wp\/v2\/product_cat?post=5007"},{"taxonomy":"product_tag","embeddable":true,"href":"https:\/\/www.yongyukitchenware.com\/fr\/wp-json\/wp\/v2\/product_tag?post=5007"}],"curies":[{"name":"wp","href":"https:\/\/api.w.org\/{rel}","templated":true}]}}