{"id":5029,"date":"2025-11-17T03:26:56","date_gmt":"2025-11-17T03:26:56","guid":{"rendered":"https:\/\/www.yongyukitchenware.com\/?post_type=product&#038;p=5029"},"modified":"2025-11-17T03:26:57","modified_gmt":"2025-11-17T03:26:57","slug":"bulk-stainless-steel-mixing-bowl-and-colander-set-with-handle","status":"publish","type":"product","link":"https:\/\/www.yongyukitchenware.com\/fr\/produit\/bulk-stainless-steel-mixing-bowl-and-colander-set-with-handle\/","title":{"rendered":"Ensemble bol \u00e0 m\u00e9langer et passoire en acier inoxydable en vrac avec poign\u00e9e"},"content":{"rendered":"<div class=\"wp-block-columns is-layout-flex wp-container-core-columns-is-layout-9d6595d7 wp-block-columns-is-layout-flex\">\n<div class=\"wp-block-column is-layout-flow wp-block-column-is-layout-flow\">\n<h2 class=\"wp-block-heading\">Bol \u00e0 m\u00e9langer en acier inoxydable avec poign\u00e9e Caract\u00e9ristiques :<\/h2>\n\n\n\n<p><strong>S\u00e9curit\u00e9 et durabilit\u00e9 des mat\u00e9riaux : <\/strong>Fabriqu\u00e9 en acier inoxydable 304 de qualit\u00e9 alimentaire, il est r\u00e9sistant \u00e0 la corrosion et ne rouille pas. Le contact direct avec les aliments est plus sain et a une longue dur\u00e9e de vie.<br><strong>Multiples dimensions et multifonctions : <\/strong>Disponible en diff\u00e9rentes tailles (23\/25\/27\/29\/31 cm), le lavabo peut \u00eatre utilis\u00e9 pour p\u00e9trir la p\u00e2te, cuisiner la soupe et conserver les aliments, tandis que le bac d'\u00e9gouttage peut \u00eatre utilis\u00e9 pour laver et \u00e9goutter les fruits et les l\u00e9gumes. Un seul ensemble r\u00e9pond \u00e0 tous les besoins de la cuisine<br><strong>Conception humanis\u00e9e de la poign\u00e9e :<\/strong> Le bassin est \u00e9quip\u00e9 de poign\u00e9es des deux c\u00f4t\u00e9s, qui sont ergonomiques, confortables et stables \u00e0 tenir, et moins susceptibles de glisser lors du versement ou du transfert de liquide, ce qui facilite son utilisation.<br><strong>Pratique et facile \u00e0 nettoyer :<\/strong> Les trous du bassin d'\u00e9gouttage sont denses et uniformes, ce qui permet un \u00e9coulement rapide et complet de l'eau. La paroi int\u00e9rieure du lavabo est lisse, ce qui le rend non collant lors du p\u00e9trissage de la p\u00e2te. Elle peut \u00eatre nettoy\u00e9e facilement. Par ailleurs, le processus de polissage miroir am\u00e9liore l'aspect et la texture.<\/p>\n<\/div>\n\n\n\n<div class=\"wp-block-column is-layout-flow wp-block-column-is-layout-flow\">\n<div class=\"wp-block-columns is-layout-flex wp-container-core-columns-is-layout-9d6595d7 wp-block-columns-is-layout-flex\">\n<div class=\"wp-block-column is-layout-flow wp-block-column-is-layout-flow\">\n<figure class=\"wp-block-image size-full\"><img decoding=\"async\" width=\"800\" height=\"800\" src=\"https:\/\/www.yongyukitchenware.com\/wp-content\/uploads\/2025\/11\/Bulk-Stainless-Steel-Mixing-Bowl-with-Handle-7.webp\" alt=\"Bulk-Bol \u00e0 m\u00e9lange en acier inoxydable avec poign\u00e9e-7\" class=\"wp-image-5068\" srcset=\"https:\/\/www.yongyukitchenware.com\/wp-content\/uploads\/2025\/11\/Bulk-Stainless-Steel-Mixing-Bowl-with-Handle-7.webp 800w, https:\/\/www.yongyukitchenware.com\/wp-content\/uploads\/2025\/11\/Bulk-Stainless-Steel-Mixing-Bowl-with-Handle-7-300x300.webp 300w, https:\/\/www.yongyukitchenware.com\/wp-content\/uploads\/2025\/11\/Bulk-Stainless-Steel-Mixing-Bowl-with-Handle-7-150x150.webp 150w, https:\/\/www.yongyukitchenware.com\/wp-content\/uploads\/2025\/11\/Bulk-Stainless-Steel-Mixing-Bowl-with-Handle-7-768x768.webp 768w, https:\/\/www.yongyukitchenware.com\/wp-content\/uploads\/2025\/11\/Bulk-Stainless-Steel-Mixing-Bowl-with-Handle-7-12x12.webp 12w, https:\/\/www.yongyukitchenware.com\/wp-content\/uploads\/2025\/11\/Bulk-Stainless-Steel-Mixing-Bowl-with-Handle-7-600x600.webp 600w, https:\/\/www.yongyukitchenware.com\/wp-content\/uploads\/2025\/11\/Bulk-Stainless-Steel-Mixing-Bowl-with-Handle-7-100x100.webp 100w\" sizes=\"(max-width: 800px) 100vw, 800px\" \/><\/figure>\n\n\n\n<h2 class=\"wp-block-heading\">Bulk Bol \u00e0 m\u00e9langer en acier inoxydable avec poign\u00e9e Taille :<\/h2>\n\n\n\n<figure class=\"wp-block-table\"><table class=\"has-fixed-layout\"><tbody><tr><td>Mod\u00e8le<\/td><td>Nom du produit<\/td><td>Taille<\/td><td>Poids<\/td><td>MOQ<\/td><\/tr><tr><td rowspan=\"10\">DY043-TLP<\/td><td rowspan=\"5\">Bol \u00e0 m\u00e9langer en acier inoxydable<\/td><td>23cm<\/td><td>320g<\/td><td rowspan=\"10\">200 PCS<\/td><\/tr><tr><td>25cm<\/td><td>360g<\/td><\/tr><tr><td>27cm<\/td><td>410g<\/td><\/tr><tr><td>29cm<\/td><td>460g<\/td><\/tr><tr><td>31cm<\/td><td>520g<\/td><\/tr><tr><td rowspan=\"5\">Passoire en acier inoxydable<\/td><td>23cm<\/td><td>280g<\/td><\/tr><tr><td>25cm<\/td><td>310g<\/td><\/tr><tr><td>27cm<\/td><td>360g<\/td><\/tr><tr><td>29cm<\/td><td>400g<\/td><\/tr><tr><td>31cm<\/td><td>460g<\/td><\/tr><\/tbody><\/table><\/figure>\n<\/div>\n<\/div>\n\n\n\n<div class=\"wp-block-columns is-layout-flex wp-container-core-columns-is-layout-9d6595d7 wp-block-columns-is-layout-flex\">\n<div class=\"wp-block-column is-layout-flow wp-block-column-is-layout-flow\"><\/div>\n<\/div>\n<\/div>\n<\/div>","protected":false},"excerpt":{"rendered":"<p>Ensemble bassine et passoire en acier inoxydable 304 Fabriqu\u00e9 en acier inoxydable 304 de qualit\u00e9 alimentaire, cet ensemble est disponible dans les tailles 23\/25\/27\/29\/31cm avec deux poign\u00e9es pour une prise en main facile. Il est parfait pour laver les fruits et l\u00e9gumes, p\u00e9trir la p\u00e2te ou m\u00eame faire bouillir la soupe. S\u00fbr pour le contact alimentaire, r\u00e9sistant \u00e0 la corrosion et con\u00e7u pour durer, il permet d'\u00e9conomiser de l'espace et de l'argent tout en r\u00e9pondant \u00e0 tous les besoins de la cuisine - un choix id\u00e9al pour les cuisiniers et les p\u00e2tissiers.<\/p>\n<h2>Bol \u00e0 m\u00e9langer en vrac en acier inoxydable avec poign\u00e9e Param\u00e8tres :<\/h2>\n<p><strong>Mat\u00e9riau :<\/strong> acier inoxydable<br \/><strong>Comprend :<\/strong> un bol \u00e0 m\u00e9langer et une passoire<br \/><strong>Conception du bol :<\/strong> Mod\u00e8le rond, avec poign\u00e9e<br \/><strong>Sp\u00e9cifications :<\/strong> 23\/25\/27\/29\/31cm<br \/><strong>Emballage :<\/strong> sac\/volume\/carton ou sur mesure<br \/><strong>OEM\/ODM :<\/strong> Disponible<\/p>\n<h2 class=\"wp-block-heading\">Fabriqu\u00e9 par le fabricant d'ustensiles de cuisine Yongyu :<\/h2>\n<p>Yongyu est un fabricant professionnel d'ustensiles de cuisine. Nos produits couvrent toutes sortes d'ustensiles de cuisine en acier inoxydable et d'accessoires de cuisine, fournissant des solutions personnalis\u00e9es avec des produits de haute qualit\u00e9 et des prix d'usine.<\/p>","protected":false},"featured_media":5062,"comment_status":"closed","ping_status":"closed","template":"","meta":{"_acf_changed":true},"application":[29],"product_brand":[],"product_cat":[23,35],"product_tag":[],"class_list":{"0":"post-5029","1":"product","2":"type-product","3":"status-publish","4":"has-post-thumbnail","6":"application-home-kitchen","7":"product_cat-kitchenware-wholesale","8":"product_cat-baking-trays-wholesale","10":"first","11":"instock","12":"shipping-taxable","13":"product-type-simple"},"acf":[],"_links":{"self":[{"href":"https:\/\/www.yongyukitchenware.com\/fr\/wp-json\/wp\/v2\/product\/5029","targetHints":{"allow":["GET"]}}],"collection":[{"href":"https:\/\/www.yongyukitchenware.com\/fr\/wp-json\/wp\/v2\/product"}],"about":[{"href":"https:\/\/www.yongyukitchenware.com\/fr\/wp-json\/wp\/v2\/types\/product"}],"replies":[{"embeddable":true,"href":"https:\/\/www.yongyukitchenware.com\/fr\/wp-json\/wp\/v2\/comments?post=5029"}],"wp:featuredmedia":[{"embeddable":true,"href":"https:\/\/www.yongyukitchenware.com\/fr\/wp-json\/wp\/v2\/media\/5062"}],"wp:attachment":[{"href":"https:\/\/www.yongyukitchenware.com\/fr\/wp-json\/wp\/v2\/media?parent=5029"}],"wp:term":[{"taxonomy":"application","embeddable":true,"href":"https:\/\/www.yongyukitchenware.com\/fr\/wp-json\/wp\/v2\/application?post=5029"},{"taxonomy":"product_brand","embeddable":true,"href":"https:\/\/www.yongyukitchenware.com\/fr\/wp-json\/wp\/v2\/product_brand?post=5029"},{"taxonomy":"product_cat","embeddable":true,"href":"https:\/\/www.yongyukitchenware.com\/fr\/wp-json\/wp\/v2\/product_cat?post=5029"},{"taxonomy":"product_tag","embeddable":true,"href":"https:\/\/www.yongyukitchenware.com\/fr\/wp-json\/wp\/v2\/product_tag?post=5029"}],"curies":[{"name":"wp","href":"https:\/\/api.w.org\/{rel}","templated":true}]}}