{"id":5109,"date":"2026-02-28T06:24:39","date_gmt":"2026-02-28T06:24:39","guid":{"rendered":"https:\/\/www.yongyukitchenware.com\/?post_type=product&#038;p=5109"},"modified":"2026-03-02T07:30:23","modified_gmt":"2026-03-02T07:30:23","slug":"wholesale-deep-baking-tray-stainless-steel-rectangular-serving-plate","status":"publish","type":"product","link":"https:\/\/www.yongyukitchenware.com\/fr\/produit\/wholesale-deep-baking-tray-stainless-steel-rectangular-serving-plate\/","title":{"rendered":"Wholesale Deep Baking Tray Stainless Steel Rectangular Serving Plate (Plaque de service rectangulaire en acier inoxydable)"},"content":{"rendered":"<div class=\"wp-block-columns is-layout-flex wp-container-core-columns-is-layout-9d6595d7 wp-block-columns-is-layout-flex\">\n<div class=\"wp-block-column is-layout-flow wp-block-column-is-layout-flow\">\n<h2 class=\"wp-block-heading\">Plaque \u00e0 p\u00e2tisserie profonde en gros Taille :<\/h2>\n\n\n\n<figure class=\"wp-block-table\"><table class=\"has-fixed-layout\"><tbody><tr><td>Mod\u00e8le<\/td><td>Taille<\/td><td>Poids<\/td><td>MOQ<\/td><\/tr><tr><td rowspan=\"3\">DY077-P<\/td><td>36X18X5.5CM<\/td><td>200g<\/td><td rowspan=\"3\">120 PCS<\/td><\/tr><tr><td>43X23X6CM<\/td><td>245g<\/td><\/tr><tr><td>52X27X7.5CM<\/td><td>285g<\/td><\/tr><\/tbody><\/table><\/figure>\n\n\n\n<h2 class=\"wp-block-heading\">Plaque de cuisson profonde en gros Caract\u00e9ristiques :<\/h2>\n\n\n\n<p><strong>Acier inoxydable de premi\u00e8re qualit\u00e9 : <\/strong>Fabriqu\u00e9 en acier inoxydable de haute qualit\u00e9, de qualit\u00e9 alimentaire, garantissant solidit\u00e9, long\u00e9vit\u00e9 et r\u00e9sistance \u00e0 la rouille et \u00e0 la corrosion.<\/p>\n\n\n\n<p><strong>Utilisation polyvalente :<\/strong> Id\u00e9al pour la cuisson, le r\u00f4tissage, le gril et m\u00eame le service ; parfait pour la cuisine d'int\u00e9rieur et d'ext\u00e9rieur.<\/p>\n\n\n\n<p><strong>Conception approfondie : <\/strong>Les parois plus profondes emp\u00eachent les \u00e9claboussures et maintiennent les aliments \u00e0 l'int\u00e9rieur, ce qui est id\u00e9al pour cuisiner de grandes quantit\u00e9s ou des plats contenant des liquides.<\/p>\n\n\n\n<p><strong>\u00c9l\u00e9gant et moderne :<\/strong> Disponibles dans d'\u00e9l\u00e9gantes finitions or et argent, ces casseroles ajoutent une touche de sophistication \u00e0 votre cuisine et \u00e0 votre table \u00e0 manger.<\/p>\n\n\n\n<p><strong>Facile \u00e0 nettoyer :<\/strong> La surface antiadh\u00e9sive et la finition lisse facilitent le nettoyage, ce qui vous permet d'\u00e9conomiser du temps et des efforts apr\u00e8s chaque repas.<\/p>\n<\/div>\n\n\n\n<div class=\"wp-block-column is-layout-flow wp-block-column-is-layout-flow\">\n<figure class=\"wp-block-image size-full\"><img decoding=\"async\" width=\"800\" height=\"800\" src=\"https:\/\/www.yongyukitchenware.com\/wp-content\/uploads\/2026\/02\/Wholesale-Deep-Baking-Tray-7.webp\" alt=\"Plateau \u00e0 p\u00e2tisserie profonde - vente en gros - 7\" class=\"wp-image-5116\" style=\"object-fit:cover\" srcset=\"https:\/\/www.yongyukitchenware.com\/wp-content\/uploads\/2026\/02\/Wholesale-Deep-Baking-Tray-7.webp 800w, https:\/\/www.yongyukitchenware.com\/wp-content\/uploads\/2026\/02\/Wholesale-Deep-Baking-Tray-7-300x300.webp 300w, https:\/\/www.yongyukitchenware.com\/wp-content\/uploads\/2026\/02\/Wholesale-Deep-Baking-Tray-7-150x150.webp 150w, https:\/\/www.yongyukitchenware.com\/wp-content\/uploads\/2026\/02\/Wholesale-Deep-Baking-Tray-7-768x768.webp 768w, https:\/\/www.yongyukitchenware.com\/wp-content\/uploads\/2026\/02\/Wholesale-Deep-Baking-Tray-7-12x12.webp 12w, https:\/\/www.yongyukitchenware.com\/wp-content\/uploads\/2026\/02\/Wholesale-Deep-Baking-Tray-7-600x600.webp 600w, https:\/\/www.yongyukitchenware.com\/wp-content\/uploads\/2026\/02\/Wholesale-Deep-Baking-Tray-7-100x100.webp 100w\" sizes=\"(max-width: 800px) 100vw, 800px\" \/><\/figure>\n\n\n\n<figure class=\"wp-block-image size-full\"><img decoding=\"async\" width=\"800\" height=\"800\" src=\"https:\/\/www.yongyukitchenware.com\/wp-content\/uploads\/2026\/02\/Wholesale-Deep-Baking-Tray-5.webp\" alt=\"Plateau \u00e0 p\u00e2tisserie profonde - vente en gros - 5\" class=\"wp-image-5114\" srcset=\"https:\/\/www.yongyukitchenware.com\/wp-content\/uploads\/2026\/02\/Wholesale-Deep-Baking-Tray-5.webp 800w, https:\/\/www.yongyukitchenware.com\/wp-content\/uploads\/2026\/02\/Wholesale-Deep-Baking-Tray-5-300x300.webp 300w, https:\/\/www.yongyukitchenware.com\/wp-content\/uploads\/2026\/02\/Wholesale-Deep-Baking-Tray-5-150x150.webp 150w, https:\/\/www.yongyukitchenware.com\/wp-content\/uploads\/2026\/02\/Wholesale-Deep-Baking-Tray-5-768x768.webp 768w, https:\/\/www.yongyukitchenware.com\/wp-content\/uploads\/2026\/02\/Wholesale-Deep-Baking-Tray-5-12x12.webp 12w, https:\/\/www.yongyukitchenware.com\/wp-content\/uploads\/2026\/02\/Wholesale-Deep-Baking-Tray-5-600x600.webp 600w, https:\/\/www.yongyukitchenware.com\/wp-content\/uploads\/2026\/02\/Wholesale-Deep-Baking-Tray-5-100x100.webp 100w\" sizes=\"(max-width: 800px) 100vw, 800px\" \/><\/figure>\n<\/div>\n<\/div>\n\n\n\n<p><\/p>","protected":false},"excerpt":{"rendered":"<div class=\"n4sEPd\">\n<div class=\"UdTY9 qhIQqf leDWne\" aria-hidden=\"true\" data-location=\"1\">\n<div class=\"n4sEPd\">\n<div class=\"UdTY9 qhIQqf leDWne\" aria-hidden=\"true\" data-location=\"1\">Cette plaque \u00e0 p\u00e2tisserie profonde en acier inoxydable est fabriqu\u00e9e en acier inoxydable de haute qualit\u00e9, ce qui garantit sa durabilit\u00e9, sa r\u00e9sistance \u00e0 la chaleur et sa facilit\u00e9 de nettoyage. Disponible en or et en argent, avec trois tailles (petite : 36x18x5,5cm, moyenne : 43x23x6cm, grande : 52x27x7,5cm) pour r\u00e9pondre \u00e0 diff\u00e9rents besoins. La conception profonde emp\u00eache les aliments de se r\u00e9pandre, ce qui est parfait pour les r\u00e9unions de famille, la cuisson au four et les grillades en plein air. Qu'il s'agisse de cuisine quotidienne ou d'occasions sp\u00e9ciales, il offre une exp\u00e9rience culinaire exceptionnelle.<\/div>\n<\/div>\n<h2 style=\"text-align: left\">Plaque \u00e0 p\u00e2tisserie profonde en gros :<\/h2>\n<p style=\"text-align: left\"><strong>Mat\u00e9riau :<\/strong> Acier inoxydable<br \/><strong>Longueur :<\/strong>36\/43\/52cm<br \/><strong>Forme :<\/strong> Rectangle<br \/><strong>Emballage :<\/strong> Sac OPP et carton<br \/><strong>OEM\/ODM :<\/strong> Disponible<\/p>\n<h2 class=\"wp-block-heading\">Du grossiste en arts de la table Yongyu :<\/h2>\n<p>Yongyu Tableware Wholesaler peut r\u00e9pondre aux besoins des clients en vrac et fournir une s\u00e9rie de fournitures de restauration en gros de haute qualit\u00e9 qui combine l'\u00e9l\u00e9gance et la durabilit\u00e9. Y compris la vaisselle, les boissons, le mat\u00e9riel de restauration, les ustensiles de cuisine, les \u00e9l\u00e9ments essentiels de la cuisine de camping, etc.<\/p>\n<\/div>\n<\/div>","protected":false},"featured_media":5110,"comment_status":"closed","ping_status":"closed","template":"","meta":{"_acf_changed":false},"application":[29],"product_brand":[],"product_cat":[21,46],"product_tag":[],"class_list":{"0":"post-5109","1":"product","2":"type-product","3":"status-publish","4":"has-post-thumbnail","6":"application-home-kitchen","7":"product_cat-tableware-wholesale","8":"product_cat-stainless-steel-dinner-plates-wholesale","10":"first","11":"instock","12":"shipping-taxable","13":"product-type-simple"},"acf":[],"_links":{"self":[{"href":"https:\/\/www.yongyukitchenware.com\/fr\/wp-json\/wp\/v2\/product\/5109","targetHints":{"allow":["GET"]}}],"collection":[{"href":"https:\/\/www.yongyukitchenware.com\/fr\/wp-json\/wp\/v2\/product"}],"about":[{"href":"https:\/\/www.yongyukitchenware.com\/fr\/wp-json\/wp\/v2\/types\/product"}],"replies":[{"embeddable":true,"href":"https:\/\/www.yongyukitchenware.com\/fr\/wp-json\/wp\/v2\/comments?post=5109"}],"wp:featuredmedia":[{"embeddable":true,"href":"https:\/\/www.yongyukitchenware.com\/fr\/wp-json\/wp\/v2\/media\/5110"}],"wp:attachment":[{"href":"https:\/\/www.yongyukitchenware.com\/fr\/wp-json\/wp\/v2\/media?parent=5109"}],"wp:term":[{"taxonomy":"application","embeddable":true,"href":"https:\/\/www.yongyukitchenware.com\/fr\/wp-json\/wp\/v2\/application?post=5109"},{"taxonomy":"product_brand","embeddable":true,"href":"https:\/\/www.yongyukitchenware.com\/fr\/wp-json\/wp\/v2\/product_brand?post=5109"},{"taxonomy":"product_cat","embeddable":true,"href":"https:\/\/www.yongyukitchenware.com\/fr\/wp-json\/wp\/v2\/product_cat?post=5109"},{"taxonomy":"product_tag","embeddable":true,"href":"https:\/\/www.yongyukitchenware.com\/fr\/wp-json\/wp\/v2\/product_tag?post=5109"}],"curies":[{"name":"wp","href":"https:\/\/api.w.org\/{rel}","templated":true}]}}