{"id":5120,"date":"2026-02-28T06:41:54","date_gmt":"2026-02-28T06:41:54","guid":{"rendered":"https:\/\/www.yongyukitchenware.com\/?post_type=product&#038;p=5120"},"modified":"2026-03-03T07:24:12","modified_gmt":"2026-03-03T07:24:12","slug":"wholesale-stainless-steel-serving-tray-with-double-handle","status":"publish","type":"product","link":"https:\/\/www.yongyukitchenware.com\/fr\/produit\/wholesale-stainless-steel-serving-tray-with-double-handle\/","title":{"rendered":"Grossiste Plateau de service en acier inoxydable avec double poign\u00e9e"},"content":{"rendered":"<div class=\"wp-block-columns is-layout-flex wp-container-core-columns-is-layout-9d6595d7 wp-block-columns-is-layout-flex\">\n<div class=\"wp-block-column is-layout-flow wp-block-column-is-layout-flow\">\n<h2 class=\"wp-block-heading\">Plateau de service en gros avec double poign\u00e9e Taille :<\/h2>\n\n\n\n<figure class=\"wp-block-table\"><table class=\"has-fixed-layout\"><tbody><tr><td>Mod\u00e8le<\/td><td>Taille<\/td><td>Poids<\/td><td>MOQ<\/td><\/tr><tr><td rowspan=\"3\">DY078-P<\/td><td>1.5X19.3CM<\/td><td>605g<\/td><td rowspan=\"3\">120 PCS<\/td><\/tr><tr><td>1.5X23.3CM<\/td><td>925g<\/td><\/tr><tr><td>1.5X27.3CM<\/td><td>1355g<\/td><\/tr><\/tbody><\/table><\/figure>\n\n\n\n<h2 class=\"wp-block-heading\">Plateau de service en gros avec double poign\u00e9e Caract\u00e9ristiques :<\/h2>\n\n\n\n<p><strong>Acier inoxydable durable : <\/strong>Fabriqu\u00e9es en acier inoxydable de haute qualit\u00e9, ces plaques sont r\u00e9sistantes \u00e0 la rouille, \u00e0 la corrosion et \u00e0 l'usure, ce qui garantit une utilisation durable.<\/p>\n\n\n\n<p><strong>Poign\u00e9es doubles pratiques :<\/strong> Les doubles poign\u00e9es ergonomiques offrent une prise s\u00fbre et confortable, ce qui facilite le transport et le service des aliments sans les renverser.<\/p>\n\n\n\n<p><strong>Options de couleurs \u00e9l\u00e9gantes :<\/strong> Choisissez entre une finition dor\u00e9e chic ou une finition argent\u00e9e \u00e9l\u00e9gante, pour ajouter une touche de sophistication \u00e0 tout d\u00e9cor de salle \u00e0 manger.<\/p>\n\n\n\n<p><strong>Des tailles polyvalentes :<\/strong> Disponible en trois tailles (petit : 19,3 cm, moyen : 23,3 cm, grand : 27,3 cm), parfait pour tout servir, des hors-d'\u0153uvre aux plats principaux.<\/p>\n\n\n\n<p><strong>Facile \u00e0 nettoyer :<\/strong> La surface lisse et non poreuse garantit un nettoyage sans effort, ce qui permet d'\u00e9conomiser du temps et des efforts apr\u00e8s chaque utilisation.<\/p>\n<\/div>\n\n\n\n<div class=\"wp-block-column is-layout-flow wp-block-column-is-layout-flow\">\n<figure class=\"wp-block-image size-full\"><img decoding=\"async\" width=\"800\" height=\"800\" src=\"https:\/\/www.yongyukitchenware.com\/wp-content\/uploads\/2026\/02\/Wholesale-Serving-Tray-with-Double-Handle-5.webp\" alt=\"Plateau de vente en gros avec double poign\u00e9e-5\" class=\"wp-image-5125\" srcset=\"https:\/\/www.yongyukitchenware.com\/wp-content\/uploads\/2026\/02\/Wholesale-Serving-Tray-with-Double-Handle-5.webp 800w, https:\/\/www.yongyukitchenware.com\/wp-content\/uploads\/2026\/02\/Wholesale-Serving-Tray-with-Double-Handle-5-300x300.webp 300w, https:\/\/www.yongyukitchenware.com\/wp-content\/uploads\/2026\/02\/Wholesale-Serving-Tray-with-Double-Handle-5-150x150.webp 150w, https:\/\/www.yongyukitchenware.com\/wp-content\/uploads\/2026\/02\/Wholesale-Serving-Tray-with-Double-Handle-5-768x768.webp 768w, https:\/\/www.yongyukitchenware.com\/wp-content\/uploads\/2026\/02\/Wholesale-Serving-Tray-with-Double-Handle-5-12x12.webp 12w, https:\/\/www.yongyukitchenware.com\/wp-content\/uploads\/2026\/02\/Wholesale-Serving-Tray-with-Double-Handle-5-600x600.webp 600w, https:\/\/www.yongyukitchenware.com\/wp-content\/uploads\/2026\/02\/Wholesale-Serving-Tray-with-Double-Handle-5-100x100.webp 100w\" sizes=\"(max-width: 800px) 100vw, 800px\" \/><\/figure>\n\n\n\n<figure class=\"wp-block-image size-full\"><img decoding=\"async\" width=\"800\" height=\"800\" src=\"https:\/\/www.yongyukitchenware.com\/wp-content\/uploads\/2026\/02\/Wholesale-Serving-Tray-with-Double-Handle-6.webp\" alt=\"Plateau de vente en gros avec double poign\u00e9e-6\" class=\"wp-image-5126\" srcset=\"https:\/\/www.yongyukitchenware.com\/wp-content\/uploads\/2026\/02\/Wholesale-Serving-Tray-with-Double-Handle-6.webp 800w, https:\/\/www.yongyukitchenware.com\/wp-content\/uploads\/2026\/02\/Wholesale-Serving-Tray-with-Double-Handle-6-300x300.webp 300w, https:\/\/www.yongyukitchenware.com\/wp-content\/uploads\/2026\/02\/Wholesale-Serving-Tray-with-Double-Handle-6-150x150.webp 150w, https:\/\/www.yongyukitchenware.com\/wp-content\/uploads\/2026\/02\/Wholesale-Serving-Tray-with-Double-Handle-6-768x768.webp 768w, https:\/\/www.yongyukitchenware.com\/wp-content\/uploads\/2026\/02\/Wholesale-Serving-Tray-with-Double-Handle-6-12x12.webp 12w, https:\/\/www.yongyukitchenware.com\/wp-content\/uploads\/2026\/02\/Wholesale-Serving-Tray-with-Double-Handle-6-600x600.webp 600w, https:\/\/www.yongyukitchenware.com\/wp-content\/uploads\/2026\/02\/Wholesale-Serving-Tray-with-Double-Handle-6-100x100.webp 100w\" sizes=\"(max-width: 800px) 100vw, 800px\" \/><\/figure>\n<\/div>\n<\/div>","protected":false},"excerpt":{"rendered":"<div class=\"n4sEPd\">\n<div class=\"UdTY9 qhIQqf leDWne\" aria-hidden=\"true\" data-location=\"1\">\n<div class=\"n4sEPd\">\n<div class=\"UdTY9 qhIQqf leDWne\" aria-hidden=\"true\" data-location=\"1\">Cette assiette ronde \u00e0 double poign\u00e9e en acier inoxydable, disponible en or et en argent et en trois tailles (petite : 19,3 cm, moyenne : 23,3 cm, grande : 27,3 cm), est durable, r\u00e9sistante \u00e0 la chaleur, facile \u00e0 nettoyer et parfaite pour divers types de repas, offrant \u00e0 la fois style et fonctionnalit\u00e9 pour les rassemblements \u00e0 la maison ou les restaurants.<\/div>\n<\/div>\n<h2 style=\"text-align: left\">Plateau de service en gros avec double poign\u00e9e :<\/h2>\n<p style=\"text-align: left\"><strong>Mat\u00e9riau :<\/strong> Acier inoxydable<br \/><strong>Longueur :<\/strong>19,3\/23,3\/27,3cm<br \/><strong>Forme :<\/strong> Rond<br \/><strong>Emballage :<\/strong> Sac OPP et carton<br \/><strong>OEM\/ODM :<\/strong> Disponible<\/p>\n<h2 class=\"wp-block-heading\">Du grossiste en arts de la table Yongyu :<\/h2>\n<p>Yongyu Tableware Wholesaler peut r\u00e9pondre aux besoins des clients en vrac et fournir une s\u00e9rie de fournitures de restauration en gros de haute qualit\u00e9 qui combine l'\u00e9l\u00e9gance et la durabilit\u00e9. Y compris la vaisselle, les boissons, le mat\u00e9riel de restauration, les ustensiles de cuisine, les \u00e9l\u00e9ments essentiels de la cuisine de camping, etc.<\/p>\n<\/div>\n<\/div>","protected":false},"featured_media":5121,"comment_status":"closed","ping_status":"closed","template":"","meta":{"_acf_changed":true},"application":[29],"product_brand":[],"product_cat":[21,46],"product_tag":[],"class_list":{"0":"post-5120","1":"product","2":"type-product","3":"status-publish","4":"has-post-thumbnail","6":"application-home-kitchen","7":"product_cat-tableware-wholesale","8":"product_cat-stainless-steel-dinner-plates-wholesale","10":"first","11":"instock","12":"shipping-taxable","13":"product-type-simple"},"acf":[],"_links":{"self":[{"href":"https:\/\/www.yongyukitchenware.com\/fr\/wp-json\/wp\/v2\/product\/5120","targetHints":{"allow":["GET"]}}],"collection":[{"href":"https:\/\/www.yongyukitchenware.com\/fr\/wp-json\/wp\/v2\/product"}],"about":[{"href":"https:\/\/www.yongyukitchenware.com\/fr\/wp-json\/wp\/v2\/types\/product"}],"replies":[{"embeddable":true,"href":"https:\/\/www.yongyukitchenware.com\/fr\/wp-json\/wp\/v2\/comments?post=5120"}],"wp:featuredmedia":[{"embeddable":true,"href":"https:\/\/www.yongyukitchenware.com\/fr\/wp-json\/wp\/v2\/media\/5121"}],"wp:attachment":[{"href":"https:\/\/www.yongyukitchenware.com\/fr\/wp-json\/wp\/v2\/media?parent=5120"}],"wp:term":[{"taxonomy":"application","embeddable":true,"href":"https:\/\/www.yongyukitchenware.com\/fr\/wp-json\/wp\/v2\/application?post=5120"},{"taxonomy":"product_brand","embeddable":true,"href":"https:\/\/www.yongyukitchenware.com\/fr\/wp-json\/wp\/v2\/product_brand?post=5120"},{"taxonomy":"product_cat","embeddable":true,"href":"https:\/\/www.yongyukitchenware.com\/fr\/wp-json\/wp\/v2\/product_cat?post=5120"},{"taxonomy":"product_tag","embeddable":true,"href":"https:\/\/www.yongyukitchenware.com\/fr\/wp-json\/wp\/v2\/product_tag?post=5120"}],"curies":[{"name":"wp","href":"https:\/\/api.w.org\/{rel}","templated":true}]}}