{"id":5132,"date":"2026-03-02T07:35:27","date_gmt":"2026-03-02T07:35:27","guid":{"rendered":"https:\/\/www.yongyukitchenware.com\/?post_type=product&#038;p=5132"},"modified":"2026-03-02T07:36:05","modified_gmt":"2026-03-02T07:36:05","slug":"bulk-stainless-steel-oval-bowl-salad-noodle-fried-chicken-serving-pan-silver","status":"publish","type":"product","link":"https:\/\/www.yongyukitchenware.com\/fr\/produit\/bulk-stainless-steel-oval-bowl-salad-noodle-fried-chicken-serving-pan-silver\/","title":{"rendered":"Bulk Stainless Steel Oval Bowl Salad Noodle Fried Chicken Serving Pan-Silver"},"content":{"rendered":"<div class=\"wp-block-columns is-layout-flex wp-container-core-columns-is-layout-9d6595d7 wp-block-columns-is-layout-flex\">\n<div class=\"wp-block-column is-layout-flow wp-block-column-is-layout-flow\">\n<h2 class=\"wp-block-heading\">Bulk Acier inoxydable Taille du bol ovale :<\/h2>\n\n\n\n<figure class=\"wp-block-table\"><table class=\"has-fixed-layout\"><tbody><tr><td>Mod\u00e8le<\/td><td>Taille<\/td><td>Poids<\/td><td>MOQ<\/td><\/tr><tr><td rowspan=\"3\">DY079-P<\/td><td>21x15x5CM<\/td><td>255g<\/td><td rowspan=\"3\">120 PCS<\/td><\/tr><tr><td>24.5x18x5CM<\/td><td>370g<\/td><\/tr><tr><td>29\u00d720.5x7CM<\/td><td>535g<\/td><\/tr><\/tbody><\/table><\/figure>\n\n\n\n<h2 class=\"wp-block-heading\">Bol ovale en acier inoxydable en vrac Caract\u00e9ristiques :<\/h2>\n\n\n\n<p><strong>Acier inoxydable de premi\u00e8re qualit\u00e9 :<\/strong> Fabriqu\u00e9 en acier inoxydable de haute qualit\u00e9, ce plat ovale est durable, r\u00e9sistant \u00e0 la rouille et con\u00e7u pour une utilisation \u00e0 long terme.<\/p>\n\n\n\n<p><strong>Poign\u00e9es ergonomiques doubles :<\/strong> La double poign\u00e9e offre une prise s\u00fbre et confortable, ce qui facilite le transport et le service des aliments sans les renverser.<\/p>\n\n\n\n<p><strong>El\u00e9gant Options de finition : <\/strong>Disponibles en or et en argent, ces couleurs \u00e9l\u00e9gantes ajoutent une touche de sophistication \u00e0 tous les repas et \u00e0 toutes les cuisines.<\/p>\n\n\n\n<p><strong>Options de taille polyvalentes :<\/strong> Avec trois tailles diff\u00e9rentes (Petit : 21x15x5cm, Moyen : 24.5x18x5.5cm, Grand : 29\u00d720.5x7cm), ce plat est parfait pour une vari\u00e9t\u00e9 de besoins de cuisson et de service.<\/p>\n\n\n\n<p><strong>Facile \u00e0 nettoyer : <\/strong>La surface lisse et non poreuse assure un nettoyage sans effort, ce qui la rend pratique pour une utilisation quotidienne et un nettoyage rapide apr\u00e8s le repas.<\/p>\n<\/div>\n\n\n\n<div class=\"wp-block-column is-layout-flow wp-block-column-is-layout-flow\">\n<figure class=\"wp-block-image size-full\"><img decoding=\"async\" width=\"800\" height=\"800\" src=\"https:\/\/www.yongyukitchenware.com\/wp-content\/uploads\/2026\/03\/Bulk-Stainless-Steel-Oval-Bowl-4.webp\" alt=\"Bulk-Bol ovale en acier inoxydable-4\" class=\"wp-image-5136\" srcset=\"https:\/\/www.yongyukitchenware.com\/wp-content\/uploads\/2026\/03\/Bulk-Stainless-Steel-Oval-Bowl-4.webp 800w, https:\/\/www.yongyukitchenware.com\/wp-content\/uploads\/2026\/03\/Bulk-Stainless-Steel-Oval-Bowl-4-300x300.webp 300w, https:\/\/www.yongyukitchenware.com\/wp-content\/uploads\/2026\/03\/Bulk-Stainless-Steel-Oval-Bowl-4-150x150.webp 150w, https:\/\/www.yongyukitchenware.com\/wp-content\/uploads\/2026\/03\/Bulk-Stainless-Steel-Oval-Bowl-4-768x768.webp 768w, https:\/\/www.yongyukitchenware.com\/wp-content\/uploads\/2026\/03\/Bulk-Stainless-Steel-Oval-Bowl-4-12x12.webp 12w, https:\/\/www.yongyukitchenware.com\/wp-content\/uploads\/2026\/03\/Bulk-Stainless-Steel-Oval-Bowl-4-600x600.webp 600w, https:\/\/www.yongyukitchenware.com\/wp-content\/uploads\/2026\/03\/Bulk-Stainless-Steel-Oval-Bowl-4-100x100.webp 100w\" sizes=\"(max-width: 800px) 100vw, 800px\" \/><\/figure>\n\n\n\n<figure class=\"wp-block-image size-full\"><img decoding=\"async\" width=\"800\" height=\"800\" src=\"https:\/\/www.yongyukitchenware.com\/wp-content\/uploads\/2026\/03\/Bulk-Stainless-Steel-Oval-Bowl-9.webp\" alt=\"Bulk-Bol ovale en acier inoxydable-9\" class=\"wp-image-5141\" srcset=\"https:\/\/www.yongyukitchenware.com\/wp-content\/uploads\/2026\/03\/Bulk-Stainless-Steel-Oval-Bowl-9.webp 800w, https:\/\/www.yongyukitchenware.com\/wp-content\/uploads\/2026\/03\/Bulk-Stainless-Steel-Oval-Bowl-9-300x300.webp 300w, https:\/\/www.yongyukitchenware.com\/wp-content\/uploads\/2026\/03\/Bulk-Stainless-Steel-Oval-Bowl-9-150x150.webp 150w, https:\/\/www.yongyukitchenware.com\/wp-content\/uploads\/2026\/03\/Bulk-Stainless-Steel-Oval-Bowl-9-768x768.webp 768w, https:\/\/www.yongyukitchenware.com\/wp-content\/uploads\/2026\/03\/Bulk-Stainless-Steel-Oval-Bowl-9-12x12.webp 12w, https:\/\/www.yongyukitchenware.com\/wp-content\/uploads\/2026\/03\/Bulk-Stainless-Steel-Oval-Bowl-9-600x600.webp 600w, https:\/\/www.yongyukitchenware.com\/wp-content\/uploads\/2026\/03\/Bulk-Stainless-Steel-Oval-Bowl-9-100x100.webp 100w\" sizes=\"(max-width: 800px) 100vw, 800px\" \/><\/figure>\n<\/div>\n<\/div>","protected":false},"excerpt":{"rendered":"<div class=\"n4sEPd\">\n<div class=\"UdTY9 qhIQqf leDWne\" aria-hidden=\"true\" data-location=\"1\">\n<div class=\"n4sEPd\">\n<div class=\"UdTY9 qhIQqf leDWne\" aria-hidden=\"true\" data-location=\"1\">\n<div class=\"n4sEPd\">\n<div class=\"UdTY9 qhIQqf leDWne\" aria-hidden=\"true\" data-location=\"1\">Ce plat ovale \u00e0 double poign\u00e9e en acier inoxydable, disponible en or et en argent en trois tailles (petit : 21x15x5cm, moyen : 24,5x18x5,5cm, grand : 29\u00d720,5x7cm), offre durabilit\u00e9, r\u00e9sistance \u00e0 la chaleur, facilit\u00e9 de nettoyage et options personnalisables, le tout soutenu par un service client\u00e8le r\u00e9actif et des prix comp\u00e9titifs.<\/div>\n<\/div>\n<h2 style=\"text-align: left\">Bol ovale en acier inoxydable en vrac :<\/h2>\n<p style=\"text-align: left\"><strong>Mat\u00e9riau :<\/strong> Acier inoxydable<br \/><strong>Longueur :<\/strong>21\/24.5\/29cm<br \/><strong>Forme :<\/strong> Ovel<br \/><strong>Emballage :<\/strong> Sac OPP et carton<br \/><strong>OEM\/ODM :<\/strong> Disponible<\/p>\n<h2 class=\"wp-block-heading\">Du grossiste en arts de la table Yongyu :<\/h2>\n<p>Yongyu Tableware Wholesaler peut r\u00e9pondre aux besoins des clients en vrac et fournir une s\u00e9rie de fournitures de restauration en gros de haute qualit\u00e9 qui combine l'\u00e9l\u00e9gance et la durabilit\u00e9. Y compris la vaisselle, les boissons, le mat\u00e9riel de restauration, les ustensiles de cuisine, les \u00e9l\u00e9ments essentiels de la cuisine de camping, etc.<\/p>\n<\/div>\n<\/div>\n<\/div>\n<\/div>","protected":false},"featured_media":5133,"comment_status":"closed","ping_status":"closed","template":"","meta":{"_acf_changed":true},"application":[29],"product_brand":[],"product_cat":[21,46],"product_tag":[],"class_list":{"0":"post-5132","1":"product","2":"type-product","3":"status-publish","4":"has-post-thumbnail","6":"application-home-kitchen","7":"product_cat-tableware-wholesale","8":"product_cat-stainless-steel-dinner-plates-wholesale","10":"first","11":"instock","12":"shipping-taxable","13":"product-type-simple"},"acf":[],"_links":{"self":[{"href":"https:\/\/www.yongyukitchenware.com\/fr\/wp-json\/wp\/v2\/product\/5132","targetHints":{"allow":["GET"]}}],"collection":[{"href":"https:\/\/www.yongyukitchenware.com\/fr\/wp-json\/wp\/v2\/product"}],"about":[{"href":"https:\/\/www.yongyukitchenware.com\/fr\/wp-json\/wp\/v2\/types\/product"}],"replies":[{"embeddable":true,"href":"https:\/\/www.yongyukitchenware.com\/fr\/wp-json\/wp\/v2\/comments?post=5132"}],"wp:featuredmedia":[{"embeddable":true,"href":"https:\/\/www.yongyukitchenware.com\/fr\/wp-json\/wp\/v2\/media\/5133"}],"wp:attachment":[{"href":"https:\/\/www.yongyukitchenware.com\/fr\/wp-json\/wp\/v2\/media?parent=5132"}],"wp:term":[{"taxonomy":"application","embeddable":true,"href":"https:\/\/www.yongyukitchenware.com\/fr\/wp-json\/wp\/v2\/application?post=5132"},{"taxonomy":"product_brand","embeddable":true,"href":"https:\/\/www.yongyukitchenware.com\/fr\/wp-json\/wp\/v2\/product_brand?post=5132"},{"taxonomy":"product_cat","embeddable":true,"href":"https:\/\/www.yongyukitchenware.com\/fr\/wp-json\/wp\/v2\/product_cat?post=5132"},{"taxonomy":"product_tag","embeddable":true,"href":"https:\/\/www.yongyukitchenware.com\/fr\/wp-json\/wp\/v2\/product_tag?post=5132"}],"curies":[{"name":"wp","href":"https:\/\/api.w.org\/{rel}","templated":true}]}}