{"id":5143,"date":"2026-03-03T06:48:19","date_gmt":"2026-03-03T06:48:19","guid":{"rendered":"https:\/\/www.yongyukitchenware.com\/?post_type=product&#038;p=5143"},"modified":"2026-03-03T07:23:14","modified_gmt":"2026-03-03T07:23:14","slug":"wholesale-welding-base-tray-stainless-steel-dinner-plate","status":"publish","type":"product","link":"https:\/\/www.yongyukitchenware.com\/fr\/produit\/wholesale-welding-base-tray-stainless-steel-dinner-plate\/","title":{"rendered":"Plaque de base de soudage en gros Plaque de d\u00eener en acier inoxydable"},"content":{"rendered":"<div class=\"wp-block-columns is-layout-flex wp-container-core-columns-is-layout-9d6595d7 wp-block-columns-is-layout-flex\">\n<div class=\"wp-block-column is-layout-flow wp-block-column-is-layout-flow\">\n<h2 class=\"wp-block-heading\">Base de soudage en gros Taille du plateau :<\/h2>\n\n\n\n<figure class=\"wp-block-table\"><table class=\"has-fixed-layout\"><tbody><tr><td>Mod\u00e8le<\/td><td>Taille<\/td><td>Poids<\/td><td>MOQ<\/td><\/tr><tr><td rowspan=\"5\">DY080-P<\/td><td>19CM<\/td><td>250g<\/td><td rowspan=\"5\">120 PCS<\/td><\/tr><tr><td>23CM<\/td><td>350g<\/td><\/tr><tr><td>26CM<\/td><td>480g<\/td><\/tr><tr><td>30CM<\/td><td>650g<\/td><\/tr><tr><td>32.5CM<\/td><td>700g<\/td><\/tr><\/tbody><\/table><\/figure>\n\n\n\n<h2 class=\"wp-block-heading\">Plateau de soudure en gros Caract\u00e9ristiques :<\/h2>\n\n\n\n<p><strong>Acier inoxydable durable : <\/strong>Fabriqu\u00e9 en acier inoxydable de haute qualit\u00e9, il garantit une solidit\u00e9 \u00e0 long terme, une r\u00e9sistance \u00e0 la rouille et un entretien facile.<\/p>\n\n\n\n<p><strong>Conception \u00e0 fond sur\u00e9lev\u00e9 :<\/strong> La base sur\u00e9lev\u00e9e ajoute de la stabilit\u00e9, emp\u00eachant l'assiette de basculer et offrant une exp\u00e9rience de service plus s\u00fbre.<\/p>\n\n\n\n<p><strong>Options de taille polyvalentes : <\/strong>Disponible en cinq tailles (19CM, 23CM, 26CM, 30CM, 32,5CM), il est id\u00e9al pour un large \u00e9ventail de plats et de t\u00e2ches culinaires.<\/p>\n\n\n\n<p><strong>Esth\u00e9tique \u00e9pur\u00e9e et moderne :<\/strong> La finition polie et les lignes \u00e9pur\u00e9es offrent un aspect contemporain qui met en valeur la pr\u00e9sentation de vos aliments dans n'importe quel contexte.<\/p>\n\n\n\n<p><strong>Facile \u00e0 nettoyer :<\/strong> La surface lisse et non poreuse assure un nettoyage sans effort, ce qui la rend parfaite pour une utilisation quotidienne et un nettoyage rapide apr\u00e8s le repas.<\/p>\n<\/div>\n\n\n\n<div class=\"wp-block-column is-layout-flow wp-block-column-is-layout-flow\">\n<figure class=\"wp-block-image size-full\"><img decoding=\"async\" width=\"800\" height=\"800\" src=\"https:\/\/www.yongyukitchenware.com\/wp-content\/uploads\/2026\/03\/wholesale-Welding-base-tray-2.webp\" alt=\"grossiste-Tableau de base de soudage-2\" class=\"wp-image-5149\" style=\"object-fit:cover\" srcset=\"https:\/\/www.yongyukitchenware.com\/wp-content\/uploads\/2026\/03\/wholesale-Welding-base-tray-2.webp 800w, https:\/\/www.yongyukitchenware.com\/wp-content\/uploads\/2026\/03\/wholesale-Welding-base-tray-2-300x300.webp 300w, https:\/\/www.yongyukitchenware.com\/wp-content\/uploads\/2026\/03\/wholesale-Welding-base-tray-2-150x150.webp 150w, https:\/\/www.yongyukitchenware.com\/wp-content\/uploads\/2026\/03\/wholesale-Welding-base-tray-2-768x768.webp 768w, https:\/\/www.yongyukitchenware.com\/wp-content\/uploads\/2026\/03\/wholesale-Welding-base-tray-2-12x12.webp 12w, https:\/\/www.yongyukitchenware.com\/wp-content\/uploads\/2026\/03\/wholesale-Welding-base-tray-2-600x600.webp 600w, https:\/\/www.yongyukitchenware.com\/wp-content\/uploads\/2026\/03\/wholesale-Welding-base-tray-2-100x100.webp 100w\" sizes=\"(max-width: 800px) 100vw, 800px\" \/><\/figure>\n\n\n\n<figure class=\"wp-block-image size-full\"><img decoding=\"async\" width=\"800\" height=\"800\" src=\"https:\/\/www.yongyukitchenware.com\/wp-content\/uploads\/2026\/03\/wholesale-Welding-base-tray-4.webp\" alt=\"grossiste-Soudure-base-tableau-4\" class=\"wp-image-5151\" srcset=\"https:\/\/www.yongyukitchenware.com\/wp-content\/uploads\/2026\/03\/wholesale-Welding-base-tray-4.webp 800w, https:\/\/www.yongyukitchenware.com\/wp-content\/uploads\/2026\/03\/wholesale-Welding-base-tray-4-300x300.webp 300w, https:\/\/www.yongyukitchenware.com\/wp-content\/uploads\/2026\/03\/wholesale-Welding-base-tray-4-150x150.webp 150w, https:\/\/www.yongyukitchenware.com\/wp-content\/uploads\/2026\/03\/wholesale-Welding-base-tray-4-768x768.webp 768w, https:\/\/www.yongyukitchenware.com\/wp-content\/uploads\/2026\/03\/wholesale-Welding-base-tray-4-12x12.webp 12w, https:\/\/www.yongyukitchenware.com\/wp-content\/uploads\/2026\/03\/wholesale-Welding-base-tray-4-600x600.webp 600w, https:\/\/www.yongyukitchenware.com\/wp-content\/uploads\/2026\/03\/wholesale-Welding-base-tray-4-100x100.webp 100w\" sizes=\"(max-width: 800px) 100vw, 800px\" \/><\/figure>\n<\/div>\n<\/div>\n\n\n\n<p><\/p>","protected":false},"excerpt":{"rendered":"<div class=\"n4sEPd\">\n<div class=\"UdTY9 qhIQqf leDWne\" aria-hidden=\"true\" data-location=\"1\">\n<div class=\"n4sEPd\">\n<div class=\"UdTY9 qhIQqf leDWne\" aria-hidden=\"true\" data-location=\"1\">\n<div class=\"n4sEPd\">\n<div class=\"UdTY9 qhIQqf leDWne\" aria-hidden=\"true\" data-location=\"1\">Ce repose-pieds soud\u00e9 en acier inoxydable, disponible en cinq tailles (19CM, 23CM, 26CM, 30CM, 32,5CM), offre une durabilit\u00e9, un fond sur\u00e9lev\u00e9 pour la stabilit\u00e9, un nettoyage facile et des options personnalisables, avec une garantie de haute qualit\u00e9 et une assistance client\u00e8le exceptionnelle, ce qui le rend parfait pour divers besoins en mati\u00e8re de cuisson et de service.<\/div>\n<\/div>\n<h2 style=\"text-align: left\">Plateau de soudure en gros :<\/h2>\n<p style=\"text-align: left\"><strong>Mat\u00e9riau :<\/strong> Acier inoxydable<br \/><strong>Longueur :<\/strong>19\/23\/26\/30\/32,5cm<br \/><strong>Forme :<\/strong> Rond<br \/><strong>Emballage :<\/strong> Sac OPP et carton<br \/><strong>OEM\/ODM :<\/strong> Disponible<\/p>\n<h2 class=\"wp-block-heading\">Du grossiste en arts de la table Yongyu :<\/h2>\n<p>Yongyu Tableware Wholesaler peut r\u00e9pondre aux besoins des clients en vrac et fournir une s\u00e9rie de fournitures de restauration en gros de haute qualit\u00e9 qui combine l'\u00e9l\u00e9gance et la durabilit\u00e9. Y compris la vaisselle, les boissons, le mat\u00e9riel de restauration, les ustensiles de cuisine, les \u00e9l\u00e9ments essentiels de la cuisine de camping, etc.<\/p>\n<\/div>\n<\/div>\n<\/div>\n<\/div>","protected":false},"featured_media":5148,"comment_status":"closed","ping_status":"closed","template":"","meta":{"_acf_changed":true},"application":[29],"product_brand":[],"product_cat":[21,46],"product_tag":[],"class_list":{"0":"post-5143","1":"product","2":"type-product","3":"status-publish","4":"has-post-thumbnail","6":"application-home-kitchen","7":"product_cat-tableware-wholesale","8":"product_cat-stainless-steel-dinner-plates-wholesale","10":"first","11":"instock","12":"shipping-taxable","13":"product-type-simple"},"acf":[],"_links":{"self":[{"href":"https:\/\/www.yongyukitchenware.com\/fr\/wp-json\/wp\/v2\/product\/5143","targetHints":{"allow":["GET"]}}],"collection":[{"href":"https:\/\/www.yongyukitchenware.com\/fr\/wp-json\/wp\/v2\/product"}],"about":[{"href":"https:\/\/www.yongyukitchenware.com\/fr\/wp-json\/wp\/v2\/types\/product"}],"replies":[{"embeddable":true,"href":"https:\/\/www.yongyukitchenware.com\/fr\/wp-json\/wp\/v2\/comments?post=5143"}],"wp:featuredmedia":[{"embeddable":true,"href":"https:\/\/www.yongyukitchenware.com\/fr\/wp-json\/wp\/v2\/media\/5148"}],"wp:attachment":[{"href":"https:\/\/www.yongyukitchenware.com\/fr\/wp-json\/wp\/v2\/media?parent=5143"}],"wp:term":[{"taxonomy":"application","embeddable":true,"href":"https:\/\/www.yongyukitchenware.com\/fr\/wp-json\/wp\/v2\/application?post=5143"},{"taxonomy":"product_brand","embeddable":true,"href":"https:\/\/www.yongyukitchenware.com\/fr\/wp-json\/wp\/v2\/product_brand?post=5143"},{"taxonomy":"product_cat","embeddable":true,"href":"https:\/\/www.yongyukitchenware.com\/fr\/wp-json\/wp\/v2\/product_cat?post=5143"},{"taxonomy":"product_tag","embeddable":true,"href":"https:\/\/www.yongyukitchenware.com\/fr\/wp-json\/wp\/v2\/product_tag?post=5143"}],"curies":[{"name":"wp","href":"https:\/\/api.w.org\/{rel}","templated":true}]}}