{"id":5168,"date":"2026-03-04T06:40:48","date_gmt":"2026-03-04T06:40:48","guid":{"rendered":"https:\/\/www.yongyukitchenware.com\/?post_type=product&#038;p=5168"},"modified":"2026-03-04T06:40:49","modified_gmt":"2026-03-04T06:40:49","slug":"custom-nordic-trays-stainless-steel-rectangular-serving-tray","status":"publish","type":"product","link":"https:\/\/www.yongyukitchenware.com\/fr\/produit\/custom-nordic-trays-stainless-steel-rectangular-serving-tray\/","title":{"rendered":"Plateau de service rectangulaire en acier inoxydable Custom Nordic Trays"},"content":{"rendered":"<div class=\"wp-block-columns is-layout-flex wp-container-core-columns-is-layout-9d6595d7 wp-block-columns-is-layout-flex\">\n<div class=\"wp-block-column is-layout-flow wp-block-column-is-layout-flow\">\n<h2 class=\"wp-block-heading\">Plateaux nordiques personnalis\u00e9s Taille :<\/h2>\n\n\n\n<figure class=\"wp-block-table\"><table class=\"has-fixed-layout\"><tbody><tr><td>Mod\u00e8le<\/td><td>Taille<\/td><td>Poids<\/td><td>MOQ<\/td><\/tr><tr><td rowspan=\"5\">DY082-P<\/td><td>28X17CM<\/td><td>395g<\/td><td rowspan=\"5\">120 PCS<\/td><\/tr><tr><td>32X20CM<\/td><td>530g<\/td><\/tr><tr><td>36X24CM<\/td><td>710g<\/td><\/tr><tr><td>43X28CM<\/td><td>1020g<\/td><\/tr><tr><td>46X31CM<\/td><td>1290g<\/td><\/tr><\/tbody><\/table><\/figure>\n\n\n\n<h2 class=\"wp-block-heading\">Plateaux nordiques personnalis\u00e9s Caract\u00e9ristiques :<\/h2>\n\n\n\n<p><strong>Plusieurs tailles :<\/strong> Disponibles en cinq tailles, de la plus petite \u00e0 la plus grande, elles sont parfaites pour un large \u00e9ventail de besoins, qu'il s'agisse de repas, d'en-cas ou de boissons.<\/p>\n\n\n\n<p><strong>Finition \u00e9l\u00e9gante : <\/strong>Choisissez parmi les finitions or ou argent, et apportez une touche de sophistication \u00e0 toute occasion de repas ou de service.<\/p>\n\n\n\n<p><strong>Acier inoxydable durable : <\/strong>Fabriqu\u00e9 en acier inoxydable de haute qualit\u00e9, ce plateau est durable et r\u00e9siste \u00e0 l'usure pour un usage quotidien.<\/p>\n\n\n\n<p><strong>Facile \u00e0 transporter : <\/strong>Les poign\u00e9es ergonomiques des deux c\u00f4t\u00e9s facilitent le transport et le service, ce qui est pratique pour une utilisation domestique ou commerciale.<\/p>\n\n\n\n<p><strong>Peu d'entretien : <\/strong>La surface lisse en acier inoxydable est facile \u00e0 nettoyer, ce qui permet d'assurer un entretien rapide et de conserver l'aspect impeccable du plateau.<\/p>\n<\/div>\n\n\n\n<div class=\"wp-block-column is-layout-flow wp-block-column-is-layout-flow\">\n<figure class=\"wp-block-image size-full\"><img decoding=\"async\" width=\"800\" height=\"800\" src=\"https:\/\/www.yongyukitchenware.com\/wp-content\/uploads\/2026\/03\/Custom-Nordic-Trays-3.webp\" alt=\"Plateau nordique personnalis\u00e9-3\" class=\"wp-image-5171\" style=\"object-fit:cover\" srcset=\"https:\/\/www.yongyukitchenware.com\/wp-content\/uploads\/2026\/03\/Custom-Nordic-Trays-3.webp 800w, https:\/\/www.yongyukitchenware.com\/wp-content\/uploads\/2026\/03\/Custom-Nordic-Trays-3-300x300.webp 300w, https:\/\/www.yongyukitchenware.com\/wp-content\/uploads\/2026\/03\/Custom-Nordic-Trays-3-150x150.webp 150w, https:\/\/www.yongyukitchenware.com\/wp-content\/uploads\/2026\/03\/Custom-Nordic-Trays-3-768x768.webp 768w, https:\/\/www.yongyukitchenware.com\/wp-content\/uploads\/2026\/03\/Custom-Nordic-Trays-3-12x12.webp 12w, https:\/\/www.yongyukitchenware.com\/wp-content\/uploads\/2026\/03\/Custom-Nordic-Trays-3-600x600.webp 600w, https:\/\/www.yongyukitchenware.com\/wp-content\/uploads\/2026\/03\/Custom-Nordic-Trays-3-100x100.webp 100w\" sizes=\"(max-width: 800px) 100vw, 800px\" \/><\/figure>\n<\/div>\n<\/div>\n\n\n\n<p><\/p>","protected":false},"excerpt":{"rendered":"<div class=\"n4sEPd\">\n<div class=\"UdTY9 qhIQqf leDWne\" aria-hidden=\"true\" data-location=\"1\">\n<div class=\"n4sEPd\">\n<div class=\"UdTY9 qhIQqf leDWne\" aria-hidden=\"true\" data-location=\"1\">\n<div class=\"n4sEPd\">\n<div class=\"UdTY9 qhIQqf leDWne\" aria-hidden=\"true\" data-location=\"1\">Ce plateau en acier inoxydable de style nordique est disponible en or et en argent, en cinq tailles (Petit : 28x17cm, Moyen : 32x20cm, Grand : 36x24cm, Extra Large : 43x28cm, Super Large : 46x31cm). Parfaites pour servir de la nourriture et des boissons. Choisissez-nous pour nos prix directs, nos conceptions personnalis\u00e9es et notre service fiable.<\/div>\n<\/div>\n<h2 style=\"text-align: left\">Plateaux nordiques sur mesure :<\/h2>\n<p style=\"text-align: left\"><strong>Mat\u00e9riau :<\/strong> Acier inoxydable<br \/><strong>Longueur :<\/strong>28\/32\/36\/43\/46cm<br \/><strong>Forme :<\/strong> Rectangle<br \/><strong>Emballage :<\/strong> Sac OPP et carton<br \/><strong>OEM\/ODM :<\/strong> Disponible<\/p>\n<h2 class=\"wp-block-heading\">Du grossiste en arts de la table Yongyu :<\/h2>\n<p>Yongyu Tableware Wholesaler peut r\u00e9pondre aux besoins des clients en vrac et fournir une s\u00e9rie de fournitures de restauration en gros de haute qualit\u00e9 qui combine l'\u00e9l\u00e9gance et la durabilit\u00e9. Y compris la vaisselle, les boissons, le mat\u00e9riel de restauration, les ustensiles de cuisine, les \u00e9l\u00e9ments essentiels de la cuisine de camping, etc.<\/p>\n<\/div>\n<\/div>\n<\/div>\n<\/div>","protected":false},"featured_media":5169,"comment_status":"closed","ping_status":"closed","template":"","meta":{"_acf_changed":true},"application":[29],"product_brand":[],"product_cat":[21,46],"product_tag":[],"class_list":{"0":"post-5168","1":"product","2":"type-product","3":"status-publish","4":"has-post-thumbnail","6":"application-home-kitchen","7":"product_cat-tableware-wholesale","8":"product_cat-stainless-steel-dinner-plates-wholesale","10":"first","11":"instock","12":"shipping-taxable","13":"product-type-simple"},"acf":[],"_links":{"self":[{"href":"https:\/\/www.yongyukitchenware.com\/fr\/wp-json\/wp\/v2\/product\/5168","targetHints":{"allow":["GET"]}}],"collection":[{"href":"https:\/\/www.yongyukitchenware.com\/fr\/wp-json\/wp\/v2\/product"}],"about":[{"href":"https:\/\/www.yongyukitchenware.com\/fr\/wp-json\/wp\/v2\/types\/product"}],"replies":[{"embeddable":true,"href":"https:\/\/www.yongyukitchenware.com\/fr\/wp-json\/wp\/v2\/comments?post=5168"}],"wp:featuredmedia":[{"embeddable":true,"href":"https:\/\/www.yongyukitchenware.com\/fr\/wp-json\/wp\/v2\/media\/5169"}],"wp:attachment":[{"href":"https:\/\/www.yongyukitchenware.com\/fr\/wp-json\/wp\/v2\/media?parent=5168"}],"wp:term":[{"taxonomy":"application","embeddable":true,"href":"https:\/\/www.yongyukitchenware.com\/fr\/wp-json\/wp\/v2\/application?post=5168"},{"taxonomy":"product_brand","embeddable":true,"href":"https:\/\/www.yongyukitchenware.com\/fr\/wp-json\/wp\/v2\/product_brand?post=5168"},{"taxonomy":"product_cat","embeddable":true,"href":"https:\/\/www.yongyukitchenware.com\/fr\/wp-json\/wp\/v2\/product_cat?post=5168"},{"taxonomy":"product_tag","embeddable":true,"href":"https:\/\/www.yongyukitchenware.com\/fr\/wp-json\/wp\/v2\/product_tag?post=5168"}],"curies":[{"name":"wp","href":"https:\/\/api.w.org\/{rel}","templated":true}]}}