{"id":517,"date":"2024-09-24T06:09:45","date_gmt":"2024-09-24T06:09:45","guid":{"rendered":"https:\/\/www.yongyukitchenware.com\/?post_type=product&#038;p=517"},"modified":"2024-12-09T08:08:10","modified_gmt":"2024-12-09T08:08:10","slug":"pasta-pot-with-strainer-wholesale","status":"publish","type":"product","link":"https:\/\/www.yongyukitchenware.com\/fr\/produit\/pasta-pot-with-strainer-wholesale\/","title":{"rendered":"Marmite \u00e0 p\u00e2tes en gros avec passoire et feuille de vapeur pour la cuisson des nouilles"},"content":{"rendered":"<div class=\"wp-block-columns is-layout-flex wp-container-core-columns-is-layout-9d6595d7 wp-block-columns-is-layout-flex\">\n<div class=\"wp-block-column is-layout-flow wp-block-column-is-layout-flow\">\n<h2 class=\"wp-block-heading\">Caract\u00e9ristiques de la marmite \u00e0 p\u00e2tes avec passoire :<\/h2>\n\n\n\n<p><strong>Acier inoxydable de haute qualit\u00e9 : <\/strong>Acier inoxydable de qualit\u00e9 alimentaire, r\u00e9sistant \u00e0 la corrosion, inodore, durable<\/p>\n\n\n\n<p><strong>Deux options de fond de pot : <\/strong>Fond \u00e0 trois couches, conduisant uniform\u00e9ment la chaleur pour \u00e9viter que les aliments ne collent. Un autre fond \u00e9pais, \u00e9pais et durable, pour une \u00e9bullition rapide.<\/p>\n\n\n\n<p><strong>Un seul pot pour de multiples usages :<\/strong> un pot contient un tamis, une feuille de cuisson \u00e0 la vapeur, une marmite \u00e0 soupe sur\u00e9lev\u00e9e, un couvercle en verre tremp\u00e9, une fonction compl\u00e8te<\/p>\n\n\n\n<p><strong>Conception anti-br\u00fblure :<\/strong> le couvercle et la poign\u00e9e sont en Formica pour \u00e9viter les br\u00fblures<\/p>\n\n\n\n<p><strong>Lisser l'int\u00e9rieur du pot : <\/strong>le corps du pot est \u00e9paissi et approfondi, lisse et antiadh\u00e9sif, facile \u00e0 nettoyer et plus durable<\/p>\n<\/div>\n\n\n\n<div class=\"wp-block-column is-layout-flow wp-block-column-is-layout-flow\">\n<div class=\"wp-block-columns is-layout-flex wp-container-core-columns-is-layout-9d6595d7 wp-block-columns-is-layout-flex\">\n<div class=\"wp-block-column is-layout-flow wp-block-column-is-layout-flow\">\n<figure class=\"wp-block-image size-full\"><img decoding=\"async\" width=\"800\" height=\"800\" src=\"https:\/\/www.yongyukitchenware.com\/wp-content\/uploads\/2024\/09\/Pasta-Pot-with-Strainer-wholesale-2.webp\" alt=\"Marmite \u00e0 p\u00e2tes avec filtre en gros\" class=\"wp-image-532\" srcset=\"https:\/\/www.yongyukitchenware.com\/wp-content\/uploads\/2024\/09\/Pasta-Pot-with-Strainer-wholesale-2.webp 800w, https:\/\/www.yongyukitchenware.com\/wp-content\/uploads\/2024\/09\/Pasta-Pot-with-Strainer-wholesale-2-300x300.webp 300w, https:\/\/www.yongyukitchenware.com\/wp-content\/uploads\/2024\/09\/Pasta-Pot-with-Strainer-wholesale-2-150x150.webp 150w, https:\/\/www.yongyukitchenware.com\/wp-content\/uploads\/2024\/09\/Pasta-Pot-with-Strainer-wholesale-2-768x768.webp 768w, https:\/\/www.yongyukitchenware.com\/wp-content\/uploads\/2024\/09\/Pasta-Pot-with-Strainer-wholesale-2-600x600.webp 600w, https:\/\/www.yongyukitchenware.com\/wp-content\/uploads\/2024\/09\/Pasta-Pot-with-Strainer-wholesale-2-100x100.webp 100w\" sizes=\"(max-width: 800px) 100vw, 800px\" \/><\/figure>\n<\/div>\n\n\n\n<div class=\"wp-block-column is-layout-flow wp-block-column-is-layout-flow\">\n<figure class=\"wp-block-image size-full\"><img decoding=\"async\" width=\"800\" height=\"800\" src=\"https:\/\/www.yongyukitchenware.com\/wp-content\/uploads\/2024\/09\/Pasta-Pot-with-Strainer-wholesale-4.webp\" alt=\"Marmite \u00e0 p\u00e2tes avec filtre en gros\" class=\"wp-image-535\" srcset=\"https:\/\/www.yongyukitchenware.com\/wp-content\/uploads\/2024\/09\/Pasta-Pot-with-Strainer-wholesale-4.webp 800w, https:\/\/www.yongyukitchenware.com\/wp-content\/uploads\/2024\/09\/Pasta-Pot-with-Strainer-wholesale-4-300x300.webp 300w, https:\/\/www.yongyukitchenware.com\/wp-content\/uploads\/2024\/09\/Pasta-Pot-with-Strainer-wholesale-4-150x150.webp 150w, https:\/\/www.yongyukitchenware.com\/wp-content\/uploads\/2024\/09\/Pasta-Pot-with-Strainer-wholesale-4-768x768.webp 768w, https:\/\/www.yongyukitchenware.com\/wp-content\/uploads\/2024\/09\/Pasta-Pot-with-Strainer-wholesale-4-600x600.webp 600w, https:\/\/www.yongyukitchenware.com\/wp-content\/uploads\/2024\/09\/Pasta-Pot-with-Strainer-wholesale-4-100x100.webp 100w\" sizes=\"(max-width: 800px) 100vw, 800px\" \/><\/figure>\n<\/div>\n<\/div>\n<\/div>\n<\/div>","protected":false},"excerpt":{"rendered":"<p>Marmite \u00e0 p\u00e2tes avec passoire et feuille de cuisson \u00e0 la vapeur, en acier inoxydable, fonction 3 en 1 de cuisson \u00e0 la vapeur, d'\u00e9bullition et de friture, adapt\u00e9e \u00e0 tous les besoins de la cuisine, un choix id\u00e9al pour la vente en gros d'ustensiles de cuisine.<\/p>\n<h2><!-- wp:heading --><\/h2>\n<h2 class=\"wp-block-heading\">Param\u00e8tre de la marmite \u00e0 p\u00e2tes avec passoire :<\/h2>\n<h2><!-- \/wp:heading --><\/p>\n<p><!-- wp:paragraph --><\/h2>\n<p><strong>Mat\u00e9riau :<\/strong> Acier inoxydable<br \/><strong>Fond de pot :<\/strong> Trois couches\/un seul fond \u00e9pais<br \/><strong>Taille :<\/strong> 21.5*21.5cm<br \/><strong>Accessoires :<\/strong> Tamis, plaque \u00e0 vapeur, marmite sur\u00e9lev\u00e9e, couvercle en verre tremp\u00e9<br \/><strong>Emballage :<\/strong> Sacs\/Bulk\/Cartons ou sur mesure<br \/><strong>OEM\/ODM :<\/strong> Disponible<\/p>\n<h2 class=\"wp-block-heading\">Fabricant d'ustensiles de cuisine Yongyu :<\/h2>\n<p>Yongyu est un fabricant professionnel d'ustensiles de cuisine. Nos produits couvrent toutes sortes d'ustensiles de cuisine en acier inoxydable, tels que les cuiseurs de nouilles, les po\u00eales \u00e0 frire, les marmites, etc.<\/p>\n<h2><!-- \/wp:paragraph --><\/h2>","protected":false},"featured_media":537,"comment_status":"closed","ping_status":"closed","template":"","meta":{"_acf_changed":true},"application":[29],"product_brand":[],"product_cat":[23,32],"product_tag":[],"class_list":{"0":"post-517","1":"product","2":"type-product","3":"status-publish","4":"has-post-thumbnail","6":"application-home-kitchen","7":"product_cat-kitchenware-wholesale","8":"product_cat-wholesale-cookware","10":"first","11":"instock","12":"shipping-taxable","13":"product-type-simple"},"acf":[],"_links":{"self":[{"href":"https:\/\/www.yongyukitchenware.com\/fr\/wp-json\/wp\/v2\/product\/517","targetHints":{"allow":["GET"]}}],"collection":[{"href":"https:\/\/www.yongyukitchenware.com\/fr\/wp-json\/wp\/v2\/product"}],"about":[{"href":"https:\/\/www.yongyukitchenware.com\/fr\/wp-json\/wp\/v2\/types\/product"}],"replies":[{"embeddable":true,"href":"https:\/\/www.yongyukitchenware.com\/fr\/wp-json\/wp\/v2\/comments?post=517"}],"wp:featuredmedia":[{"embeddable":true,"href":"https:\/\/www.yongyukitchenware.com\/fr\/wp-json\/wp\/v2\/media\/537"}],"wp:attachment":[{"href":"https:\/\/www.yongyukitchenware.com\/fr\/wp-json\/wp\/v2\/media?parent=517"}],"wp:term":[{"taxonomy":"application","embeddable":true,"href":"https:\/\/www.yongyukitchenware.com\/fr\/wp-json\/wp\/v2\/application?post=517"},{"taxonomy":"product_brand","embeddable":true,"href":"https:\/\/www.yongyukitchenware.com\/fr\/wp-json\/wp\/v2\/product_brand?post=517"},{"taxonomy":"product_cat","embeddable":true,"href":"https:\/\/www.yongyukitchenware.com\/fr\/wp-json\/wp\/v2\/product_cat?post=517"},{"taxonomy":"product_tag","embeddable":true,"href":"https:\/\/www.yongyukitchenware.com\/fr\/wp-json\/wp\/v2\/product_tag?post=517"}],"curies":[{"name":"wp","href":"https:\/\/api.w.org\/{rel}","templated":true}]}}