{"id":520,"date":"2024-09-28T03:30:57","date_gmt":"2024-09-28T03:30:57","guid":{"rendered":"https:\/\/www.yongyukitchenware.com\/?post_type=product&#038;p=520"},"modified":"2025-06-26T02:42:16","modified_gmt":"2025-06-26T02:42:16","slug":"chafing-dish-buffet-set-wholesale","status":"publish","type":"product","link":"https:\/\/www.yongyukitchenware.com\/fr\/produit\/chafing-dish-buffet-set-wholesale\/","title":{"rendered":"Wholesale Chafing Dish Buffet Set Stainless Steel Square 6L"},"content":{"rendered":"<div class=\"wp-block-columns is-layout-flex wp-container-core-columns-is-layout-9d6595d7 wp-block-columns-is-layout-flex\">\n<div class=\"wp-block-column is-layout-flow wp-block-column-is-layout-flow\">\n<h2 class=\"wp-block-heading\">Set de buffet pour chafing dish Param\u00e8tre :<\/h2>\n\n\n\n<figure class=\"wp-block-table\"><table class=\"has-fixed-layout\"><tbody><tr><td>Mod\u00e8le<\/td><td>Forme<\/td><td>Capacit\u00e9 (l)<\/td><td>Poids (kg)<\/td><td>MOQ<\/td><\/tr><tr><td rowspan=\"2\">DY002-CL<\/td><td>40*40*21<\/td><td rowspan=\"2\">6<\/td><td>7<\/td><td rowspan=\"2\">2PCS<\/td><\/tr><tr><td>40*40*29<\/td><td>7.5<\/td><\/tr><\/tbody><\/table><\/figure>\n<\/div>\n\n\n\n<div class=\"wp-block-column is-layout-flow wp-block-column-is-layout-flow\">\n<div class=\"wp-block-columns is-layout-flex wp-container-core-columns-is-layout-9d6595d7 wp-block-columns-is-layout-flex\">\n<div class=\"wp-block-column is-layout-flow wp-block-column-is-layout-flow\">\n<figure class=\"wp-block-image size-full\"><img decoding=\"async\" width=\"800\" height=\"800\" src=\"https:\/\/www.yongyukitchenware.com\/wp-content\/uploads\/2024\/09\/Stainless-Steel-Chafing-Dish-Buffet-Set-Wholesale-With-Visible-Glass-Lid-1.webp\" alt=\"Plat \u00e0 r\u00f4tir en acier inoxydable Buffet Set Wholesale With Visible Glass Lid (1)\" class=\"wp-image-2867\" srcset=\"https:\/\/www.yongyukitchenware.com\/wp-content\/uploads\/2024\/09\/Stainless-Steel-Chafing-Dish-Buffet-Set-Wholesale-With-Visible-Glass-Lid-1.webp 800w, https:\/\/www.yongyukitchenware.com\/wp-content\/uploads\/2024\/09\/Stainless-Steel-Chafing-Dish-Buffet-Set-Wholesale-With-Visible-Glass-Lid-1-300x300.webp 300w, https:\/\/www.yongyukitchenware.com\/wp-content\/uploads\/2024\/09\/Stainless-Steel-Chafing-Dish-Buffet-Set-Wholesale-With-Visible-Glass-Lid-1-150x150.webp 150w, https:\/\/www.yongyukitchenware.com\/wp-content\/uploads\/2024\/09\/Stainless-Steel-Chafing-Dish-Buffet-Set-Wholesale-With-Visible-Glass-Lid-1-768x768.webp 768w, https:\/\/www.yongyukitchenware.com\/wp-content\/uploads\/2024\/09\/Stainless-Steel-Chafing-Dish-Buffet-Set-Wholesale-With-Visible-Glass-Lid-1-12x12.webp 12w, https:\/\/www.yongyukitchenware.com\/wp-content\/uploads\/2024\/09\/Stainless-Steel-Chafing-Dish-Buffet-Set-Wholesale-With-Visible-Glass-Lid-1-600x600.webp 600w, https:\/\/www.yongyukitchenware.com\/wp-content\/uploads\/2024\/09\/Stainless-Steel-Chafing-Dish-Buffet-Set-Wholesale-With-Visible-Glass-Lid-1-100x100.webp 100w\" sizes=\"(max-width: 800px) 100vw, 800px\" \/><\/figure>\n<\/div>\n\n\n\n<div class=\"wp-block-column is-layout-flow wp-block-column-is-layout-flow\">\n<figure class=\"wp-block-image size-full\"><img decoding=\"async\" width=\"800\" height=\"800\" src=\"https:\/\/www.yongyukitchenware.com\/wp-content\/uploads\/2024\/09\/Stainless-Steel-Chafing-Dish-Buffet-Set-Wholesale-With-Visible-Glass-Lid-2.webp\" alt=\"Plat \u00e0 r\u00f4tir en acier inoxydable Buffet Set Wholesale With Visible Glass Lid (2)\" class=\"wp-image-2868\" srcset=\"https:\/\/www.yongyukitchenware.com\/wp-content\/uploads\/2024\/09\/Stainless-Steel-Chafing-Dish-Buffet-Set-Wholesale-With-Visible-Glass-Lid-2.webp 800w, https:\/\/www.yongyukitchenware.com\/wp-content\/uploads\/2024\/09\/Stainless-Steel-Chafing-Dish-Buffet-Set-Wholesale-With-Visible-Glass-Lid-2-300x300.webp 300w, https:\/\/www.yongyukitchenware.com\/wp-content\/uploads\/2024\/09\/Stainless-Steel-Chafing-Dish-Buffet-Set-Wholesale-With-Visible-Glass-Lid-2-150x150.webp 150w, https:\/\/www.yongyukitchenware.com\/wp-content\/uploads\/2024\/09\/Stainless-Steel-Chafing-Dish-Buffet-Set-Wholesale-With-Visible-Glass-Lid-2-768x768.webp 768w, https:\/\/www.yongyukitchenware.com\/wp-content\/uploads\/2024\/09\/Stainless-Steel-Chafing-Dish-Buffet-Set-Wholesale-With-Visible-Glass-Lid-2-12x12.webp 12w, https:\/\/www.yongyukitchenware.com\/wp-content\/uploads\/2024\/09\/Stainless-Steel-Chafing-Dish-Buffet-Set-Wholesale-With-Visible-Glass-Lid-2-600x600.webp 600w, https:\/\/www.yongyukitchenware.com\/wp-content\/uploads\/2024\/09\/Stainless-Steel-Chafing-Dish-Buffet-Set-Wholesale-With-Visible-Glass-Lid-2-100x100.webp 100w\" sizes=\"(max-width: 800px) 100vw, 800px\" \/><\/figure>\n<\/div>\n<\/div>\n<\/div>\n<\/div>\n\n\n\n<div class=\"wp-block-columns is-layout-flex wp-container-core-columns-is-layout-9d6595d7 wp-block-columns-is-layout-flex\">\n<div class=\"wp-block-column is-layout-flow wp-block-column-is-layout-flow\">\n<figure class=\"wp-block-image size-full\"><img decoding=\"async\" width=\"800\" height=\"800\" src=\"https:\/\/www.yongyukitchenware.com\/wp-content\/uploads\/2025\/01\/Wholesale-Stainless-Steel-Chafing-Dish-with-Clear-Lid-Custom-Warmer-6.webp\" alt=\"Wholesale Stainless Steel Chafing Dish with Clear Lid Custom Warmer (6)\" class=\"wp-image-2855\" srcset=\"https:\/\/www.yongyukitchenware.com\/wp-content\/uploads\/2025\/01\/Wholesale-Stainless-Steel-Chafing-Dish-with-Clear-Lid-Custom-Warmer-6.webp 800w, https:\/\/www.yongyukitchenware.com\/wp-content\/uploads\/2025\/01\/Wholesale-Stainless-Steel-Chafing-Dish-with-Clear-Lid-Custom-Warmer-6-300x300.webp 300w, https:\/\/www.yongyukitchenware.com\/wp-content\/uploads\/2025\/01\/Wholesale-Stainless-Steel-Chafing-Dish-with-Clear-Lid-Custom-Warmer-6-150x150.webp 150w, https:\/\/www.yongyukitchenware.com\/wp-content\/uploads\/2025\/01\/Wholesale-Stainless-Steel-Chafing-Dish-with-Clear-Lid-Custom-Warmer-6-768x768.webp 768w, https:\/\/www.yongyukitchenware.com\/wp-content\/uploads\/2025\/01\/Wholesale-Stainless-Steel-Chafing-Dish-with-Clear-Lid-Custom-Warmer-6-12x12.webp 12w, https:\/\/www.yongyukitchenware.com\/wp-content\/uploads\/2025\/01\/Wholesale-Stainless-Steel-Chafing-Dish-with-Clear-Lid-Custom-Warmer-6-600x600.webp 600w, https:\/\/www.yongyukitchenware.com\/wp-content\/uploads\/2025\/01\/Wholesale-Stainless-Steel-Chafing-Dish-with-Clear-Lid-Custom-Warmer-6-100x100.webp 100w\" sizes=\"(max-width: 800px) 100vw, 800px\" \/><\/figure>\n<\/div>\n\n\n\n<div class=\"wp-block-column is-layout-flow wp-block-column-is-layout-flow\">\n<h2 class=\"wp-block-heading\">Ensemble Buffet Chafing Dish Caract\u00e9ristiques :<\/h2>\n\n\n\n<p><strong>Mat\u00e9riau en acier inoxydable de haute qualit\u00e9 :<\/strong> durable et antirouille, garantissant une utilisation \u00e0 long terme et la s\u00e9curit\u00e9 alimentaire.<\/p>\n\n\n\n<p><strong>Couvercle en verre visible :<\/strong> Le couvercle en verre transparent permet de v\u00e9rifier facilement l'\u00e9tat des aliments \u00e0 tout moment, am\u00e9liorant ainsi l'exp\u00e9rience gastronomique.<\/p>\n\n\n\n<p><strong>Options de plateaux multi-grilles : <\/strong>Les options de grille simple et de grille double sont disponibles pour r\u00e9pondre aux besoins de s\u00e9paration et de stockage, et conviennent \u00e0 diverses occasions de repas.<\/p>\n\n\n\n<p><strong>Options de p\u00e9dalier \u00e0 deux hauteurs :<\/strong> Des pieds longs et courts sont fournis pour r\u00e9pondre \u00e0 diff\u00e9rentes occasions et besoins d'utilisation.<\/p>\n\n\n\n<p><strong>Solutions personnalis\u00e9es :<\/strong> Y compris la taille, la couleur, le traitement de surface et d'autres aspects personnalis\u00e9s.<\/p>\n\n\n\n<p><strong>Fourniture directe par l'usine :<\/strong> Fourniture directe, co\u00fbt abordable, garantissant \u00e0 chaque client de profiter d'un ensemble de buffets pour chafing dish carr\u00e9s de haute qualit\u00e9.<\/p>\n<\/div>\n<\/div>","protected":false},"excerpt":{"rendered":"<p>Notre set de buffet pour chafing dish est id\u00e9al pour la restauration et les buffets. Avec un couvercle en verre et plusieurs options de taille. Les ventes directes de l'usine garantissent une performance \u00e0 haut co\u00fbt. N'h\u00e9sitez pas \u00e0 nous contacter pour un devis gratuit.<\/p>\n<h2><!-- wp:heading --><\/h2>\n<h2 class=\"wp-block-heading\">Set de buffets pour chafing dish Attributs :<\/h2>\n<h2><!-- \/wp:heading --><\/p>\n<p><!-- wp:paragraph --><\/h2>\n<p><strong>Mat\u00e9riau : <\/strong>Acier inoxydable<br \/><strong>Couleur : <\/strong>Argent, couleur personnalis\u00e9e<br \/><strong>Forme : <\/strong>Carr\u00e9<br \/><strong>Chaleur : <\/strong>Chauffage \u00e0 l'alcool et \u00e0 l'\u00e9lectricit\u00e9<br \/><strong>Bac de r\u00e9cup\u00e9ration : <\/strong>Grille simple\/double\/trois<br \/><strong>Emballage : <\/strong>Sac d'opposition et bo\u00eete en carton<br \/><strong>OEM\/ODM : <\/strong>Disponible<\/p>\n<h2 class=\"wp-block-heading\">De Yongyu Chafing Dish Manufacturer :<\/h2>\n<p>Qu'il s'agisse d'un fournisseur de services de restauration, d'un h\u00f4tel ou d'un restaurant, ou d'une soci\u00e9t\u00e9 d'organisation d'\u00e9v\u00e9nements, nous fournissons des solutions compl\u00e8tes de fournitures de restauration en gros personnalis\u00e9es pour aider votre entreprise avec des prix d'usine de haute qualit\u00e9 !<\/p>\n<h2><!-- \/wp:paragraph --><\/h2>","protected":false},"featured_media":2867,"comment_status":"closed","ping_status":"closed","template":"","meta":{"_acf_changed":false},"application":[30],"product_brand":[],"product_cat":[33],"product_tag":[],"class_list":{"0":"post-520","1":"product","2":"type-product","3":"status-publish","4":"has-post-thumbnail","6":"application-hotel-catering","7":"product_cat-chafing-dishes-wholesale","9":"first","10":"instock","11":"shipping-taxable","12":"product-type-simple"},"acf":[],"_links":{"self":[{"href":"https:\/\/www.yongyukitchenware.com\/fr\/wp-json\/wp\/v2\/product\/520","targetHints":{"allow":["GET"]}}],"collection":[{"href":"https:\/\/www.yongyukitchenware.com\/fr\/wp-json\/wp\/v2\/product"}],"about":[{"href":"https:\/\/www.yongyukitchenware.com\/fr\/wp-json\/wp\/v2\/types\/product"}],"replies":[{"embeddable":true,"href":"https:\/\/www.yongyukitchenware.com\/fr\/wp-json\/wp\/v2\/comments?post=520"}],"wp:featuredmedia":[{"embeddable":true,"href":"https:\/\/www.yongyukitchenware.com\/fr\/wp-json\/wp\/v2\/media\/2867"}],"wp:attachment":[{"href":"https:\/\/www.yongyukitchenware.com\/fr\/wp-json\/wp\/v2\/media?parent=520"}],"wp:term":[{"taxonomy":"application","embeddable":true,"href":"https:\/\/www.yongyukitchenware.com\/fr\/wp-json\/wp\/v2\/application?post=520"},{"taxonomy":"product_brand","embeddable":true,"href":"https:\/\/www.yongyukitchenware.com\/fr\/wp-json\/wp\/v2\/product_brand?post=520"},{"taxonomy":"product_cat","embeddable":true,"href":"https:\/\/www.yongyukitchenware.com\/fr\/wp-json\/wp\/v2\/product_cat?post=520"},{"taxonomy":"product_tag","embeddable":true,"href":"https:\/\/www.yongyukitchenware.com\/fr\/wp-json\/wp\/v2\/product_tag?post=520"}],"curies":[{"name":"wp","href":"https:\/\/api.w.org\/{rel}","templated":true}]}}