{"id":5218,"date":"2026-03-11T08:50:46","date_gmt":"2026-03-11T08:50:46","guid":{"rendered":"https:\/\/www.yongyukitchenware.com\/?post_type=product&#038;p=5218"},"modified":"2026-03-11T08:55:44","modified_gmt":"2026-03-11T08:55:44","slug":"wholesale-mini-frying-pan-3-layer-compound-steel-cooking-pan-with-steel-handle","status":"publish","type":"product","link":"https:\/\/www.yongyukitchenware.com\/fr\/produit\/wholesale-mini-frying-pan-3-layer-compound-steel-cooking-pan-with-steel-handle\/","title":{"rendered":"Mini po\u00eale \u00e0 frire en gros Po\u00eale de cuisson en acier compos\u00e9 \u00e0 3 couches avec manche en acier"},"content":{"rendered":"<div class=\"wp-block-columns is-layout-flex wp-container-core-columns-is-layout-9d6595d7 wp-block-columns-is-layout-flex\">\n<div class=\"wp-block-column is-layout-flow wp-block-column-is-layout-flow\">\n<h2 class=\"wp-block-heading\">Mini po\u00eale \u00e0 frire en gros Caract\u00e9ristiques :<\/h2>\n\n\n\n<p><strong>Taille compacte : <\/strong>D'une capacit\u00e9 de 400 ml, cette mini po\u00eale \u00e0 frire est id\u00e9ale pour pr\u00e9parer de petits repas, comme des \u0153ufs ou un saut\u00e9 rapide.<\/p>\n\n\n\n<p><strong>Deux options de poign\u00e9e : <\/strong>Choisissez entre un manche en bois confortable ou un manche en acier inoxydable \u00e9l\u00e9gant pour une prise en main et un style parfaits.<\/p>\n\n\n\n<p><strong>Acier inoxydable durable : <\/strong>Fabriqu\u00e9e en acier inoxydable de haute qualit\u00e9, cette casserole est r\u00e9sistante \u00e0 la rouille et \u00e0 l'usure, ce qui lui assure une longue dur\u00e9e de vie.<\/p>\n\n\n\n<p><strong>Utilisation polyvalente : <\/strong>Parfaite pour frire, sauter ou m\u00eame r\u00e9chauffer de petites portions, cette po\u00eale est indispensable pour les petites cuisines ou les repas en solo.<\/p>\n\n\n\n<p><strong>Facile \u00e0 nettoyer : <\/strong>La surface lisse en acier inoxydable permet un nettoyage rapide et facile, ce qui vous fait gagner du temps dans la cuisine.<\/p>\n<\/div>\n\n\n\n<div class=\"wp-block-column is-layout-flow wp-block-column-is-layout-flow\">\n<div class=\"wp-block-columns is-layout-flex wp-container-core-columns-is-layout-9d6595d7 wp-block-columns-is-layout-flex\">\n<div class=\"wp-block-column is-layout-flow wp-block-column-is-layout-flow\">\n<figure class=\"wp-block-image size-full\"><img decoding=\"async\" width=\"800\" height=\"800\" src=\"https:\/\/www.yongyukitchenware.com\/wp-content\/uploads\/2026\/03\/Wholesale-Mini-Frying-Pan-11.webp\" alt=\"Vente en gros de mini-po\u00eales \u00e0 frire-11\" class=\"wp-image-5216\" srcset=\"https:\/\/www.yongyukitchenware.com\/wp-content\/uploads\/2026\/03\/Wholesale-Mini-Frying-Pan-11.webp 800w, https:\/\/www.yongyukitchenware.com\/wp-content\/uploads\/2026\/03\/Wholesale-Mini-Frying-Pan-11-300x300.webp 300w, https:\/\/www.yongyukitchenware.com\/wp-content\/uploads\/2026\/03\/Wholesale-Mini-Frying-Pan-11-150x150.webp 150w, https:\/\/www.yongyukitchenware.com\/wp-content\/uploads\/2026\/03\/Wholesale-Mini-Frying-Pan-11-768x768.webp 768w, https:\/\/www.yongyukitchenware.com\/wp-content\/uploads\/2026\/03\/Wholesale-Mini-Frying-Pan-11-12x12.webp 12w, https:\/\/www.yongyukitchenware.com\/wp-content\/uploads\/2026\/03\/Wholesale-Mini-Frying-Pan-11-600x600.webp 600w, https:\/\/www.yongyukitchenware.com\/wp-content\/uploads\/2026\/03\/Wholesale-Mini-Frying-Pan-11-100x100.webp 100w\" sizes=\"(max-width: 800px) 100vw, 800px\" \/><\/figure>\n<\/div>\n<\/div>\n\n\n\n<figure class=\"wp-block-image size-full\"><img decoding=\"async\" width=\"800\" height=\"800\" src=\"https:\/\/www.yongyukitchenware.com\/wp-content\/uploads\/2026\/03\/Wholesale-Mini-Frying-Pan-5.webp\" alt=\"Vente en gros de mini-po\u00eales \u00e0 frire-5\" class=\"wp-image-5210\" srcset=\"https:\/\/www.yongyukitchenware.com\/wp-content\/uploads\/2026\/03\/Wholesale-Mini-Frying-Pan-5.webp 800w, https:\/\/www.yongyukitchenware.com\/wp-content\/uploads\/2026\/03\/Wholesale-Mini-Frying-Pan-5-300x300.webp 300w, https:\/\/www.yongyukitchenware.com\/wp-content\/uploads\/2026\/03\/Wholesale-Mini-Frying-Pan-5-150x150.webp 150w, https:\/\/www.yongyukitchenware.com\/wp-content\/uploads\/2026\/03\/Wholesale-Mini-Frying-Pan-5-768x768.webp 768w, https:\/\/www.yongyukitchenware.com\/wp-content\/uploads\/2026\/03\/Wholesale-Mini-Frying-Pan-5-12x12.webp 12w, https:\/\/www.yongyukitchenware.com\/wp-content\/uploads\/2026\/03\/Wholesale-Mini-Frying-Pan-5-600x600.webp 600w, https:\/\/www.yongyukitchenware.com\/wp-content\/uploads\/2026\/03\/Wholesale-Mini-Frying-Pan-5-100x100.webp 100w\" sizes=\"(max-width: 800px) 100vw, 800px\" \/><\/figure>\n<\/div>\n<\/div>\n\n\n\n<p><\/p>","protected":false},"excerpt":{"rendered":"<p><span data-mce-type=\"bookmark\" style=\"width: 0px;overflow: hidden;line-height: 0\" class=\"mce_SELRES_start\"><\/span>Cette mini po\u00eale \u00e0 frire en acier inoxydable offre deux types de poign\u00e9es : une poign\u00e9e en bois et une poign\u00e9e en acier. Elle a une capacit\u00e9 de 400 millilitres. Elle est parfaite pour faire frire des \u0153ufs ou cuire de petites portions d'aliments. Choisissez-nous et vous pourrez profiter de nos produits de haute qualit\u00e9, de nos prix comp\u00e9titifs et de notre excellent service \u00e0 la client\u00e8le.<\/p>\n<h2>Mini po\u00eale \u00e0 frire en gros Param\u00e8tres :<\/h2>\n<p><strong>Mat\u00e9riau :<\/strong> Acier \u00e0 trois couches (SS 304)<br \/><strong>Capacit\u00e9 :<\/strong> 400ml<br \/><strong>Tailles :<\/strong> Diam\u00e8tre : 13 cm, Hauteur : 4,5 cm, Longueur du manche : 13,5 cm<br \/><strong>OEM\/ODM :<\/strong> Disponible<\/p>\n<h2 class=\"wp-block-heading\">Fabricant d'ustensiles de cuisine Yongyu :<\/h2>\n<p>Yongyu est un fabricant d'ustensiles de cuisine bien connu en Chine, qui propose une large gamme d'ustensiles de cuisine en acier inoxydable de haute qualit\u00e9, notamment des po\u00eales \u00e0 frire, des woks, des marmites, des marmites \u00e0 p\u00e2tes, etc.<\/p>","protected":false},"featured_media":5207,"comment_status":"closed","ping_status":"closed","template":"","meta":{"_acf_changed":true},"application":[29],"product_brand":[],"product_cat":[23,32],"product_tag":[],"class_list":{"0":"post-5218","1":"product","2":"type-product","3":"status-publish","4":"has-post-thumbnail","6":"application-home-kitchen","7":"product_cat-kitchenware-wholesale","8":"product_cat-wholesale-cookware","10":"first","11":"instock","12":"shipping-taxable","13":"product-type-simple"},"acf":[],"_links":{"self":[{"href":"https:\/\/www.yongyukitchenware.com\/fr\/wp-json\/wp\/v2\/product\/5218","targetHints":{"allow":["GET"]}}],"collection":[{"href":"https:\/\/www.yongyukitchenware.com\/fr\/wp-json\/wp\/v2\/product"}],"about":[{"href":"https:\/\/www.yongyukitchenware.com\/fr\/wp-json\/wp\/v2\/types\/product"}],"replies":[{"embeddable":true,"href":"https:\/\/www.yongyukitchenware.com\/fr\/wp-json\/wp\/v2\/comments?post=5218"}],"wp:featuredmedia":[{"embeddable":true,"href":"https:\/\/www.yongyukitchenware.com\/fr\/wp-json\/wp\/v2\/media\/5207"}],"wp:attachment":[{"href":"https:\/\/www.yongyukitchenware.com\/fr\/wp-json\/wp\/v2\/media?parent=5218"}],"wp:term":[{"taxonomy":"application","embeddable":true,"href":"https:\/\/www.yongyukitchenware.com\/fr\/wp-json\/wp\/v2\/application?post=5218"},{"taxonomy":"product_brand","embeddable":true,"href":"https:\/\/www.yongyukitchenware.com\/fr\/wp-json\/wp\/v2\/product_brand?post=5218"},{"taxonomy":"product_cat","embeddable":true,"href":"https:\/\/www.yongyukitchenware.com\/fr\/wp-json\/wp\/v2\/product_cat?post=5218"},{"taxonomy":"product_tag","embeddable":true,"href":"https:\/\/www.yongyukitchenware.com\/fr\/wp-json\/wp\/v2\/product_tag?post=5218"}],"curies":[{"name":"wp","href":"https:\/\/api.w.org\/{rel}","templated":true}]}}