{"id":545,"date":"2025-03-12T15:11:29","date_gmt":"2025-03-12T15:11:29","guid":{"rendered":"https:\/\/www.yongyukitchenware.com\/?post_type=product&#038;p=545"},"modified":"2025-06-13T06:45:11","modified_gmt":"2025-06-13T06:45:11","slug":"wholesale-chafing-dishes-set","status":"publish","type":"product","link":"https:\/\/www.yongyukitchenware.com\/fr\/produit\/wholesale-chafing-dishes-set\/","title":{"rendered":"Wholesale Chafing Dishes Set For Banquet With Pipe Leg (Ensemble de plats \u00e0 r\u00f4tir pour banquets avec pied en tube)"},"content":{"rendered":"<div class=\"wp-block-columns is-layout-flex wp-container-core-columns-is-layout-9d6595d7 wp-block-columns-is-layout-flex\">\n<div class=\"wp-block-column is-layout-flow wp-block-column-is-layout-flow\">\n<h2 class=\"wp-block-heading\">Param\u00e8tres de l'ensemble de plats \u00e0 r\u00e9chauffer<\/h2>\n\n\n\n<div class=\"wp-block-columns is-layout-flex wp-container-core-columns-is-layout-9d6595d7 wp-block-columns-is-layout-flex\">\n<div class=\"wp-block-column is-layout-flow wp-block-column-is-layout-flow\" style=\"flex-basis:100%\">\n<div class=\"wp-block-group\"><div class=\"wp-block-group__inner-container is-layout-constrained wp-block-group-is-layout-constrained\">\n<div class=\"wp-block-columns is-layout-flex wp-container-core-columns-is-layout-9d6595d7 wp-block-columns-is-layout-flex\">\n<div class=\"wp-block-column is-layout-flow wp-block-column-is-layout-flow\" style=\"flex-basis:100%\">\n<figure class=\"wp-block-table\"><table class=\"has-fixed-layout\"><tbody><tr><td>Mod\u00e8le<\/td><td>Forme<\/td><td>Longueur * Largeur * Hauteur (cm)<\/td><td>Poids (kg)<\/td><td>MOQ<\/td><\/tr><tr><td>DY004-CL<\/td><td>Rectangulaire<\/td><td>57*37*24<\/td><td>8.5<\/td><td>2PCS<\/td><\/tr><\/tbody><\/table><\/figure>\n<\/div>\n<\/div>\n<\/div><\/div>\n<\/div>\n<\/div>\n\n\n\n<figure class=\"wp-block-image size-full\"><img decoding=\"async\" width=\"1920\" height=\"1920\" src=\"https:\/\/www.yongyukitchenware.com\/wp-content\/uploads\/2025\/02\/chafing-dishes-set-2-1.webp\" alt=\"Ensemble de chafing dishes en gros\" class=\"wp-image-2997\" srcset=\"https:\/\/www.yongyukitchenware.com\/wp-content\/uploads\/2025\/02\/chafing-dishes-set-2-1.webp 1920w, https:\/\/www.yongyukitchenware.com\/wp-content\/uploads\/2025\/02\/chafing-dishes-set-2-1-300x300.webp 300w, https:\/\/www.yongyukitchenware.com\/wp-content\/uploads\/2025\/02\/chafing-dishes-set-2-1-150x150.webp 150w, https:\/\/www.yongyukitchenware.com\/wp-content\/uploads\/2025\/02\/chafing-dishes-set-2-1-768x768.webp 768w, https:\/\/www.yongyukitchenware.com\/wp-content\/uploads\/2025\/02\/chafing-dishes-set-2-1-12x12.webp 12w, https:\/\/www.yongyukitchenware.com\/wp-content\/uploads\/2025\/02\/chafing-dishes-set-2-1-1200x1200.webp 1200w, https:\/\/www.yongyukitchenware.com\/wp-content\/uploads\/2025\/02\/chafing-dishes-set-2-1-600x600.webp 600w, https:\/\/www.yongyukitchenware.com\/wp-content\/uploads\/2025\/02\/chafing-dishes-set-2-1-100x100.webp 100w\" sizes=\"(max-width: 1920px) 100vw, 1920px\" \/><\/figure>\n<\/div>\n\n\n\n<div class=\"wp-block-column is-layout-flow wp-block-column-is-layout-flow\">\n<h2 class=\"wp-block-heading\">Ensemble de plats \u00e0 r\u00e9chauffer Caract\u00e9ristiques :<\/h2>\n\n\n\n<p><strong>Pieds tubulaires robustes : <\/strong>\u00c9quip\u00e9 d'un support tubulaire stable, il assure \u00e0 l'\u00e9quipement une excellente stabilit\u00e9 et un bon soutien lors de son utilisation, ce qui convient aux services de buffet en diverses occasions.<\/p>\n\n\n\n<p><strong>Facile \u00e0 nettoyer : <\/strong>Notre ensemble de chafing dishes en vrac est fabriqu\u00e9 en acier inoxydable de haute qualit\u00e9, la surface lisse est antirouille et r\u00e9sistante \u00e0 la corrosion, elle est facile \u00e0 nettoyer et \u00e0 entretenir, ce qui garantit une utilisation \u00e0 long terme.<\/p>\n\n\n\n<p><strong>Deux m\u00e9thodes de chauffage\uff1a<\/strong> Il existe des m\u00e9thodes de chauffage \u00e0 l'alcool et des m\u00e9thodes de chauffage \u00e9lectrique des plaques pour r\u00e9pondre \u00e0 diff\u00e9rents besoins.<\/p>\n\n\n\n<p><strong>Assiettes \u00e0 d\u00eener de grande capacit\u00e9 :<\/strong> Ces assiettes offrent un grand espace pour la vaisselle et peuvent contenir plusieurs plats \u00e0 la fois, ce qui \u00e9vite de devoir les remplir fr\u00e9quemment.<\/p>\n\n\n\n<p><strong>Remises de gros :<\/strong> Nous proposons des prix pr\u00e9f\u00e9rentiels d'achat en gros pour les traiteurs et les organisateurs d'\u00e9v\u00e9nements, ce qui vous permet de r\u00e9duire consid\u00e9rablement vos co\u00fbts d'exploitation tout en maintenant un niveau de qualit\u00e9 \u00e9lev\u00e9.<\/p>\n<\/div>\n<\/div>\n\n\n\n<p><\/p>","protected":false},"excerpt":{"rendered":"<p>Notre ensemble de chafing dishes en gros est \u00e9quip\u00e9 d'un support tubulaire robuste pour diverses occasions. Le mat\u00e9riau en acier inoxydable facile \u00e0 nettoyer garantit la durabilit\u00e9 \u00e0 long terme de l'\u00e9quipement. C'est un choix id\u00e9al, que ce soit pour un h\u00f4tel, un mariage ou un \u00e9v\u00e9nement d'entreprise.\u00a0 \u00a0 \u00a0 \u00a0 \u00a0 \u00a0 \u00a0 \u00a0 \u00a0 \u00a0 \u00a0 \u00a0 \u00a0 \u00a0 \u00a0 \u00a0 \u00a0<\/p>\n<h2>Attributs de l'ensemble des chafing dishes :<\/h2>\n<p><strong>Mat\u00e9riau : <\/strong>Acier inoxydable<br \/><strong>Couleur : <\/strong>Argent<br \/><strong>Forme : <\/strong>Rectangle<br \/><strong>Chaleur : <\/strong>Chauffage \u00e0 l'alcool et \u00e0 l'\u00e9lectricit\u00e9<br \/><strong>Bac de r\u00e9cup\u00e9ration : <\/strong>Grille simple\/double<br \/><strong>Emballage : <\/strong>Sac d'opposition et bo\u00eete en carton<br \/><strong>OEM\/ODM : <\/strong>Disponible<\/p>\n<h2><!-- \/wp:heading --><\/p>\n<p><!-- wp:paragraph --><\/h2>\n<h2 class=\"wp-block-heading\">De Yongyu Chafing Dish Manufacturer :<\/h2>\n<p>Qu'il s'agisse d'un fournisseur de services de restauration, d'un h\u00f4tel ou d'un restaurant, ou d'une soci\u00e9t\u00e9 d'organisation d'\u00e9v\u00e9nements, nous fournissons des solutions compl\u00e8tes de fournitures de restauration en gros personnalis\u00e9es pour aider votre entreprise avec des prix d'usine de haute qualit\u00e9 !<\/p>\n<h2><!-- \/wp:paragraph --><\/h2>","protected":false},"featured_media":2996,"comment_status":"closed","ping_status":"closed","template":"","meta":{"_acf_changed":false},"application":[],"product_brand":[],"product_cat":[33],"product_tag":[],"class_list":{"0":"post-545","1":"product","2":"type-product","3":"status-publish","4":"has-post-thumbnail","6":"product_cat-chafing-dishes-wholesale","8":"first","9":"instock","10":"shipping-taxable","11":"product-type-simple"},"acf":[],"_links":{"self":[{"href":"https:\/\/www.yongyukitchenware.com\/fr\/wp-json\/wp\/v2\/product\/545","targetHints":{"allow":["GET"]}}],"collection":[{"href":"https:\/\/www.yongyukitchenware.com\/fr\/wp-json\/wp\/v2\/product"}],"about":[{"href":"https:\/\/www.yongyukitchenware.com\/fr\/wp-json\/wp\/v2\/types\/product"}],"replies":[{"embeddable":true,"href":"https:\/\/www.yongyukitchenware.com\/fr\/wp-json\/wp\/v2\/comments?post=545"}],"wp:featuredmedia":[{"embeddable":true,"href":"https:\/\/www.yongyukitchenware.com\/fr\/wp-json\/wp\/v2\/media\/2996"}],"wp:attachment":[{"href":"https:\/\/www.yongyukitchenware.com\/fr\/wp-json\/wp\/v2\/media?parent=545"}],"wp:term":[{"taxonomy":"application","embeddable":true,"href":"https:\/\/www.yongyukitchenware.com\/fr\/wp-json\/wp\/v2\/application?post=545"},{"taxonomy":"product_brand","embeddable":true,"href":"https:\/\/www.yongyukitchenware.com\/fr\/wp-json\/wp\/v2\/product_brand?post=545"},{"taxonomy":"product_cat","embeddable":true,"href":"https:\/\/www.yongyukitchenware.com\/fr\/wp-json\/wp\/v2\/product_cat?post=545"},{"taxonomy":"product_tag","embeddable":true,"href":"https:\/\/www.yongyukitchenware.com\/fr\/wp-json\/wp\/v2\/product_tag?post=545"}],"curies":[{"name":"wp","href":"https:\/\/api.w.org\/{rel}","templated":true}]}}