{"id":624,"date":"2024-09-27T18:34:05","date_gmt":"2024-09-27T18:34:05","guid":{"rendered":"https:\/\/www.yongyukitchenware.com\/?post_type=product&#038;p=624"},"modified":"2025-06-26T02:36:44","modified_gmt":"2025-06-26T02:36:44","slug":"korean-ramen-pot-wholesale","status":"publish","type":"product","link":"https:\/\/www.yongyukitchenware.com\/fr\/produit\/korean-ramen-pot-wholesale\/","title":{"rendered":"Wholesale Korean Ramen Pot Stainless Steel for Cooking Noodle (Pot \u00e0 Ramen cor\u00e9en en acier inoxydable pour la cuisson des nouilles)"},"content":{"rendered":"<div class=\"wp-block-columns is-layout-flex wp-container-core-columns-is-layout-9d6595d7 wp-block-columns-is-layout-flex\">\n<div class=\"wp-block-column is-layout-flow wp-block-column-is-layout-flow\">\n<h2 class=\"wp-block-heading\">Pot de ramen cor\u00e9en Caract\u00e9ristiques :<\/h2>\n\n\n\n<p><strong>Acier inoxydable de haute qualit\u00e9 :<\/strong> L'acier inoxydable de qualit\u00e9 alimentaire est r\u00e9sistant \u00e0 la corrosion, inodore et durable.<br><strong>Couvercle enfonc\u00e9 : <\/strong>le couvercle et l'ouverture de la marmite s'embo\u00eetent parfaitement pour \u00e9viter que la soupe ne se r\u00e9pande et pour en conserver la d\u00e9licieuse saveur<br><strong>Double poign\u00e9e :<\/strong> Isolation thermique renforc\u00e9e et poign\u00e9e anti-br\u00fblure, plus s\u00fbre et plus pratique, la poign\u00e9e renforc\u00e9e par des rivets est plus solide et plus durable.<br><strong>Utilisation multifonctionnelle : <\/strong>convient \u00e0 une vari\u00e9t\u00e9 de m\u00e9thodes de cuisson, le fond de la casserole est chauff\u00e9 uniform\u00e9ment et rapidement et est compatible avec une vari\u00e9t\u00e9 de po\u00eales, ce qui permet d'\u00e9conomiser de l'\u00e9nergie et du temps<br><strong>Peu encombrant :<\/strong> conception \u00e0 grand calibre et diff\u00e9rentes tailles, peuvent \u00eatre empil\u00e9es et stock\u00e9es pour \u00e9conomiser de l'espace<\/p>\n\n\n\n<div class=\"wp-block-group is-vertical is-layout-flex wp-container-core-group-is-layout-8cf370e7 wp-block-group-is-layout-flex\">\n<h2 class=\"wp-block-heading\">Pot de Ramen cor\u00e9en Taille :<\/h2>\n<\/div>\n\n\n\n<figure class=\"wp-block-table\"><table class=\"has-fixed-layout\"><tbody><tr><td>Mod\u00e8le<\/td><td>Taille<\/td><td>Longueur * Largeur * Hauteur (cm)<\/td><td>MOQ<\/td><\/tr><tr><td rowspan=\"5\">DY044-G<\/td><td>16cm<\/td><td>25,5*18*7,3cm<\/td><td rowspan=\"5\">60PCS<\/td><\/tr><tr><td>18cm<\/td><td>27,3*20*7,8cm<\/td><\/tr><tr><td>20cm<\/td><td>29.5*22*8.5cm<\/td><\/tr><tr><td>22cm<\/td><td>31.6*24*9cm<\/td><\/tr><tr><td>24cm<\/td><td>35.5*26*9.3cm<\/td><\/tr><\/tbody><\/table><\/figure>\n<\/div>\n\n\n\n<div class=\"wp-block-column is-layout-flow wp-block-column-is-layout-flow\">\n<div class=\"wp-block-columns is-layout-flex wp-container-core-columns-is-layout-9d6595d7 wp-block-columns-is-layout-flex\">\n<div class=\"wp-block-column is-layout-flow wp-block-column-is-layout-flow\">\n<figure class=\"wp-block-image size-full\"><img decoding=\"async\" width=\"800\" height=\"800\" src=\"https:\/\/www.yongyukitchenware.com\/wp-content\/uploads\/2024\/09\/korean-ramen-pot-manufacturer-1.webp\" alt=\"fabricant cor\u00e9en de pots de jardin - 1\" class=\"wp-image-639\" srcset=\"https:\/\/www.yongyukitchenware.com\/wp-content\/uploads\/2024\/09\/korean-ramen-pot-manufacturer-1.webp 800w, https:\/\/www.yongyukitchenware.com\/wp-content\/uploads\/2024\/09\/korean-ramen-pot-manufacturer-1-300x300.webp 300w, https:\/\/www.yongyukitchenware.com\/wp-content\/uploads\/2024\/09\/korean-ramen-pot-manufacturer-1-150x150.webp 150w, https:\/\/www.yongyukitchenware.com\/wp-content\/uploads\/2024\/09\/korean-ramen-pot-manufacturer-1-768x768.webp 768w, https:\/\/www.yongyukitchenware.com\/wp-content\/uploads\/2024\/09\/korean-ramen-pot-manufacturer-1-600x600.webp 600w, https:\/\/www.yongyukitchenware.com\/wp-content\/uploads\/2024\/09\/korean-ramen-pot-manufacturer-1-100x100.webp 100w\" sizes=\"(max-width: 800px) 100vw, 800px\" \/><\/figure>\n<\/div>\n\n\n\n<div class=\"wp-block-column is-layout-flow wp-block-column-is-layout-flow\">\n<figure class=\"wp-block-image size-full\"><img decoding=\"async\" width=\"800\" height=\"800\" src=\"https:\/\/www.yongyukitchenware.com\/wp-content\/uploads\/2024\/09\/korean-ramen-pot-manufacturer-2.webp\" alt=\"fabricant cor\u00e9en de pots de fleurs-2\" class=\"wp-image-640\" srcset=\"https:\/\/www.yongyukitchenware.com\/wp-content\/uploads\/2024\/09\/korean-ramen-pot-manufacturer-2.webp 800w, https:\/\/www.yongyukitchenware.com\/wp-content\/uploads\/2024\/09\/korean-ramen-pot-manufacturer-2-300x300.webp 300w, https:\/\/www.yongyukitchenware.com\/wp-content\/uploads\/2024\/09\/korean-ramen-pot-manufacturer-2-150x150.webp 150w, https:\/\/www.yongyukitchenware.com\/wp-content\/uploads\/2024\/09\/korean-ramen-pot-manufacturer-2-768x768.webp 768w, https:\/\/www.yongyukitchenware.com\/wp-content\/uploads\/2024\/09\/korean-ramen-pot-manufacturer-2-600x600.webp 600w, https:\/\/www.yongyukitchenware.com\/wp-content\/uploads\/2024\/09\/korean-ramen-pot-manufacturer-2-100x100.webp 100w\" sizes=\"(max-width: 800px) 100vw, 800px\" \/><\/figure>\n<\/div>\n<\/div>\n\n\n\n<div class=\"wp-block-columns is-layout-flex wp-container-core-columns-is-layout-9d6595d7 wp-block-columns-is-layout-flex\">\n<div class=\"wp-block-column is-layout-flow wp-block-column-is-layout-flow\">\n<figure class=\"wp-block-image size-full\"><img decoding=\"async\" width=\"800\" height=\"800\" src=\"https:\/\/www.yongyukitchenware.com\/wp-content\/uploads\/2024\/09\/korean-ramen-pot-manufacturer-7.webp\" alt=\"fabricant cor\u00e9en de pots de fleurs - 7\" class=\"wp-image-646\" srcset=\"https:\/\/www.yongyukitchenware.com\/wp-content\/uploads\/2024\/09\/korean-ramen-pot-manufacturer-7.webp 800w, https:\/\/www.yongyukitchenware.com\/wp-content\/uploads\/2024\/09\/korean-ramen-pot-manufacturer-7-300x300.webp 300w, https:\/\/www.yongyukitchenware.com\/wp-content\/uploads\/2024\/09\/korean-ramen-pot-manufacturer-7-150x150.webp 150w, https:\/\/www.yongyukitchenware.com\/wp-content\/uploads\/2024\/09\/korean-ramen-pot-manufacturer-7-768x768.webp 768w, https:\/\/www.yongyukitchenware.com\/wp-content\/uploads\/2024\/09\/korean-ramen-pot-manufacturer-7-600x600.webp 600w, https:\/\/www.yongyukitchenware.com\/wp-content\/uploads\/2024\/09\/korean-ramen-pot-manufacturer-7-100x100.webp 100w\" sizes=\"(max-width: 800px) 100vw, 800px\" \/><\/figure>\n<\/div>\n\n\n\n<div class=\"wp-block-column is-layout-flow wp-block-column-is-layout-flow\">\n<figure class=\"wp-block-image size-full\"><img decoding=\"async\" width=\"800\" height=\"800\" src=\"https:\/\/www.yongyukitchenware.com\/wp-content\/uploads\/2024\/09\/korean-ramen-pot-manufacturer-8.webp\" alt=\"fabricant cor\u00e9en de pots de fleurs - 8\" class=\"wp-image-647\" srcset=\"https:\/\/www.yongyukitchenware.com\/wp-content\/uploads\/2024\/09\/korean-ramen-pot-manufacturer-8.webp 800w, https:\/\/www.yongyukitchenware.com\/wp-content\/uploads\/2024\/09\/korean-ramen-pot-manufacturer-8-300x300.webp 300w, https:\/\/www.yongyukitchenware.com\/wp-content\/uploads\/2024\/09\/korean-ramen-pot-manufacturer-8-150x150.webp 150w, https:\/\/www.yongyukitchenware.com\/wp-content\/uploads\/2024\/09\/korean-ramen-pot-manufacturer-8-768x768.webp 768w, https:\/\/www.yongyukitchenware.com\/wp-content\/uploads\/2024\/09\/korean-ramen-pot-manufacturer-8-600x600.webp 600w, https:\/\/www.yongyukitchenware.com\/wp-content\/uploads\/2024\/09\/korean-ramen-pot-manufacturer-8-100x100.webp 100w\" sizes=\"(max-width: 800px) 100vw, 800px\" \/><\/figure>\n<\/div>\n<\/div>\n<\/div>\n<\/div>\n\n\n\n<p><\/p>","protected":false},"excerpt":{"rendered":"<p>Pot \u00e0 ramen cor\u00e9en en gros et en vrac en acier inoxydable, options or et argent, peut cuire les nouilles uniform\u00e9ment, un excellent choix pour les pots les plus vendus d'Amazon.<\/p>\n<h2 style=\"text-align: left\">Param\u00e8tre du pot de ramen cor\u00e9en :<\/h2>\n<p style=\"text-align: left\"><strong>Mat\u00e9riau :<\/strong> Acier inoxydable<br \/><strong>Couleur :<\/strong> Argent, or, couleur personnalis\u00e9e<br \/><strong>Conception d'ustensiles de cuisine :<\/strong> poign\u00e9e de tirage renforc\u00e9e par des rivets et couvercle en acier inoxydable encastr\u00e9<br \/><strong>Diff\u00e9rentes tailles disponibles :<\/strong> 16cm, 18cm, 20cm, 22cm, et 24cm tailles diff\u00e9rentes sp\u00e9cifications<br \/><strong>Emballage :<\/strong> Sacs\/Bulk\/Cartons ou sur mesure<br \/><strong>OEM\/ODM :<\/strong> Disponible<\/p>\n<h2 class=\"wp-block-heading\">Fabricant d'ustensiles de cuisine Yongyu :<\/h2>\n<p>Yongyu est un fabricant professionnel d'ustensiles de cuisine. Nos produits couvrent toutes sortes d'ustensiles de cuisine en acier inoxydable, tels que les cuiseurs de nouilles, les po\u00eales \u00e0 frire, les marmites, etc.<\/p>","protected":false},"featured_media":719,"comment_status":"closed","ping_status":"closed","template":"","meta":{"_acf_changed":true},"application":[29],"product_brand":[],"product_cat":[23,32],"product_tag":[],"class_list":{"0":"post-624","1":"product","2":"type-product","3":"status-publish","4":"has-post-thumbnail","6":"application-home-kitchen","7":"product_cat-kitchenware-wholesale","8":"product_cat-wholesale-cookware","10":"first","11":"instock","12":"shipping-taxable","13":"product-type-simple"},"acf":[],"_links":{"self":[{"href":"https:\/\/www.yongyukitchenware.com\/fr\/wp-json\/wp\/v2\/product\/624","targetHints":{"allow":["GET"]}}],"collection":[{"href":"https:\/\/www.yongyukitchenware.com\/fr\/wp-json\/wp\/v2\/product"}],"about":[{"href":"https:\/\/www.yongyukitchenware.com\/fr\/wp-json\/wp\/v2\/types\/product"}],"replies":[{"embeddable":true,"href":"https:\/\/www.yongyukitchenware.com\/fr\/wp-json\/wp\/v2\/comments?post=624"}],"wp:featuredmedia":[{"embeddable":true,"href":"https:\/\/www.yongyukitchenware.com\/fr\/wp-json\/wp\/v2\/media\/719"}],"wp:attachment":[{"href":"https:\/\/www.yongyukitchenware.com\/fr\/wp-json\/wp\/v2\/media?parent=624"}],"wp:term":[{"taxonomy":"application","embeddable":true,"href":"https:\/\/www.yongyukitchenware.com\/fr\/wp-json\/wp\/v2\/application?post=624"},{"taxonomy":"product_brand","embeddable":true,"href":"https:\/\/www.yongyukitchenware.com\/fr\/wp-json\/wp\/v2\/product_brand?post=624"},{"taxonomy":"product_cat","embeddable":true,"href":"https:\/\/www.yongyukitchenware.com\/fr\/wp-json\/wp\/v2\/product_cat?post=624"},{"taxonomy":"product_tag","embeddable":true,"href":"https:\/\/www.yongyukitchenware.com\/fr\/wp-json\/wp\/v2\/product_tag?post=624"}],"curies":[{"name":"wp","href":"https:\/\/api.w.org\/{rel}","templated":true}]}}