{"id":632,"date":"2024-09-28T07:58:00","date_gmt":"2024-09-28T07:58:00","guid":{"rendered":"https:\/\/www.yongyukitchenware.com\/?post_type=product&#038;p=632"},"modified":"2025-06-26T02:43:22","modified_gmt":"2025-06-26T02:43:22","slug":"boat-shaped-bowl-wholesale","status":"publish","type":"product","link":"https:\/\/www.yongyukitchenware.com\/fr\/produit\/boat-shaped-bowl-wholesale\/","title":{"rendered":"Grossiste Bol en forme de bateau en acier inoxydable Gloden Sliver pour servir la salade"},"content":{"rendered":"<div class=\"wp-block-columns is-layout-flex wp-container-core-columns-is-layout-9d6595d7 wp-block-columns-is-layout-flex\">\n<div class=\"wp-block-column is-layout-flow wp-block-column-is-layout-flow\">\n<h2 class=\"wp-block-heading\">Param\u00e8tres pour les bols en forme de bateau<\/h2>\n\n\n\n<figure class=\"wp-block-table\"><table class=\"has-fixed-layout\"><tbody><tr><td>Mod\u00e8le<\/td><td>Forme<\/td><td>Longueur * Largeur *<br>&nbsp;Hauteur (cm)<\/td><td>MOQ<\/td><\/tr><tr><td rowspan=\"3\">DY024-W<\/td><td>Petit<\/td><td>16*11*5<\/td><td rowspan=\"3\">200PCS<\/td><\/tr><tr><td>Moyen<\/td><td>20*13.5*6<\/td><\/tr><tr><td>Grandes dimensions<\/td><td>25*16*7<\/td><\/tr><\/tbody><\/table><\/figure>\n<\/div>\n\n\n\n<div class=\"wp-block-column is-layout-flow wp-block-column-is-layout-flow\">\n<h2 class=\"wp-block-heading\">Bol en forme de bateau Caract\u00e9ristiques :<\/h2>\n\n\n\n<p><strong>Conception cr\u00e9ative : <\/strong>Le fond de la table est plat et lisse, ce qui garantit un placement stable et \u00e9vite tout basculement ou glissement. La forme unique du bateau et du lingot est magnifique et rehausse l'effet visuel global de la table \u00e0 manger.<\/p>\n\n\n\n<p><strong>Acier inoxydable de haute qualit\u00e9 : <\/strong>Fabriqu\u00e9 en acier inoxydable de qualit\u00e9 alimentaire, il r\u00e9siste \u00e0 la corrosion et ne d\u00e9gage pas d'odeur, ce qui garantit la s\u00e9curit\u00e9 des aliments. En outre, ce mat\u00e9riau est durable, convient \u00e0 une utilisation \u00e0 long terme et n'est pas facile \u00e0 d\u00e9former ou \u00e0 endommager.<\/p>\n\n\n\n<p><strong>Diff\u00e9rentes sp\u00e9cifications au choix : <\/strong>Le bol offre trois options de taille diff\u00e9rentes pour r\u00e9pondre aux besoins de diff\u00e9rentes occasions. Le rev\u00eatement optionnel en or ou en argent rend chaque bol encore plus beau et convient aux banquets haut de gamme et aux occasions sp\u00e9ciales.<\/p>\n\n\n\n<p><strong>Bords arrondis : <\/strong>Les bords sont finement polis, lisses et sans bavures, ce qui garantit une utilisation s\u00fbre sans \u00e9gratigner les mains ni endommager les aliments. Cette conception am\u00e9liore l'exp\u00e9rience de l'utilisateur et renforce la s\u00e9curit\u00e9.<\/p>\n\n\n\n<p><strong>Processus de polissage bross\u00e9 : <\/strong>La surface adopte un processus de polissage bross\u00e9, avec une texture lisse et d\u00e9licate, un toucher agr\u00e9able et un nettoyage facile.<\/p>\n<\/div>\n<\/div>\n\n\n\n<div class=\"wp-block-columns is-layout-flex wp-container-core-columns-is-layout-9d6595d7 wp-block-columns-is-layout-flex\">\n<div class=\"wp-block-column is-layout-flow wp-block-column-is-layout-flow\">\n<figure class=\"wp-block-image size-full\"><img decoding=\"async\" width=\"800\" height=\"800\" src=\"https:\/\/www.yongyukitchenware.com\/wp-content\/uploads\/2024\/09\/Wholesale-Boat-Shaped-Bowl-2.webp\" alt=\"Vente en gros de bols en forme de bateau 2\" class=\"wp-image-634\" srcset=\"https:\/\/www.yongyukitchenware.com\/wp-content\/uploads\/2024\/09\/Wholesale-Boat-Shaped-Bowl-2.webp 800w, https:\/\/www.yongyukitchenware.com\/wp-content\/uploads\/2024\/09\/Wholesale-Boat-Shaped-Bowl-2-300x300.webp 300w, https:\/\/www.yongyukitchenware.com\/wp-content\/uploads\/2024\/09\/Wholesale-Boat-Shaped-Bowl-2-150x150.webp 150w, https:\/\/www.yongyukitchenware.com\/wp-content\/uploads\/2024\/09\/Wholesale-Boat-Shaped-Bowl-2-768x768.webp 768w, https:\/\/www.yongyukitchenware.com\/wp-content\/uploads\/2024\/09\/Wholesale-Boat-Shaped-Bowl-2-600x600.webp 600w, https:\/\/www.yongyukitchenware.com\/wp-content\/uploads\/2024\/09\/Wholesale-Boat-Shaped-Bowl-2-100x100.webp 100w\" sizes=\"(max-width: 800px) 100vw, 800px\" \/><\/figure>\n<\/div>\n\n\n\n<div class=\"wp-block-column is-layout-flow wp-block-column-is-layout-flow\">\n<figure class=\"wp-block-image size-full\"><img decoding=\"async\" width=\"800\" height=\"800\" src=\"https:\/\/www.yongyukitchenware.com\/wp-content\/uploads\/2024\/09\/Wholesale-Boat-Shaped-Bowl-5.webp\" alt=\"Grossiste Bol en forme de bateau 5\" class=\"wp-image-637\" srcset=\"https:\/\/www.yongyukitchenware.com\/wp-content\/uploads\/2024\/09\/Wholesale-Boat-Shaped-Bowl-5.webp 800w, https:\/\/www.yongyukitchenware.com\/wp-content\/uploads\/2024\/09\/Wholesale-Boat-Shaped-Bowl-5-300x300.webp 300w, https:\/\/www.yongyukitchenware.com\/wp-content\/uploads\/2024\/09\/Wholesale-Boat-Shaped-Bowl-5-150x150.webp 150w, https:\/\/www.yongyukitchenware.com\/wp-content\/uploads\/2024\/09\/Wholesale-Boat-Shaped-Bowl-5-768x768.webp 768w, https:\/\/www.yongyukitchenware.com\/wp-content\/uploads\/2024\/09\/Wholesale-Boat-Shaped-Bowl-5-600x600.webp 600w, https:\/\/www.yongyukitchenware.com\/wp-content\/uploads\/2024\/09\/Wholesale-Boat-Shaped-Bowl-5-100x100.webp 100w\" sizes=\"(max-width: 800px) 100vw, 800px\" \/><\/figure>\n<\/div>\n<\/div>\n\n\n\n<p><\/p>","protected":false},"excerpt":{"rendered":"<p>Nos bols \u00e0 bateau en gros sont con\u00e7us de mani\u00e8re unique et fabriqu\u00e9s en acier inoxydable de haute qualit\u00e9, qui est durable et facile \u00e0 nettoyer. Ils pr\u00e9sentent une grande vari\u00e9t\u00e9 de sp\u00e9cifications pour servir les salades, les desserts et les snacks, et constituent un choix id\u00e9al pour les services de restauration modernes et \u00e9l\u00e9gants.\u00a0 \u00a0 \u00a0 \u00a0 \u00a0 \u00a0 \u00a0 \u00a0 \u00a0\u00a0<\/p>\n<h2>Attributs du bol en forme de bateau :<\/h2>\n<p><strong>Mat\u00e9riau : <\/strong>Acier inoxydable<br \/><strong>Couleur : <\/strong>Or\/Argent<br \/><strong>Forme : <\/strong>En forme de bateau<br \/><strong>Emballage : <\/strong>Sac d'opposition et bo\u00eete en carton<br \/><strong>OEM\/ODM : <\/strong>Disponible<\/p>\n<h2><!-- \/wp:heading --><\/p>\n<p><!-- wp:paragraph --><\/h2>\n<h2 class=\"wp-block-heading\">Yongyu Tableware Wholesaler :<\/h2>\n<p class=\"wp-block-heading\">Yongyu Tableware Wholesaler peut r\u00e9pondre aux besoins des clients en vrac et fournir une s\u00e9rie de fournitures de restauration en gros de haute qualit\u00e9 qui combine l'\u00e9l\u00e9gance et la durabilit\u00e9. Y compris la vaisselle, les boissons, le mat\u00e9riel de restauration, les ustensiles de cuisine, les \u00e9l\u00e9ments essentiels de la cuisine de camping, etc.<\/p>\n<h2><!-- \/wp:paragraph --><\/h2>","protected":false},"featured_media":633,"comment_status":"closed","ping_status":"closed","template":"","meta":{"_acf_changed":true},"application":[30],"product_brand":[],"product_cat":[21,47],"product_tag":[],"class_list":{"0":"post-632","1":"product","2":"type-product","3":"status-publish","4":"has-post-thumbnail","6":"application-hotel-catering","7":"product_cat-tableware-wholesale","8":"product_cat-stainless-steel-bowls-wholesale","10":"first","11":"instock","12":"shipping-taxable","13":"product-type-simple"},"acf":[],"_links":{"self":[{"href":"https:\/\/www.yongyukitchenware.com\/fr\/wp-json\/wp\/v2\/product\/632","targetHints":{"allow":["GET"]}}],"collection":[{"href":"https:\/\/www.yongyukitchenware.com\/fr\/wp-json\/wp\/v2\/product"}],"about":[{"href":"https:\/\/www.yongyukitchenware.com\/fr\/wp-json\/wp\/v2\/types\/product"}],"replies":[{"embeddable":true,"href":"https:\/\/www.yongyukitchenware.com\/fr\/wp-json\/wp\/v2\/comments?post=632"}],"wp:featuredmedia":[{"embeddable":true,"href":"https:\/\/www.yongyukitchenware.com\/fr\/wp-json\/wp\/v2\/media\/633"}],"wp:attachment":[{"href":"https:\/\/www.yongyukitchenware.com\/fr\/wp-json\/wp\/v2\/media?parent=632"}],"wp:term":[{"taxonomy":"application","embeddable":true,"href":"https:\/\/www.yongyukitchenware.com\/fr\/wp-json\/wp\/v2\/application?post=632"},{"taxonomy":"product_brand","embeddable":true,"href":"https:\/\/www.yongyukitchenware.com\/fr\/wp-json\/wp\/v2\/product_brand?post=632"},{"taxonomy":"product_cat","embeddable":true,"href":"https:\/\/www.yongyukitchenware.com\/fr\/wp-json\/wp\/v2\/product_cat?post=632"},{"taxonomy":"product_tag","embeddable":true,"href":"https:\/\/www.yongyukitchenware.com\/fr\/wp-json\/wp\/v2\/product_tag?post=632"}],"curies":[{"name":"wp","href":"https:\/\/api.w.org\/{rel}","templated":true}]}}