{"id":664,"date":"2024-09-28T02:17:52","date_gmt":"2024-09-28T02:17:52","guid":{"rendered":"https:\/\/www.yongyukitchenware.com\/?post_type=product&#038;p=664"},"modified":"2025-06-26T02:37:54","modified_gmt":"2025-06-26T02:37:54","slug":"korean-troop-pot-wholesale","status":"publish","type":"product","link":"https:\/\/www.yongyukitchenware.com\/fr\/produit\/korean-troop-pot-wholesale\/","title":{"rendered":"Marmite en acier inoxydable pour les troupes cor\u00e9ennes Fruits de mer en vrac avec plusieurs tailles"},"content":{"rendered":"<div class=\"wp-block-columns is-layout-flex wp-container-core-columns-is-layout-9d6595d7 wp-block-columns-is-layout-flex\">\n<div class=\"wp-block-column is-layout-flow wp-block-column-is-layout-flow\">\n<h2 class=\"wp-block-heading\">Pot de la troupe cor\u00e9enne Caract\u00e9ristiques :<\/h2>\n\n\n\n<p><strong>Acier inoxydable de qualit\u00e9 alimentaire :<\/strong> L'acier inoxydable standard de qualit\u00e9 alimentaire a \u00e9t\u00e9 utilis\u00e9 pour garantir la s\u00e9curit\u00e9 alimentaire. Il est non toxique, inoffensif et r\u00e9sistant \u00e0 la corrosion.<br><strong>Conception \u00e0 large ouverture :<\/strong> La conception \u00e0 large ouverture de la marmite facilite la cuisson et le brassage des ingr\u00e9dients, et convient mieux aux ingr\u00e9dients plus volumineux et \u00e0 la cuisson des fruits de mer.<br><strong>Plusieurs tailles :<\/strong> Qu'il s'agisse de petits pots utilis\u00e9s \u00e0 la maison ou de grands pots utilis\u00e9s dans une cuisine commerciale, la fonction d'empilage permet d'\u00e9conomiser de l'espace tout en stockant des pots de tailles diff\u00e9rentes.<br><strong>Conception de la poign\u00e9e : <\/strong>La poign\u00e9e isol\u00e9e et anti-br\u00fblure est plus pratique \u00e0 prendre en main et les rivets sont renforc\u00e9s.<br><strong>Facile \u00e0 nettoyer : <\/strong>Surface lisse en acier inoxydable antiadh\u00e9sive pour un nettoyage facile.<br><strong>Abordable : <\/strong>Achat \u00e9conomique, la po\u00eale \u00e0 fruits de mer en gros est vendue \u00e0 un prix raisonnable et convient \u00e0 l'achat en gros.<\/p>\n\n\n\n<h2 class=\"wp-block-heading\">Troupe cor\u00e9enne Taille du pot :<\/h2>\n\n\n\n<figure class=\"wp-block-table\"><table class=\"has-fixed-layout\"><tbody><tr><td>Mod\u00e8le<\/td><td>Taille<\/td><td>Longueur * Largeur * Hauteur (cm)<\/td><td>MOQ<\/td><\/tr><tr><td rowspan=\"6\">DY047-G<\/td><td>18cm<\/td><td>29*18.5*6cm<\/td><td rowspan=\"6\">80PCS<\/td><\/tr><tr><td>20cm<\/td><td>30*20*6cm<\/td><\/tr><tr><td>22cm<\/td><td>33*23*6cm<\/td><\/tr><tr><td>24cm<\/td><td>35*25*6cm<\/td><\/tr><tr><td>26cm<\/td><td>38*27*6cm<\/td><\/tr><tr><td>28cm<\/td><td>39*29*6cm<\/td><\/tr><\/tbody><\/table><\/figure>\n<\/div>\n\n\n\n<div class=\"wp-block-column is-layout-flow wp-block-column-is-layout-flow\">\n<div class=\"wp-block-columns is-layout-flex wp-container-core-columns-is-layout-9d6595d7 wp-block-columns-is-layout-flex\">\n<div class=\"wp-block-column is-layout-flow wp-block-column-is-layout-flow\">\n<figure class=\"wp-block-image size-full\"><img decoding=\"async\" width=\"800\" height=\"800\" src=\"https:\/\/www.yongyukitchenware.com\/wp-content\/uploads\/2024\/09\/wholesale-seafood-pan-7.webp\" alt=\"grossistes-paniers \u00e0 fruits de mer (7)\" class=\"wp-image-698\" srcset=\"https:\/\/www.yongyukitchenware.com\/wp-content\/uploads\/2024\/09\/wholesale-seafood-pan-7.webp 800w, https:\/\/www.yongyukitchenware.com\/wp-content\/uploads\/2024\/09\/wholesale-seafood-pan-7-300x300.webp 300w, https:\/\/www.yongyukitchenware.com\/wp-content\/uploads\/2024\/09\/wholesale-seafood-pan-7-150x150.webp 150w, https:\/\/www.yongyukitchenware.com\/wp-content\/uploads\/2024\/09\/wholesale-seafood-pan-7-768x768.webp 768w, https:\/\/www.yongyukitchenware.com\/wp-content\/uploads\/2024\/09\/wholesale-seafood-pan-7-600x600.webp 600w, https:\/\/www.yongyukitchenware.com\/wp-content\/uploads\/2024\/09\/wholesale-seafood-pan-7-100x100.webp 100w\" sizes=\"(max-width: 800px) 100vw, 800px\" \/><\/figure>\n<\/div>\n\n\n\n<div class=\"wp-block-column is-layout-flow wp-block-column-is-layout-flow\">\n<figure class=\"wp-block-image size-full\"><img decoding=\"async\" width=\"800\" height=\"800\" src=\"https:\/\/www.yongyukitchenware.com\/wp-content\/uploads\/2024\/09\/wholesale-seafood-pan-6.webp\" alt=\"grossistes-paniers \u00e0 fruits de mer (6)\" class=\"wp-image-699\" srcset=\"https:\/\/www.yongyukitchenware.com\/wp-content\/uploads\/2024\/09\/wholesale-seafood-pan-6.webp 800w, https:\/\/www.yongyukitchenware.com\/wp-content\/uploads\/2024\/09\/wholesale-seafood-pan-6-300x300.webp 300w, https:\/\/www.yongyukitchenware.com\/wp-content\/uploads\/2024\/09\/wholesale-seafood-pan-6-150x150.webp 150w, https:\/\/www.yongyukitchenware.com\/wp-content\/uploads\/2024\/09\/wholesale-seafood-pan-6-768x768.webp 768w, https:\/\/www.yongyukitchenware.com\/wp-content\/uploads\/2024\/09\/wholesale-seafood-pan-6-600x600.webp 600w, https:\/\/www.yongyukitchenware.com\/wp-content\/uploads\/2024\/09\/wholesale-seafood-pan-6-100x100.webp 100w\" sizes=\"(max-width: 800px) 100vw, 800px\" \/><\/figure>\n<\/div>\n<\/div>\n\n\n\n<div class=\"wp-block-columns is-layout-flex wp-container-core-columns-is-layout-9d6595d7 wp-block-columns-is-layout-flex\">\n<div class=\"wp-block-column is-layout-flow wp-block-column-is-layout-flow\">\n<figure class=\"wp-block-image size-full\"><img decoding=\"async\" width=\"800\" height=\"800\" src=\"https:\/\/www.yongyukitchenware.com\/wp-content\/uploads\/2024\/09\/wholesale-seafood-pan-5.webp\" alt=\"grossiste-fruits de mer-pan (5)\" class=\"wp-image-707\" srcset=\"https:\/\/www.yongyukitchenware.com\/wp-content\/uploads\/2024\/09\/wholesale-seafood-pan-5.webp 800w, https:\/\/www.yongyukitchenware.com\/wp-content\/uploads\/2024\/09\/wholesale-seafood-pan-5-300x300.webp 300w, https:\/\/www.yongyukitchenware.com\/wp-content\/uploads\/2024\/09\/wholesale-seafood-pan-5-150x150.webp 150w, https:\/\/www.yongyukitchenware.com\/wp-content\/uploads\/2024\/09\/wholesale-seafood-pan-5-768x768.webp 768w, https:\/\/www.yongyukitchenware.com\/wp-content\/uploads\/2024\/09\/wholesale-seafood-pan-5-600x600.webp 600w, https:\/\/www.yongyukitchenware.com\/wp-content\/uploads\/2024\/09\/wholesale-seafood-pan-5-100x100.webp 100w\" sizes=\"(max-width: 800px) 100vw, 800px\" \/><\/figure>\n<\/div>\n\n\n\n<div class=\"wp-block-column is-layout-flow wp-block-column-is-layout-flow\">\n<figure class=\"wp-block-image size-full\"><img decoding=\"async\" width=\"800\" height=\"800\" src=\"https:\/\/www.yongyukitchenware.com\/wp-content\/uploads\/2024\/09\/wholesale-seafood-pan-4.webp\" alt=\"grossistes-paniers \u00e0 fruits de mer (4)\" class=\"wp-image-706\" srcset=\"https:\/\/www.yongyukitchenware.com\/wp-content\/uploads\/2024\/09\/wholesale-seafood-pan-4.webp 800w, https:\/\/www.yongyukitchenware.com\/wp-content\/uploads\/2024\/09\/wholesale-seafood-pan-4-300x300.webp 300w, https:\/\/www.yongyukitchenware.com\/wp-content\/uploads\/2024\/09\/wholesale-seafood-pan-4-150x150.webp 150w, https:\/\/www.yongyukitchenware.com\/wp-content\/uploads\/2024\/09\/wholesale-seafood-pan-4-768x768.webp 768w, https:\/\/www.yongyukitchenware.com\/wp-content\/uploads\/2024\/09\/wholesale-seafood-pan-4-600x600.webp 600w, https:\/\/www.yongyukitchenware.com\/wp-content\/uploads\/2024\/09\/wholesale-seafood-pan-4-100x100.webp 100w\" sizes=\"(max-width: 800px) 100vw, 800px\" \/><\/figure>\n<\/div>\n<\/div>\n<\/div>\n<\/div>\n\n\n\n<p><\/p>","protected":false},"excerpt":{"rendered":"<p>Marmite cor\u00e9enne en acier inoxydable, id\u00e9ale pour la cuisson des fruits de mer, des soupes et des p\u00e2tes. Structure en acier inoxydable d'une seule pi\u00e8ce, robuste et durable. Diff\u00e9rentes tailles et conceptions d'ouverture large pour r\u00e9pondre aux diff\u00e9rents besoins de cuisson.<\/p>\n<h2 style=\"text-align: left\">Param\u00e8tre du pot des troupes cor\u00e9ennes :<\/h2>\n<p style=\"text-align: left\"><strong>Mat\u00e9riau :<\/strong> Acier inoxydable<br \/><strong>Couleur :<\/strong> Argent, or, couleur personnalis\u00e9e<br \/><strong>Conception du fond du pot :<\/strong> Plat et chauff\u00e9 uniform\u00e9ment et rapidement<br \/><strong>Diff\u00e9rentes tailles :<\/strong> 18 cm, 20 cm, 22cm, 24cm, 26cm et 28cm<br \/><strong>Emballage :<\/strong> Sacs\/Bulk\/Cartons ou sur mesure<br \/><strong>OEM\/ODM :<\/strong> Disponible<\/p>\n<h2 class=\"wp-block-heading\">Fabricant d'ustensiles de cuisine Yongyu :<\/h2>\n<p>Yongyu est un fabricant professionnel d'ustensiles de cuisine. Nos produits couvrent toutes sortes d'ustensiles de cuisine en acier inoxydable, tels que les cuiseurs de nouilles, les po\u00eales \u00e0 frire, les marmites, etc.<\/p>","protected":false},"featured_media":710,"comment_status":"closed","ping_status":"closed","template":"","meta":{"_acf_changed":true},"application":[29],"product_brand":[],"product_cat":[23,32],"product_tag":[],"class_list":{"0":"post-664","1":"product","2":"type-product","3":"status-publish","4":"has-post-thumbnail","6":"application-home-kitchen","7":"product_cat-kitchenware-wholesale","8":"product_cat-wholesale-cookware","10":"first","11":"instock","12":"shipping-taxable","13":"product-type-simple"},"acf":[],"_links":{"self":[{"href":"https:\/\/www.yongyukitchenware.com\/fr\/wp-json\/wp\/v2\/product\/664","targetHints":{"allow":["GET"]}}],"collection":[{"href":"https:\/\/www.yongyukitchenware.com\/fr\/wp-json\/wp\/v2\/product"}],"about":[{"href":"https:\/\/www.yongyukitchenware.com\/fr\/wp-json\/wp\/v2\/types\/product"}],"replies":[{"embeddable":true,"href":"https:\/\/www.yongyukitchenware.com\/fr\/wp-json\/wp\/v2\/comments?post=664"}],"wp:featuredmedia":[{"embeddable":true,"href":"https:\/\/www.yongyukitchenware.com\/fr\/wp-json\/wp\/v2\/media\/710"}],"wp:attachment":[{"href":"https:\/\/www.yongyukitchenware.com\/fr\/wp-json\/wp\/v2\/media?parent=664"}],"wp:term":[{"taxonomy":"application","embeddable":true,"href":"https:\/\/www.yongyukitchenware.com\/fr\/wp-json\/wp\/v2\/application?post=664"},{"taxonomy":"product_brand","embeddable":true,"href":"https:\/\/www.yongyukitchenware.com\/fr\/wp-json\/wp\/v2\/product_brand?post=664"},{"taxonomy":"product_cat","embeddable":true,"href":"https:\/\/www.yongyukitchenware.com\/fr\/wp-json\/wp\/v2\/product_cat?post=664"},{"taxonomy":"product_tag","embeddable":true,"href":"https:\/\/www.yongyukitchenware.com\/fr\/wp-json\/wp\/v2\/product_tag?post=664"}],"curies":[{"name":"wp","href":"https:\/\/api.w.org\/{rel}","templated":true}]}}