{"id":767,"date":"2024-09-28T10:37:32","date_gmt":"2024-09-28T10:37:32","guid":{"rendered":"https:\/\/www.yongyukitchenware.com\/?post_type=product&#038;p=767"},"modified":"2025-06-26T02:44:48","modified_gmt":"2025-06-26T02:44:48","slug":"sauce-bowl-wholesale","status":"publish","type":"product","link":"https:\/\/www.yongyukitchenware.com\/fr\/produit\/sauce-bowl-wholesale\/","title":{"rendered":"Wholesale Slant Sauce Bowl Double Walled Colored Seasoning Salad Bowl"},"content":{"rendered":"<div class=\"wp-block-columns is-layout-flex wp-container-core-columns-is-layout-9d6595d7 wp-block-columns-is-layout-flex\">\n<div class=\"wp-block-column is-layout-flow wp-block-column-is-layout-flow\">\n<h2 class=\"wp-block-heading\">Bol \u00e0 sauce Caract\u00e9ristiques :<\/h2>\n\n\n\n<p><strong>Isolation double couche :<\/strong> La structure \u00e0 double couche offre d'excellentes performances en mati\u00e8re d'isolation, ce qui permet de maintenir la temp\u00e9rature des aliments tout en \u00e9vitant la surchauffe de la paroi ext\u00e9rieure.<br><strong>Ouverture en biais : <\/strong>La conception unique de l'ouverture inclin\u00e9e facilite la prise des aliments, am\u00e9liorant ainsi la commodit\u00e9 et l'esth\u00e9tique de l'utilisation.<br>S\u00e9lection multicolore : Diff\u00e9rentes couleurs sont disponibles pour diff\u00e9rentes occasions et pr\u00e9f\u00e9rences personnelles, ce qui augmente l'attrait visuel.<br><strong>Rangement multifonctionnel<\/strong>: Il convient non seulement pour contenir des aliments, mais aussi pour stocker des produits secs, des en-cas, etc.<br>Mat\u00e9riau durable en acier inoxydable : Fabriqu\u00e9 en acier inoxydable de haute qualit\u00e9, il est robuste, durable, inoxydable et r\u00e9sistant \u00e0 la corrosion pour garantir une utilisation \u00e0 long terme.<\/p>\n\n\n\n<div class=\"wp-block-group is-vertical is-layout-flex wp-container-core-group-is-layout-8cf370e7 wp-block-group-is-layout-flex\">\n<h2 class=\"wp-block-heading\">Taille du bol \u00e0 sauce :<\/h2>\n\n\n\n<figure class=\"wp-block-table\"><table class=\"has-fixed-layout\"><tbody><tr><td>Mod\u00e8le<\/td><td>Taille<\/td><td>Diam\u00e8tre* Hauteur (cm)<\/td><td>MOQ<\/td><\/tr><tr><td rowspan=\"3\">DY027-W<\/td><td>14cm<\/td><td>22*18.5cm<\/td><td rowspan=\"3\">50PCS<\/td><\/tr><tr><td>18cm<\/td><td>18*16cm<\/td><\/tr><tr><td>22cm<\/td><td>14*11.5cm<\/td><\/tr><\/tbody><\/table><\/figure>\n<\/div>\n<\/div>\n\n\n\n<div class=\"wp-block-column is-layout-flow wp-block-column-is-layout-flow\">\n<div class=\"wp-block-columns is-layout-flex wp-container-core-columns-is-layout-9d6595d7 wp-block-columns-is-layout-flex\">\n<div class=\"wp-block-column is-layout-flow wp-block-column-is-layout-flow\"><\/div>\n<\/div>\n\n\n\n<div class=\"wp-block-columns is-layout-flex wp-container-core-columns-is-layout-9d6595d7 wp-block-columns-is-layout-flex\">\n<div class=\"wp-block-column is-layout-flow wp-block-column-is-layout-flow\">\n<figure class=\"wp-block-image size-full is-resized\"><img decoding=\"async\" width=\"800\" height=\"800\" src=\"https:\/\/www.yongyukitchenware.com\/wp-content\/uploads\/2024\/09\/Wholesale-Double-Walled-Bowl-With-Oblique-Mouth-6.webp\" alt=\"Vente en gros de bols \u00e0 double paroi avec bouche oblique 6\" class=\"wp-image-790\" style=\"width:461px;height:auto\" srcset=\"https:\/\/www.yongyukitchenware.com\/wp-content\/uploads\/2024\/09\/Wholesale-Double-Walled-Bowl-With-Oblique-Mouth-6.webp 800w, https:\/\/www.yongyukitchenware.com\/wp-content\/uploads\/2024\/09\/Wholesale-Double-Walled-Bowl-With-Oblique-Mouth-6-300x300.webp 300w, https:\/\/www.yongyukitchenware.com\/wp-content\/uploads\/2024\/09\/Wholesale-Double-Walled-Bowl-With-Oblique-Mouth-6-150x150.webp 150w, https:\/\/www.yongyukitchenware.com\/wp-content\/uploads\/2024\/09\/Wholesale-Double-Walled-Bowl-With-Oblique-Mouth-6-768x768.webp 768w, https:\/\/www.yongyukitchenware.com\/wp-content\/uploads\/2024\/09\/Wholesale-Double-Walled-Bowl-With-Oblique-Mouth-6-600x600.webp 600w, https:\/\/www.yongyukitchenware.com\/wp-content\/uploads\/2024\/09\/Wholesale-Double-Walled-Bowl-With-Oblique-Mouth-6-100x100.webp 100w\" sizes=\"(max-width: 800px) 100vw, 800px\" \/><\/figure>\n<\/div>\n<\/div>\n<\/div>\n<\/div>\n\n\n\n<p><\/p>","protected":false},"excerpt":{"rendered":"<div class=\"n4sEPd\">\n<div class=\"UdTY9 qhIQqf leDWne\" aria-hidden=\"true\" data-location=\"1\">\u00a0<\/div>\n<\/div>\n<div class=\"QcsUad BDJ8fb BLojaf sMVRZe hCXDsb wneUed\">\n<div class=\"usGWQd\">\n<div class=\"KkbLmb\">\n<div class=\"lRu31\" dir=\"ltr\">Bol \u00e0 sauce personnalis\u00e9, bol \u00e0 double paroi pour l'assaisonnement et la salade. Plusieurs tailles, vaisselle en acier inoxydable de haute qualit\u00e9, solution de gros adapt\u00e9e aux diff\u00e9rents services de restauration \u00e0 th\u00e8me. Nous vous invitons \u00e0 contacter le fabricant de produits de restauration Yongyu pour un devis gratuit !<\/div>\n<\/div>\n<\/div>\n<\/div>\n<h2 style=\"text-align: left\">Bol \u00e0 sauce Param\u00e8tre :<\/h2>\n<p style=\"text-align: left\"><strong>Mat\u00e9riau :<\/strong> Acier inoxydable<br \/><strong>Couleur :<\/strong> Argent, or, or noir et couleur Morandi<br \/><strong>Diff\u00e9rentes tailles :<\/strong> 14cm, 18cm, 22cm<br \/><strong>Emballage : <\/strong>Sac d'opposition et bo\u00eete en carton<br \/><strong>OEM\/ODM :<\/strong> Disponible<\/p>\n<h2 class=\"wp-block-heading\">Du grossiste en arts de la table Yongyu :<\/h2>\n<p>Yongyu Tableware Wholesaler peut r\u00e9pondre aux besoins des clients en vrac et fournir une s\u00e9rie de fournitures de restauration en gros de haute qualit\u00e9 qui combine l'\u00e9l\u00e9gance et la durabilit\u00e9. Y compris la vaisselle, les boissons, le mat\u00e9riel de restauration, les ustensiles de cuisine, les \u00e9l\u00e9ments essentiels de la cuisine de camping, etc.<\/p>","protected":false},"featured_media":786,"comment_status":"closed","ping_status":"closed","template":"","meta":{"_acf_changed":true},"application":[30],"product_brand":[],"product_cat":[22,45],"product_tag":[],"class_list":{"0":"post-767","1":"product","2":"type-product","3":"status-publish","4":"has-post-thumbnail","6":"application-hotel-catering","7":"product_cat-catering-supplies-wholesale","8":"product_cat-condiment-bowls-wholesale","10":"first","11":"instock","12":"shipping-taxable","13":"product-type-simple"},"acf":[],"_links":{"self":[{"href":"https:\/\/www.yongyukitchenware.com\/fr\/wp-json\/wp\/v2\/product\/767","targetHints":{"allow":["GET"]}}],"collection":[{"href":"https:\/\/www.yongyukitchenware.com\/fr\/wp-json\/wp\/v2\/product"}],"about":[{"href":"https:\/\/www.yongyukitchenware.com\/fr\/wp-json\/wp\/v2\/types\/product"}],"replies":[{"embeddable":true,"href":"https:\/\/www.yongyukitchenware.com\/fr\/wp-json\/wp\/v2\/comments?post=767"}],"wp:featuredmedia":[{"embeddable":true,"href":"https:\/\/www.yongyukitchenware.com\/fr\/wp-json\/wp\/v2\/media\/786"}],"wp:attachment":[{"href":"https:\/\/www.yongyukitchenware.com\/fr\/wp-json\/wp\/v2\/media?parent=767"}],"wp:term":[{"taxonomy":"application","embeddable":true,"href":"https:\/\/www.yongyukitchenware.com\/fr\/wp-json\/wp\/v2\/application?post=767"},{"taxonomy":"product_brand","embeddable":true,"href":"https:\/\/www.yongyukitchenware.com\/fr\/wp-json\/wp\/v2\/product_brand?post=767"},{"taxonomy":"product_cat","embeddable":true,"href":"https:\/\/www.yongyukitchenware.com\/fr\/wp-json\/wp\/v2\/product_cat?post=767"},{"taxonomy":"product_tag","embeddable":true,"href":"https:\/\/www.yongyukitchenware.com\/fr\/wp-json\/wp\/v2\/product_tag?post=767"}],"curies":[{"name":"wp","href":"https:\/\/api.w.org\/{rel}","templated":true}]}}