{"id":938,"date":"2024-09-28T18:59:10","date_gmt":"2024-09-28T18:59:10","guid":{"rendered":"https:\/\/www.yongyukitchenware.com\/?post_type=product&#038;p=938"},"modified":"2024-09-29T17:01:54","modified_gmt":"2024-09-29T17:01:54","slug":"stainless-steel-ashtrays-custom","status":"publish","type":"product","link":"https:\/\/www.yongyukitchenware.com\/fr\/produit\/stainless-steel-ashtrays-custom\/","title":{"rendered":"Cendriers personnalis\u00e9s en acier inoxydable r\u00e9sistants au vent pour l'ext\u00e9rieur et l'int\u00e9rieur"},"content":{"rendered":"<div class=\"wp-block-columns is-layout-flex wp-container-core-columns-is-layout-9d6595d7 wp-block-columns-is-layout-flex\">\n<div class=\"wp-block-column is-layout-flow wp-block-column-is-layout-flow\">\n<h2 class=\"wp-block-heading\">Cendriers en acier inoxydable Caract\u00e9ristiques :<\/h2>\n\n\n\n<p><strong>Acier inoxydable de haute qualit\u00e9 :<\/strong> Acier inoxydable de qualit\u00e9 alimentaire, r\u00e9sistant \u00e0 la corrosion, inodore et durable<br><strong>Multi-sp\u00e9cifications, multi-couleurs en option :<\/strong> La couleur peut \u00eatre personnalis\u00e9e, la taille de 8 \u00e0 14 cm est optionnelle, pour r\u00e9pondre \u00e0 des besoins diff\u00e9rents.<br><strong>Design du cendrier :<\/strong> Le bord du cendrier comporte trois rainures en forme de U, ce qui permet de placer facilement les cigarettes sans qu'elles ne tombent.<br><strong>Facile \u00e0 nettoyer :<\/strong> La surface et les bords des cendriers personnalis\u00e9s sont polis et lisses pour permettre un nettoyage s\u00fbr et rapide, tout en pr\u00e9servant l'hygi\u00e8ne.<br><strong>Options de personnalisation : <\/strong>Permet d'imprimer divers motifs de texte, tels que le nom de l'entreprise, le logo, la peinture de paysage, etc. afin d'am\u00e9liorer l'esth\u00e9tique.<\/p>\n<\/div>\n\n\n\n<div class=\"wp-block-column is-layout-flow wp-block-column-is-layout-flow\">\n<div class=\"wp-block-columns is-layout-flex wp-container-core-columns-is-layout-9d6595d7 wp-block-columns-is-layout-flex\">\n<div class=\"wp-block-column is-layout-flow wp-block-column-is-layout-flow\">\n<figure class=\"wp-block-image size-full\"><img decoding=\"async\" width=\"750\" height=\"750\" src=\"https:\/\/www.yongyukitchenware.com\/wp-content\/uploads\/2024\/09\/custom-ashtrays-2.webp\" alt=\"cendriers personnalis\u00e9s (2)\" class=\"wp-image-1167\" srcset=\"https:\/\/www.yongyukitchenware.com\/wp-content\/uploads\/2024\/09\/custom-ashtrays-2.webp 750w, https:\/\/www.yongyukitchenware.com\/wp-content\/uploads\/2024\/09\/custom-ashtrays-2-300x300.webp 300w, https:\/\/www.yongyukitchenware.com\/wp-content\/uploads\/2024\/09\/custom-ashtrays-2-150x150.webp 150w, https:\/\/www.yongyukitchenware.com\/wp-content\/uploads\/2024\/09\/custom-ashtrays-2-600x600.webp 600w, https:\/\/www.yongyukitchenware.com\/wp-content\/uploads\/2024\/09\/custom-ashtrays-2-100x100.webp 100w\" sizes=\"(max-width: 750px) 100vw, 750px\" \/><\/figure>\n<\/div>\n\n\n\n<div class=\"wp-block-column is-layout-flow wp-block-column-is-layout-flow\">\n<figure class=\"wp-block-image size-full\"><img decoding=\"async\" width=\"800\" height=\"800\" src=\"https:\/\/www.yongyukitchenware.com\/wp-content\/uploads\/2024\/09\/custom-ashtrays-6.webp\" alt=\"cendriers personnalis\u00e9s (6)\" class=\"wp-image-1171\" srcset=\"https:\/\/www.yongyukitchenware.com\/wp-content\/uploads\/2024\/09\/custom-ashtrays-6.webp 800w, https:\/\/www.yongyukitchenware.com\/wp-content\/uploads\/2024\/09\/custom-ashtrays-6-300x300.webp 300w, https:\/\/www.yongyukitchenware.com\/wp-content\/uploads\/2024\/09\/custom-ashtrays-6-150x150.webp 150w, https:\/\/www.yongyukitchenware.com\/wp-content\/uploads\/2024\/09\/custom-ashtrays-6-768x768.webp 768w, https:\/\/www.yongyukitchenware.com\/wp-content\/uploads\/2024\/09\/custom-ashtrays-6-600x600.webp 600w, https:\/\/www.yongyukitchenware.com\/wp-content\/uploads\/2024\/09\/custom-ashtrays-6-100x100.webp 100w\" sizes=\"(max-width: 800px) 100vw, 800px\" \/><\/figure>\n<\/div>\n<\/div>\n<\/div>\n<\/div>\n\n\n\n<p><\/p>","protected":false},"excerpt":{"rendered":"<p>Cendriers en acier inoxydable personnalis\u00e9s en vrac, sur\u00e9lev\u00e9s et r\u00e9sistants au vent, fins et faciles \u00e0 nettoyer, convenant \u00e0 une utilisation int\u00e9rieure et ext\u00e9rieure. Contactez le fournisseur d'articles m\u00e9nagers Yongyu pour une demande de renseignements gratuite !<\/p>\n<h2>Cendriers en acier inoxydable Param\u00e8tres :<\/h2>\n<p><strong>Mat\u00e9riau :<\/strong> acier inoxydable<br \/><strong>Couleur :<\/strong>\u00a0 Argent, or, rouge, bleu, jaune, etc.<br \/><strong>Diff\u00e9rentes tailles :<\/strong> 8-14cm<br \/><strong>Cendrier Design :<\/strong> Conception de rainures plus hautes, plus fines et en forme de U<br \/><strong>Emballage :<\/strong> Sac\/volume\/carton ou sur mesure<br \/><strong>OEM\/ODM :<\/strong> Disponible<\/p>\n<h2 class=\"wp-block-heading\">De Yongyu Homeware Wholesaler :<\/h2>\n<p>Yongyu dispose d'une cha\u00eene d'approvisionnement fiable et efficace, personnalisant et vendant en gros des articles m\u00e9nagers en acier inoxydable de haute qualit\u00e9. Nos produits sont durables et abordables, et nous nous engageons \u00e0 r\u00e9pondre aux besoins commerciaux de nos clients.<\/p>","protected":false},"featured_media":1173,"comment_status":"closed","ping_status":"closed","template":"","meta":{"_acf_changed":true},"application":[],"product_brand":[],"product_cat":[17],"product_tag":[],"class_list":{"0":"post-938","1":"product","2":"type-product","3":"status-publish","4":"has-post-thumbnail","6":"product_cat-homeware-wholesaler","8":"first","9":"instock","10":"shipping-taxable","11":"product-type-simple"},"acf":[],"_links":{"self":[{"href":"https:\/\/www.yongyukitchenware.com\/fr\/wp-json\/wp\/v2\/product\/938","targetHints":{"allow":["GET"]}}],"collection":[{"href":"https:\/\/www.yongyukitchenware.com\/fr\/wp-json\/wp\/v2\/product"}],"about":[{"href":"https:\/\/www.yongyukitchenware.com\/fr\/wp-json\/wp\/v2\/types\/product"}],"replies":[{"embeddable":true,"href":"https:\/\/www.yongyukitchenware.com\/fr\/wp-json\/wp\/v2\/comments?post=938"}],"wp:featuredmedia":[{"embeddable":true,"href":"https:\/\/www.yongyukitchenware.com\/fr\/wp-json\/wp\/v2\/media\/1173"}],"wp:attachment":[{"href":"https:\/\/www.yongyukitchenware.com\/fr\/wp-json\/wp\/v2\/media?parent=938"}],"wp:term":[{"taxonomy":"application","embeddable":true,"href":"https:\/\/www.yongyukitchenware.com\/fr\/wp-json\/wp\/v2\/application?post=938"},{"taxonomy":"product_brand","embeddable":true,"href":"https:\/\/www.yongyukitchenware.com\/fr\/wp-json\/wp\/v2\/product_brand?post=938"},{"taxonomy":"product_cat","embeddable":true,"href":"https:\/\/www.yongyukitchenware.com\/fr\/wp-json\/wp\/v2\/product_cat?post=938"},{"taxonomy":"product_tag","embeddable":true,"href":"https:\/\/www.yongyukitchenware.com\/fr\/wp-json\/wp\/v2\/product_tag?post=938"}],"curies":[{"name":"wp","href":"https:\/\/api.w.org\/{rel}","templated":true}]}}