{"id":940,"date":"2024-09-28T13:30:18","date_gmt":"2024-09-28T13:30:18","guid":{"rendered":"https:\/\/www.yongyukitchenware.com\/?post_type=product&#038;p=940"},"modified":"2025-06-26T02:48:44","modified_gmt":"2025-06-26T02:48:44","slug":"thermos-jug","status":"publish","type":"product","link":"https:\/\/www.yongyukitchenware.com\/fr\/produit\/thermos-jug\/","title":{"rendered":"Bulk Thermos Jug Acier inoxydable isol\u00e9 caf\u00e9 eau 1.5 L &amp; 2.0 L"},"content":{"rendered":"<div class=\"wp-block-columns is-layout-flex wp-container-core-columns-is-layout-9d6595d7 wp-block-columns-is-layout-flex\">\n<div class=\"wp-block-column is-layout-flow wp-block-column-is-layout-flow\">\n<h2 class=\"wp-block-heading\">Thermos Caract\u00e9ristiques :<\/h2>\n\n\n\n<p><strong>Acier inoxydable de haute qualit\u00e9 : <\/strong>Acier inoxydable de qualit\u00e9 alimentaire, r\u00e9sistant \u00e0 la corrosion, inodore et durable.<br><strong>Garder au chaud pendant 24 heures :<\/strong> Conception de l'isolation sous vide, prolongeant efficacement la dur\u00e9e d'isolation, jusqu'\u00e0 24 heures.<br><strong>S\u00e9lection multi-capacit\u00e9s : <\/strong>1,5L et 2L sont disponibles pour r\u00e9pondre aux besoins de diff\u00e9rentes occasions et aux besoins d'individus ou de plusieurs personnes. <br><strong>Conception de la couverture anti-poussi\u00e8re : <\/strong>Le couvercle de cette bouilloire \u00e0 caf\u00e9 est scell\u00e9 et \u00e9tanche \u00e0 la poussi\u00e8re, de sorte qu'il n'est pas facile de le renverser. Appuyer pour ouvrir, facile \u00e0 utiliser. <br><strong>Poign\u00e9e confortable :<\/strong> Poign\u00e9e incurv\u00e9e, prise en main confortable, gain de temps, peu encombrant.<\/p>\n\n\n\n<div class=\"wp-block-group is-vertical is-layout-flex wp-container-core-group-is-layout-8cf370e7 wp-block-group-is-layout-flex\">\n<h2 class=\"wp-block-heading\">Thermos Jug Taille :<\/h2>\n\n\n\n<figure class=\"wp-block-table\"><table class=\"has-fixed-layout\"><tbody><tr><td>Mod\u00e8le<\/td><td>Taille<\/td><td>Diam\u00e8tre* Hauteur (cm)<\/td><td>MOQ<\/td><\/tr><tr><td rowspan=\"2\">DY004-SH<\/td><td>1.5L<\/td><td>14*25cm<\/td><td rowspan=\"2\">24PCS<\/td><\/tr><tr><td>2.0L<\/td><td>14*29.8cm<\/td><\/tr><\/tbody><\/table><\/figure>\n<\/div>\n<\/div>\n\n\n\n<div class=\"wp-block-column is-layout-flow wp-block-column-is-layout-flow\">\n<div class=\"wp-block-columns is-layout-flex wp-container-core-columns-is-layout-9d6595d7 wp-block-columns-is-layout-flex\">\n<div class=\"wp-block-column is-layout-flow wp-block-column-is-layout-flow\">\n<figure class=\"wp-block-image size-full\"><img decoding=\"async\" width=\"800\" height=\"800\" src=\"https:\/\/www.yongyukitchenware.com\/wp-content\/uploads\/2024\/09\/Custom-Coffee-Kettle-6.webp\" alt=\"Bouilloire \u00e0 caf\u00e9 personnalis\u00e9e 6\" class=\"wp-image-948\" srcset=\"https:\/\/www.yongyukitchenware.com\/wp-content\/uploads\/2024\/09\/Custom-Coffee-Kettle-6.webp 800w, https:\/\/www.yongyukitchenware.com\/wp-content\/uploads\/2024\/09\/Custom-Coffee-Kettle-6-300x300.webp 300w, https:\/\/www.yongyukitchenware.com\/wp-content\/uploads\/2024\/09\/Custom-Coffee-Kettle-6-150x150.webp 150w, https:\/\/www.yongyukitchenware.com\/wp-content\/uploads\/2024\/09\/Custom-Coffee-Kettle-6-768x768.webp 768w, https:\/\/www.yongyukitchenware.com\/wp-content\/uploads\/2024\/09\/Custom-Coffee-Kettle-6-600x600.webp 600w, https:\/\/www.yongyukitchenware.com\/wp-content\/uploads\/2024\/09\/Custom-Coffee-Kettle-6-100x100.webp 100w\" sizes=\"(max-width: 800px) 100vw, 800px\" \/><\/figure>\n<\/div>\n<\/div>\n\n\n\n<div class=\"wp-block-columns is-layout-flex wp-container-core-columns-is-layout-9d6595d7 wp-block-columns-is-layout-flex\">\n<div class=\"wp-block-column is-layout-flow wp-block-column-is-layout-flow\"><\/div>\n\n\n\n<div class=\"wp-block-column is-layout-flow wp-block-column-is-layout-flow\"><\/div>\n<\/div>\n<\/div>\n<\/div>","protected":false},"excerpt":{"rendered":"<p>Thermos en acier inoxydable, 1,5-2L, pour garder le caf\u00e9 et l'eau au chaud. Conception sous vide, facile \u00e0 utiliser. Pour des remises plus importantes, veuillez contacter Yongyu pour obtenir un devis gratuit.<\/p>\n<h2 style=\"text-align: left\">Param\u00e8tres de la bouilloire \u00e0 caf\u00e9 :<\/h2>\n<p style=\"text-align: left\"><strong>Mat\u00e9riau :<\/strong> Acier inoxydable<br \/><strong>Couleur :<\/strong>\u00a0 argent, or, rouge, jaune, ou selon les exigences du client<br \/><strong>Diff\u00e9rentes options disponibles :<\/strong> 1.5 L&amp; 2.0L<br \/><strong>Emballage : <\/strong>Bo\u00eete de couleur, bo\u00eete principale ou bo\u00eete personnalis\u00e9e<br \/><strong>OEM\/ODM :<\/strong> Disponible<\/p>\n<h2 class=\"wp-block-heading\">De Yongyu Drinkware Manufacturer :<\/h2>\n<p>Le fabricant de fournitures de restauration Yongyu dispose d'une large gamme de verres en gros et de s\u00e9ries personnalis\u00e9es, se concentrant sur la durabilit\u00e9 des produits, la performance de l'isolation thermique, et fournissant des solutions d'approvisionnement de haute qualit\u00e9 et \u00e9conomiques pour les clients du monde entier.<\/p>","protected":false},"featured_media":943,"comment_status":"closed","ping_status":"closed","template":"","meta":{"_acf_changed":true},"application":[30],"product_brand":[],"product_cat":[20,54,49],"product_tag":[],"class_list":{"0":"post-940","1":"product","2":"type-product","3":"status-publish","4":"has-post-thumbnail","6":"application-hotel-catering","7":"product_cat-wholesale-drinkware","8":"product_cat-stainless-steel-coffee-pot-wholesale","9":"product_cat-stainless-steel-kettle-wholesale","11":"first","12":"instock","13":"shipping-taxable","14":"product-type-simple"},"acf":[],"_links":{"self":[{"href":"https:\/\/www.yongyukitchenware.com\/fr\/wp-json\/wp\/v2\/product\/940","targetHints":{"allow":["GET"]}}],"collection":[{"href":"https:\/\/www.yongyukitchenware.com\/fr\/wp-json\/wp\/v2\/product"}],"about":[{"href":"https:\/\/www.yongyukitchenware.com\/fr\/wp-json\/wp\/v2\/types\/product"}],"replies":[{"embeddable":true,"href":"https:\/\/www.yongyukitchenware.com\/fr\/wp-json\/wp\/v2\/comments?post=940"}],"wp:featuredmedia":[{"embeddable":true,"href":"https:\/\/www.yongyukitchenware.com\/fr\/wp-json\/wp\/v2\/media\/943"}],"wp:attachment":[{"href":"https:\/\/www.yongyukitchenware.com\/fr\/wp-json\/wp\/v2\/media?parent=940"}],"wp:term":[{"taxonomy":"application","embeddable":true,"href":"https:\/\/www.yongyukitchenware.com\/fr\/wp-json\/wp\/v2\/application?post=940"},{"taxonomy":"product_brand","embeddable":true,"href":"https:\/\/www.yongyukitchenware.com\/fr\/wp-json\/wp\/v2\/product_brand?post=940"},{"taxonomy":"product_cat","embeddable":true,"href":"https:\/\/www.yongyukitchenware.com\/fr\/wp-json\/wp\/v2\/product_cat?post=940"},{"taxonomy":"product_tag","embeddable":true,"href":"https:\/\/www.yongyukitchenware.com\/fr\/wp-json\/wp\/v2\/product_tag?post=940"}],"curies":[{"name":"wp","href":"https:\/\/api.w.org\/{rel}","templated":true}]}}