{"id":1000,"date":"2024-09-29T17:41:36","date_gmt":"2024-09-29T17:41:36","guid":{"rendered":"https:\/\/www.yongyukitchenware.com\/?post_type=product&#038;p=1000"},"modified":"2025-06-26T03:05:37","modified_gmt":"2025-06-26T03:05:37","slug":"vacuum-jug-wholesale","status":"publish","type":"product","link":"https:\/\/www.yongyukitchenware.com\/pt\/produto\/vacuum-jug-wholesale\/","title":{"rendered":"Jarro de v\u00e1cuo por atacado Chaleira de caf\u00e9 em a\u00e7o inoxid\u00e1vel de 1,5 L e 2,0 L"},"content":{"rendered":"<div class=\"wp-block-columns is-layout-flex wp-container-core-columns-is-layout-9d6595d7 wp-block-columns-is-layout-flex\">\n<div class=\"wp-block-column is-layout-flow wp-block-column-is-layout-flow\">\n<h2 class=\"wp-block-heading\">Jarro de v\u00e1cuo Carater\u00edsticas:<\/h2>\n\n\n\n<p><strong>A\u00e7o inoxid\u00e1vel de alta qualidade:<\/strong> O a\u00e7o inoxid\u00e1vel est\u00e1 dispon\u00edvel 201\/304, material espesso, garante a qualidade<br><strong>Pode manter o calor durante 24 horas: <\/strong>O design de preserva\u00e7\u00e3o do calor por v\u00e1cuo prolonga eficazmente o tempo de conserva\u00e7\u00e3o, at\u00e9 24 horas.<br><strong>Pega confort\u00e1vel:<\/strong> O nosso frasco t\u00e9rmico de \u00e1gua quente por atacado tem uma pega curva, confort\u00e1vel de segurar, poupa esfor\u00e7o e n\u00e3o \u00e9 volumoso<br><strong>Design de cobertura \u00e0 prova de p\u00f3:<\/strong> A tampa do nosso frasco t\u00e9rmico de \u00e1gua quente por atacado \u00e9 selada e \u00e0 prova de poeira, o que n\u00e3o \u00e9 f\u00e1cil de derramar. Pressione para abrir, f\u00e1cil de operar<br><strong>Verter a \u00e1gua com suavidade:<\/strong> Bico em forma de \u00e1guia, verte a \u00e1gua com suavidade, grande calibre e f\u00e1cil de limpar<br>Fundo antiderrapante: O fundo do nosso frasco t\u00e9rmico de \u00e1gua quente por atacado \u00e9 c\u00f4ncavo e antiderrapante, com coloca\u00e7\u00e3o suave, dur\u00e1vel<\/p>\n\n\n\n<div class=\"wp-block-group is-vertical is-layout-flex wp-container-core-group-is-layout-8cf370e7 wp-block-group-is-layout-flex\">\n<h2 class=\"wp-block-heading\">Tamanho do jarro de v\u00e1cuo:<\/h2>\n\n\n\n<figure class=\"wp-block-table\"><table class=\"has-fixed-layout\"><tbody><tr><td>Modelo<\/td><td>Tamanho<\/td><td>Di\u00e2metro * Altura (cm)<\/td><td>MOQ<\/td><\/tr><tr><td rowspan=\"2\">DY005-SH<\/td><td>1.5L<\/td><td>13,5*24cm<\/td><td rowspan=\"2\">24 PE\u00c7AS<\/td><\/tr><tr><td>2.0L<\/td><td>13*30cm<\/td><\/tr><\/tbody><\/table><\/figure>\n<\/div>\n<\/div>\n\n\n\n<div class=\"wp-block-column is-layout-flow wp-block-column-is-layout-flow\">\n<div class=\"wp-block-columns is-layout-flex wp-container-core-columns-is-layout-9d6595d7 wp-block-columns-is-layout-flex\">\n<div class=\"wp-block-column is-layout-flow wp-block-column-is-layout-flow\">\n<figure class=\"wp-block-image size-full\"><img decoding=\"async\" width=\"800\" height=\"800\" src=\"https:\/\/www.yongyukitchenware.com\/wp-content\/uploads\/2024\/09\/Wholesale-Hot-Water-Thermos-Flask-3.webp\" alt=\"Garrafa t\u00e9rmica para \u00e1gua quente por atacado 3\" class=\"wp-image-1027\" srcset=\"https:\/\/www.yongyukitchenware.com\/wp-content\/uploads\/2024\/09\/Wholesale-Hot-Water-Thermos-Flask-3.webp 800w, https:\/\/www.yongyukitchenware.com\/wp-content\/uploads\/2024\/09\/Wholesale-Hot-Water-Thermos-Flask-3-300x300.webp 300w, https:\/\/www.yongyukitchenware.com\/wp-content\/uploads\/2024\/09\/Wholesale-Hot-Water-Thermos-Flask-3-150x150.webp 150w, https:\/\/www.yongyukitchenware.com\/wp-content\/uploads\/2024\/09\/Wholesale-Hot-Water-Thermos-Flask-3-768x768.webp 768w, https:\/\/www.yongyukitchenware.com\/wp-content\/uploads\/2024\/09\/Wholesale-Hot-Water-Thermos-Flask-3-600x600.webp 600w, https:\/\/www.yongyukitchenware.com\/wp-content\/uploads\/2024\/09\/Wholesale-Hot-Water-Thermos-Flask-3-100x100.webp 100w\" sizes=\"(max-width: 800px) 100vw, 800px\" \/><\/figure>\n<\/div>\n<\/div>\n\n\n\n<div class=\"wp-block-columns is-layout-flex wp-container-core-columns-is-layout-9d6595d7 wp-block-columns-is-layout-flex\">\n<div class=\"wp-block-column is-layout-flow wp-block-column-is-layout-flow\"><\/div>\n\n\n\n<div class=\"wp-block-column is-layout-flow wp-block-column-is-layout-flow\"><\/div>\n<\/div>\n<\/div>\n<\/div>\n\n\n\n<p><\/p>","protected":false},"excerpt":{"rendered":"<p>O nosso Jarro a V\u00e1cuo para venda por grosso est\u00e1 dispon\u00edvel com capacidades de 1,5L e 2,0L e possui tecnologia de isolamento a v\u00e1cuo em a\u00e7o inoxid\u00e1vel para manter as suas bebidas \u00e0 temperatura ideal durante muito tempo. O design ergon\u00f3mico torna-o confort\u00e1vel e pr\u00e1tico de usar, tornando-o adequado para casa, escrit\u00f3rio e servi\u00e7os de restaura\u00e7\u00e3o, e pode desfrutar de descontos ao comprar a granel.<\/p>\n<h2 style=\"text-align: left\">Jarro de v\u00e1cuo Par\u00e2metro:<\/h2>\n<p style=\"text-align: left\"><strong>Material:<\/strong> A\u00e7o inoxid\u00e1vel<br \/><strong>Cor:<\/strong>\u00a0 prata, ouro, vermelho, amarelo, ou de acordo com os requisitos do cliente<br \/><strong>Tamanhos diferentes dispon\u00edveis:<\/strong> 1.5 L&amp; 2.0L<br \/><strong>Embalagem: <\/strong>Saco Opp e caixa de cart\u00e3o<br \/><strong>OEM\/ODM:<\/strong> Dispon\u00edvel<\/p>\n<h2 class=\"wp-block-heading\">De Yongyu Drinkware Fabricante :<\/h2>\n<p>O fabricante de material de catering Yongyu tem uma vasta gama de s\u00e9ries de bebidas por atacado e personalizadas, concentrando-se na durabilidade do produto, desempenho de isolamento t\u00e9rmico e fornecendo solu\u00e7\u00f5es de aquisi\u00e7\u00e3o econ\u00f3micas e de alta qualidade para clientes globais.<\/p>","protected":false},"featured_media":1025,"comment_status":"closed","ping_status":"closed","template":"","meta":{"_acf_changed":false},"application":[30],"product_brand":[],"product_cat":[20,54,49],"product_tag":[],"class_list":{"0":"post-1000","1":"product","2":"type-product","3":"status-publish","4":"has-post-thumbnail","6":"application-hotel-catering","7":"product_cat-wholesale-drinkware","8":"product_cat-stainless-steel-coffee-pot-wholesale","9":"product_cat-stainless-steel-kettle-wholesale","11":"first","12":"instock","13":"shipping-taxable","14":"product-type-simple"},"acf":[],"_links":{"self":[{"href":"https:\/\/www.yongyukitchenware.com\/pt\/wp-json\/wp\/v2\/product\/1000","targetHints":{"allow":["GET"]}}],"collection":[{"href":"https:\/\/www.yongyukitchenware.com\/pt\/wp-json\/wp\/v2\/product"}],"about":[{"href":"https:\/\/www.yongyukitchenware.com\/pt\/wp-json\/wp\/v2\/types\/product"}],"replies":[{"embeddable":true,"href":"https:\/\/www.yongyukitchenware.com\/pt\/wp-json\/wp\/v2\/comments?post=1000"}],"wp:featuredmedia":[{"embeddable":true,"href":"https:\/\/www.yongyukitchenware.com\/pt\/wp-json\/wp\/v2\/media\/1025"}],"wp:attachment":[{"href":"https:\/\/www.yongyukitchenware.com\/pt\/wp-json\/wp\/v2\/media?parent=1000"}],"wp:term":[{"taxonomy":"application","embeddable":true,"href":"https:\/\/www.yongyukitchenware.com\/pt\/wp-json\/wp\/v2\/application?post=1000"},{"taxonomy":"product_brand","embeddable":true,"href":"https:\/\/www.yongyukitchenware.com\/pt\/wp-json\/wp\/v2\/product_brand?post=1000"},{"taxonomy":"product_cat","embeddable":true,"href":"https:\/\/www.yongyukitchenware.com\/pt\/wp-json\/wp\/v2\/product_cat?post=1000"},{"taxonomy":"product_tag","embeddable":true,"href":"https:\/\/www.yongyukitchenware.com\/pt\/wp-json\/wp\/v2\/product_tag?post=1000"}],"curies":[{"name":"wp","href":"https:\/\/api.w.org\/{rel}","templated":true}]}}