{"id":1034,"date":"2024-09-29T17:52:28","date_gmt":"2024-09-29T17:52:28","guid":{"rendered":"https:\/\/www.yongyukitchenware.com\/?post_type=product&#038;p=1034"},"modified":"2025-07-10T10:11:16","modified_gmt":"2025-07-10T10:11:16","slug":"thermos-kettle-wholesale","status":"publish","type":"product","link":"https:\/\/www.yongyukitchenware.com\/pt\/produto\/thermos-kettle-wholesale\/","title":{"rendered":"Garrafa t\u00e9rmica de a\u00e7o inoxid\u00e1vel por atacado Chaleira t\u00e9rmica romana colorida"},"content":{"rendered":"<div class=\"wp-block-columns is-layout-flex wp-container-core-columns-is-layout-9d6595d7 wp-block-columns-is-layout-flex\">\n<div class=\"wp-block-column is-layout-flow wp-block-column-is-layout-flow\">\n<h2 class=\"wp-block-heading\">Chaleira t\u00e9rmica Carater\u00edsticas:<\/h2>\n\n\n\n<p><strong>Aspeto elegante e colorido: <\/strong>Dispon\u00edvel numa variedade de cores, o design de estilo romano real\u00e7a a beleza da mesa, adequada para utiliza\u00e7\u00e3o em diferentes ocasi\u00f5es.<br><strong>Material de a\u00e7o inoxid\u00e1vel de alta qualidade: <\/strong>Fabricado em a\u00e7o inoxid\u00e1vel de alta qualidade, dur\u00e1vel e \u00e0 prova de ferrugem, garantindo uma utiliza\u00e7\u00e3o a longo prazo e a seguran\u00e7a das bebidas.<br><strong>Isolamento eficaz a v\u00e1cuo:<\/strong> A tecnologia de isolamento a v\u00e1cuo pode manter a temperatura das bebidas durante muito tempo, adequada para utiliza\u00e7\u00e3o durante todo o dia, quente e fria.<br><strong>Pega ergon\u00f3mica:<\/strong> O design da nossa chaleira t\u00e9rmica por atacado \u00e9 ergon\u00f3mico, confort\u00e1vel de segurar, suave e seguro para despejar, e conveniente para o uso di\u00e1rio.<br><strong>Desconto por grosso:<\/strong> Desfrute de descontos na compra a granel, adequado para servi\u00e7os de restaura\u00e7\u00e3o, escrit\u00f3rios e resid\u00eancias, com desempenho de alto custo.<\/p>\n\n\n\n<div class=\"wp-block-group is-vertical is-layout-flex wp-container-core-group-is-layout-8cf370e7 wp-block-group-is-layout-flex\">\n<h2 class=\"wp-block-heading\">Chaleira t\u00e9rmica Tamanho:<\/h2>\n\n\n\n<figure class=\"wp-block-table\"><table class=\"has-fixed-layout\"><tbody><tr><td>Modelo<\/td><td>Tamanho<\/td><td>Di\u00e2metro * Altura (cm)<\/td><td>MOQ<\/td><\/tr><tr><td rowspan=\"2\">DY013-SH<\/td><td>1.8L<\/td><td>14*26cm<\/td><td rowspan=\"2\">24 PE\u00c7AS<\/td><\/tr><tr><td>2.3L<\/td><td>14*29cm<\/td><\/tr><\/tbody><\/table><\/figure>\n<\/div>\n<\/div>\n\n\n\n<div class=\"wp-block-column is-layout-flow wp-block-column-is-layout-flow\">\n<div class=\"wp-block-columns is-layout-flex wp-container-core-columns-is-layout-9d6595d7 wp-block-columns-is-layout-flex\">\n<div class=\"wp-block-column is-layout-flow wp-block-column-is-layout-flow\">\n<figure class=\"wp-block-image size-full\"><img decoding=\"async\" width=\"800\" height=\"800\" src=\"https:\/\/www.yongyukitchenware.com\/wp-content\/uploads\/2024\/09\/Stainless-Steel-Thermos-Kettle-Wholesale-6.webp\" alt=\"Chaleira t\u00e9rmica de a\u00e7o inoxid\u00e1vel por atacado 6\" class=\"wp-image-1040\" srcset=\"https:\/\/www.yongyukitchenware.com\/wp-content\/uploads\/2024\/09\/Stainless-Steel-Thermos-Kettle-Wholesale-6.webp 800w, https:\/\/www.yongyukitchenware.com\/wp-content\/uploads\/2024\/09\/Stainless-Steel-Thermos-Kettle-Wholesale-6-300x300.webp 300w, https:\/\/www.yongyukitchenware.com\/wp-content\/uploads\/2024\/09\/Stainless-Steel-Thermos-Kettle-Wholesale-6-150x150.webp 150w, https:\/\/www.yongyukitchenware.com\/wp-content\/uploads\/2024\/09\/Stainless-Steel-Thermos-Kettle-Wholesale-6-768x768.webp 768w, https:\/\/www.yongyukitchenware.com\/wp-content\/uploads\/2024\/09\/Stainless-Steel-Thermos-Kettle-Wholesale-6-600x600.webp 600w, https:\/\/www.yongyukitchenware.com\/wp-content\/uploads\/2024\/09\/Stainless-Steel-Thermos-Kettle-Wholesale-6-100x100.webp 100w\" sizes=\"(max-width: 800px) 100vw, 800px\" \/><\/figure>\n<\/div>\n<\/div>\n\n\n\n<div class=\"wp-block-columns is-layout-flex wp-container-core-columns-is-layout-9d6595d7 wp-block-columns-is-layout-flex\">\n<div class=\"wp-block-column is-layout-flow wp-block-column-is-layout-flow\"><\/div>\n\n\n\n<div class=\"wp-block-column is-layout-flow wp-block-column-is-layout-flow\"><\/div>\n<\/div>\n<\/div>\n<\/div>\n\n\n\n<p><\/p>","protected":false},"excerpt":{"rendered":"<p>A nossa chaleira t\u00e9rmica por atacado utiliza tecnologia de isolamento a v\u00e1cuo para um excelente desempenho de preserva\u00e7\u00e3o do calor. O design elegante de estilo romano oferece op\u00e7\u00f5es de apar\u00eancia colorida, com al\u00e7as ergon\u00f3micas, conveniente para uso di\u00e1rio e adequado para servi\u00e7os de catering. As compras a granel podem desfrutar de descontos e desempenho de alto custo.<\/p>\n<h2 style=\"text-align: left;\">Par\u00e2metros da chaleira t\u00e9rmica<\/h2>\n<p style=\"text-align: left;\"><strong>Material:<\/strong> A\u00e7o inoxid\u00e1vel<br \/><strong>Cor:<\/strong>\u00a0 Prata, ouro, vermelho, amarelo ou personalizado<br \/><strong>Tamanho diferente:<\/strong> 1.8 L&amp; 2.3L<br \/><strong>Embalagem: <\/strong>Saco Opp e caixa de cart\u00e3o<br \/><strong>OEM\/ODM:<\/strong> Dispon\u00edvel<\/p>\n<h2 class=\"wp-block-heading\">De Yongyu Drinkware Fabricante :<\/h2>\n<p>O fabricante de material de catering Yongyu tem uma vasta gama de s\u00e9ries de bebidas por atacado e personalizadas, concentrando-se na durabilidade do produto, desempenho de isolamento t\u00e9rmico e fornecendo solu\u00e7\u00f5es de aquisi\u00e7\u00e3o econ\u00f3micas e de alta qualidade para clientes globais.<\/p>","protected":false},"featured_media":1035,"comment_status":"closed","ping_status":"closed","template":"","meta":{"_acf_changed":false},"application":[30],"product_brand":[],"product_cat":[20,54,49],"product_tag":[],"class_list":{"0":"post-1034","1":"product","2":"type-product","3":"status-publish","4":"has-post-thumbnail","6":"application-hotel-catering","7":"product_cat-wholesale-drinkware","8":"product_cat-stainless-steel-coffee-pot-wholesale","9":"product_cat-stainless-steel-kettle-wholesale","11":"first","12":"instock","13":"shipping-taxable","14":"product-type-simple"},"acf":[],"_links":{"self":[{"href":"https:\/\/www.yongyukitchenware.com\/pt\/wp-json\/wp\/v2\/product\/1034","targetHints":{"allow":["GET"]}}],"collection":[{"href":"https:\/\/www.yongyukitchenware.com\/pt\/wp-json\/wp\/v2\/product"}],"about":[{"href":"https:\/\/www.yongyukitchenware.com\/pt\/wp-json\/wp\/v2\/types\/product"}],"replies":[{"embeddable":true,"href":"https:\/\/www.yongyukitchenware.com\/pt\/wp-json\/wp\/v2\/comments?post=1034"}],"wp:featuredmedia":[{"embeddable":true,"href":"https:\/\/www.yongyukitchenware.com\/pt\/wp-json\/wp\/v2\/media\/1035"}],"wp:attachment":[{"href":"https:\/\/www.yongyukitchenware.com\/pt\/wp-json\/wp\/v2\/media?parent=1034"}],"wp:term":[{"taxonomy":"application","embeddable":true,"href":"https:\/\/www.yongyukitchenware.com\/pt\/wp-json\/wp\/v2\/application?post=1034"},{"taxonomy":"product_brand","embeddable":true,"href":"https:\/\/www.yongyukitchenware.com\/pt\/wp-json\/wp\/v2\/product_brand?post=1034"},{"taxonomy":"product_cat","embeddable":true,"href":"https:\/\/www.yongyukitchenware.com\/pt\/wp-json\/wp\/v2\/product_cat?post=1034"},{"taxonomy":"product_tag","embeddable":true,"href":"https:\/\/www.yongyukitchenware.com\/pt\/wp-json\/wp\/v2\/product_tag?post=1034"}],"curies":[{"name":"wp","href":"https:\/\/api.w.org\/{rel}","templated":true}]}}