{"id":1042,"date":"2024-09-28T16:49:56","date_gmt":"2024-09-28T16:49:56","guid":{"rendered":"https:\/\/www.yongyukitchenware.com\/?post_type=product&#038;p=1042"},"modified":"2025-06-26T02:51:17","modified_gmt":"2025-06-26T02:51:17","slug":"insulated-jug-wholesale","status":"publish","type":"product","link":"https:\/\/www.yongyukitchenware.com\/pt\/produto\/insulated-jug-wholesale\/","title":{"rendered":"Jarro isolado de a\u00e7o inoxid\u00e1vel por atacado 1,2 L e 1,5 L Chaleira de caf\u00e9 colorida"},"content":{"rendered":"<div class=\"wp-block-columns is-layout-flex wp-container-core-columns-is-layout-9d6595d7 wp-block-columns-is-layout-flex\">\n<div class=\"wp-block-column is-layout-flow wp-block-column-is-layout-flow\">\n<h2 class=\"wp-block-heading\">Jarro isolado Carater\u00edsticas:<\/h2>\n\n\n\n<p><strong>M\u00faltiplas op\u00e7\u00f5es de capacidade:<\/strong> 1,2L e 1,5L est\u00e3o dispon\u00edveis para satisfazer as necessidades de diferentes ocasi\u00f5es e satisfazer a utiliza\u00e7\u00e3o em casa, no escrit\u00f3rio ou em servi\u00e7os de restaura\u00e7\u00e3o.<br><strong>Material de a\u00e7o inoxid\u00e1vel de alta qualidade: <\/strong>Fabricado em a\u00e7o inoxid\u00e1vel de qualidade alimentar, dur\u00e1vel e \u00e0 prova de ferrugem, garantindo seguran\u00e7a e higiene.<br><strong>Design de apar\u00eancia colorida:<\/strong> Est\u00e1 dispon\u00edvel uma variedade de cores vivas e o seu aspeto \u00e9 moderno e adequado para v\u00e1rios ambientes.<br><strong>Desempenho de isolamento eficiente:<\/strong> O design de isolamento a v\u00e1cuo garante que a \u00e1gua quente ou as bebidas permanecem quentes durante muito tempo, adequado para utiliza\u00e7\u00e3o di\u00e1ria.<br><strong>Pega ergon\u00f3mica: <\/strong>O design da pega \u00e9 ergon\u00f3mico, confort\u00e1vel de segurar, antiderrapante e seguro, e mais f\u00e1cil de verter.<br><strong>Desconto por grosso:<\/strong> Desfrute de descontos de pre\u00e7o ao comprar a granel, adequado para compras em grande escala, como restaura\u00e7\u00e3o e hot\u00e9is.<\/p>\n\n\n\n<div class=\"wp-block-group is-vertical is-layout-flex wp-container-core-group-is-layout-8cf370e7 wp-block-group-is-layout-flex\">\n<h2 class=\"wp-block-heading\">Tamanho do jarro isolado:<\/h2>\n\n\n\n<figure class=\"wp-block-table\"><table class=\"has-fixed-layout\"><tbody><tr><td>Modelo<\/td><td>Tamanho<\/td><td>Di\u00e2metro* Altura (cm)<\/td><td>MOQ<\/td><\/tr><tr><td rowspan=\"2\">DY005-SH<\/td><td>1.2L<\/td><td>14,3*26,5cm<\/td><td rowspan=\"2\">24 PE\u00c7AS<\/td><\/tr><tr><td>1.5L<\/td><td>14,3*31,5cm<\/td><\/tr><\/tbody><\/table><\/figure>\n<\/div>\n<\/div>\n\n\n\n<div class=\"wp-block-column is-layout-flow wp-block-column-is-layout-flow\">\n<div class=\"wp-block-columns is-layout-flex wp-container-core-columns-is-layout-9d6595d7 wp-block-columns-is-layout-flex\">\n<div class=\"wp-block-column is-layout-flow wp-block-column-is-layout-flow\">\n<figure class=\"wp-block-image size-full\"><img decoding=\"async\" width=\"800\" height=\"800\" src=\"https:\/\/www.yongyukitchenware.com\/wp-content\/uploads\/2024\/09\/Insulated-Kettle-Wholesale-1.webp\" alt=\"Chaleira isolada Atacado 1\" class=\"wp-image-1043\" srcset=\"https:\/\/www.yongyukitchenware.com\/wp-content\/uploads\/2024\/09\/Insulated-Kettle-Wholesale-1.webp 800w, https:\/\/www.yongyukitchenware.com\/wp-content\/uploads\/2024\/09\/Insulated-Kettle-Wholesale-1-300x300.webp 300w, https:\/\/www.yongyukitchenware.com\/wp-content\/uploads\/2024\/09\/Insulated-Kettle-Wholesale-1-150x150.webp 150w, https:\/\/www.yongyukitchenware.com\/wp-content\/uploads\/2024\/09\/Insulated-Kettle-Wholesale-1-768x768.webp 768w, https:\/\/www.yongyukitchenware.com\/wp-content\/uploads\/2024\/09\/Insulated-Kettle-Wholesale-1-600x600.webp 600w, https:\/\/www.yongyukitchenware.com\/wp-content\/uploads\/2024\/09\/Insulated-Kettle-Wholesale-1-100x100.webp 100w\" sizes=\"(max-width: 800px) 100vw, 800px\" \/><\/figure>\n<\/div>\n<\/div>\n\n\n\n<div class=\"wp-block-columns is-layout-flex wp-container-core-columns-is-layout-9d6595d7 wp-block-columns-is-layout-flex\">\n<div class=\"wp-block-column is-layout-flow wp-block-column-is-layout-flow\"><\/div>\n\n\n\n<div class=\"wp-block-column is-layout-flow wp-block-column-is-layout-flow\"><\/div>\n<\/div>\n<\/div>\n<\/div>\n\n\n\n<p><\/p>","protected":false},"excerpt":{"rendered":"<p>Pre\u00e7o de f\u00e1brica chaleira t\u00e9rmica por atacado, design de isolamento a v\u00e1cuo, v\u00e1rias op\u00e7\u00f5es de cores, al\u00e7a ergon\u00f3mica, f\u00e1cil de usar, adequado para \u00e1gua e caf\u00e9. Coopere connosco e desfrute de descontos em encomendas a granel.<\/p>\n<h2 style=\"text-align: left\">Jarro isolado Par\u00e2metro:\u00a0<\/h2>\n<p style=\"text-align: left\"><strong>Material:<\/strong> A\u00e7o inoxid\u00e1vel<br \/><strong>Cor:<\/strong>\u00a0 Prata, ouro, vermelho, amarelo ou personalizado<br \/><strong>Tamanhos diferentes:<\/strong> 1.2 L&amp; 1.5L<br \/><strong>Embalagem: <\/strong>Caixa de cor, caixa principal<br \/><strong>OEM\/ODM:<\/strong> Dispon\u00edvel<\/p>\n<h2 class=\"wp-block-heading\">De Yongyu Drinkware Fabricante :<\/h2>\n<p>O fabricante de material de catering Yongyu tem uma vasta gama de s\u00e9ries de bebidas por atacado e personalizadas, concentrando-se na durabilidade do produto, desempenho de isolamento t\u00e9rmico e fornecendo solu\u00e7\u00f5es de aquisi\u00e7\u00e3o econ\u00f3micas e de alta qualidade para clientes globais.<\/p>","protected":false},"featured_media":1049,"comment_status":"closed","ping_status":"closed","template":"","meta":{"_acf_changed":true},"application":[30],"product_brand":[],"product_cat":[20,54,49],"product_tag":[],"class_list":{"0":"post-1042","1":"product","2":"type-product","3":"status-publish","4":"has-post-thumbnail","6":"application-hotel-catering","7":"product_cat-wholesale-drinkware","8":"product_cat-stainless-steel-coffee-pot-wholesale","9":"product_cat-stainless-steel-kettle-wholesale","11":"first","12":"instock","13":"shipping-taxable","14":"product-type-simple"},"acf":[],"_links":{"self":[{"href":"https:\/\/www.yongyukitchenware.com\/pt\/wp-json\/wp\/v2\/product\/1042","targetHints":{"allow":["GET"]}}],"collection":[{"href":"https:\/\/www.yongyukitchenware.com\/pt\/wp-json\/wp\/v2\/product"}],"about":[{"href":"https:\/\/www.yongyukitchenware.com\/pt\/wp-json\/wp\/v2\/types\/product"}],"replies":[{"embeddable":true,"href":"https:\/\/www.yongyukitchenware.com\/pt\/wp-json\/wp\/v2\/comments?post=1042"}],"wp:featuredmedia":[{"embeddable":true,"href":"https:\/\/www.yongyukitchenware.com\/pt\/wp-json\/wp\/v2\/media\/1049"}],"wp:attachment":[{"href":"https:\/\/www.yongyukitchenware.com\/pt\/wp-json\/wp\/v2\/media?parent=1042"}],"wp:term":[{"taxonomy":"application","embeddable":true,"href":"https:\/\/www.yongyukitchenware.com\/pt\/wp-json\/wp\/v2\/application?post=1042"},{"taxonomy":"product_brand","embeddable":true,"href":"https:\/\/www.yongyukitchenware.com\/pt\/wp-json\/wp\/v2\/product_brand?post=1042"},{"taxonomy":"product_cat","embeddable":true,"href":"https:\/\/www.yongyukitchenware.com\/pt\/wp-json\/wp\/v2\/product_cat?post=1042"},{"taxonomy":"product_tag","embeddable":true,"href":"https:\/\/www.yongyukitchenware.com\/pt\/wp-json\/wp\/v2\/product_tag?post=1042"}],"curies":[{"name":"wp","href":"https:\/\/api.w.org\/{rel}","templated":true}]}}