{"id":1116,"date":"2024-09-29T09:12:40","date_gmt":"2024-09-29T09:12:40","guid":{"rendered":"https:\/\/www.yongyukitchenware.com\/?post_type=product&#038;p=1116"},"modified":"2025-06-26T03:00:12","modified_gmt":"2025-06-26T03:00:12","slug":"buffet-chafing-set-wholesale","status":"publish","type":"product","link":"https:\/\/www.yongyukitchenware.com\/pt\/produto\/buffet-chafing-set-wholesale\/","title":{"rendered":"Conjunto de Chafing para buffet por atacado com tampa de PC para catering"},"content":{"rendered":"<div class=\"wp-block-columns is-layout-flex wp-container-core-columns-is-layout-9d6595d7 wp-block-columns-is-layout-flex\">\n<div class=\"wp-block-column is-layout-flow wp-block-column-is-layout-flow\">\n<h2 class=\"wp-block-heading\">Conjunto de Chafing Buffet Par\u00e2metro:<\/h2>\n\n\n\n<figure class=\"wp-block-table\"><table class=\"has-fixed-layout\"><tbody><tr><td>Modelo<\/td><td>Tampa<\/td><td>Di\u00e2metro* Altura (cm)<\/td><td>Capacidade (l)<\/td><td>Peso (kg)<\/td><td>MOQ<\/td><\/tr><tr><td rowspan=\"2\">DY005-CL<\/td><td rowspan=\"2\">Tampa do PC<\/td><td>57*37*32<\/td><td rowspan=\"2\">9<\/td><td>7.9<\/td><td rowspan=\"2\">2 PE\u00c7AS<\/td><\/tr><tr><td>57*37*39<\/td><td>8.2<\/td><\/tr><\/tbody><\/table><\/figure>\n<\/div>\n\n\n\n<div class=\"wp-block-column is-layout-flow wp-block-column-is-layout-flow\">\n<h2 class=\"wp-block-heading\">Conjunto de Chafing para buffet Carater\u00edsticas:<\/h2>\n\n\n\n<p><strong>Material em a\u00e7o inoxid\u00e1vel de alta qualidade: <\/strong>O nosso conjunto de chafing buffet por atacado \u00e9 feito de a\u00e7o inoxid\u00e1vel de alta qualidade, \u00e9 robusto e dur\u00e1vel, \u00e0 prova de ferrugem e resistente \u00e0 corros\u00e3o, garantindo uma utiliza\u00e7\u00e3o a longo prazo.<\/p>\n\n\n\n<p><strong>Excelente desempenho de isolamento:<\/strong> Concebido para buffets, o nosso conjunto de chafing para buffets por atacado mant\u00e9m os alimentos a uma temperatura constante durante muito tempo e \u00e9 adequado para grandes banquetes e eventos.<\/p>\n\n\n\n<p><strong>Design de grande capacidade:<\/strong> Grande capacidade de armazenamento, adequada para servi\u00e7os de catering, garantindo mais alimentos de cada vez.<\/p>\n\n\n\n<p><strong>F\u00e1cil de limpar:<\/strong> O design da superf\u00edcie lisa \u00e9 f\u00e1cil de limpar, a cobertura de PC \u00e9 resistente a manchas, reduz a carga de trabalho de limpeza e \u00e9 adequada para uma utiliza\u00e7\u00e3o de alta frequ\u00eancia.<\/p>\n\n\n\n<p><strong>Design de tampa basculante para PC f\u00e1cil de utilizar: <\/strong>A tampa flip para PC do nosso conjunto de chafing para buffet por atacado tem boa transpar\u00eancia, o que permite ao empregado de mesa abrir a tampa facilmente, e \u00e9 conveniente para os utilizadores observarem os alimentos ou itens e manterem a temperatura dos alimentos.<\/p>\n<\/div>\n<\/div>\n\n\n\n<div class=\"wp-block-columns is-layout-flex wp-container-core-columns-is-layout-9d6595d7 wp-block-columns-is-layout-flex\">\n<div class=\"wp-block-column is-layout-flow wp-block-column-is-layout-flow\">\n<figure class=\"wp-block-image size-full\"><img decoding=\"async\" width=\"800\" height=\"800\" src=\"https:\/\/www.yongyukitchenware.com\/wp-content\/uploads\/2024\/09\/Wholesale-Buffet-Chafing-Set-with-A-PC-Lid-For-Catering.webp\" alt=\"Conjunto de Chafing para buffet por atacado com tampa de PC para catering\" class=\"wp-image-2875\" srcset=\"https:\/\/www.yongyukitchenware.com\/wp-content\/uploads\/2024\/09\/Wholesale-Buffet-Chafing-Set-with-A-PC-Lid-For-Catering.webp 800w, https:\/\/www.yongyukitchenware.com\/wp-content\/uploads\/2024\/09\/Wholesale-Buffet-Chafing-Set-with-A-PC-Lid-For-Catering-300x300.webp 300w, https:\/\/www.yongyukitchenware.com\/wp-content\/uploads\/2024\/09\/Wholesale-Buffet-Chafing-Set-with-A-PC-Lid-For-Catering-150x150.webp 150w, https:\/\/www.yongyukitchenware.com\/wp-content\/uploads\/2024\/09\/Wholesale-Buffet-Chafing-Set-with-A-PC-Lid-For-Catering-768x768.webp 768w, https:\/\/www.yongyukitchenware.com\/wp-content\/uploads\/2024\/09\/Wholesale-Buffet-Chafing-Set-with-A-PC-Lid-For-Catering-12x12.webp 12w, https:\/\/www.yongyukitchenware.com\/wp-content\/uploads\/2024\/09\/Wholesale-Buffet-Chafing-Set-with-A-PC-Lid-For-Catering-600x600.webp 600w, https:\/\/www.yongyukitchenware.com\/wp-content\/uploads\/2024\/09\/Wholesale-Buffet-Chafing-Set-with-A-PC-Lid-For-Catering-100x100.webp 100w\" sizes=\"(max-width: 800px) 100vw, 800px\" \/><\/figure>\n<\/div>\n\n\n\n<div class=\"wp-block-column is-layout-flow wp-block-column-is-layout-flow\">\n<figure class=\"wp-block-image size-full\"><img decoding=\"async\" width=\"800\" height=\"800\" src=\"https:\/\/www.yongyukitchenware.com\/wp-content\/uploads\/2024\/09\/Wholesale-Buffet-Chafing-Set-with-A-PC-Lid-For-Catering-2.webp\" alt=\"Conjunto de Chafing para buffet por atacado com uma tampa para PC para catering (2)\" class=\"wp-image-2874\" srcset=\"https:\/\/www.yongyukitchenware.com\/wp-content\/uploads\/2024\/09\/Wholesale-Buffet-Chafing-Set-with-A-PC-Lid-For-Catering-2.webp 800w, https:\/\/www.yongyukitchenware.com\/wp-content\/uploads\/2024\/09\/Wholesale-Buffet-Chafing-Set-with-A-PC-Lid-For-Catering-2-300x300.webp 300w, https:\/\/www.yongyukitchenware.com\/wp-content\/uploads\/2024\/09\/Wholesale-Buffet-Chafing-Set-with-A-PC-Lid-For-Catering-2-150x150.webp 150w, https:\/\/www.yongyukitchenware.com\/wp-content\/uploads\/2024\/09\/Wholesale-Buffet-Chafing-Set-with-A-PC-Lid-For-Catering-2-768x768.webp 768w, https:\/\/www.yongyukitchenware.com\/wp-content\/uploads\/2024\/09\/Wholesale-Buffet-Chafing-Set-with-A-PC-Lid-For-Catering-2-12x12.webp 12w, https:\/\/www.yongyukitchenware.com\/wp-content\/uploads\/2024\/09\/Wholesale-Buffet-Chafing-Set-with-A-PC-Lid-For-Catering-2-600x600.webp 600w, https:\/\/www.yongyukitchenware.com\/wp-content\/uploads\/2024\/09\/Wholesale-Buffet-Chafing-Set-with-A-PC-Lid-For-Catering-2-100x100.webp 100w\" sizes=\"(max-width: 800px) 100vw, 800px\" \/><\/figure>\n<\/div>\n<\/div>","protected":false},"excerpt":{"rendered":"<p>O nosso conjunto de chafing buffet por atacado est\u00e1 equipado com uma tampa de PC, que \u00e9 conveniente para observar e manter a temperatura dos alimentos. Feito de a\u00e7o inoxid\u00e1vel de alta qualidade, \u00e9 robusto e dur\u00e1vel, adequado para grandes banquetes, casamentos e outras actividades de restaura\u00e7\u00e3o, e as compras a granel beneficiam de descontos.<\/p>\n<h2><!-- wp:heading --><\/h2>\n<h2 class=\"wp-block-heading\">Conjunto de Chafing Buffet Atributos :<\/h2>\n<h2><!-- \/wp:heading --><\/p>\n<p><!-- wp:paragraph --><\/h2>\n<p><strong>Material: <\/strong>A\u00e7o inoxid\u00e1vel<br \/><strong>Cor: <\/strong>Prata, ouro, cor personalizada<br \/><strong>Forma: <\/strong>Ret\u00e2ngulo<br \/><strong>Calor: <\/strong>Aquecimento a \u00e1lcool e el\u00e9trico<br \/><strong>Panela de chafer: <\/strong>Individual\/Duplo\/Tr\u00eas grelhas<br \/><strong>Embalagem: <\/strong>Caixa de cor, Caixa principal<br \/><strong>OEM\/ODM: <\/strong>Dispon\u00edvel<\/p>\n<h2 class=\"wp-block-heading\">De Yongyu Chafing Dish Fabricante :<\/h2>\n<p>Quer se trate de um fornecedor de servi\u00e7os de catering, de um hotel e restaurante ou de uma empresa de planeamento de eventos, fornecemos solu\u00e7\u00f5es completas personalizadas por atacado de material de catering para ajudar a sua empresa com pre\u00e7os de f\u00e1brica de alta qualidade!<\/p>\n<h2><!-- \/wp:paragraph --><\/h2>","protected":false},"featured_media":2874,"comment_status":"closed","ping_status":"closed","template":"","meta":{"_acf_changed":false},"application":[30],"product_brand":[],"product_cat":[33],"product_tag":[],"class_list":{"0":"post-1116","1":"product","2":"type-product","3":"status-publish","4":"has-post-thumbnail","6":"application-hotel-catering","7":"product_cat-chafing-dishes-wholesale","9":"first","10":"instock","11":"shipping-taxable","12":"product-type-simple"},"acf":[],"_links":{"self":[{"href":"https:\/\/www.yongyukitchenware.com\/pt\/wp-json\/wp\/v2\/product\/1116","targetHints":{"allow":["GET"]}}],"collection":[{"href":"https:\/\/www.yongyukitchenware.com\/pt\/wp-json\/wp\/v2\/product"}],"about":[{"href":"https:\/\/www.yongyukitchenware.com\/pt\/wp-json\/wp\/v2\/types\/product"}],"replies":[{"embeddable":true,"href":"https:\/\/www.yongyukitchenware.com\/pt\/wp-json\/wp\/v2\/comments?post=1116"}],"wp:featuredmedia":[{"embeddable":true,"href":"https:\/\/www.yongyukitchenware.com\/pt\/wp-json\/wp\/v2\/media\/2874"}],"wp:attachment":[{"href":"https:\/\/www.yongyukitchenware.com\/pt\/wp-json\/wp\/v2\/media?parent=1116"}],"wp:term":[{"taxonomy":"application","embeddable":true,"href":"https:\/\/www.yongyukitchenware.com\/pt\/wp-json\/wp\/v2\/application?post=1116"},{"taxonomy":"product_brand","embeddable":true,"href":"https:\/\/www.yongyukitchenware.com\/pt\/wp-json\/wp\/v2\/product_brand?post=1116"},{"taxonomy":"product_cat","embeddable":true,"href":"https:\/\/www.yongyukitchenware.com\/pt\/wp-json\/wp\/v2\/product_cat?post=1116"},{"taxonomy":"product_tag","embeddable":true,"href":"https:\/\/www.yongyukitchenware.com\/pt\/wp-json\/wp\/v2\/product_tag?post=1116"}],"curies":[{"name":"wp","href":"https:\/\/api.w.org\/{rel}","templated":true}]}}