{"id":1122,"date":"2024-09-28T18:04:05","date_gmt":"2024-09-28T18:04:05","guid":{"rendered":"https:\/\/www.yongyukitchenware.com\/?post_type=product&#038;p=1122"},"modified":"2025-06-26T02:52:56","modified_gmt":"2025-06-26T02:52:56","slug":"hot-container-for-food-wholesale","status":"publish","type":"product","link":"https:\/\/www.yongyukitchenware.com\/pt\/produto\/hot-container-for-food-wholesale\/","title":{"rendered":"Recipiente Quente para Alimentos com M\u00faltiplas Camadas em A\u00e7o Inoxid\u00e1vel"},"content":{"rendered":"<div class=\"wp-block-columns is-layout-flex wp-container-core-columns-is-layout-9d6595d7 wp-block-columns-is-layout-flex\">\n<div class=\"wp-block-column is-layout-flow wp-block-column-is-layout-flow\">\n<h2 class=\"wp-block-heading\">Carater\u00edsticas do recipiente para alimentos quentes:<\/h2>\n\n\n\n<p><strong>Material de a\u00e7o inoxid\u00e1vel de alta qualidade: <\/strong>A\u00e7o inoxid\u00e1vel 304 de qualidade alimentar, resistente \u00e0 corros\u00e3o e \u00e0 oxida\u00e7\u00e3o<br><strong>A multi-especifica\u00e7\u00e3o \u00e9<\/strong> <strong>facultativo:<\/strong> A cor prata, preto, laranja, vermelho e azul pode ser selecionada e a capacidade \u00e9 de 1,5 L, 2,3 L e 2,8 L, para satisfazer diferentes necessidades.<br><strong>Processo de isolamento multi-camada\uff1a<\/strong> Revestimento de v\u00e1cuo a alta temperatura, veda\u00e7\u00e3o camada a camada, isolamento a longo prazo.<br><strong>Lou\u00e7a dobr\u00e1vel incorporada: <\/strong>Utens\u00edlios de mesa em a\u00e7o inoxid\u00e1vel 304, a arruma\u00e7\u00e3o dobr\u00e1vel n\u00e3o ocupa espa\u00e7o.<br><strong>Al\u00e7a de ombro amov\u00edvel:<\/strong> A al\u00e7a de ombro da nossa lancheira por atacado pode ser destac\u00e1vel e telesc\u00f3pica, tornando-a f\u00e1cil de transportar.<\/p>\n\n\n\n<div class=\"wp-block-group is-vertical is-layout-flex wp-container-core-group-is-layout-8cf370e7 wp-block-group-is-layout-flex\">\n<h2 class=\"wp-block-heading\">Tamanho do recipiente quente para alimentos:<\/h2>\n\n\n\n<figure class=\"wp-block-table\"><table class=\"has-fixed-layout\"><tbody><tr><td>Modelo<\/td><td>Camada<\/td><td>Tamanho<\/td><td>Di\u00e2metro* Altura (cm)<\/td><td>MOQ<\/td><\/tr><tr><td rowspan=\"3\">DY055-FH<\/td><td>2<\/td><td>1.5L<\/td><td>15*18cm<\/td><td rowspan=\"3\">16 PE\u00c7AS<\/td><\/tr><tr><td>3<\/td><td>2.3L<\/td><td>15,5*25cm<\/td><\/tr><tr><td>4<\/td><td>2.8L<\/td><td>15,5*29cm<\/td><\/tr><\/tbody><\/table><\/figure>\n<\/div>\n<\/div>\n\n\n\n<div class=\"wp-block-column is-layout-flow wp-block-column-is-layout-flow\">\n<div class=\"wp-block-columns is-layout-flex wp-container-core-columns-is-layout-9d6595d7 wp-block-columns-is-layout-flex\">\n<div class=\"wp-block-column is-layout-flow wp-block-column-is-layout-flow\"><\/div>\n<\/div>\n\n\n\n<div class=\"wp-block-columns is-layout-flex wp-container-core-columns-is-layout-9d6595d7 wp-block-columns-is-layout-flex\">\n<div class=\"wp-block-column is-layout-flow wp-block-column-is-layout-flow\">\n<figure class=\"wp-block-image size-full is-resized\"><img decoding=\"async\" width=\"800\" height=\"800\" src=\"https:\/\/www.yongyukitchenware.com\/wp-content\/uploads\/2024\/09\/Wholesale-Lunch-Box-6.webp\" alt=\"Lancheira por atacado 6\" class=\"wp-image-1130\" style=\"width:461px;height:auto\" srcset=\"https:\/\/www.yongyukitchenware.com\/wp-content\/uploads\/2024\/09\/Wholesale-Lunch-Box-6.webp 800w, https:\/\/www.yongyukitchenware.com\/wp-content\/uploads\/2024\/09\/Wholesale-Lunch-Box-6-300x300.webp 300w, https:\/\/www.yongyukitchenware.com\/wp-content\/uploads\/2024\/09\/Wholesale-Lunch-Box-6-150x150.webp 150w, https:\/\/www.yongyukitchenware.com\/wp-content\/uploads\/2024\/09\/Wholesale-Lunch-Box-6-768x768.webp 768w, https:\/\/www.yongyukitchenware.com\/wp-content\/uploads\/2024\/09\/Wholesale-Lunch-Box-6-600x600.webp 600w, https:\/\/www.yongyukitchenware.com\/wp-content\/uploads\/2024\/09\/Wholesale-Lunch-Box-6-100x100.webp 100w\" sizes=\"(max-width: 800px) 100vw, 800px\" \/><\/figure>\n<\/div>\n<\/div>\n<\/div>\n<\/div>\n\n\n\n<p><\/p>","protected":false},"excerpt":{"rendered":"<p>Recipiente quente de a\u00e7o inoxid\u00e1vel personalizado para alimentos, design de tampa \u00e0 prova de vazamento de v\u00e1rias camadas, isolamento a v\u00e1cuo de longa dura\u00e7\u00e3o, \u00e9 a melhor solu\u00e7\u00e3o a granel de lancheira isolada. Contacte Yongyu para obter produtos de pre\u00e7o de f\u00e1brica rapidamente!<\/p>\n<h2 style=\"text-align: left\">Par\u00e2metro do recipiente quente para alimentos :<\/h2>\n<p style=\"text-align: left\"><strong>Material:<\/strong> A\u00e7o inoxid\u00e1vel<br \/><strong>Cor:<\/strong> Prata, preto, laranja, vermelho e azul<br \/><strong>Tamanho diferente:<\/strong> 1.5L, 2.3L e 2.8L<br \/><strong>Embalagem: <\/strong>Caixa de cor, caixa principal ou personalizada<br \/><strong>OEM\/ODM:<\/strong> Dispon\u00edvel<\/p>\n<h2 class=\"wp-block-heading\">De Fabricante de recipientes de armazenamento de alimentos :<\/h2>\n<p>Fundada em 1996, a Yongyu especializou-se na produ\u00e7\u00e3o e venda por grosso de recipientes de a\u00e7o inoxid\u00e1vel para armazenamento de alimentos, utens\u00edlios de cozinha, material de restaura\u00e7\u00e3o, artigos para casa e equipamento de cozinha para campismo. Fornece aos clientes servi\u00e7os completos de aquisi\u00e7\u00e3o de OEM e ODM e de com\u00e9rcio eletr\u00f3nico.<\/p>","protected":false},"featured_media":1126,"comment_status":"closed","ping_status":"closed","template":"","meta":{"_acf_changed":false},"application":[31],"product_brand":[],"product_cat":[19],"product_tag":[43],"class_list":{"0":"post-1122","1":"product","2":"type-product","3":"status-publish","4":"has-post-thumbnail","6":"application-champ-kitchen","7":"product_cat-food-storage-container-bulk-custom","8":"product_tag-recommend","10":"first","11":"instock","12":"shipping-taxable","13":"product-type-simple"},"acf":[],"_links":{"self":[{"href":"https:\/\/www.yongyukitchenware.com\/pt\/wp-json\/wp\/v2\/product\/1122","targetHints":{"allow":["GET"]}}],"collection":[{"href":"https:\/\/www.yongyukitchenware.com\/pt\/wp-json\/wp\/v2\/product"}],"about":[{"href":"https:\/\/www.yongyukitchenware.com\/pt\/wp-json\/wp\/v2\/types\/product"}],"replies":[{"embeddable":true,"href":"https:\/\/www.yongyukitchenware.com\/pt\/wp-json\/wp\/v2\/comments?post=1122"}],"wp:featuredmedia":[{"embeddable":true,"href":"https:\/\/www.yongyukitchenware.com\/pt\/wp-json\/wp\/v2\/media\/1126"}],"wp:attachment":[{"href":"https:\/\/www.yongyukitchenware.com\/pt\/wp-json\/wp\/v2\/media?parent=1122"}],"wp:term":[{"taxonomy":"application","embeddable":true,"href":"https:\/\/www.yongyukitchenware.com\/pt\/wp-json\/wp\/v2\/application?post=1122"},{"taxonomy":"product_brand","embeddable":true,"href":"https:\/\/www.yongyukitchenware.com\/pt\/wp-json\/wp\/v2\/product_brand?post=1122"},{"taxonomy":"product_cat","embeddable":true,"href":"https:\/\/www.yongyukitchenware.com\/pt\/wp-json\/wp\/v2\/product_cat?post=1122"},{"taxonomy":"product_tag","embeddable":true,"href":"https:\/\/www.yongyukitchenware.com\/pt\/wp-json\/wp\/v2\/product_tag?post=1122"}],"curies":[{"name":"wp","href":"https:\/\/api.w.org\/{rel}","templated":true}]}}