{"id":1139,"date":"2024-09-28T18:15:19","date_gmt":"2024-09-28T18:15:19","guid":{"rendered":"https:\/\/www.yongyukitchenware.com\/?post_type=product&#038;p=1139"},"modified":"2025-06-26T02:55:07","modified_gmt":"2025-06-26T02:55:07","slug":"thermos-lunch-box-wholesale","status":"publish","type":"product","link":"https:\/\/www.yongyukitchenware.com\/pt\/produto\/thermos-lunch-box-wholesale\/","title":{"rendered":"Lancheira t\u00e9rmica a granel em a\u00e7o inoxid\u00e1vel de v\u00e1rias cores e tamanhos"},"content":{"rendered":"<div class=\"wp-block-columns is-layout-flex wp-container-core-columns-is-layout-9d6595d7 wp-block-columns-is-layout-flex\">\n<div class=\"wp-block-column is-layout-flow wp-block-column-is-layout-flow\">\n<h2 class=\"wp-block-heading\">Lancheira t\u00e9rmica Carater\u00edsticas:<\/h2>\n\n\n\n<p><strong>Material de a\u00e7o inoxid\u00e1vel de alta qualidade: <\/strong>Feito de a\u00e7o inoxid\u00e1vel de qualidade alimentar, dur\u00e1vel e \u00e0 prova de ferrugem, garantindo a seguran\u00e7a alimentar. <\/p>\n\n\n\n<p><strong>Design de veda\u00e7\u00e3o \u00e0 prova de fugas:<\/strong> Uma estrutura de veda\u00e7\u00e3o \u00fanica evita eficazmente o derrame de alimentos e mant\u00e9m os alimentos frescos. <\/p>\n\n\n\n<p><strong>Op\u00e7\u00f5es multicoloridas e de v\u00e1rios tamanhos:<\/strong> Dispon\u00edvel numa variedade de cores e tamanhos para satisfazer as necessidades de diferentes pessoas e ocasi\u00f5es.<\/p>\n\n\n\n<p><strong>F\u00e1cil de limpar: <\/strong>Design de superf\u00edcie lisa, f\u00e1cil de limpar, n\u00e3o \u00e9 f\u00e1cil deixar manchas de comida e \u00f3leo. <\/p>\n\n\n\n<p><strong>Design de pega port\u00e1til:<\/strong> Desfrute da comida em qualquer altura e em qualquer lugar, tampa interior selada, sem medo de fugas.<\/p>\n\n\n\n<div class=\"wp-block-group is-vertical is-layout-flex wp-container-core-group-is-layout-8cf370e7 wp-block-group-is-layout-flex\">\n<h2 class=\"wp-block-heading\">Caixa de almo\u00e7o t\u00e9rmica Tamanho:<\/h2>\n\n\n\n<figure class=\"wp-block-table\"><table class=\"has-fixed-layout\"><tbody><tr><td>Modelo<\/td><td>Tamanho<\/td><td>Di\u00e2metro* Altura (cm)<\/td><td>MOQ<\/td><\/tr><tr><td rowspan=\"3\">DY056-FH<\/td><td>1.5L<\/td><td>14*22,5cm<\/td><td rowspan=\"3\">24 PE\u00c7AS<\/td><\/tr><tr><td>2.0L<\/td><td>\/<\/td><\/tr><tr><td>2.3L<\/td><td>14*25cm<\/td><\/tr><\/tbody><\/table><\/figure>\n<\/div>\n<\/div>\n\n\n\n<div class=\"wp-block-column is-layout-flow wp-block-column-is-layout-flow\">\n<div class=\"wp-block-columns is-layout-flex wp-container-core-columns-is-layout-9d6595d7 wp-block-columns-is-layout-flex\">\n<div class=\"wp-block-column is-layout-flow wp-block-column-is-layout-flow\"><\/div>\n<\/div>\n\n\n\n<div class=\"wp-block-columns is-layout-flex wp-container-core-columns-is-layout-9d6595d7 wp-block-columns-is-layout-flex\">\n<div class=\"wp-block-column is-layout-flow wp-block-column-is-layout-flow\">\n<figure class=\"wp-block-image size-full is-resized\"><img decoding=\"async\" width=\"800\" height=\"800\" src=\"https:\/\/www.yongyukitchenware.com\/wp-content\/uploads\/2024\/09\/Sealed-Lunchbox-Wholesale-6.webp\" alt=\"Lancheira selada por atacado 6\" class=\"wp-image-1145\" style=\"width:461px;height:auto\" srcset=\"https:\/\/www.yongyukitchenware.com\/wp-content\/uploads\/2024\/09\/Sealed-Lunchbox-Wholesale-6.webp 800w, https:\/\/www.yongyukitchenware.com\/wp-content\/uploads\/2024\/09\/Sealed-Lunchbox-Wholesale-6-300x300.webp 300w, https:\/\/www.yongyukitchenware.com\/wp-content\/uploads\/2024\/09\/Sealed-Lunchbox-Wholesale-6-150x150.webp 150w, https:\/\/www.yongyukitchenware.com\/wp-content\/uploads\/2024\/09\/Sealed-Lunchbox-Wholesale-6-768x768.webp 768w, https:\/\/www.yongyukitchenware.com\/wp-content\/uploads\/2024\/09\/Sealed-Lunchbox-Wholesale-6-600x600.webp 600w, https:\/\/www.yongyukitchenware.com\/wp-content\/uploads\/2024\/09\/Sealed-Lunchbox-Wholesale-6-100x100.webp 100w\" sizes=\"(max-width: 800px) 100vw, 800px\" \/><\/figure>\n<\/div>\n<\/div>\n<\/div>\n<\/div>\n\n\n\n<p><\/p>","protected":false},"excerpt":{"rendered":"<p>A nossa lancheira por atacado \u00e9 \u00e0 prova de fugas e est\u00e1 dispon\u00edvel numa variedade de cores e tamanhos para manter os alimentos seguros e port\u00e1teis para a escola, escrit\u00f3rio ou restaura\u00e7\u00e3o. Desfrute de descontos quando voc\u00ea compra a granel. Bem-vindo inqu\u00e9ritos\uff01<\/p>\n<h2 style=\"text-align: left\">Lancheira t\u00e9rmica Par\u00e2metro:<\/h2>\n<p style=\"text-align: left\"><strong>Material:<\/strong> A\u00e7o inoxid\u00e1vel<br \/><strong>Cor:<\/strong> Cor prata, preta, laranja, vermelha e azul<br \/><strong>Tamanho diferente:<\/strong> 1.5L, 2.oL e 2.3L<br \/><strong>Embalagem: <\/strong>Saco Opp e caixa de cart\u00e3o<br \/><strong>OEM\/ODM:<\/strong> Dispon\u00edvel<\/p>\n<h2 class=\"wp-block-heading\">De Fabricante de recipientes de armazenamento de alimentos :<\/h2>\n<p>Fundada em 1996, a Yongyu especializou-se na produ\u00e7\u00e3o e venda por grosso de recipientes de a\u00e7o inoxid\u00e1vel para armazenamento de alimentos, utens\u00edlios de cozinha, material de restaura\u00e7\u00e3o, artigos para casa e equipamento de cozinha para campismo. Fornece aos clientes servi\u00e7os completos de aquisi\u00e7\u00e3o de OEM e ODM e de com\u00e9rcio eletr\u00f3nico.<\/p>","protected":false},"featured_media":1151,"comment_status":"closed","ping_status":"closed","template":"","meta":{"_acf_changed":true},"application":[31],"product_brand":[],"product_cat":[19],"product_tag":[],"class_list":{"0":"post-1139","1":"product","2":"type-product","3":"status-publish","4":"has-post-thumbnail","6":"application-champ-kitchen","7":"product_cat-food-storage-container-bulk-custom","9":"first","10":"instock","11":"shipping-taxable","12":"product-type-simple"},"acf":[],"_links":{"self":[{"href":"https:\/\/www.yongyukitchenware.com\/pt\/wp-json\/wp\/v2\/product\/1139","targetHints":{"allow":["GET"]}}],"collection":[{"href":"https:\/\/www.yongyukitchenware.com\/pt\/wp-json\/wp\/v2\/product"}],"about":[{"href":"https:\/\/www.yongyukitchenware.com\/pt\/wp-json\/wp\/v2\/types\/product"}],"replies":[{"embeddable":true,"href":"https:\/\/www.yongyukitchenware.com\/pt\/wp-json\/wp\/v2\/comments?post=1139"}],"wp:featuredmedia":[{"embeddable":true,"href":"https:\/\/www.yongyukitchenware.com\/pt\/wp-json\/wp\/v2\/media\/1151"}],"wp:attachment":[{"href":"https:\/\/www.yongyukitchenware.com\/pt\/wp-json\/wp\/v2\/media?parent=1139"}],"wp:term":[{"taxonomy":"application","embeddable":true,"href":"https:\/\/www.yongyukitchenware.com\/pt\/wp-json\/wp\/v2\/application?post=1139"},{"taxonomy":"product_brand","embeddable":true,"href":"https:\/\/www.yongyukitchenware.com\/pt\/wp-json\/wp\/v2\/product_brand?post=1139"},{"taxonomy":"product_cat","embeddable":true,"href":"https:\/\/www.yongyukitchenware.com\/pt\/wp-json\/wp\/v2\/product_cat?post=1139"},{"taxonomy":"product_tag","embeddable":true,"href":"https:\/\/www.yongyukitchenware.com\/pt\/wp-json\/wp\/v2\/product_tag?post=1139"}],"curies":[{"name":"wp","href":"https:\/\/api.w.org\/{rel}","templated":true}]}}